{"id":965,"date":"2018-07-04T18:07:35","date_gmt":"2018-07-04T16:07:35","guid":{"rendered":"https:\/\/saintgermaindarce.com\/sg\/?page_id=965"},"modified":"2023-12-22T19:09:28","modified_gmt":"2023-12-22T18:09:28","slug":"tourisme","status":"publish","type":"page","link":"https:\/\/saintgermaindarce.com\/sg\/tourisme\/","title":{"rendered":"Tourisme"},"content":{"rendered":"<div id=\"pl-965\"  class=\"panel-layout\" ><div id=\"pg-965-0\"  class=\"panel-grid panel-no-style\" ><div id=\"pgc-965-0-0\"  class=\"panel-grid-cell\" ><div id=\"panel-965-0-0-0\" class=\"so-panel widget widget_sow-editor panel-first-child panel-last-child widgetopts-SO\" data-index=\"0\" ><div\n\t\t\t\n\t\t\tclass=\"so-widget-sow-editor so-widget-sow-editor-base\"\n\t\t\t\n\t\t><h3 class=\"widget-title\">Les recommandations pour le concours \"villes et villages fleuris\"<\/h3>\n<div class=\"siteorigin-widget-tinymce textwidget\">\n\t<\/div>\n<\/div><\/div><\/div><div id=\"pgc-965-0-1\"  class=\"panel-grid-cell\" ><div id=\"panel-965-0-1-0\" class=\"so-panel widget widget_sow-editor panel-first-child panel-last-child widgetopts-SO\" data-index=\"1\" ><div\n\t\t\t\n\t\t\tclass=\"so-widget-sow-editor so-widget-sow-editor-base\"\n\t\t\t\n\t\t>\n<div class=\"siteorigin-widget-tinymce textwidget\">\n\t<p>Prendre connaissance des <strong><a href=\"https:\/\/saintgermaindarce.com\/sg\/wp-content\/uploads\/2023\/12\/20230620_VVF-programme-visites-jury-departemental-2023.pdf\">recommandations<\/a><\/strong><\/p>\n<\/div>\n<\/div><\/div><\/div><div id=\"pgc-965-0-2\"  class=\"panel-grid-cell\" ><div id=\"panel-965-0-2-0\" class=\"so-panel widget widget_sow-image panel-first-child panel-last-child widgetopts-SO\" data-index=\"2\" ><div\n\t\t\t\n\t\t\tclass=\"so-widget-sow-image so-widget-sow-image-default-8b5b6f678277-965\"\n\t\t\t\n\t\t>\n<div class=\"sow-image-container\">\n\t\t<img \n\tsrc=\"https:\/\/saintgermaindarce.com\/sg\/wp-content\/uploads\/2023\/11\/20231109_distinction-3-pedales-reduit.jpg\" width=\"1000\" height=\"1500\" srcset=\"https:\/\/saintgermaindarce.com\/sg\/wp-content\/uploads\/2023\/11\/20231109_distinction-3-pedales-reduit.jpg 1000w, https:\/\/saintgermaindarce.com\/sg\/wp-content\/uploads\/2023\/11\/20231109_distinction-3-pedales-reduit-200x300.jpg 200w, https:\/\/saintgermaindarce.com\/sg\/wp-content\/uploads\/2023\/11\/20231109_distinction-3-pedales-reduit-683x1024.jpg 683w, https:\/\/saintgermaindarce.com\/sg\/wp-content\/uploads\/2023\/11\/20231109_distinction-3-pedales-reduit-768x1152.jpg 768w\" sizes=\"(max-width: 1000px) 100vw, 1000px\" title=\"20231109_distinction 3 p\u00e9dales reduit\" alt=\"\" \t\tclass=\"so-widget-image\"\/>\n\t<\/div>\n\n<\/div><\/div><\/div><\/div><div id=\"pg-965-1\"  class=\"panel-grid panel-no-style\" ><div id=\"pgc-965-1-0\"  class=\"panel-grid-cell\" ><div id=\"panel-965-1-0-0\" class=\"so-panel widget widget_sow-image panel-first-child panel-last-child widgetopts-SO\" data-index=\"3\" ><div\n\t\t\t\n\t\t\tclass=\"so-widget-sow-image so-widget-sow-image-default-113ccd71f3e6-965\"\n\t\t\t\n\t\t>\n<div class=\"sow-image-container\">\n\t\t<img \n\tsrc=\"https:\/\/saintgermaindarce.com\/sg\/wp-content\/uploads\/2018\/07\/bandeau-tourisme.jpg\" width=\"985\" height=\"214\" srcset=\"https:\/\/saintgermaindarce.com\/sg\/wp-content\/uploads\/2018\/07\/bandeau-tourisme.jpg 985w, https:\/\/saintgermaindarce.com\/sg\/wp-content\/uploads\/2018\/07\/bandeau-tourisme-300x65.jpg 300w, https:\/\/saintgermaindarce.com\/sg\/wp-content\/uploads\/2018\/07\/bandeau-tourisme-768x167.jpg 768w\" sizes=\"(max-width: 985px) 100vw, 985px\" title=\"Tourisme en Vall\u00e9e du Loir\" alt=\"Tourisme en Vall\u00e9e du Loir\" \t\tclass=\"so-widget-image\"\/>\n\t<\/div>\n\n<\/div><\/div><\/div><\/div><div id=\"pg-965-2\"  class=\"panel-grid panel-no-style\" ><div id=\"pgc-965-2-0\"  class=\"panel-grid-cell\" ><div id=\"panel-965-2-0-0\" class=\"so-panel widget widget_sow-editor panel-first-child panel-last-child widgetopts-SO\" data-index=\"4\" ><div\n\t\t\t\n\t\t\tclass=\"so-widget-sow-editor so-widget-sow-editor-base\"\n\t\t\t\n\t\t>\n<div class=\"siteorigin-widget-tinymce textwidget\">\n\t<div id=\"pg-360-1\" class=\"panel-grid\">\n<div id=\"pgc-360-1-0\" class=\"panel-grid-cell\">\n<div id=\"panel-360-1-0-0\" class=\"so-panel widget widget_black-studio-tinymce widget_black_studio_tinymce panel-first-child panel-last-child\" data-index=\"1\">\n<div class=\"textwidget\">\n<h3>Le Village<\/h3>\n<p><strong>Saint-Germain-d'Arc\u00e9<\/strong> est un petit village fran\u00e7ais, situ\u00e9 dans le d\u00e9partement de la Sarthe et la r\u00e9gion des Pays de la Loire. Ses habitants sont appel\u00e9s les Arc\u00e9ens et les Arc\u00e9ennes.<br \/>\nLa commune s'\u00e9tend sur 29,2 km\u00b2 et compte 352 habitants depuis le dernier recensement de la population datant de 2004. Avec une densit\u00e9 de 12,1 habitants par km\u00b2, Saint-Germain-d'Arc\u00e9 a connu une hausse de 1,7% de sa population par rapport \u00e0 1999.<br \/>\nSaint-Germain-d'Arc\u00e9 est <strong>entour\u00e9 par les communes de Chenu, La Chapelle-aux-Choux et La Bru\u00e8re-sur-Loir<\/strong>,<br \/>\nSitu\u00e9 \u00e0 52 m\u00e8tres d'altitude, la Rivi\u00e8re Le Loir, la Rivi\u00e8re La Fare sont les principaux cours d'eau qui traversent la commune.<br \/>\nLa commune est proche du parc naturel r\u00e9gional Loire-Anjou-Touraine.<\/p>\n<p><strong>Dans son \u00e9crin de verdure<\/strong> au bord de la Fare, Saint Germain d'Arc\u00e9 occupe un site unique qui ravira l'oeil exerc\u00e9 du voyageur artiste. Tout est pr\u00e9texte \u00e0 photos et croquis. <strong>Le vieux lavoir, l'\u00e9glise du XII\u00e8me, la tour de la Chaise, les ruines de la gu\u00e9rini\u00e8re; le dolmen d'Amnon<\/strong>.<br \/>\nC'est le type m\u00eame du village \u00e0 d\u00e9couvrir en profondeur.<\/p>\n<h3><strong>Tourisme et Histoire<br \/>\n<\/strong><\/h3>\n<\/div>\n<\/div>\n<\/div>\n<\/div><div id=\"pg-360-2\" class=\"panel-grid\">\n<div id=\"pgc-360-2-0\" class=\"panel-grid-cell\">\n<div id=\"panel-360-2-0-0\" class=\"so-panel widget widget_black-studio-tinymce widget_black_studio_tinymce panel-first-child panel-last-child\" data-index=\"2\">\n<div class=\"textwidget\">\n<p>Un peu d'histoire: <a href=\"https:\/\/saintgermaindarce.com\/sg\/un-peu-d-histoire\/\">Histoire de la commune <\/a><\/p>\n<\/div><div id=\"pg-360-1\" class=\"panel-grid\">\n<div id=\"pgc-360-1-0\" class=\"panel-grid-cell\">\n<div id=\"panel-360-1-0-0\" class=\"so-panel widget widget_black-studio-tinymce widget_black_studio_tinymce panel-first-child panel-last-child\" data-index=\"1\">\n<div class=\"textwidget\">\n<h3><strong>Curiosit\u00e9s: le Ch\u00e2teau d'Amenon<br \/>\n<\/strong><\/h3>\n<\/div>\n<\/div>\n<\/div>\n<\/div><div id=\"pg-360-2\" class=\"panel-grid\">\n<div id=\"pgc-360-2-0\" class=\"panel-grid-cell\">\n<div id=\"panel-360-2-0-0\" class=\"so-panel widget widget_black-studio-tinymce widget_black_studio_tinymce panel-first-child panel-last-child\" data-index=\"2\">\n<div class=\"textwidget\">\n<p>Ch\u00e2teau d'Amenon: <a href=\"https:\/\/saintgermaindarce.com\/sg\/chateau-d-amenon\/\">Ch\u00e2teau d'Amenon<\/a><\/p>\n<\/div>\n<\/div>\n<\/div>\n<\/div><div class=\"textwidget\">\n<div id=\"pg-360-1\" class=\"panel-grid\">\n<div id=\"pgc-360-1-0\" class=\"panel-grid-cell\">\n<div id=\"panel-360-1-0-0\" class=\"so-panel widget widget_black-studio-tinymce widget_black_studio_tinymce panel-first-child panel-last-child\" data-index=\"1\">\n<div class=\"textwidget\">\n<h3><strong>4 circuits de randonn\u00e9es<\/strong><\/h3>\n<p><strong>Consulter en d\u00e9tail nos circuits de randonn\u00e9es<\/strong>: <a href=\"https:\/\/saintgermaindarce.com\/sg\/circuits-de-randonnees\/\">4 circuits de Randonn\u00e9es p\u00e9destres<\/a><\/p>\n<\/div>\n<\/div>\n<\/div>\n<\/div><div id=\"pg-360-1\" class=\"panel-grid\">\n<div id=\"pgc-360-1-0\" class=\"panel-grid-cell\">\n<div id=\"panel-360-1-0-0\" class=\"so-panel widget widget_black-studio-tinymce widget_black_studio_tinymce panel-first-child panel-last-child\" data-index=\"1\">\n<div class=\"textwidget\">\n<h3><strong>Parcours de Sant\u00e9<\/strong> et aire de jeux pour enfants<\/h3>\n<\/div>\n<\/div>\n<\/div>\n<\/div><div id=\"pg-360-2\" class=\"panel-grid\">\n<div id=\"pgc-360-2-0\" class=\"panel-grid-cell\">\n<div id=\"panel-360-2-0-0\" class=\"so-panel widget widget_black-studio-tinymce widget_black_studio_tinymce panel-first-child panel-last-child\" data-index=\"2\">\n<div class=\"textwidget\">\n<p>Consulter: <a href=\"https:\/\/saintgermaindarce.com\/sg\/parcours-sante\/\">Parcours de sant\u00e9<\/a><\/p>\n<div id=\"pg-360-1\" class=\"panel-grid\">\n<div id=\"pgc-360-1-0\" class=\"panel-grid-cell\">\n<div id=\"panel-360-1-0-0\" class=\"so-panel widget widget_black-studio-tinymce widget_black_studio_tinymce panel-first-child panel-last-child\" data-index=\"1\">\n<div class=\"textwidget\">\n<h3><strong>G\u00eetes et chambres d'H\u00f4tes<\/strong><\/h3>\n<\/div>\n<\/div>\n<\/div>\n<\/div><div id=\"pg-360-2\" class=\"panel-grid\">\n<div id=\"pgc-360-2-0\" class=\"panel-grid-cell\">\n<div id=\"panel-360-2-0-0\" class=\"so-panel widget widget_black-studio-tinymce widget_black_studio_tinymce panel-first-child panel-last-child\" data-index=\"2\">\n<div class=\"textwidget\">\n<p>Consulter: <a href=\"https:\/\/saintgermaindarce.com\/sg\/gites-et-chambres-hotes\/\">G\u00eetes et chambres d'H\u00f4tes<\/a><\/p>\n<\/div>\n<\/div>\n<\/div>\n<\/div>\n<\/div>\n<\/div>\n<\/div>\n<\/div><div id=\"pg-360-1\" class=\"panel-grid\">\n<div id=\"pgc-360-1-0\" class=\"panel-grid-cell\">\n<div id=\"panel-360-1-0-0\" class=\"so-panel widget widget_black-studio-tinymce widget_black_studio_tinymce panel-first-child panel-last-child\" data-index=\"1\">\n<div class=\"textwidget\">\n<h3><strong>Terrains de Tennis<br \/>\n<\/strong><\/h3>\n<\/div>\n<\/div>\n<\/div>\n<\/div><div id=\"pg-360-2\" class=\"panel-grid\">\n<div id=\"pgc-360-2-0\" class=\"panel-grid-cell\">\n<div id=\"panel-360-2-0-0\" class=\"so-panel widget widget_black-studio-tinymce widget_black_studio_tinymce panel-first-child panel-last-child\" data-index=\"2\">\n<div class=\"textwidget\">\n<p>2 courts de tennis \u00e0 votre disposition: <a href=\"https:\/\/saintgermaindarce.com\/sg\/court-de-tennis\/\">2 courts de tennis<\/a><\/p>\n<\/div>\n<\/div>\n<\/div>\n<\/div>\n<p>&nbsp;<\/p>\n<p>&nbsp;<\/p>\n<\/div>\n<\/div>\n<\/div>\n<\/div>\n<\/div>\n<\/div><\/div><\/div><\/div><\/div>","protected":false},"excerpt":{"rendered":"<p>Prendre connaissance des recommandations<\/p>\n","protected":false},"author":1,"featured_media":0,"parent":0,"menu_order":0,"comment_status":"closed","ping_status":"closed","template":"","meta":{"footnotes":""},"class_list":["post-965","page","type-page","status-publish","hentry"],"yoast_head":"<!-- This site is optimized with the Yoast SEO plugin v27.3 - https:\/\/yoast.com\/product\/yoast-seo-wordpress\/ -->\n<title>Tourisme - Mairie de Saint Germain d&#039;Arc\u00e9<\/title>\n<meta name=\"robots\" content=\"index, follow, max-snippet:-1, max-image-preview:large, max-video-preview:-1\" \/>\n<link rel=\"canonical\" href=\"https:\/\/saintgermaindarce.com\/sg\/tourisme\/\" \/>\n<meta name=\"twitter:card\" content=\"summary_large_image\" \/>\n<meta name=\"twitter:title\" content=\"Tourisme - Mairie de Saint Germain d&#039;Arc\u00e9\" \/>\n<meta name=\"twitter:description\" content=\"Prendre connaissance des recommandations\" \/>\n<meta name=\"twitter:label1\" content=\"Dur\u00e9e de lecture estim\u00e9e\" \/>\n\t<meta name=\"twitter:data1\" content=\"2 minutes\" \/>\n<script type=\"application\/ld+json\" class=\"yoast-schema-graph\">{\"@context\":\"https:\\\/\\\/schema.org\",\"@graph\":[{\"@type\":\"WebPage\",\"@id\":\"https:\\\/\\\/saintgermaindarce.com\\\/sg\\\/tourisme\\\/\",\"url\":\"https:\\\/\\\/saintgermaindarce.com\\\/sg\\\/tourisme\\\/\",\"name\":\"Tourisme - Mairie de Saint Germain d&#039;Arc\u00e9\",\"isPartOf\":{\"@id\":\"https:\\\/\\\/saintgermaindarce.com\\\/sg\\\/#website\"},\"datePublished\":\"2018-07-04T16:07:35+00:00\",\"dateModified\":\"2023-12-22T18:09:28+00:00\",\"breadcrumb\":{\"@id\":\"https:\\\/\\\/saintgermaindarce.com\\\/sg\\\/tourisme\\\/#breadcrumb\"},\"inLanguage\":\"fr-FR\",\"potentialAction\":[{\"@type\":\"ReadAction\",\"target\":[\"https:\\\/\\\/saintgermaindarce.com\\\/sg\\\/tourisme\\\/\"]}]},{\"@type\":\"BreadcrumbList\",\"@id\":\"https:\\\/\\\/saintgermaindarce.com\\\/sg\\\/tourisme\\\/#breadcrumb\",\"itemListElement\":[{\"@type\":\"ListItem\",\"position\":1,\"name\":\"Accueil\",\"item\":\"https:\\\/\\\/saintgermaindarce.com\\\/sg\\\/\"},{\"@type\":\"ListItem\",\"position\":2,\"name\":\"Tourisme\"}]},{\"@type\":\"WebSite\",\"@id\":\"https:\\\/\\\/saintgermaindarce.com\\\/sg\\\/#website\",\"url\":\"https:\\\/\\\/saintgermaindarce.com\\\/sg\\\/\",\"name\":\"Mairie de Saint Germain d'Arc\u00e9\",\"description\":\"\",\"publisher\":{\"@id\":\"https:\\\/\\\/saintgermaindarce.com\\\/sg\\\/#\\\/schema\\\/person\\\/93511b19cadd37cf2a6e92b3df7f79ec\"},\"potentialAction\":[{\"@type\":\"SearchAction\",\"target\":{\"@type\":\"EntryPoint\",\"urlTemplate\":\"https:\\\/\\\/saintgermaindarce.com\\\/sg\\\/?s={search_term_string}\"},\"query-input\":{\"@type\":\"PropertyValueSpecification\",\"valueRequired\":true,\"valueName\":\"search_term_string\"}}],\"inLanguage\":\"fr-FR\"},{\"@type\":[\"Person\",\"Organization\"],\"@id\":\"https:\\\/\\\/saintgermaindarce.com\\\/sg\\\/#\\\/schema\\\/person\\\/93511b19cadd37cf2a6e92b3df7f79ec\",\"name\":\"secretariat Mairie\",\"image\":{\"@type\":\"ImageObject\",\"inLanguage\":\"fr-FR\",\"@id\":\"https:\\\/\\\/secure.gravatar.com\\\/avatar\\\/f767471be6375bc48c47e01a87935108ce923ff3609476b1fd7fe905f23de8aa?s=96&d=mm&r=g\",\"url\":\"https:\\\/\\\/secure.gravatar.com\\\/avatar\\\/f767471be6375bc48c47e01a87935108ce923ff3609476b1fd7fe905f23de8aa?s=96&d=mm&r=g\",\"contentUrl\":\"https:\\\/\\\/secure.gravatar.com\\\/avatar\\\/f767471be6375bc48c47e01a87935108ce923ff3609476b1fd7fe905f23de8aa?s=96&d=mm&r=g\",\"caption\":\"secretariat Mairie\"},\"logo\":{\"@id\":\"https:\\\/\\\/secure.gravatar.com\\\/avatar\\\/f767471be6375bc48c47e01a87935108ce923ff3609476b1fd7fe905f23de8aa?s=96&d=mm&r=g\"}}]}<\/script>\n<!-- \/ Yoast SEO plugin. -->","yoast_head_json":{"title":"Tourisme - Mairie de Saint Germain d&#039;Arc\u00e9","robots":{"index":"index","follow":"follow","max-snippet":"max-snippet:-1","max-image-preview":"max-image-preview:large","max-video-preview":"max-video-preview:-1"},"canonical":"https:\/\/saintgermaindarce.com\/sg\/tourisme\/","twitter_card":"summary_large_image","twitter_title":"Tourisme - Mairie de Saint Germain d&#039;Arc\u00e9","twitter_description":"Prendre connaissance des recommandations","twitter_misc":{"Dur\u00e9e de lecture estim\u00e9e":"2 minutes"},"schema":{"@context":"https:\/\/schema.org","@graph":[{"@type":"WebPage","@id":"https:\/\/saintgermaindarce.com\/sg\/tourisme\/","url":"https:\/\/saintgermaindarce.com\/sg\/tourisme\/","name":"Tourisme - Mairie de Saint Germain d&#039;Arc\u00e9","isPartOf":{"@id":"https:\/\/saintgermaindarce.com\/sg\/#website"},"datePublished":"2018-07-04T16:07:35+00:00","dateModified":"2023-12-22T18:09:28+00:00","breadcrumb":{"@id":"https:\/\/saintgermaindarce.com\/sg\/tourisme\/#breadcrumb"},"inLanguage":"fr-FR","potentialAction":[{"@type":"ReadAction","target":["https:\/\/saintgermaindarce.com\/sg\/tourisme\/"]}]},{"@type":"BreadcrumbList","@id":"https:\/\/saintgermaindarce.com\/sg\/tourisme\/#breadcrumb","itemListElement":[{"@type":"ListItem","position":1,"name":"Accueil","item":"https:\/\/saintgermaindarce.com\/sg\/"},{"@type":"ListItem","position":2,"name":"Tourisme"}]},{"@type":"WebSite","@id":"https:\/\/saintgermaindarce.com\/sg\/#website","url":"https:\/\/saintgermaindarce.com\/sg\/","name":"Mairie de Saint Germain d'Arc\u00e9","description":"","publisher":{"@id":"https:\/\/saintgermaindarce.com\/sg\/#\/schema\/person\/93511b19cadd37cf2a6e92b3df7f79ec"},"potentialAction":[{"@type":"SearchAction","target":{"@type":"EntryPoint","urlTemplate":"https:\/\/saintgermaindarce.com\/sg\/?s={search_term_string}"},"query-input":{"@type":"PropertyValueSpecification","valueRequired":true,"valueName":"search_term_string"}}],"inLanguage":"fr-FR"},{"@type":["Person","Organization"],"@id":"https:\/\/saintgermaindarce.com\/sg\/#\/schema\/person\/93511b19cadd37cf2a6e92b3df7f79ec","name":"secretariat Mairie","image":{"@type":"ImageObject","inLanguage":"fr-FR","@id":"https:\/\/secure.gravatar.com\/avatar\/f767471be6375bc48c47e01a87935108ce923ff3609476b1fd7fe905f23de8aa?s=96&d=mm&r=g","url":"https:\/\/secure.gravatar.com\/avatar\/f767471be6375bc48c47e01a87935108ce923ff3609476b1fd7fe905f23de8aa?s=96&d=mm&r=g","contentUrl":"https:\/\/secure.gravatar.com\/avatar\/f767471be6375bc48c47e01a87935108ce923ff3609476b1fd7fe905f23de8aa?s=96&d=mm&r=g","caption":"secretariat Mairie"},"logo":{"@id":"https:\/\/secure.gravatar.com\/avatar\/f767471be6375bc48c47e01a87935108ce923ff3609476b1fd7fe905f23de8aa?s=96&d=mm&r=g"}}]}},"_links":{"self":[{"href":"https:\/\/saintgermaindarce.com\/sg\/wp-json\/wp\/v2\/pages\/965","targetHints":{"allow":["GET"]}}],"collection":[{"href":"https:\/\/saintgermaindarce.com\/sg\/wp-json\/wp\/v2\/pages"}],"about":[{"href":"https:\/\/saintgermaindarce.com\/sg\/wp-json\/wp\/v2\/types\/page"}],"author":[{"embeddable":true,"href":"https:\/\/saintgermaindarce.com\/sg\/wp-json\/wp\/v2\/users\/1"}],"replies":[{"embeddable":true,"href":"https:\/\/saintgermaindarce.com\/sg\/wp-json\/wp\/v2\/comments?post=965"}],"version-history":[{"count":0,"href":"https:\/\/saintgermaindarce.com\/sg\/wp-json\/wp\/v2\/pages\/965\/revisions"}],"wp:attachment":[{"href":"https:\/\/saintgermaindarce.com\/sg\/wp-json\/wp\/v2\/media?parent=965"}],"curies":[{"name":"wp","href":"https:\/\/api.w.org\/{rel}","templated":true}]}}