{"id":93,"date":"2018-06-25T19:54:45","date_gmt":"2018-06-25T17:54:45","guid":{"rendered":"https:\/\/saintgermaindarce.com\/sg\/?page_id=93"},"modified":"2018-07-05T00:24:50","modified_gmt":"2018-07-04T22:24:50","slug":"pompiers","status":"publish","type":"page","link":"https:\/\/saintgermaindarce.com\/sg\/pompiers\/","title":{"rendered":"Pompiers"},"content":{"rendered":"<div id=\"pl-93\"  class=\"panel-layout\" ><div id=\"pg-93-0\"  class=\"panel-grid panel-no-style\" ><div id=\"pgc-93-0-0\"  class=\"panel-grid-cell\" ><div id=\"panel-93-0-0-0\" class=\"so-panel widget widget_sow-editor panel-first-child panel-last-child widgetopts-SO\" data-index=\"0\" ><div\n\t\t\t\n\t\t\tclass=\"so-widget-sow-editor so-widget-sow-editor-base\"\n\t\t\t\n\t\t>\n<div class=\"siteorigin-widget-tinymce textwidget\">\n\t<h2 style=\"text-align: center;\">Centre de Premi\u00e8re Intervention de Saint Germain d'Arc\u00e9 [CPI]<\/h2>\n<\/div>\n<\/div><\/div><\/div><\/div><div id=\"pg-93-1\"  class=\"panel-grid panel-no-style\" ><div id=\"pgc-93-1-0\"  class=\"panel-grid-cell\" ><div id=\"panel-93-1-0-0\" class=\"so-panel widget widget_sow-image panel-first-child panel-last-child widgetopts-SO\" data-index=\"1\" ><div\n\t\t\t\n\t\t\tclass=\"so-widget-sow-image so-widget-sow-image-default-113ccd71f3e6-93\"\n\t\t\t\n\t\t>\n<div class=\"sow-image-container\">\n\t\t<img \n\tsrc=\"https:\/\/saintgermaindarce.com\/sg\/wp-content\/uploads\/2018\/06\/pompier-sg-01.jpg\" width=\"540\" height=\"338\" srcset=\"https:\/\/saintgermaindarce.com\/sg\/wp-content\/uploads\/2018\/06\/pompier-sg-01.jpg 540w, https:\/\/saintgermaindarce.com\/sg\/wp-content\/uploads\/2018\/06\/pompier-sg-01-300x188.jpg 300w\" sizes=\"(max-width: 540px) 100vw, 540px\" alt=\"pompier-sg-01\" \t\tclass=\"so-widget-image\"\/>\n\t<\/div>\n\n<\/div><\/div><\/div><div id=\"pgc-93-1-1\"  class=\"panel-grid-cell\" ><div id=\"panel-93-1-1-0\" class=\"so-panel widget widget_sow-image panel-first-child panel-last-child widgetopts-SO\" data-index=\"2\" ><div\n\t\t\t\n\t\t\tclass=\"so-widget-sow-image so-widget-sow-image-default-113ccd71f3e6-93\"\n\t\t\t\n\t\t>\n<div class=\"sow-image-container\">\n\t\t<img \n\tsrc=\"https:\/\/saintgermaindarce.com\/sg\/wp-content\/uploads\/2018\/06\/pompier-sg-incendie-cabanon.jpg\" width=\"540\" height=\"338\" srcset=\"https:\/\/saintgermaindarce.com\/sg\/wp-content\/uploads\/2018\/06\/pompier-sg-incendie-cabanon.jpg 540w, https:\/\/saintgermaindarce.com\/sg\/wp-content\/uploads\/2018\/06\/pompier-sg-incendie-cabanon-300x188.jpg 300w\" sizes=\"(max-width: 540px) 100vw, 540px\" alt=\"pompier-sg-incendie-cabanon\" \t\tclass=\"so-widget-image\"\/>\n\t<\/div>\n\n<\/div><\/div><\/div><\/div><div id=\"pg-93-2\"  class=\"panel-grid panel-no-style\" ><div id=\"pgc-93-2-0\"  class=\"panel-grid-cell\" ><div id=\"panel-93-2-0-0\" class=\"so-panel widget widget_sow-editor panel-first-child widgetopts-SO\" data-index=\"3\" ><div\n\t\t\t\n\t\t\tclass=\"so-widget-sow-editor so-widget-sow-editor-base\"\n\t\t\t\n\t\t>\n<div class=\"siteorigin-widget-tinymce textwidget\">\n\t<h3>Pour nous contacter en <strong>cas d'Urgence : composer le 18 ou 112<\/strong><\/h3>\n<p>Si toutefois l'urgence n'est pas de mise (nid de gu\u00eapes...) contacter <strong>soit la mairie, soit le Chef de Centre<\/strong> \u00e0 l'adresse suivante : (T\u00e9l\u00e9phone portable)<\/p>\n<\/div>\n<\/div><\/div><div id=\"panel-93-2-0-1\" class=\"so-panel widget widget_sow-editor widgetopts-SO\" data-index=\"4\" ><div\n\t\t\t\n\t\t\tclass=\"so-widget-sow-editor so-widget-sow-editor-base\"\n\t\t\t\n\t\t>\n<div class=\"siteorigin-widget-tinymce textwidget\">\n\t<h3><strong>Notre CPI compte xx pompiers volontaires dont x Jeunes Sapeurs pompiers (JSP).<br \/>\n<\/strong><\/h3>\n<h4>\u00ab<em>En 2017, xxxx interventions ont \u00e9t\u00e9 effectu\u00e9es dont xxx interventions pour secours \u00e0 la personne et xx interventions pour des incendies<\/em>\u00bb souligne le grade pr\u00e9nom et nom, chef de centre de premier secours de Saint Germain d'arc\u00e9.<\/h4>\n<p>Le centre de secours de Saint Germain d'Arc\u00e9 d\u00e9fend x communes, 1 250 habitants : Saint Germain d'Arc\u00e9, La Chapelle aux Choux et Chenu.<\/p>\n<p>Moyens d\u2019action indispensable, le <strong>parc automobile<\/strong> des sapeurs-pompiers est destin\u00e9 \u00e0 assurer, dans des conditions optimales de d\u00e9lai et de s\u00e9curit\u00e9, le transport du personnel et du mat\u00e9riel n\u00e9cessaire.<\/p>\n<p>Le Centre d\u2019Incendie et de Secours de Saint Germain d'Arc\u00e9 dispose dans son parc automobile :<\/p>\n<ul>\n<li>un V\u00e9hicule Poste de Secours Avanc\u00e9 (VPSA),<\/li>\n<li>un V\u00e9hicule Tous Usages\/Transport de Personnel (VTU\/TP)<\/li>\n<li>un Camion-Citerne Rural Moyen (CCRM),<\/li>\n<li>un V\u00e9hicule L\u00e9ger Tous Terrains (VLTT)<\/li>\n<li>un V\u00e9hicule de Secours Aux Victimes (VSAV)<\/li>\n<li>et un Bateau L\u00e9ger de Sauvetage (BLS - non pr\u00e9sent\u00e9e).<\/li>\n<\/ul>\n<\/div>\n<\/div><\/div><div id=\"panel-93-2-0-2\" class=\"so-panel widget widget_sow-editor panel-last-child widgetopts-SO\" data-index=\"5\" ><div\n\t\t\t\n\t\t\tclass=\"so-widget-sow-editor so-widget-sow-editor-base\"\n\t\t\t\n\t\t>\n<div class=\"siteorigin-widget-tinymce textwidget\">\n\t<h3><strong>Si vous aussi vous \u00eates motiv\u00e9s et souhaiter faire partie de l'\u00e9quipe, vous \u00eates le ou la bienvenue...<\/strong><\/h3>\n<h4>Les conditions d\u2019engagement :<\/h4>\n<p>\u00catre motiv\u00e9(e) et disponible.<br \/>\n\u2022 \u00catre \u00e2g\u00e9(e) de 17 ans au moins dans l\u2019ann\u00e9e de recrutement et de 55 ans au plus. Le (la) candidat(e) mineur(e) doit avoir l\u2019accord \u00e9crit de ses parents ou tuteur.<br \/>\n\u2022 R\u00e9sider l\u00e9galement dans le d\u00e9partement.<br \/>\n\u2022 \u00catre en situation r\u00e9guli\u00e8re au regard des obligations du service national.<br \/>\n\u2022 Jouir de ses droits civiques.<br \/>\n\u2022 Absence de condamnations incompatible avec l\u2019exercice des fonctions, mentionn\u00e9e au bulletin n \u00b02 du casier judiciaire<br \/>\n\u2022 Remplir les conditions d\u2019aptitude m\u00e9dicale et physique adapt\u00e9es et correspondantes aux missions confi\u00e9es.<\/p>\n<h4>La formation :<\/h4>\n<p>Elle comprend une formation initiale dans trois domaines principaux :<br \/>\n\u2022 Le secours \u00e0 personnes (SAP) : 5 jours (+ 4 jours de prompt secours)<br \/>\n\u2022 La lutte contre l\u2019incendie (INC) : 8 jours<br \/>\n\u2022 La protection des personnes, des biens et de l\u2019environnement (OD) :4 jours.<\/p>\n<p>Apr\u00e8s validation d\u2019une formation (SAP, INC, OD), le sapeur-pompier volontaire peut participer aux interventions en tant qu\u2019\u00e9quipier. Une formation continue permet de maintenir les comp\u00e9tences et de d\u00e9velopper les sp\u00e9cialit\u00e9s.<\/p>\n<h4>La Dur\u00e9e de l\u2019engagement :<\/h4>\n<p>Le sapeur-pompier volontaire s\u2019engage pour une p\u00e9riode de 5 ans renouvelable tacitement.<br \/>\nIl peut suspendre ou arr\u00eater son engagement pour des raisons personnelles, pendant une ou plusieurs p\u00e9riodes.<\/p>\n<\/div>\n<\/div><\/div><\/div><\/div><div id=\"pg-93-3\"  class=\"panel-grid panel-no-style\" ><div id=\"pgc-93-3-0\"  class=\"panel-grid-cell\" ><div id=\"panel-93-3-0-0\" class=\"so-panel widget widget_sow-editor panel-first-child panel-last-child widgetopts-SO\" data-index=\"6\" ><div\n\t\t\t\n\t\t\tclass=\"so-widget-sow-editor so-widget-sow-editor-base\"\n\t\t\t\n\t\t>\n<div class=\"siteorigin-widget-tinymce textwidget\">\n\t<p>Les Sapeurs-Pompiers vous remercient pour l'accueil qu'il leur est fait en fin d'ann\u00e9e.<\/p>\n<p>Grade pr\u00e9nom et Nom<br \/>\n<strong>Chef de centre du CPI de Saint Germain d'Arc\u00e9<\/strong><\/p>\n<\/div>\n<\/div><\/div><\/div><\/div><div id=\"pg-93-4\"  class=\"panel-grid panel-no-style\" ><div id=\"pgc-93-4-0\"  class=\"panel-grid-cell\" ><div id=\"panel-93-4-0-0\" class=\"so-panel widget widget_sow-image panel-first-child panel-last-child widgetopts-SO\" data-index=\"7\" ><div\n\t\t\t\n\t\t\tclass=\"so-widget-sow-image so-widget-sow-image-default-8b5b6f678277-93\"\n\t\t\t\n\t\t>\n<div class=\"sow-image-container\">\n\t\t<img \n\tsrc=\"https:\/\/saintgermaindarce.com\/sg\/wp-content\/uploads\/2018\/06\/pompiers-sg-vign-01.jpg\" width=\"275\" height=\"183\" srcset=\"https:\/\/saintgermaindarce.com\/sg\/wp-content\/uploads\/2018\/06\/pompiers-sg-vign-01.jpg 275w, https:\/\/saintgermaindarce.com\/sg\/wp-content\/uploads\/2018\/06\/pompiers-sg-vign-01-272x182.jpg 272w\" sizes=\"(max-width: 275px) 100vw, 275px\" alt=\"\" \t\tclass=\"so-widget-image\"\/>\n\t<\/div>\n\n<\/div><\/div><\/div><div id=\"pgc-93-4-1\"  class=\"panel-grid-cell\" ><div id=\"panel-93-4-1-0\" class=\"so-panel widget widget_sow-image panel-first-child panel-last-child widgetopts-SO\" data-index=\"8\" ><div\n\t\t\t\n\t\t\tclass=\"so-widget-sow-image so-widget-sow-image-default-8b5b6f678277-93\"\n\t\t\t\n\t\t>\n<div class=\"sow-image-container\">\n\t\t<img \n\tsrc=\"https:\/\/saintgermaindarce.com\/sg\/wp-content\/uploads\/2018\/06\/pompiers-sg-vign-02.jpg\" width=\"275\" height=\"183\" srcset=\"https:\/\/saintgermaindarce.com\/sg\/wp-content\/uploads\/2018\/06\/pompiers-sg-vign-02.jpg 275w, https:\/\/saintgermaindarce.com\/sg\/wp-content\/uploads\/2018\/06\/pompiers-sg-vign-02-272x182.jpg 272w\" sizes=\"(max-width: 275px) 100vw, 275px\" alt=\"\" \t\tclass=\"so-widget-image\"\/>\n\t<\/div>\n\n<\/div><\/div><\/div><div id=\"pgc-93-4-2\"  class=\"panel-grid-cell\" ><div id=\"panel-93-4-2-0\" class=\"so-panel widget widget_sow-image panel-first-child panel-last-child widgetopts-SO\" data-index=\"9\" ><div\n\t\t\t\n\t\t\tclass=\"so-widget-sow-image so-widget-sow-image-default-8b5b6f678277-93\"\n\t\t\t\n\t\t>\n<div class=\"sow-image-container\">\n\t\t<img \n\tsrc=\"https:\/\/saintgermaindarce.com\/sg\/wp-content\/uploads\/2018\/06\/pompiers-sg-vign-04.jpg\" width=\"275\" height=\"183\" srcset=\"https:\/\/saintgermaindarce.com\/sg\/wp-content\/uploads\/2018\/06\/pompiers-sg-vign-04.jpg 275w, https:\/\/saintgermaindarce.com\/sg\/wp-content\/uploads\/2018\/06\/pompiers-sg-vign-04-272x182.jpg 272w\" sizes=\"(max-width: 275px) 100vw, 275px\" alt=\"pompiers-sg-vign-04\" \t\tclass=\"so-widget-image\"\/>\n\t<\/div>\n\n<\/div><\/div><\/div><div id=\"pgc-93-4-3\"  class=\"panel-grid-cell\" ><div id=\"panel-93-4-3-0\" class=\"so-panel widget widget_sow-image panel-first-child panel-last-child widgetopts-SO\" data-index=\"10\" ><div\n\t\t\t\n\t\t\tclass=\"so-widget-sow-image so-widget-sow-image-default-8b5b6f678277-93\"\n\t\t\t\n\t\t>\n<div class=\"sow-image-container\">\n\t\t<img \n\tsrc=\"https:\/\/saintgermaindarce.com\/sg\/wp-content\/uploads\/2018\/06\/pompiers-sg-vign-05.jpg\" width=\"275\" height=\"183\" srcset=\"https:\/\/saintgermaindarce.com\/sg\/wp-content\/uploads\/2018\/06\/pompiers-sg-vign-05.jpg 275w, https:\/\/saintgermaindarce.com\/sg\/wp-content\/uploads\/2018\/06\/pompiers-sg-vign-05-272x182.jpg 272w\" sizes=\"(max-width: 275px) 100vw, 275px\" alt=\"pompiers-sg-vign-05\" \t\tclass=\"so-widget-image\"\/>\n\t<\/div>\n\n<\/div><\/div><\/div><\/div><\/div>","protected":false},"excerpt":{"rendered":"<p>Centre de Premi\u00e8re Intervention de Saint Germain d&rsquo;Arc\u00e9 [CPI]<\/p>\n","protected":false},"author":1,"featured_media":0,"parent":0,"menu_order":0,"comment_status":"closed","ping_status":"closed","template":"","meta":{"footnotes":""},"class_list":["post-93","page","type-page","status-publish","hentry"],"yoast_head":"<!-- This site is optimized with the Yoast SEO plugin v27.5 - https:\/\/yoast.com\/product\/yoast-seo-wordpress\/ -->\n<title>Pompiers - Mairie de Saint Germain d&#039;Arc\u00e9<\/title>\n<meta name=\"robots\" content=\"index, follow, max-snippet:-1, max-image-preview:large, max-video-preview:-1\" \/>\n<link rel=\"canonical\" href=\"https:\/\/saintgermaindarce.com\/sg\/pompiers\/\" \/>\n<meta name=\"twitter:card\" content=\"summary_large_image\" \/>\n<meta name=\"twitter:title\" content=\"Pompiers - Mairie de Saint Germain d&#039;Arc\u00e9\" \/>\n<meta name=\"twitter:description\" content=\"Centre de Premi\u00e8re Intervention de Saint Germain d&#039;Arc\u00e9 [CPI]\" \/>\n<meta name=\"twitter:label1\" content=\"Dur\u00e9e de lecture estim\u00e9e\" \/>\n\t<meta name=\"twitter:data1\" content=\"3 minutes\" \/>\n<script type=\"application\/ld+json\" class=\"yoast-schema-graph\">{\"@context\":\"https:\\\/\\\/schema.org\",\"@graph\":[{\"@type\":\"WebPage\",\"@id\":\"https:\\\/\\\/saintgermaindarce.com\\\/sg\\\/pompiers\\\/\",\"url\":\"https:\\\/\\\/saintgermaindarce.com\\\/sg\\\/pompiers\\\/\",\"name\":\"Pompiers - Mairie de Saint Germain d&#039;Arc\u00e9\",\"isPartOf\":{\"@id\":\"https:\\\/\\\/saintgermaindarce.com\\\/sg\\\/#website\"},\"datePublished\":\"2018-06-25T17:54:45+00:00\",\"dateModified\":\"2018-07-04T22:24:50+00:00\",\"breadcrumb\":{\"@id\":\"https:\\\/\\\/saintgermaindarce.com\\\/sg\\\/pompiers\\\/#breadcrumb\"},\"inLanguage\":\"fr-FR\",\"potentialAction\":[{\"@type\":\"ReadAction\",\"target\":[\"https:\\\/\\\/saintgermaindarce.com\\\/sg\\\/pompiers\\\/\"]}]},{\"@type\":\"BreadcrumbList\",\"@id\":\"https:\\\/\\\/saintgermaindarce.com\\\/sg\\\/pompiers\\\/#breadcrumb\",\"itemListElement\":[{\"@type\":\"ListItem\",\"position\":1,\"name\":\"Accueil\",\"item\":\"https:\\\/\\\/saintgermaindarce.com\\\/sg\\\/\"},{\"@type\":\"ListItem\",\"position\":2,\"name\":\"Pompiers\"}]},{\"@type\":\"WebSite\",\"@id\":\"https:\\\/\\\/saintgermaindarce.com\\\/sg\\\/#website\",\"url\":\"https:\\\/\\\/saintgermaindarce.com\\\/sg\\\/\",\"name\":\"Mairie de Saint Germain d'Arc\u00e9\",\"description\":\"\",\"publisher\":{\"@id\":\"https:\\\/\\\/saintgermaindarce.com\\\/sg\\\/#\\\/schema\\\/person\\\/93511b19cadd37cf2a6e92b3df7f79ec\"},\"potentialAction\":[{\"@type\":\"SearchAction\",\"target\":{\"@type\":\"EntryPoint\",\"urlTemplate\":\"https:\\\/\\\/saintgermaindarce.com\\\/sg\\\/?s={search_term_string}\"},\"query-input\":{\"@type\":\"PropertyValueSpecification\",\"valueRequired\":true,\"valueName\":\"search_term_string\"}}],\"inLanguage\":\"fr-FR\"},{\"@type\":[\"Person\",\"Organization\"],\"@id\":\"https:\\\/\\\/saintgermaindarce.com\\\/sg\\\/#\\\/schema\\\/person\\\/93511b19cadd37cf2a6e92b3df7f79ec\",\"name\":\"secretariat Mairie\",\"image\":{\"@type\":\"ImageObject\",\"inLanguage\":\"fr-FR\",\"@id\":\"https:\\\/\\\/secure.gravatar.com\\\/avatar\\\/f767471be6375bc48c47e01a87935108ce923ff3609476b1fd7fe905f23de8aa?s=96&d=mm&r=g\",\"url\":\"https:\\\/\\\/secure.gravatar.com\\\/avatar\\\/f767471be6375bc48c47e01a87935108ce923ff3609476b1fd7fe905f23de8aa?s=96&d=mm&r=g\",\"contentUrl\":\"https:\\\/\\\/secure.gravatar.com\\\/avatar\\\/f767471be6375bc48c47e01a87935108ce923ff3609476b1fd7fe905f23de8aa?s=96&d=mm&r=g\",\"caption\":\"secretariat Mairie\"},\"logo\":{\"@id\":\"https:\\\/\\\/secure.gravatar.com\\\/avatar\\\/f767471be6375bc48c47e01a87935108ce923ff3609476b1fd7fe905f23de8aa?s=96&d=mm&r=g\"}}]}<\/script>\n<!-- \/ Yoast SEO plugin. -->","yoast_head_json":{"title":"Pompiers - Mairie de Saint Germain d&#039;Arc\u00e9","robots":{"index":"index","follow":"follow","max-snippet":"max-snippet:-1","max-image-preview":"max-image-preview:large","max-video-preview":"max-video-preview:-1"},"canonical":"https:\/\/saintgermaindarce.com\/sg\/pompiers\/","twitter_card":"summary_large_image","twitter_title":"Pompiers - Mairie de Saint Germain d&#039;Arc\u00e9","twitter_description":"Centre de Premi\u00e8re Intervention de Saint Germain d'Arc\u00e9 [CPI]","twitter_misc":{"Dur\u00e9e de lecture estim\u00e9e":"3 minutes"},"schema":{"@context":"https:\/\/schema.org","@graph":[{"@type":"WebPage","@id":"https:\/\/saintgermaindarce.com\/sg\/pompiers\/","url":"https:\/\/saintgermaindarce.com\/sg\/pompiers\/","name":"Pompiers - Mairie de Saint Germain d&#039;Arc\u00e9","isPartOf":{"@id":"https:\/\/saintgermaindarce.com\/sg\/#website"},"datePublished":"2018-06-25T17:54:45+00:00","dateModified":"2018-07-04T22:24:50+00:00","breadcrumb":{"@id":"https:\/\/saintgermaindarce.com\/sg\/pompiers\/#breadcrumb"},"inLanguage":"fr-FR","potentialAction":[{"@type":"ReadAction","target":["https:\/\/saintgermaindarce.com\/sg\/pompiers\/"]}]},{"@type":"BreadcrumbList","@id":"https:\/\/saintgermaindarce.com\/sg\/pompiers\/#breadcrumb","itemListElement":[{"@type":"ListItem","position":1,"name":"Accueil","item":"https:\/\/saintgermaindarce.com\/sg\/"},{"@type":"ListItem","position":2,"name":"Pompiers"}]},{"@type":"WebSite","@id":"https:\/\/saintgermaindarce.com\/sg\/#website","url":"https:\/\/saintgermaindarce.com\/sg\/","name":"Mairie de Saint Germain d'Arc\u00e9","description":"","publisher":{"@id":"https:\/\/saintgermaindarce.com\/sg\/#\/schema\/person\/93511b19cadd37cf2a6e92b3df7f79ec"},"potentialAction":[{"@type":"SearchAction","target":{"@type":"EntryPoint","urlTemplate":"https:\/\/saintgermaindarce.com\/sg\/?s={search_term_string}"},"query-input":{"@type":"PropertyValueSpecification","valueRequired":true,"valueName":"search_term_string"}}],"inLanguage":"fr-FR"},{"@type":["Person","Organization"],"@id":"https:\/\/saintgermaindarce.com\/sg\/#\/schema\/person\/93511b19cadd37cf2a6e92b3df7f79ec","name":"secretariat Mairie","image":{"@type":"ImageObject","inLanguage":"fr-FR","@id":"https:\/\/secure.gravatar.com\/avatar\/f767471be6375bc48c47e01a87935108ce923ff3609476b1fd7fe905f23de8aa?s=96&d=mm&r=g","url":"https:\/\/secure.gravatar.com\/avatar\/f767471be6375bc48c47e01a87935108ce923ff3609476b1fd7fe905f23de8aa?s=96&d=mm&r=g","contentUrl":"https:\/\/secure.gravatar.com\/avatar\/f767471be6375bc48c47e01a87935108ce923ff3609476b1fd7fe905f23de8aa?s=96&d=mm&r=g","caption":"secretariat Mairie"},"logo":{"@id":"https:\/\/secure.gravatar.com\/avatar\/f767471be6375bc48c47e01a87935108ce923ff3609476b1fd7fe905f23de8aa?s=96&d=mm&r=g"}}]}},"_links":{"self":[{"href":"https:\/\/saintgermaindarce.com\/sg\/wp-json\/wp\/v2\/pages\/93","targetHints":{"allow":["GET"]}}],"collection":[{"href":"https:\/\/saintgermaindarce.com\/sg\/wp-json\/wp\/v2\/pages"}],"about":[{"href":"https:\/\/saintgermaindarce.com\/sg\/wp-json\/wp\/v2\/types\/page"}],"author":[{"embeddable":true,"href":"https:\/\/saintgermaindarce.com\/sg\/wp-json\/wp\/v2\/users\/1"}],"replies":[{"embeddable":true,"href":"https:\/\/saintgermaindarce.com\/sg\/wp-json\/wp\/v2\/comments?post=93"}],"version-history":[{"count":0,"href":"https:\/\/saintgermaindarce.com\/sg\/wp-json\/wp\/v2\/pages\/93\/revisions"}],"wp:attachment":[{"href":"https:\/\/saintgermaindarce.com\/sg\/wp-json\/wp\/v2\/media?parent=93"}],"curies":[{"name":"wp","href":"https:\/\/api.w.org\/{rel}","templated":true}]}}