{"id":747,"date":"2018-06-28T15:41:52","date_gmt":"2018-06-28T13:41:52","guid":{"rendered":"https:\/\/saintgermaindarce.com\/sg\/?page_id=747"},"modified":"2024-03-23T11:11:52","modified_gmt":"2024-03-23T10:11:52","slug":"toutes-les-associations","status":"publish","type":"page","link":"https:\/\/saintgermaindarce.com\/sg\/toutes-les-associations\/","title":{"rendered":"Toutes les Associations"},"content":{"rendered":"<div id=\"pl-747\"  class=\"panel-layout\" ><div id=\"pg-747-0\"  class=\"panel-grid panel-no-style\" ><div id=\"pgc-747-0-0\"  class=\"panel-grid-cell\" ><div id=\"panel-747-0-0-0\" class=\"so-panel widget widget_sow-editor panel-first-child panel-last-child widgetopts-SO\" data-index=\"0\" ><div\n\t\t\t\n\t\t\tclass=\"so-widget-sow-editor so-widget-sow-editor-base\"\n\t\t\t\n\t\t>\n<div class=\"siteorigin-widget-tinymce textwidget\">\n\t<\/div>\n<\/div><\/div><\/div><\/div><div id=\"pg-747-1\"  class=\"panel-grid panel-no-style\" ><div id=\"pgc-747-1-0\"  class=\"panel-grid-cell\" ><div id=\"panel-747-1-0-0\" class=\"so-panel widget widget_sow-image panel-first-child panel-last-child widgetopts-SO\" data-index=\"1\" ><div\n\t\t\t\n\t\t\tclass=\"so-widget-sow-image so-widget-sow-image-default-113ccd71f3e6-747\"\n\t\t\t\n\t\t>\n<div class=\"sow-image-container\">\n\t\t<img \n\tsrc=\"https:\/\/saintgermaindarce.com\/sg\/wp-content\/uploads\/2018\/07\/bandeau-associations.jpg\" width=\"985\" height=\"214\" srcset=\"https:\/\/saintgermaindarce.com\/sg\/wp-content\/uploads\/2018\/07\/bandeau-associations.jpg 985w, https:\/\/saintgermaindarce.com\/sg\/wp-content\/uploads\/2018\/07\/bandeau-associations-300x65.jpg 300w, https:\/\/saintgermaindarce.com\/sg\/wp-content\/uploads\/2018\/07\/bandeau-associations-768x167.jpg 768w\" sizes=\"(max-width: 985px) 100vw, 985px\" title=\"Associations de Saint Germain d&rsquo;Arc\u00e9\" alt=\"Associations de Saint Germain d&#039;Arc\u00e9\" \t\tclass=\"so-widget-image\"\/>\n\t<\/div>\n\n<\/div><\/div><\/div><\/div><div id=\"pg-747-2\"  class=\"panel-grid panel-no-style\" ><div id=\"pgc-747-2-0\"  class=\"panel-grid-cell\" ><div id=\"panel-747-2-0-0\" class=\"so-panel widget widget_sow-editor panel-first-child panel-last-child widgetopts-SO\" data-index=\"2\" ><div\n\t\t\t\n\t\t\tclass=\"so-widget-sow-editor so-widget-sow-editor-base\"\n\t\t\t\n\t\t>\n<div class=\"siteorigin-widget-tinymce textwidget\">\n\t<div id=\"pg-360-1\" class=\"panel-grid\">\n<div id=\"pgc-360-1-0\" class=\"panel-grid-cell\">\n<div id=\"panel-360-1-0-0\" class=\"so-panel widget widget_black-studio-tinymce widget_black_studio_tinymce panel-first-child panel-last-child\" data-index=\"1\">\n<div class=\"textwidget\">\n<h3><strong>Associations<br \/>\n<\/strong><\/h3>\n<p>Voici la liste de toutes les associations qui officient au sein de la commune\u00a0 (Sportives, Culturelles, Patriotique, Environnementales, S\u00e9niors,\u00a0 Musicales).<\/p>\n<h3>A l'attention des Pr\u00e9sidents des associations:<\/h3>\n<p>Si vous souhaitez une page d'information d\u00e9di\u00e9e, dans cette rubrique, fa\u00eetes-nous parvenir au secr\u00e9tariat de Mairie votre texte, pr\u00e9sentation, activit\u00e9, etc.. , et 4 photos maximum.<\/p>\n<\/div>\n<\/div>\n<\/div>\n<\/div>\n<\/div>\n<\/div><\/div><\/div><\/div><div id=\"pg-747-3\"  class=\"panel-grid panel-no-style\" ><div id=\"pgc-747-3-0\"  class=\"panel-grid-cell\" ><div id=\"panel-747-3-0-0\" class=\"so-panel widget widget_sow-editor panel-first-child panel-last-child widgetopts-SO\" data-index=\"3\" ><div\n\t\t\t\n\t\t\tclass=\"so-widget-sow-editor so-widget-sow-editor-base\"\n\t\t\t\n\t\t>\n<div class=\"siteorigin-widget-tinymce textwidget\">\n\t<h3><strong>J S A (Jeunesse Sportive Arc\u00e9enne)<\/strong><\/h3>\n<p>M. LOYER Claude<br \/>\n<a href=\"mailto:jsarceenne@orange.fr\" target=\"_blank\" rel=\"noopener\">jsarceenne@orange.fr<\/a><\/p>\n<\/div>\n<\/div><\/div><\/div><div id=\"pgc-747-3-1\"  class=\"panel-grid-cell\" ><div id=\"panel-747-3-1-0\" class=\"so-panel widget widget_sow-editor panel-first-child panel-last-child widgetopts-SO\" data-index=\"4\" ><div\n\t\t\t\n\t\t\tclass=\"so-widget-sow-editor so-widget-sow-editor-base\"\n\t\t\t\n\t\t><h3 class=\"widget-title\">Calendrier des matchs 2023-2024<\/h3>\n<div class=\"siteorigin-widget-tinymce textwidget\">\n\t<p><a href=\"https:\/\/saintgermaindarce.com\/sg\/wp-content\/uploads\/2023\/09\/Scan20230929145419.pdf\">calendrier 2023-2024<\/a><\/p>\n<\/div>\n<\/div><\/div><\/div><\/div><div id=\"pg-747-4\"  class=\"panel-grid panel-no-style\" ><div id=\"pgc-747-4-0\"  class=\"panel-grid-cell\" ><div id=\"panel-747-4-0-0\" class=\"so-panel widget widget_sow-image panel-first-child panel-last-child widgetopts-SO\" data-index=\"5\" ><div\n\t\t\t\n\t\t\tclass=\"so-widget-sow-image so-widget-sow-image-default-8b5b6f678277-747\"\n\t\t\t\n\t\t>\n<div class=\"sow-image-container\">\n\t\t<img \n\tsrc=\"https:\/\/saintgermaindarce.com\/sg\/wp-content\/uploads\/2018\/06\/en-une-manifestation-festivites.jpg\" width=\"443\" height=\"40\" srcset=\"https:\/\/saintgermaindarce.com\/sg\/wp-content\/uploads\/2018\/06\/en-une-manifestation-festivites.jpg 443w, https:\/\/saintgermaindarce.com\/sg\/wp-content\/uploads\/2018\/06\/en-une-manifestation-festivites-300x27.jpg 300w\" sizes=\"(max-width: 443px) 100vw, 443px\" alt=\"en-une-manifestation-festivites\" \t\tclass=\"so-widget-image\"\/>\n\t<\/div>\n\n<\/div><\/div><\/div><div id=\"pgc-747-4-1\"  class=\"panel-grid-cell\" ><div id=\"panel-747-4-1-0\" class=\"so-panel widget widget_sow-editor panel-first-child panel-last-child widgetopts-SO\" data-index=\"6\" ><div\n\t\t\t\n\t\t\tclass=\"so-widget-sow-editor so-widget-sow-editor-base\"\n\t\t\t\n\t\t><h3 class=\"widget-title\">Les manifestations de la JSA<\/h3>\n<div class=\"siteorigin-widget-tinymce textwidget\">\n\t<p>Samedi 1er juin : concours de boules<\/p>\n<p>Vendredi 14 juin : 19h Assembl\u00e9e G\u00e9n\u00e9rale<\/p>\n<p>Samedi 29 juin : Tournoi<\/p>\n<\/div>\n<\/div><\/div><\/div><\/div><div id=\"pg-747-5\"  class=\"panel-grid panel-no-style\" ><div id=\"pgc-747-5-0\"  class=\"panel-grid-cell panel-grid-cell-mobile-last\" ><div id=\"panel-747-5-0-0\" class=\"so-panel widget widget_sow-editor panel-first-child panel-last-child widgetopts-SO\" data-index=\"7\" ><div\n\t\t\t\n\t\t\tclass=\"so-widget-sow-editor so-widget-sow-editor-base\"\n\t\t\t\n\t\t>\n<div class=\"siteorigin-widget-tinymce textwidget\">\n\t<h3><strong>LA MUSIQUE ARCEENNE<\/strong><\/h3>\n<p>M. MONCHATRE Daniel<br \/>\nT\u00e9l. 02 43 46 01 57<br \/>\n<a href=\"mailto:daniel.monchatre@wanadoo.fr\" target=\"_blank\" rel=\"noopener\">daniel.monchatre@wanadoo.fr<\/a><\/p>\n<\/div>\n<\/div><\/div><\/div><div id=\"pgc-747-5-1\"  class=\"panel-grid-cell panel-grid-cell-empty\" ><\/div><\/div><div id=\"pg-747-6\"  class=\"panel-grid panel-no-style\" ><div id=\"pgc-747-6-0\"  class=\"panel-grid-cell panel-grid-cell-mobile-last\" ><div id=\"panel-747-6-0-0\" class=\"so-panel widget widget_sow-editor panel-first-child panel-last-child widgetopts-SO\" data-index=\"8\" ><div\n\t\t\t\n\t\t\tclass=\"so-widget-sow-editor so-widget-sow-editor-base\"\n\t\t\t\n\t\t>\n<div class=\"siteorigin-widget-tinymce textwidget\">\n\t<h3><strong>AMICALE DES SAPEURS POMPIERS<\/strong><\/h3>\n<p>Mme MARTINEZ Sandra<br \/>\nT\u00e9l. 02 43 79 39 97<br \/>\n<a href=\"mailto:sandram72@hotmail.fr\" target=\"_blank\" rel=\"noopener\">sandram72@hotmail.fr<\/a><\/p>\n<\/div>\n<\/div><\/div><\/div><div id=\"pgc-747-6-1\"  class=\"panel-grid-cell panel-grid-cell-empty\" ><\/div><\/div><div id=\"pg-747-7\"  class=\"panel-grid panel-no-style\" ><div id=\"pgc-747-7-0\"  class=\"panel-grid-cell panel-grid-cell-mobile-last\" ><div id=\"panel-747-7-0-0\" class=\"so-panel widget widget_sow-editor panel-first-child panel-last-child widgetopts-SO\" data-index=\"9\" ><div\n\t\t\t\n\t\t\tclass=\"so-widget-sow-editor so-widget-sow-editor-base\"\n\t\t\t\n\t\t>\n<div class=\"siteorigin-widget-tinymce textwidget\">\n\t<h3><strong>AMICALE BOULES DE FORT<\/strong><\/h3>\n<p>M. SIONNEAU Robert<\/p>\n<\/div>\n<\/div><\/div><\/div><div id=\"pgc-747-7-1\"  class=\"panel-grid-cell panel-grid-cell-empty\" ><\/div><\/div><div id=\"pg-747-8\"  class=\"panel-grid panel-no-style\" ><div id=\"pgc-747-8-0\"  class=\"panel-grid-cell panel-grid-cell-mobile-last\" ><div id=\"panel-747-8-0-0\" class=\"so-panel widget widget_sow-editor panel-first-child panel-last-child widgetopts-SO\" data-index=\"10\" ><div\n\t\t\t\n\t\t\tclass=\"so-widget-sow-editor so-widget-sow-editor-base\"\n\t\t\t\n\t\t>\n<div class=\"siteorigin-widget-tinymce textwidget\">\n\t<h3><strong>GENERATIONS MOUVEMENTS<\/strong><\/h3>\n<p>Mme MONCHATRE Josiane<br \/>\nT\u00e9l. 02 43 46 01 57<br \/>\n<a href=\"mailto:daniel.monchatre@wanadoo.fr\" target=\"_blank\" rel=\"noopener\">daniel.monchatre@wanadoo.fr<\/a><\/p>\n<\/div>\n<\/div><\/div><\/div><div id=\"pgc-747-8-1\"  class=\"panel-grid-cell panel-grid-cell-empty\" ><\/div><\/div><div id=\"pg-747-9\"  class=\"panel-grid panel-no-style\" ><div id=\"pgc-747-9-0\"  class=\"panel-grid-cell panel-grid-cell-mobile-last\" ><div id=\"panel-747-9-0-0\" class=\"so-panel widget widget_sow-editor panel-first-child panel-last-child widgetopts-SO\" data-index=\"11\" ><div\n\t\t\t\n\t\t\tclass=\"so-widget-sow-editor so-widget-sow-editor-base\"\n\t\t\t\n\t\t><h3 class=\"widget-title\">Programme de l'ann\u00e9e 2023<\/h3>\n<div class=\"siteorigin-widget-tinymce textwidget\">\n\t<ul>\n<li>\n<p align=\"LEFT\"><span style=\"color: #000000;\"><span style=\"font-size: medium;\">Les 1er et 3\u00e8me mardi de chaque mois\u00a0: r\u00e9union du club \u00e0 14h dans la salle socio-culturelle ;<\/span><\/span><\/p>\n<\/li>\n<li>\n<p align=\"LEFT\"><span style=\"color: #000000;\"><span style=\"font-size: medium;\">Le 17 janvier \u00e0 14h\u00a0: Assembl\u00e9e G\u00e9n\u00e9rale. Les cotisations augmenteront de 0,25 \u20ac, les cotisations s'\u00e9l\u00e8veront donc \u00e0 13,50 \u20ac par personne\u00a0;<\/span><\/span><\/p>\n<\/li>\n<li>\n<p align=\"LEFT\"><span style=\"color: #000000;\"><span style=\"font-size: medium;\">Le 17 f\u00e9vrier \u00e0 Diss\u00e9-sous-Le-Lude\u00a0: Assembl\u00e9e G\u00e9n\u00e9rale du canton.<\/span><\/span><\/p>\n<\/li>\n<\/ul>\n<p align=\"LEFT\"><span style=\"color: #000000;\"><span style=\"font-size: medium;\"><b>Ev\u00eanements\u00a0:<\/b><\/span><\/span><\/p>\n<ul>\n<li>\n<p align=\"LEFT\"><span style=\"color: #000000;\"><span style=\"font-size: medium;\">Le 23 f\u00e9vrier \u00e0 15 h\u00a0: spectacle \u00ab\u00a0les pays de c\u0153ur pour l'Ukraine\u00a0\u00bb par l'ensemble Vulnu\u00a0;<\/span><\/span><\/p>\n<\/li>\n<li>\n<p align=\"LEFT\"><span style=\"color: #000000;\"><span style=\"font-size: medium;\">Le 12 mars\u00a0: repas du club \u00e0 Saint Germain d'Arc\u00e9 (r\u00e9servation avant le 1er mars)\u00a0;<\/span><\/span><\/p>\n<\/li>\n<li>\n<p align=\"LEFT\"><span style=\"color: #000000;\"><span style=\"font-size: medium;\">Le 16 mars et le 19 octobre\u00a0: concours de Belote \u00e0 La Bru\u00e8re-sur-Loir\u00a0;<\/span><\/span><\/p>\n<\/li>\n<li>\n<p align=\"LEFT\"><span style=\"color: #000000;\"><span style=\"font-size: medium;\">Derni\u00e8re semaine d'avril\u00a0: voyage dans le Jura (bloqu\u00e9 en d\u00e9cembre)\u00a0;<\/span><\/span><\/p>\n<\/li>\n<li>\n<p align=\"LEFT\"><span style=\"color: #000000;\"><span style=\"font-size: medium;\">Repas \u00ab\u00a0t\u00eate de veau\u00a0\u00bb au restaurant \u00ab\u00a0Le relais de l'Ardill\u00e8re\u00a0\u00bb \u00e0 Couesmes (date \u00e0 d\u00e9finir)\u00a0;<\/span><\/span><\/p>\n<\/li>\n<li>\n<p align=\"LEFT\"><span style=\"color: #000000;\"><span style=\"font-size: medium;\">Le 24 mai\u00a0: p\u00e9tanque \u00e0 La Chapelle-aux-Choux (5 \u20ac par personne)\u00a0;<\/span><\/span><\/p>\n<\/li>\n<li>\n<p align=\"LEFT\"><span style=\"color: #000000;\"><span style=\"font-size: medium;\">Le 21 juin\u00a0: pique-nique \u00e0 Luch\u00e9-Pring\u00e9\u00a0;<\/span><\/span><\/p>\n<\/li>\n<li>\n<p align=\"LEFT\"><span style=\"color: #000000;\"><span style=\"font-size: medium;\">Le 13 septembre\u00a0: cochon grill\u00e9 \u00e0 Diss\u00e9-sous-Le-Lude\u00a0;<\/span><\/span><\/p>\n<\/li>\n<li>\n<p align=\"LEFT\"><span style=\"color: #000000;\"><span style=\"font-size: medium;\">Le 16 septembre\u00a0: voyage ANCV r\u00e9gion de Lourdes.<\/span><\/span><\/p>\n<\/li>\n<\/ul>\n<p align=\"LEFT\"><span style=\"color: #000000;\"><span style=\"font-size: medium;\"><b>Prix de l'adh\u00e9sion annuelle<\/b>\u00a0: 13,50 \u20ac<\/span><\/span><\/p>\n<p>&nbsp;<\/p>\n<\/div>\n<\/div><\/div><\/div><div id=\"pgc-747-9-1\"  class=\"panel-grid-cell panel-grid-cell-empty\" ><\/div><\/div><div id=\"pg-747-10\"  class=\"panel-grid panel-no-style\" ><div id=\"pgc-747-10-0\"  class=\"panel-grid-cell panel-grid-cell-mobile-last\" ><div id=\"panel-747-10-0-0\" class=\"so-panel widget widget_sow-editor panel-first-child panel-last-child widgetopts-SO\" data-index=\"12\" ><div\n\t\t\t\n\t\t\tclass=\"so-widget-sow-editor so-widget-sow-editor-base\"\n\t\t\t\n\t\t>\n<div class=\"siteorigin-widget-tinymce textwidget\">\n\t<h3><strong>ASSOCIATION DES ANCIENS COMBATTANTS<\/strong><\/h3>\n<p>M. DUPIN Pascal<\/p>\n<\/div>\n<\/div><\/div><\/div><div id=\"pgc-747-10-1\"  class=\"panel-grid-cell panel-grid-cell-empty\" ><\/div><\/div><div id=\"pg-747-11\"  class=\"panel-grid panel-no-style\" ><div id=\"pgc-747-11-0\"  class=\"panel-grid-cell panel-grid-cell-mobile-last\" ><div id=\"panel-747-11-0-0\" class=\"so-panel widget widget_sow-editor panel-first-child panel-last-child widgetopts-SO\" data-index=\"13\" ><div\n\t\t\t\n\t\t\tclass=\"so-widget-sow-editor so-widget-sow-editor-base\"\n\t\t\t\n\t\t>\n<div class=\"siteorigin-widget-tinymce textwidget\">\n\t<h3><strong>COMITE DES FETES<\/strong><\/h3>\n<p>Mme BODIER-LEPLET Marie Claire<br \/>\n<a href=\"mailto:marie-claire.bodier@laposte.fr\" target=\"_blank\" rel=\"noopener\">marie-claire.bodier@laposte.fr<\/a><\/p>\n<\/div>\n<\/div><\/div><\/div><div id=\"pgc-747-11-1\"  class=\"panel-grid-cell panel-grid-cell-empty\" ><\/div><\/div><div id=\"pg-747-12\"  class=\"panel-grid panel-no-style\" ><div id=\"pgc-747-12-0\"  class=\"panel-grid-cell panel-grid-cell-mobile-last\" ><div id=\"panel-747-12-0-0\" class=\"so-panel widget widget_sow-editor panel-first-child panel-last-child widgetopts-SO\" data-index=\"14\" ><div\n\t\t\t\n\t\t\tclass=\"so-widget-sow-editor so-widget-sow-editor-base\"\n\t\t\t\n\t\t>\n<div class=\"siteorigin-widget-tinymce textwidget\">\n\t<h3><strong>COMICE ARC\u00c9EN 2019<\/strong><\/h3>\n<p>M. LOYAU \u00c9ric<br \/>\nT\u00e9l. 02 43 79 39 97<br \/>\n<a href=\"mailto:comicearceen2019@gmail.com\" target=\"_blank\" rel=\"noopener\">comicearceen2019@gmail.com<\/a><\/p>\n<\/div>\n<\/div><\/div><\/div><div id=\"pgc-747-12-1\"  class=\"panel-grid-cell panel-grid-cell-empty\" ><\/div><\/div><div id=\"pg-747-13\"  class=\"panel-grid panel-no-style\" ><div id=\"pgc-747-13-0\"  class=\"panel-grid-cell panel-grid-cell-mobile-last\" ><div id=\"panel-747-13-0-0\" class=\"so-panel widget widget_sow-editor panel-first-child panel-last-child widgetopts-SO\" data-index=\"15\" ><div\n\t\t\t\n\t\t\tclass=\"so-widget-sow-editor so-widget-sow-editor-base\"\n\t\t\t\n\t\t>\n<div class=\"siteorigin-widget-tinymce textwidget\">\n\t<h3><strong>LES AMIS DU SIVOS DE LA FARE<\/strong><\/h3>\n<p>MME CHAPIN Graziella<\/p>\n<\/div>\n<\/div><\/div><\/div><div id=\"pgc-747-13-1\"  class=\"panel-grid-cell panel-grid-cell-empty\" ><\/div><\/div><\/div>","protected":false},"excerpt":{"rendered":"<p>Associations Voici la liste de toutes les associations qui officient au sein de la commune\u00a0 (Sportives, Culturelles, Patriotique, Environnementales, S\u00e9niors,\u00a0 Musicales). A l&rsquo;attention des Pr\u00e9sidents des associations: Si vous souhaitez une page d&rsquo;information d\u00e9di\u00e9e, dans cette rubrique, fa\u00eetes-nous parvenir au secr\u00e9tariat de Mairie votre texte, pr\u00e9sentation, activit\u00e9, etc.. , et 4 photos maximum. J S&#8230;<\/p>\n<div class=\"read-more\"><a href=\"https:\/\/saintgermaindarce.com\/sg\/toutes-les-associations\/\">Lire la suite<\/a><\/div>\n","protected":false},"author":1,"featured_media":0,"parent":0,"menu_order":0,"comment_status":"closed","ping_status":"closed","template":"","meta":{"footnotes":""},"class_list":["post-747","page","type-page","status-publish","hentry"],"yoast_head":"<!-- This site is optimized with the Yoast SEO plugin v27.3 - https:\/\/yoast.com\/product\/yoast-seo-wordpress\/ -->\n<title>Toutes les Associations - Mairie de Saint Germain d&#039;Arc\u00e9<\/title>\n<meta name=\"robots\" content=\"index, follow, max-snippet:-1, max-image-preview:large, max-video-preview:-1\" \/>\n<link rel=\"canonical\" href=\"https:\/\/saintgermaindarce.com\/sg\/toutes-les-associations\/\" \/>\n<meta name=\"twitter:card\" content=\"summary_large_image\" \/>\n<meta name=\"twitter:title\" content=\"Toutes les Associations - Mairie de Saint Germain d&#039;Arc\u00e9\" \/>\n<meta name=\"twitter:description\" content=\"Associations Voici la liste de toutes les associations qui officient au sein de la commune\u00a0 (Sportives, Culturelles, Patriotique, Environnementales, S\u00e9niors,\u00a0 Musicales). A l&#039;attention des Pr\u00e9sidents des associations: Si vous souhaitez une page d&#039;information d\u00e9di\u00e9e, dans cette rubrique, fa\u00eetes-nous parvenir au secr\u00e9tariat de Mairie votre texte, pr\u00e9sentation, activit\u00e9, etc.. , et 4 photos maximum. J S...Lire la suite\" \/>\n<meta name=\"twitter:label1\" content=\"Dur\u00e9e de lecture estim\u00e9e\" \/>\n\t<meta name=\"twitter:data1\" content=\"2 minutes\" \/>\n<script type=\"application\/ld+json\" class=\"yoast-schema-graph\">{\"@context\":\"https:\\\/\\\/schema.org\",\"@graph\":[{\"@type\":\"WebPage\",\"@id\":\"https:\\\/\\\/saintgermaindarce.com\\\/sg\\\/toutes-les-associations\\\/\",\"url\":\"https:\\\/\\\/saintgermaindarce.com\\\/sg\\\/toutes-les-associations\\\/\",\"name\":\"Toutes les Associations - Mairie de Saint Germain d&#039;Arc\u00e9\",\"isPartOf\":{\"@id\":\"https:\\\/\\\/saintgermaindarce.com\\\/sg\\\/#website\"},\"datePublished\":\"2018-06-28T13:41:52+00:00\",\"dateModified\":\"2024-03-23T10:11:52+00:00\",\"breadcrumb\":{\"@id\":\"https:\\\/\\\/saintgermaindarce.com\\\/sg\\\/toutes-les-associations\\\/#breadcrumb\"},\"inLanguage\":\"fr-FR\",\"potentialAction\":[{\"@type\":\"ReadAction\",\"target\":[\"https:\\\/\\\/saintgermaindarce.com\\\/sg\\\/toutes-les-associations\\\/\"]}]},{\"@type\":\"BreadcrumbList\",\"@id\":\"https:\\\/\\\/saintgermaindarce.com\\\/sg\\\/toutes-les-associations\\\/#breadcrumb\",\"itemListElement\":[{\"@type\":\"ListItem\",\"position\":1,\"name\":\"Accueil\",\"item\":\"https:\\\/\\\/saintgermaindarce.com\\\/sg\\\/\"},{\"@type\":\"ListItem\",\"position\":2,\"name\":\"Toutes les Associations\"}]},{\"@type\":\"WebSite\",\"@id\":\"https:\\\/\\\/saintgermaindarce.com\\\/sg\\\/#website\",\"url\":\"https:\\\/\\\/saintgermaindarce.com\\\/sg\\\/\",\"name\":\"Mairie de Saint Germain d'Arc\u00e9\",\"description\":\"\",\"publisher\":{\"@id\":\"https:\\\/\\\/saintgermaindarce.com\\\/sg\\\/#\\\/schema\\\/person\\\/93511b19cadd37cf2a6e92b3df7f79ec\"},\"potentialAction\":[{\"@type\":\"SearchAction\",\"target\":{\"@type\":\"EntryPoint\",\"urlTemplate\":\"https:\\\/\\\/saintgermaindarce.com\\\/sg\\\/?s={search_term_string}\"},\"query-input\":{\"@type\":\"PropertyValueSpecification\",\"valueRequired\":true,\"valueName\":\"search_term_string\"}}],\"inLanguage\":\"fr-FR\"},{\"@type\":[\"Person\",\"Organization\"],\"@id\":\"https:\\\/\\\/saintgermaindarce.com\\\/sg\\\/#\\\/schema\\\/person\\\/93511b19cadd37cf2a6e92b3df7f79ec\",\"name\":\"secretariat Mairie\",\"image\":{\"@type\":\"ImageObject\",\"inLanguage\":\"fr-FR\",\"@id\":\"https:\\\/\\\/secure.gravatar.com\\\/avatar\\\/f767471be6375bc48c47e01a87935108ce923ff3609476b1fd7fe905f23de8aa?s=96&d=mm&r=g\",\"url\":\"https:\\\/\\\/secure.gravatar.com\\\/avatar\\\/f767471be6375bc48c47e01a87935108ce923ff3609476b1fd7fe905f23de8aa?s=96&d=mm&r=g\",\"contentUrl\":\"https:\\\/\\\/secure.gravatar.com\\\/avatar\\\/f767471be6375bc48c47e01a87935108ce923ff3609476b1fd7fe905f23de8aa?s=96&d=mm&r=g\",\"caption\":\"secretariat Mairie\"},\"logo\":{\"@id\":\"https:\\\/\\\/secure.gravatar.com\\\/avatar\\\/f767471be6375bc48c47e01a87935108ce923ff3609476b1fd7fe905f23de8aa?s=96&d=mm&r=g\"}}]}<\/script>\n<!-- \/ Yoast SEO plugin. -->","yoast_head_json":{"title":"Toutes les Associations - Mairie de Saint Germain d&#039;Arc\u00e9","robots":{"index":"index","follow":"follow","max-snippet":"max-snippet:-1","max-image-preview":"max-image-preview:large","max-video-preview":"max-video-preview:-1"},"canonical":"https:\/\/saintgermaindarce.com\/sg\/toutes-les-associations\/","twitter_card":"summary_large_image","twitter_title":"Toutes les Associations - Mairie de Saint Germain d&#039;Arc\u00e9","twitter_description":"Associations Voici la liste de toutes les associations qui officient au sein de la commune\u00a0 (Sportives, Culturelles, Patriotique, Environnementales, S\u00e9niors,\u00a0 Musicales). A l'attention des Pr\u00e9sidents des associations: Si vous souhaitez une page d'information d\u00e9di\u00e9e, dans cette rubrique, fa\u00eetes-nous parvenir au secr\u00e9tariat de Mairie votre texte, pr\u00e9sentation, activit\u00e9, etc.. , et 4 photos maximum. J S...Lire la suite","twitter_misc":{"Dur\u00e9e de lecture estim\u00e9e":"2 minutes"},"schema":{"@context":"https:\/\/schema.org","@graph":[{"@type":"WebPage","@id":"https:\/\/saintgermaindarce.com\/sg\/toutes-les-associations\/","url":"https:\/\/saintgermaindarce.com\/sg\/toutes-les-associations\/","name":"Toutes les Associations - Mairie de Saint Germain d&#039;Arc\u00e9","isPartOf":{"@id":"https:\/\/saintgermaindarce.com\/sg\/#website"},"datePublished":"2018-06-28T13:41:52+00:00","dateModified":"2024-03-23T10:11:52+00:00","breadcrumb":{"@id":"https:\/\/saintgermaindarce.com\/sg\/toutes-les-associations\/#breadcrumb"},"inLanguage":"fr-FR","potentialAction":[{"@type":"ReadAction","target":["https:\/\/saintgermaindarce.com\/sg\/toutes-les-associations\/"]}]},{"@type":"BreadcrumbList","@id":"https:\/\/saintgermaindarce.com\/sg\/toutes-les-associations\/#breadcrumb","itemListElement":[{"@type":"ListItem","position":1,"name":"Accueil","item":"https:\/\/saintgermaindarce.com\/sg\/"},{"@type":"ListItem","position":2,"name":"Toutes les Associations"}]},{"@type":"WebSite","@id":"https:\/\/saintgermaindarce.com\/sg\/#website","url":"https:\/\/saintgermaindarce.com\/sg\/","name":"Mairie de Saint Germain d'Arc\u00e9","description":"","publisher":{"@id":"https:\/\/saintgermaindarce.com\/sg\/#\/schema\/person\/93511b19cadd37cf2a6e92b3df7f79ec"},"potentialAction":[{"@type":"SearchAction","target":{"@type":"EntryPoint","urlTemplate":"https:\/\/saintgermaindarce.com\/sg\/?s={search_term_string}"},"query-input":{"@type":"PropertyValueSpecification","valueRequired":true,"valueName":"search_term_string"}}],"inLanguage":"fr-FR"},{"@type":["Person","Organization"],"@id":"https:\/\/saintgermaindarce.com\/sg\/#\/schema\/person\/93511b19cadd37cf2a6e92b3df7f79ec","name":"secretariat Mairie","image":{"@type":"ImageObject","inLanguage":"fr-FR","@id":"https:\/\/secure.gravatar.com\/avatar\/f767471be6375bc48c47e01a87935108ce923ff3609476b1fd7fe905f23de8aa?s=96&d=mm&r=g","url":"https:\/\/secure.gravatar.com\/avatar\/f767471be6375bc48c47e01a87935108ce923ff3609476b1fd7fe905f23de8aa?s=96&d=mm&r=g","contentUrl":"https:\/\/secure.gravatar.com\/avatar\/f767471be6375bc48c47e01a87935108ce923ff3609476b1fd7fe905f23de8aa?s=96&d=mm&r=g","caption":"secretariat Mairie"},"logo":{"@id":"https:\/\/secure.gravatar.com\/avatar\/f767471be6375bc48c47e01a87935108ce923ff3609476b1fd7fe905f23de8aa?s=96&d=mm&r=g"}}]}},"_links":{"self":[{"href":"https:\/\/saintgermaindarce.com\/sg\/wp-json\/wp\/v2\/pages\/747","targetHints":{"allow":["GET"]}}],"collection":[{"href":"https:\/\/saintgermaindarce.com\/sg\/wp-json\/wp\/v2\/pages"}],"about":[{"href":"https:\/\/saintgermaindarce.com\/sg\/wp-json\/wp\/v2\/types\/page"}],"author":[{"embeddable":true,"href":"https:\/\/saintgermaindarce.com\/sg\/wp-json\/wp\/v2\/users\/1"}],"replies":[{"embeddable":true,"href":"https:\/\/saintgermaindarce.com\/sg\/wp-json\/wp\/v2\/comments?post=747"}],"version-history":[{"count":0,"href":"https:\/\/saintgermaindarce.com\/sg\/wp-json\/wp\/v2\/pages\/747\/revisions"}],"wp:attachment":[{"href":"https:\/\/saintgermaindarce.com\/sg\/wp-json\/wp\/v2\/media?parent=747"}],"curies":[{"name":"wp","href":"https:\/\/api.w.org\/{rel}","templated":true}]}}