{"id":705,"date":"2018-06-28T07:46:16","date_gmt":"2018-06-28T05:46:16","guid":{"rendered":"https:\/\/saintgermaindarce.com\/sg\/?page_id=705"},"modified":"2018-07-09T03:01:46","modified_gmt":"2018-07-09T01:01:46","slug":"amicale-sapeurs-pompiers","status":"publish","type":"page","link":"https:\/\/saintgermaindarce.com\/sg\/amicale-sapeurs-pompiers\/","title":{"rendered":"Amicale des sapeurs pompiers"},"content":{"rendered":"<div id=\"pl-705\"  class=\"panel-layout\" ><div id=\"pg-705-0\"  class=\"panel-grid panel-no-style\" ><div id=\"pgc-705-0-0\"  class=\"panel-grid-cell\" ><div id=\"panel-705-0-0-0\" class=\"so-panel widget widget_sow-editor panel-first-child panel-last-child widgetopts-SO\" data-index=\"0\" ><div\n\t\t\t\n\t\t\tclass=\"so-widget-sow-editor so-widget-sow-editor-base\"\n\t\t\t\n\t\t>\n<div class=\"siteorigin-widget-tinymce textwidget\">\n\t<\/div>\n<\/div><\/div><\/div><\/div><div id=\"pg-705-1\"  class=\"panel-grid panel-no-style\" ><div id=\"pgc-705-1-0\"  class=\"panel-grid-cell\" ><div id=\"panel-705-1-0-0\" class=\"so-panel widget widget_sow-editor panel-first-child panel-last-child widgetopts-SO\" data-index=\"1\" ><div\n\t\t\t\n\t\t\tclass=\"so-widget-sow-editor so-widget-sow-editor-base\"\n\t\t\t\n\t\t>\n<div class=\"siteorigin-widget-tinymce textwidget\">\n\t<div id=\"pg-360-1\" class=\"panel-grid\">\n<div id=\"pgc-360-1-0\" class=\"panel-grid-cell\">\n<div id=\"panel-360-1-0-0\" class=\"so-panel widget widget_black-studio-tinymce widget_black_studio_tinymce panel-first-child panel-last-child\" data-index=\"1\">\n<div class=\"textwidget\">\n<h3><strong><span class=\"h3Titre2\">AMICALE DES SAPEURS POMPIERS DE CHENU - SAINT GERMAIN D ARCE<\/span><\/strong><\/h3>\n<p>S\u00c9CURIT\u00c9, PROTECTION CIVILE<\/p>\n<h3><strong>Pr\u00e9sentation<\/strong><\/h3>\n<p>Resserrer les liens de confraternit\u00e9 entre les sapeurs-pompiers et toutes personnes qui participent \u00e0 la vie de l\u2019amicale, d\u00e9fendre les int\u00e9r\u00eats moraux, r\u00e9compenser les sapeurs-pompiers actifs, r\u00e9compenser les conjoints ou conjointes (ou personnes vivants maritalement) des sapeurs pompiers, venir en aide \u00e0 des membres et \u00e0 leur famille, notamment en cas d\u2019accident en service command\u00e9 ou en circonstances particuli\u00e8res.<\/p>\n<p><strong>Contacter le Responsable de l'Association:<br \/>\n<\/strong><\/p>\n<p><strong>Mme MARTINEZ Sandra<\/strong><\/p>\n<p>T\u00e9l. 02 43 79 39 97<\/p>\n<p><a href=\"mailto:sandram72@hotmail.fr\" target=\"_blank\" rel=\"noopener\">sandram72@hotmail.fr<\/a><\/p>\n<p>Calendrier des manifestations a venir ou r\u00e9guli\u00e8re, etc..<\/p>\n<\/div>\n<\/div>\n<\/div>\n<\/div><div id=\"pg-360-2\" class=\"panel-grid\">\n<div id=\"pgc-360-2-0\" class=\"panel-grid-cell\">\n<div id=\"panel-360-2-0-0\" class=\"so-panel widget widget_black-studio-tinymce widget_black_studio_tinymce panel-first-child panel-last-child\" data-index=\"2\">\n<div class=\"textwidget\">\n<h3><em><u>Photos <\/u><\/em>: a faire parvenir au Secr\u00e9tariat de Mairie<\/h3>\n<p>&nbsp;<\/p>\n<\/div>\n<\/div>\n<\/div>\n<\/div>\n<\/div>\n<\/div><\/div><\/div><\/div><\/div>","protected":false},"excerpt":{"rendered":"<p>AMICALE DES SAPEURS POMPIERS DE CHENU &#8211; SAINT GERMAIN D ARCE S\u00c9CURIT\u00c9, PROTECTION CIVILE Pr\u00e9sentation Resserrer les liens de confraternit\u00e9 entre les sapeurs-pompiers et toutes personnes qui participent \u00e0 la vie de l\u2019amicale, d\u00e9fendre les int\u00e9r\u00eats moraux, r\u00e9compenser les sapeurs-pompiers actifs, r\u00e9compenser les conjoints ou conjointes (ou personnes vivants maritalement) des sapeurs pompiers, venir en&#8230;<\/p>\n<div class=\"read-more\"><a href=\"https:\/\/saintgermaindarce.com\/sg\/amicale-sapeurs-pompiers\/\">Lire la suite<\/a><\/div>\n","protected":false},"author":1,"featured_media":0,"parent":0,"menu_order":0,"comment_status":"closed","ping_status":"closed","template":"","meta":{"footnotes":""},"class_list":["post-705","page","type-page","status-publish","hentry"],"yoast_head":"<!-- This site is optimized with the Yoast SEO plugin v27.5 - https:\/\/yoast.com\/product\/yoast-seo-wordpress\/ -->\n<title>Amicale des sapeurs pompiers - Mairie de Saint Germain d&#039;Arc\u00e9<\/title>\n<meta name=\"robots\" content=\"index, follow, max-snippet:-1, max-image-preview:large, max-video-preview:-1\" \/>\n<link rel=\"canonical\" href=\"https:\/\/saintgermaindarce.com\/sg\/amicale-sapeurs-pompiers\/\" \/>\n<meta name=\"twitter:card\" content=\"summary_large_image\" \/>\n<meta name=\"twitter:title\" content=\"Amicale des sapeurs pompiers - Mairie de Saint Germain d&#039;Arc\u00e9\" \/>\n<meta name=\"twitter:description\" content=\"AMICALE DES SAPEURS POMPIERS DE CHENU - SAINT GERMAIN D ARCE S\u00c9CURIT\u00c9, PROTECTION CIVILE Pr\u00e9sentation Resserrer les liens de confraternit\u00e9 entre les sapeurs-pompiers et toutes personnes qui participent \u00e0 la vie de l\u2019amicale, d\u00e9fendre les int\u00e9r\u00eats moraux, r\u00e9compenser les sapeurs-pompiers actifs, r\u00e9compenser les conjoints ou conjointes (ou personnes vivants maritalement) des sapeurs pompiers, venir en...Lire la suite\" \/>\n<meta name=\"twitter:label1\" content=\"Dur\u00e9e de lecture estim\u00e9e\" \/>\n\t<meta name=\"twitter:data1\" content=\"1 minute\" \/>\n<script type=\"application\/ld+json\" class=\"yoast-schema-graph\">{\"@context\":\"https:\\\/\\\/schema.org\",\"@graph\":[{\"@type\":\"WebPage\",\"@id\":\"https:\\\/\\\/saintgermaindarce.com\\\/sg\\\/amicale-sapeurs-pompiers\\\/\",\"url\":\"https:\\\/\\\/saintgermaindarce.com\\\/sg\\\/amicale-sapeurs-pompiers\\\/\",\"name\":\"Amicale des sapeurs pompiers - Mairie de Saint Germain d&#039;Arc\u00e9\",\"isPartOf\":{\"@id\":\"https:\\\/\\\/saintgermaindarce.com\\\/sg\\\/#website\"},\"datePublished\":\"2018-06-28T05:46:16+00:00\",\"dateModified\":\"2018-07-09T01:01:46+00:00\",\"breadcrumb\":{\"@id\":\"https:\\\/\\\/saintgermaindarce.com\\\/sg\\\/amicale-sapeurs-pompiers\\\/#breadcrumb\"},\"inLanguage\":\"fr-FR\",\"potentialAction\":[{\"@type\":\"ReadAction\",\"target\":[\"https:\\\/\\\/saintgermaindarce.com\\\/sg\\\/amicale-sapeurs-pompiers\\\/\"]}]},{\"@type\":\"BreadcrumbList\",\"@id\":\"https:\\\/\\\/saintgermaindarce.com\\\/sg\\\/amicale-sapeurs-pompiers\\\/#breadcrumb\",\"itemListElement\":[{\"@type\":\"ListItem\",\"position\":1,\"name\":\"Accueil\",\"item\":\"https:\\\/\\\/saintgermaindarce.com\\\/sg\\\/\"},{\"@type\":\"ListItem\",\"position\":2,\"name\":\"Amicale des sapeurs pompiers\"}]},{\"@type\":\"WebSite\",\"@id\":\"https:\\\/\\\/saintgermaindarce.com\\\/sg\\\/#website\",\"url\":\"https:\\\/\\\/saintgermaindarce.com\\\/sg\\\/\",\"name\":\"Mairie de Saint Germain d'Arc\u00e9\",\"description\":\"\",\"publisher\":{\"@id\":\"https:\\\/\\\/saintgermaindarce.com\\\/sg\\\/#\\\/schema\\\/person\\\/93511b19cadd37cf2a6e92b3df7f79ec\"},\"potentialAction\":[{\"@type\":\"SearchAction\",\"target\":{\"@type\":\"EntryPoint\",\"urlTemplate\":\"https:\\\/\\\/saintgermaindarce.com\\\/sg\\\/?s={search_term_string}\"},\"query-input\":{\"@type\":\"PropertyValueSpecification\",\"valueRequired\":true,\"valueName\":\"search_term_string\"}}],\"inLanguage\":\"fr-FR\"},{\"@type\":[\"Person\",\"Organization\"],\"@id\":\"https:\\\/\\\/saintgermaindarce.com\\\/sg\\\/#\\\/schema\\\/person\\\/93511b19cadd37cf2a6e92b3df7f79ec\",\"name\":\"secretariat Mairie\",\"image\":{\"@type\":\"ImageObject\",\"inLanguage\":\"fr-FR\",\"@id\":\"https:\\\/\\\/secure.gravatar.com\\\/avatar\\\/f767471be6375bc48c47e01a87935108ce923ff3609476b1fd7fe905f23de8aa?s=96&d=mm&r=g\",\"url\":\"https:\\\/\\\/secure.gravatar.com\\\/avatar\\\/f767471be6375bc48c47e01a87935108ce923ff3609476b1fd7fe905f23de8aa?s=96&d=mm&r=g\",\"contentUrl\":\"https:\\\/\\\/secure.gravatar.com\\\/avatar\\\/f767471be6375bc48c47e01a87935108ce923ff3609476b1fd7fe905f23de8aa?s=96&d=mm&r=g\",\"caption\":\"secretariat Mairie\"},\"logo\":{\"@id\":\"https:\\\/\\\/secure.gravatar.com\\\/avatar\\\/f767471be6375bc48c47e01a87935108ce923ff3609476b1fd7fe905f23de8aa?s=96&d=mm&r=g\"}}]}<\/script>\n<!-- \/ Yoast SEO plugin. -->","yoast_head_json":{"title":"Amicale des sapeurs pompiers - Mairie de Saint Germain d&#039;Arc\u00e9","robots":{"index":"index","follow":"follow","max-snippet":"max-snippet:-1","max-image-preview":"max-image-preview:large","max-video-preview":"max-video-preview:-1"},"canonical":"https:\/\/saintgermaindarce.com\/sg\/amicale-sapeurs-pompiers\/","twitter_card":"summary_large_image","twitter_title":"Amicale des sapeurs pompiers - Mairie de Saint Germain d&#039;Arc\u00e9","twitter_description":"AMICALE DES SAPEURS POMPIERS DE CHENU - SAINT GERMAIN D ARCE S\u00c9CURIT\u00c9, PROTECTION CIVILE Pr\u00e9sentation Resserrer les liens de confraternit\u00e9 entre les sapeurs-pompiers et toutes personnes qui participent \u00e0 la vie de l\u2019amicale, d\u00e9fendre les int\u00e9r\u00eats moraux, r\u00e9compenser les sapeurs-pompiers actifs, r\u00e9compenser les conjoints ou conjointes (ou personnes vivants maritalement) des sapeurs pompiers, venir en...Lire la suite","twitter_misc":{"Dur\u00e9e de lecture estim\u00e9e":"1 minute"},"schema":{"@context":"https:\/\/schema.org","@graph":[{"@type":"WebPage","@id":"https:\/\/saintgermaindarce.com\/sg\/amicale-sapeurs-pompiers\/","url":"https:\/\/saintgermaindarce.com\/sg\/amicale-sapeurs-pompiers\/","name":"Amicale des sapeurs pompiers - Mairie de Saint Germain d&#039;Arc\u00e9","isPartOf":{"@id":"https:\/\/saintgermaindarce.com\/sg\/#website"},"datePublished":"2018-06-28T05:46:16+00:00","dateModified":"2018-07-09T01:01:46+00:00","breadcrumb":{"@id":"https:\/\/saintgermaindarce.com\/sg\/amicale-sapeurs-pompiers\/#breadcrumb"},"inLanguage":"fr-FR","potentialAction":[{"@type":"ReadAction","target":["https:\/\/saintgermaindarce.com\/sg\/amicale-sapeurs-pompiers\/"]}]},{"@type":"BreadcrumbList","@id":"https:\/\/saintgermaindarce.com\/sg\/amicale-sapeurs-pompiers\/#breadcrumb","itemListElement":[{"@type":"ListItem","position":1,"name":"Accueil","item":"https:\/\/saintgermaindarce.com\/sg\/"},{"@type":"ListItem","position":2,"name":"Amicale des sapeurs pompiers"}]},{"@type":"WebSite","@id":"https:\/\/saintgermaindarce.com\/sg\/#website","url":"https:\/\/saintgermaindarce.com\/sg\/","name":"Mairie de Saint Germain d'Arc\u00e9","description":"","publisher":{"@id":"https:\/\/saintgermaindarce.com\/sg\/#\/schema\/person\/93511b19cadd37cf2a6e92b3df7f79ec"},"potentialAction":[{"@type":"SearchAction","target":{"@type":"EntryPoint","urlTemplate":"https:\/\/saintgermaindarce.com\/sg\/?s={search_term_string}"},"query-input":{"@type":"PropertyValueSpecification","valueRequired":true,"valueName":"search_term_string"}}],"inLanguage":"fr-FR"},{"@type":["Person","Organization"],"@id":"https:\/\/saintgermaindarce.com\/sg\/#\/schema\/person\/93511b19cadd37cf2a6e92b3df7f79ec","name":"secretariat Mairie","image":{"@type":"ImageObject","inLanguage":"fr-FR","@id":"https:\/\/secure.gravatar.com\/avatar\/f767471be6375bc48c47e01a87935108ce923ff3609476b1fd7fe905f23de8aa?s=96&d=mm&r=g","url":"https:\/\/secure.gravatar.com\/avatar\/f767471be6375bc48c47e01a87935108ce923ff3609476b1fd7fe905f23de8aa?s=96&d=mm&r=g","contentUrl":"https:\/\/secure.gravatar.com\/avatar\/f767471be6375bc48c47e01a87935108ce923ff3609476b1fd7fe905f23de8aa?s=96&d=mm&r=g","caption":"secretariat Mairie"},"logo":{"@id":"https:\/\/secure.gravatar.com\/avatar\/f767471be6375bc48c47e01a87935108ce923ff3609476b1fd7fe905f23de8aa?s=96&d=mm&r=g"}}]}},"_links":{"self":[{"href":"https:\/\/saintgermaindarce.com\/sg\/wp-json\/wp\/v2\/pages\/705","targetHints":{"allow":["GET"]}}],"collection":[{"href":"https:\/\/saintgermaindarce.com\/sg\/wp-json\/wp\/v2\/pages"}],"about":[{"href":"https:\/\/saintgermaindarce.com\/sg\/wp-json\/wp\/v2\/types\/page"}],"author":[{"embeddable":true,"href":"https:\/\/saintgermaindarce.com\/sg\/wp-json\/wp\/v2\/users\/1"}],"replies":[{"embeddable":true,"href":"https:\/\/saintgermaindarce.com\/sg\/wp-json\/wp\/v2\/comments?post=705"}],"version-history":[{"count":0,"href":"https:\/\/saintgermaindarce.com\/sg\/wp-json\/wp\/v2\/pages\/705\/revisions"}],"wp:attachment":[{"href":"https:\/\/saintgermaindarce.com\/sg\/wp-json\/wp\/v2\/media?parent=705"}],"curies":[{"name":"wp","href":"https:\/\/api.w.org\/{rel}","templated":true}]}}