{"id":692,"date":"2018-06-28T07:33:59","date_gmt":"2018-06-28T05:33:59","guid":{"rendered":"https:\/\/saintgermaindarce.com\/sg\/?page_id=692"},"modified":"2024-02-13T19:30:18","modified_gmt":"2024-02-13T18:30:18","slug":"vie-scolaire","status":"publish","type":"page","link":"https:\/\/saintgermaindarce.com\/sg\/vie-scolaire\/","title":{"rendered":"Vie Scolaire"},"content":{"rendered":"<div id=\"pl-692\"  class=\"panel-layout\" ><div id=\"pg-692-0\"  class=\"panel-grid panel-no-style\" ><div id=\"pgc-692-0-0\"  class=\"panel-grid-cell\" ><div id=\"panel-692-0-0-0\" class=\"so-panel widget widget_sow-editor panel-first-child panel-last-child widgetopts-SO\" data-index=\"0\" ><div\n\t\t\t\n\t\t\tclass=\"so-widget-sow-editor so-widget-sow-editor-base\"\n\t\t\t\n\t\t>\n<div class=\"siteorigin-widget-tinymce textwidget\">\n\t<\/div>\n<\/div><\/div><\/div><\/div><div id=\"pg-692-1\"  class=\"panel-grid panel-no-style\" ><div id=\"pgc-692-1-0\"  class=\"panel-grid-cell\" ><div id=\"panel-692-1-0-0\" class=\"so-panel widget widget_sow-editor panel-first-child panel-last-child widgetopts-SO\" data-index=\"1\" ><div\n\t\t\t\n\t\t\tclass=\"so-widget-sow-editor so-widget-sow-editor-base\"\n\t\t\t\n\t\t><h3 class=\"widget-title\">Le parlement expliqu\u00e9 aux enfants du SIVOS de La Fare<\/h3>\n<div class=\"siteorigin-widget-tinymce textwidget\">\n\t<div id=\"pg-360-1\" class=\"panel-grid\">\n<div id=\"pgc-360-1-0\" class=\"panel-grid-cell\">\n<div id=\"panel-360-1-0-0\" class=\"so-panel widget widget_black-studio-tinymce widget_black_studio_tinymce panel-first-child panel-last-child\" data-index=\"1\">\n<div class=\"textwidget\">\n<h3>Manon, la professeure des \u00e9coles, en poste \u00e0 l'\u00e9cole de Saint Germain d'Arc\u00e9 a r\u00e9alis\u00e9 une vid\u00e9o pour expliquer le parlement aux enfants. L'\u00e9cole \u00e9tait aussi pr\u00e9sente aux voeux d'Eric Martineau pour y chanter \"La Marseillaise\".<\/h3>\n<\/div>\n<\/div>\n<\/div>\n<\/div>\n<\/div>\n<\/div><\/div><\/div><div id=\"pgc-692-1-1\"  class=\"panel-grid-cell\" ><div id=\"panel-692-1-1-0\" class=\"so-panel widget widget_sow-image panel-first-child panel-last-child widgetopts-SO\" data-index=\"2\" ><div\n\t\t\t\n\t\t\tclass=\"so-widget-sow-image so-widget-sow-image-default-8b5b6f678277-692\"\n\t\t\t\n\t\t>\n<div class=\"sow-image-container\">\n\t\t<img \n\tsrc=\"https:\/\/saintgermaindarce.com\/sg\/wp-content\/uploads\/2024\/02\/IMG_20231218_175150.jpg\" width=\"1600\" height=\"1200\" srcset=\"https:\/\/saintgermaindarce.com\/sg\/wp-content\/uploads\/2024\/02\/IMG_20231218_175150.jpg 1600w, https:\/\/saintgermaindarce.com\/sg\/wp-content\/uploads\/2024\/02\/IMG_20231218_175150-300x225.jpg 300w, https:\/\/saintgermaindarce.com\/sg\/wp-content\/uploads\/2024\/02\/IMG_20231218_175150-1024x768.jpg 1024w, https:\/\/saintgermaindarce.com\/sg\/wp-content\/uploads\/2024\/02\/IMG_20231218_175150-768x576.jpg 768w, https:\/\/saintgermaindarce.com\/sg\/wp-content\/uploads\/2024\/02\/IMG_20231218_175150-1536x1152.jpg 1536w\" sizes=\"(max-width: 1600px) 100vw, 1600px\" alt=\"Photo\" \t\tclass=\"so-widget-image\"\/>\n\t<\/div>\n\n<\/div><\/div><\/div><div id=\"pgc-692-1-2\"  class=\"panel-grid-cell\" ><div id=\"panel-692-1-2-0\" class=\"so-panel widget widget_sow-editor panel-first-child panel-last-child widgetopts-SO\" data-index=\"3\" ><div\n\t\t\t\n\t\t\tclass=\"so-widget-sow-editor so-widget-sow-editor-base\"\n\t\t\t\n\t\t><h3 class=\"widget-title\">La vid\u00e9o<\/h3>\n<div class=\"siteorigin-widget-tinymce textwidget\">\n\t<p>La vid\u00e9o<\/p>\n<p><a href=\"http:\/\/VID-20240131-WA0000.mp4\">VID-20240131-WA0000.mp4<\/a><\/p>\n<\/div>\n<\/div><\/div><\/div><\/div><div id=\"pg-692-2\"  class=\"panel-grid panel-no-style\" ><div id=\"pgc-692-2-0\"  class=\"panel-grid-cell panel-grid-cell-empty\" ><\/div><div id=\"pgc-692-2-1\"  class=\"panel-grid-cell panel-grid-cell-empty\" ><\/div><div id=\"pgc-692-2-2\"  class=\"panel-grid-cell\" ><div id=\"panel-692-2-2-0\" class=\"so-panel widget widget_sow-image panel-first-child panel-last-child widgetopts-SO\" data-index=\"4\" ><div\n\t\t\t\n\t\t\tclass=\"so-widget-sow-image so-widget-sow-image-default-8b5b6f678277-692\"\n\t\t\t\n\t\t><\/div><\/div><\/div><\/div><div id=\"pg-692-3\"  class=\"panel-grid panel-no-style\" ><div id=\"pgc-692-3-0\"  class=\"panel-grid-cell\" ><div id=\"panel-692-3-0-0\" class=\"so-panel widget widget_sow-editor panel-first-child panel-last-child widgetopts-SO\" data-index=\"5\" ><div\n\t\t\t\n\t\t\tclass=\"so-widget-sow-editor so-widget-sow-editor-base\"\n\t\t\t\n\t\t>\n<div class=\"siteorigin-widget-tinymce textwidget\">\n\t<div id=\"pg-360-1\" class=\"panel-grid\">\n<div id=\"pgc-360-1-0\" class=\"panel-grid-cell\">\n<div id=\"panel-360-1-0-0\" class=\"so-panel widget widget_black-studio-tinymce widget_black_studio_tinymce panel-first-child panel-last-child\" data-index=\"1\">\n<div class=\"textwidget\">\n<h3>Chenu - St Germain, le SIVOS, une belle \u00e9cole pour les enfants.<\/h3>\n<p>Nous sommes en SIVOS\u00a0 avec l\u2019\u00e9cole de Chenu.<br \/>\nSaint Germain d\u2019Arc\u00e9 : Classes de CE1 au CM2 = 20 \u00e9l\u00e8ves<br \/>\nChenu : Classes de Maternelle et CP = 12 \u00e9l\u00e8ves.<\/p>\n<h3><strong>\u00c9cole primaire Publique<\/strong><\/h3>\n<p>4 Impasse des P\u00eacheurs<br \/>\n72800 Saint Germain d'Arc\u00e9<br \/>\n<strong>T\u00e9l. 02 43 46 03 48<\/strong><\/p>\n<\/div>\n<\/div>\n<p>Restauration scolaire : <strong>T\u00e9l. 02 43 46 04 40<\/strong><br \/>\nAcad\u00e9mie de Nantes - Zone B<\/p>\n<\/div>\n<\/div>\n<\/div>\n<\/div><\/div><\/div><div id=\"pgc-692-3-1\"  class=\"panel-grid-cell\" ><div id=\"panel-692-3-1-0\" class=\"so-panel widget widget_sow-image panel-first-child panel-last-child widgetopts-SO\" data-index=\"6\" ><div\n\t\t\t\n\t\t\tclass=\"so-widget-sow-image so-widget-sow-image-default-8b5b6f678277-692\"\n\t\t\t\n\t\t>\n<div class=\"sow-image-container\">\n\t\t<img \n\tsrc=\"https:\/\/saintgermaindarce.com\/sg\/wp-content\/uploads\/2022\/08\/bonne-rentree-e1661881640204.jpg\" width=\"200\" height=\"104\" sizes=\"(max-width: 200px) 100vw, 200px\" title=\"bonne rentr\u00e9e\" alt=\"Photo\" \t\tclass=\"so-widget-image\"\/>\n\t<\/div>\n\n<\/div><\/div><\/div><\/div><div id=\"pg-692-4\"  class=\"panel-grid panel-no-style\" ><div id=\"pgc-692-4-0\"  class=\"panel-grid-cell panel-grid-cell-mobile-last\" ><div id=\"panel-692-4-0-0\" class=\"so-panel widget widget_sow-editor panel-first-child panel-last-child widgetopts-SO\" data-index=\"7\" ><div\n\t\t\t\n\t\t\tclass=\"so-widget-sow-editor so-widget-sow-editor-base\"\n\t\t\t\n\t\t><h3 class=\"widget-title\">Rentr\u00e9e 2023<\/h3>\n<div class=\"siteorigin-widget-tinymce textwidget\">\n\t<div id=\"pg-360-1\" class=\"panel-grid\">\n<div id=\"pgc-360-1-0\" class=\"panel-grid-cell\">\n<div id=\"panel-360-1-0-0\" class=\"so-panel widget widget_black-studio-tinymce widget_black_studio_tinymce panel-first-child panel-last-child\" data-index=\"1\">\n<div class=\"textwidget\"><\/div>\n<\/div>\n<p><strong>Professeurs des \u00e9coles\u00a0:<\/strong><br \/>\nSaint Germain d'Arc\u00e9 : Mme MATHON Manon (Directrice)<br \/>\nAtsem\u00a0: Mme Pascale HERROU<\/p>\n<p>Chenu : Mme MORIN Axelle (Directrice) - classes PS, MS, GS et CP<br \/>\nAtsem : Mme Claire Gonnin<br \/>\nNo\u00e9mie<\/p>\n<div id=\"panel-360-1-0-0\" class=\"so-panel widget widget_black-studio-tinymce widget_black_studio_tinymce panel-first-child panel-last-child\" data-index=\"1\">\n<div class=\"textwidget\"><\/div>\n<\/div>\n<\/div>\n<\/div><div id=\"pg-360-2\" class=\"panel-grid\">\n<div id=\"pgc-360-2-0\" class=\"panel-grid-cell\">\n<div id=\"panel-360-2-0-0\" class=\"so-panel widget widget_black-studio-tinymce widget_black_studio_tinymce panel-first-child panel-last-child\" data-index=\"2\">\n<div class=\"textwidget\"><\/div>\n<\/div>\n<\/div>\n<\/div>\n<\/div>\n<\/div><\/div><\/div><div id=\"pgc-692-4-1\"  class=\"panel-grid-cell panel-grid-cell-empty\" ><\/div><\/div><div id=\"pg-692-5\"  class=\"panel-grid panel-no-style\" ><div id=\"pgc-692-5-0\"  class=\"panel-grid-cell panel-grid-cell-mobile-last\" ><div id=\"panel-692-5-0-0\" class=\"so-panel widget widget_sow-editor panel-first-child panel-last-child widgetopts-SO\" data-index=\"8\" ><div\n\t\t\t\n\t\t\tclass=\"so-widget-sow-editor so-widget-sow-editor-base\"\n\t\t\t\n\t\t>\n<div class=\"siteorigin-widget-tinymce textwidget\">\n\t<div id=\"pg-360-1\" class=\"panel-grid\">\n<div id=\"pgc-360-1-0\" class=\"panel-grid-cell\">\n<div id=\"panel-360-1-0-0\" class=\"so-panel widget widget_black-studio-tinymce widget_black_studio_tinymce panel-first-child panel-last-child\" data-index=\"1\">\n<div class=\"textwidget\"><\/div>\n<\/div>\n<\/div>\n<\/div><div id=\"pg-360-2\" class=\"panel-grid\">\n<div id=\"pgc-360-2-0\" class=\"panel-grid-cell\">\n<div id=\"panel-360-2-0-0\" class=\"so-panel widget widget_black-studio-tinymce widget_black_studio_tinymce panel-first-child panel-last-child\" data-index=\"2\">\n<div class=\"textwidget\">\n<h3>Activit\u00e9s et vie de l'\u00e9cole :<\/h3>\n<p>Les activit\u00e9s p\u00e9riscolaires appel\u00e9es NAP ou TAP sont gratuites et ouvertes \u00e0 tous les enfants. Il est des \u00e9coles ou les parents doivent payer ces activit\u00e9s. Mais il n'en est rien\u00a0 \u00e0 Chenu St Germain.<\/p>\n<p>Ces activit\u00e9s sont bien plus qu'une garderie am\u00e9lior\u00e9e comme parfois nous l'entendons. En effet des intervenants ext\u00e9rieurs sont venus cette ann\u00e9e afin de proposer de vraies activit\u00e9s telles que la poterie, avec le concours des parents r\u00e9unis au sein\u00a0 des \"Amis du SIVOS\". Enfin les personnes d\u00e9di\u00e9es au TAP et NAP, font faire de vraies activit\u00e9s aux enfants selon le climat et saisons,avec cr\u00e9ation de petits objets. Et nous les en remercions.<\/p>\n<p>Merci aux parents d'\u00e9l\u00e8ves qui font leur maximum, au sein de l'association \"Les Amis du SIVOS\" pr\u00e9sid\u00e9e par Mme CHAPIN Graziella.<\/p>\n<h3><\/h3>\n<\/div>\n<\/div>\n<\/div>\n<\/div>\n<\/div>\n<\/div><\/div><\/div><div id=\"pgc-692-5-1\"  class=\"panel-grid-cell panel-grid-cell-empty\" ><\/div><\/div><div id=\"pg-692-6\"  class=\"panel-grid panel-no-style\" ><div id=\"pgc-692-6-0\"  class=\"panel-grid-cell panel-grid-cell-empty\" ><\/div><\/div><div id=\"pg-692-7\"  class=\"panel-grid panel-no-style\" ><div id=\"pgc-692-7-0\"  class=\"panel-grid-cell panel-grid-cell-empty\" ><\/div><div id=\"pgc-692-7-1\"  class=\"panel-grid-cell panel-grid-cell-empty\" ><\/div><div id=\"pgc-692-7-2\"  class=\"panel-grid-cell panel-grid-cell-empty panel-grid-cell-mobile-last\" ><\/div><div id=\"pgc-692-7-3\"  class=\"panel-grid-cell panel-grid-cell-empty\" ><\/div><\/div><div id=\"pg-692-8\"  class=\"panel-grid panel-no-style\" ><div id=\"pgc-692-8-0\"  class=\"panel-grid-cell panel-grid-cell-empty\" ><\/div><div id=\"pgc-692-8-1\"  class=\"panel-grid-cell panel-grid-cell-empty\" ><\/div><div id=\"pgc-692-8-2\"  class=\"panel-grid-cell panel-grid-cell-empty panel-grid-cell-mobile-last\" ><\/div><div id=\"pgc-692-8-3\"  class=\"panel-grid-cell panel-grid-cell-empty\" ><\/div><\/div><div id=\"pg-692-9\"  class=\"panel-grid panel-no-style\" ><div id=\"pgc-692-9-0\"  class=\"panel-grid-cell panel-grid-cell-empty\" ><\/div><div id=\"pgc-692-9-1\"  class=\"panel-grid-cell panel-grid-cell-empty\" ><\/div><div id=\"pgc-692-9-2\"  class=\"panel-grid-cell panel-grid-cell-empty panel-grid-cell-mobile-last\" ><\/div><div id=\"pgc-692-9-3\"  class=\"panel-grid-cell panel-grid-cell-empty\" ><\/div><\/div><\/div>","protected":false},"excerpt":{"rendered":"<p>Manon, la professeure des \u00e9coles, en poste \u00e0 l&rsquo;\u00e9cole de Saint Germain d&rsquo;Arc\u00e9 a r\u00e9alis\u00e9 une vid\u00e9o pour expliquer le parlement aux enfants. L&rsquo;\u00e9cole \u00e9tait aussi pr\u00e9sente aux voeux d&rsquo;Eric Martineau pour y chanter \u00ab\u00a0La Marseillaise\u00a0\u00bb. La vid\u00e9o VID-20240131-WA0000.mp4<\/p>\n","protected":false},"author":1,"featured_media":0,"parent":0,"menu_order":0,"comment_status":"closed","ping_status":"closed","template":"","meta":{"footnotes":""},"class_list":["post-692","page","type-page","status-publish","hentry"],"yoast_head":"<!-- This site is optimized with the Yoast SEO plugin v27.3 - https:\/\/yoast.com\/product\/yoast-seo-wordpress\/ -->\n<title>Vie Scolaire - Mairie de Saint Germain d&#039;Arc\u00e9<\/title>\n<meta name=\"robots\" content=\"index, follow, max-snippet:-1, max-image-preview:large, max-video-preview:-1\" \/>\n<link rel=\"canonical\" href=\"https:\/\/saintgermaindarce.com\/sg\/vie-scolaire\/\" \/>\n<meta name=\"twitter:card\" content=\"summary_large_image\" \/>\n<meta name=\"twitter:title\" content=\"Vie Scolaire - Mairie de Saint Germain d&#039;Arc\u00e9\" \/>\n<meta name=\"twitter:description\" content=\"Manon, la professeure des \u00e9coles, en poste \u00e0 l&#039;\u00e9cole de Saint Germain d&#039;Arc\u00e9 a r\u00e9alis\u00e9 une vid\u00e9o pour expliquer le parlement aux enfants. L&#039;\u00e9cole \u00e9tait aussi pr\u00e9sente aux voeux d&#039;Eric Martineau pour y chanter &quot;La Marseillaise&quot;. La vid\u00e9o VID-20240131-WA0000.mp4\" \/>\n<meta name=\"twitter:label1\" content=\"Dur\u00e9e de lecture estim\u00e9e\" \/>\n\t<meta name=\"twitter:data1\" content=\"2 minutes\" \/>\n<script type=\"application\/ld+json\" class=\"yoast-schema-graph\">{\"@context\":\"https:\\\/\\\/schema.org\",\"@graph\":[{\"@type\":\"WebPage\",\"@id\":\"https:\\\/\\\/saintgermaindarce.com\\\/sg\\\/vie-scolaire\\\/\",\"url\":\"https:\\\/\\\/saintgermaindarce.com\\\/sg\\\/vie-scolaire\\\/\",\"name\":\"Vie Scolaire - Mairie de Saint Germain d&#039;Arc\u00e9\",\"isPartOf\":{\"@id\":\"https:\\\/\\\/saintgermaindarce.com\\\/sg\\\/#website\"},\"datePublished\":\"2018-06-28T05:33:59+00:00\",\"dateModified\":\"2024-02-13T18:30:18+00:00\",\"breadcrumb\":{\"@id\":\"https:\\\/\\\/saintgermaindarce.com\\\/sg\\\/vie-scolaire\\\/#breadcrumb\"},\"inLanguage\":\"fr-FR\",\"potentialAction\":[{\"@type\":\"ReadAction\",\"target\":[\"https:\\\/\\\/saintgermaindarce.com\\\/sg\\\/vie-scolaire\\\/\"]}]},{\"@type\":\"BreadcrumbList\",\"@id\":\"https:\\\/\\\/saintgermaindarce.com\\\/sg\\\/vie-scolaire\\\/#breadcrumb\",\"itemListElement\":[{\"@type\":\"ListItem\",\"position\":1,\"name\":\"Accueil\",\"item\":\"https:\\\/\\\/saintgermaindarce.com\\\/sg\\\/\"},{\"@type\":\"ListItem\",\"position\":2,\"name\":\"Vie Scolaire\"}]},{\"@type\":\"WebSite\",\"@id\":\"https:\\\/\\\/saintgermaindarce.com\\\/sg\\\/#website\",\"url\":\"https:\\\/\\\/saintgermaindarce.com\\\/sg\\\/\",\"name\":\"Mairie de Saint Germain d'Arc\u00e9\",\"description\":\"\",\"publisher\":{\"@id\":\"https:\\\/\\\/saintgermaindarce.com\\\/sg\\\/#\\\/schema\\\/person\\\/93511b19cadd37cf2a6e92b3df7f79ec\"},\"potentialAction\":[{\"@type\":\"SearchAction\",\"target\":{\"@type\":\"EntryPoint\",\"urlTemplate\":\"https:\\\/\\\/saintgermaindarce.com\\\/sg\\\/?s={search_term_string}\"},\"query-input\":{\"@type\":\"PropertyValueSpecification\",\"valueRequired\":true,\"valueName\":\"search_term_string\"}}],\"inLanguage\":\"fr-FR\"},{\"@type\":[\"Person\",\"Organization\"],\"@id\":\"https:\\\/\\\/saintgermaindarce.com\\\/sg\\\/#\\\/schema\\\/person\\\/93511b19cadd37cf2a6e92b3df7f79ec\",\"name\":\"secretariat Mairie\",\"image\":{\"@type\":\"ImageObject\",\"inLanguage\":\"fr-FR\",\"@id\":\"https:\\\/\\\/secure.gravatar.com\\\/avatar\\\/f767471be6375bc48c47e01a87935108ce923ff3609476b1fd7fe905f23de8aa?s=96&d=mm&r=g\",\"url\":\"https:\\\/\\\/secure.gravatar.com\\\/avatar\\\/f767471be6375bc48c47e01a87935108ce923ff3609476b1fd7fe905f23de8aa?s=96&d=mm&r=g\",\"contentUrl\":\"https:\\\/\\\/secure.gravatar.com\\\/avatar\\\/f767471be6375bc48c47e01a87935108ce923ff3609476b1fd7fe905f23de8aa?s=96&d=mm&r=g\",\"caption\":\"secretariat Mairie\"},\"logo\":{\"@id\":\"https:\\\/\\\/secure.gravatar.com\\\/avatar\\\/f767471be6375bc48c47e01a87935108ce923ff3609476b1fd7fe905f23de8aa?s=96&d=mm&r=g\"}}]}<\/script>\n<!-- \/ Yoast SEO plugin. -->","yoast_head_json":{"title":"Vie Scolaire - Mairie de Saint Germain d&#039;Arc\u00e9","robots":{"index":"index","follow":"follow","max-snippet":"max-snippet:-1","max-image-preview":"max-image-preview:large","max-video-preview":"max-video-preview:-1"},"canonical":"https:\/\/saintgermaindarce.com\/sg\/vie-scolaire\/","twitter_card":"summary_large_image","twitter_title":"Vie Scolaire - Mairie de Saint Germain d&#039;Arc\u00e9","twitter_description":"Manon, la professeure des \u00e9coles, en poste \u00e0 l'\u00e9cole de Saint Germain d'Arc\u00e9 a r\u00e9alis\u00e9 une vid\u00e9o pour expliquer le parlement aux enfants. L'\u00e9cole \u00e9tait aussi pr\u00e9sente aux voeux d'Eric Martineau pour y chanter \"La Marseillaise\". La vid\u00e9o VID-20240131-WA0000.mp4","twitter_misc":{"Dur\u00e9e de lecture estim\u00e9e":"2 minutes"},"schema":{"@context":"https:\/\/schema.org","@graph":[{"@type":"WebPage","@id":"https:\/\/saintgermaindarce.com\/sg\/vie-scolaire\/","url":"https:\/\/saintgermaindarce.com\/sg\/vie-scolaire\/","name":"Vie Scolaire - Mairie de Saint Germain d&#039;Arc\u00e9","isPartOf":{"@id":"https:\/\/saintgermaindarce.com\/sg\/#website"},"datePublished":"2018-06-28T05:33:59+00:00","dateModified":"2024-02-13T18:30:18+00:00","breadcrumb":{"@id":"https:\/\/saintgermaindarce.com\/sg\/vie-scolaire\/#breadcrumb"},"inLanguage":"fr-FR","potentialAction":[{"@type":"ReadAction","target":["https:\/\/saintgermaindarce.com\/sg\/vie-scolaire\/"]}]},{"@type":"BreadcrumbList","@id":"https:\/\/saintgermaindarce.com\/sg\/vie-scolaire\/#breadcrumb","itemListElement":[{"@type":"ListItem","position":1,"name":"Accueil","item":"https:\/\/saintgermaindarce.com\/sg\/"},{"@type":"ListItem","position":2,"name":"Vie Scolaire"}]},{"@type":"WebSite","@id":"https:\/\/saintgermaindarce.com\/sg\/#website","url":"https:\/\/saintgermaindarce.com\/sg\/","name":"Mairie de Saint Germain d'Arc\u00e9","description":"","publisher":{"@id":"https:\/\/saintgermaindarce.com\/sg\/#\/schema\/person\/93511b19cadd37cf2a6e92b3df7f79ec"},"potentialAction":[{"@type":"SearchAction","target":{"@type":"EntryPoint","urlTemplate":"https:\/\/saintgermaindarce.com\/sg\/?s={search_term_string}"},"query-input":{"@type":"PropertyValueSpecification","valueRequired":true,"valueName":"search_term_string"}}],"inLanguage":"fr-FR"},{"@type":["Person","Organization"],"@id":"https:\/\/saintgermaindarce.com\/sg\/#\/schema\/person\/93511b19cadd37cf2a6e92b3df7f79ec","name":"secretariat Mairie","image":{"@type":"ImageObject","inLanguage":"fr-FR","@id":"https:\/\/secure.gravatar.com\/avatar\/f767471be6375bc48c47e01a87935108ce923ff3609476b1fd7fe905f23de8aa?s=96&d=mm&r=g","url":"https:\/\/secure.gravatar.com\/avatar\/f767471be6375bc48c47e01a87935108ce923ff3609476b1fd7fe905f23de8aa?s=96&d=mm&r=g","contentUrl":"https:\/\/secure.gravatar.com\/avatar\/f767471be6375bc48c47e01a87935108ce923ff3609476b1fd7fe905f23de8aa?s=96&d=mm&r=g","caption":"secretariat Mairie"},"logo":{"@id":"https:\/\/secure.gravatar.com\/avatar\/f767471be6375bc48c47e01a87935108ce923ff3609476b1fd7fe905f23de8aa?s=96&d=mm&r=g"}}]}},"_links":{"self":[{"href":"https:\/\/saintgermaindarce.com\/sg\/wp-json\/wp\/v2\/pages\/692","targetHints":{"allow":["GET"]}}],"collection":[{"href":"https:\/\/saintgermaindarce.com\/sg\/wp-json\/wp\/v2\/pages"}],"about":[{"href":"https:\/\/saintgermaindarce.com\/sg\/wp-json\/wp\/v2\/types\/page"}],"author":[{"embeddable":true,"href":"https:\/\/saintgermaindarce.com\/sg\/wp-json\/wp\/v2\/users\/1"}],"replies":[{"embeddable":true,"href":"https:\/\/saintgermaindarce.com\/sg\/wp-json\/wp\/v2\/comments?post=692"}],"version-history":[{"count":0,"href":"https:\/\/saintgermaindarce.com\/sg\/wp-json\/wp\/v2\/pages\/692\/revisions"}],"wp:attachment":[{"href":"https:\/\/saintgermaindarce.com\/sg\/wp-json\/wp\/v2\/media?parent=692"}],"curies":[{"name":"wp","href":"https:\/\/api.w.org\/{rel}","templated":true}]}}