{"id":684,"date":"2018-06-28T07:26:29","date_gmt":"2018-06-28T05:26:29","guid":{"rendered":"https:\/\/saintgermaindarce.com\/sg\/?page_id=684"},"modified":"2024-05-28T16:14:48","modified_gmt":"2024-05-28T14:14:48","slug":"collecte-des-dechets","status":"publish","type":"page","link":"https:\/\/saintgermaindarce.com\/sg\/collecte-des-dechets\/","title":{"rendered":"Collecte des d\u00e9chets"},"content":{"rendered":"<div id=\"pl-684\"  class=\"panel-layout\" ><div id=\"pg-684-0\"  class=\"panel-grid panel-no-style\" ><div id=\"pgc-684-0-0\"  class=\"panel-grid-cell\" ><div id=\"panel-684-0-0-0\" class=\"so-panel widget widget_sow-editor panel-first-child panel-last-child widgetopts-SO\" data-index=\"0\" ><div\n\t\t\t\n\t\t\tclass=\"so-widget-sow-editor so-widget-sow-editor-base\"\n\t\t\t\n\t\t>\n<div class=\"siteorigin-widget-tinymce textwidget\">\n\t<\/div>\n<\/div><\/div><\/div><\/div><div id=\"pg-684-1\"  class=\"panel-grid panel-no-style\" ><div id=\"pgc-684-1-0\"  class=\"panel-grid-cell\" ><div id=\"panel-684-1-0-0\" class=\"so-panel widget widget_sow-editor panel-first-child panel-last-child widgetopts-SO\" data-index=\"1\" ><div\n\t\t\t\n\t\t\tclass=\"so-widget-sow-editor so-widget-sow-editor-base\"\n\t\t\t\n\t\t><h3 class=\"widget-title\">Le Syndicat d\u00e9m\u00e9nage !<\/h3>\n<div class=\"siteorigin-widget-tinymce textwidget\">\n\t<\/div>\n<\/div><\/div><\/div><div id=\"pgc-684-1-1\"  class=\"panel-grid-cell panel-grid-cell-empty\" ><\/div><div id=\"pgc-684-1-2\"  class=\"panel-grid-cell\" ><div id=\"panel-684-1-2-0\" class=\"so-panel widget widget_sow-image panel-first-child panel-last-child widgetopts-SO\" data-index=\"2\" ><div\n\t\t\t\n\t\t\tclass=\"so-widget-sow-image so-widget-sow-image-default-8b5b6f678277-684\"\n\t\t\t\n\t\t>\n<div class=\"sow-image-container\">\n\t\t<img \n\tsrc=\"https:\/\/saintgermaindarce.com\/sg\/wp-content\/uploads\/2024\/05\/affiche-demenagement-SMVL.jpg\" width=\"1123\" height=\"1588\" srcset=\"https:\/\/saintgermaindarce.com\/sg\/wp-content\/uploads\/2024\/05\/affiche-demenagement-SMVL.jpg 1123w, https:\/\/saintgermaindarce.com\/sg\/wp-content\/uploads\/2024\/05\/affiche-demenagement-SMVL-212x300.jpg 212w, https:\/\/saintgermaindarce.com\/sg\/wp-content\/uploads\/2024\/05\/affiche-demenagement-SMVL-724x1024.jpg 724w, https:\/\/saintgermaindarce.com\/sg\/wp-content\/uploads\/2024\/05\/affiche-demenagement-SMVL-768x1086.jpg 768w, https:\/\/saintgermaindarce.com\/sg\/wp-content\/uploads\/2024\/05\/affiche-demenagement-SMVL-1086x1536.jpg 1086w\" sizes=\"(max-width: 1123px) 100vw, 1123px\" title=\"affiche demenagement SMVL\" alt=\"\" \t\tclass=\"so-widget-image\"\/>\n\t<\/div>\n\n<\/div><\/div><\/div><\/div><div id=\"pg-684-2\"  class=\"panel-grid panel-no-style\" ><div id=\"pgc-684-2-0\"  class=\"panel-grid-cell\" ><div id=\"panel-684-2-0-0\" class=\"so-panel widget widget_sow-editor panel-first-child panel-last-child widgetopts-SO\" data-index=\"3\" ><div\n\t\t\t\n\t\t\tclass=\"so-widget-sow-editor so-widget-sow-editor-base\"\n\t\t\t\n\t\t><h3 class=\"widget-title\">Information du Syndicat du Val de Loir<\/h3>\n<div class=\"siteorigin-widget-tinymce textwidget\">\n\t<\/div>\n<\/div><\/div><\/div><div id=\"pgc-684-2-1\"  class=\"panel-grid-cell\" ><div id=\"panel-684-2-1-0\" class=\"so-panel widget widget_sow-editor panel-first-child panel-last-child widgetopts-SO\" data-index=\"4\" ><div\n\t\t\t\n\t\t\tclass=\"so-widget-sow-editor so-widget-sow-editor-base\"\n\t\t\t\n\t\t><h3 class=\"widget-title\">Consignes pour les ordures m\u00e9nag\u00e8res<\/h3>\n<div class=\"siteorigin-widget-tinymce textwidget\">\n\t<\/div>\n<\/div><\/div><\/div><div id=\"pgc-684-2-2\"  class=\"panel-grid-cell\" ><div id=\"panel-684-2-2-0\" class=\"so-panel widget widget_sow-image panel-first-child panel-last-child widgetopts-SO\" data-index=\"5\" ><div\n\t\t\t\n\t\t\tclass=\"so-widget-sow-image so-widget-sow-image-default-8b5b6f678277-684\"\n\t\t\t\n\t\t>\n<div class=\"sow-image-container\">\n\t\t<img \n\tsrc=\"https:\/\/saintgermaindarce.com\/sg\/wp-content\/uploads\/2024\/03\/visuels-consignes-OM-2024-pour-affichage.jpg\" width=\"1588\" height=\"1123\" srcset=\"https:\/\/saintgermaindarce.com\/sg\/wp-content\/uploads\/2024\/03\/visuels-consignes-OM-2024-pour-affichage.jpg 1588w, https:\/\/saintgermaindarce.com\/sg\/wp-content\/uploads\/2024\/03\/visuels-consignes-OM-2024-pour-affichage-300x212.jpg 300w, https:\/\/saintgermaindarce.com\/sg\/wp-content\/uploads\/2024\/03\/visuels-consignes-OM-2024-pour-affichage-1024x724.jpg 1024w, https:\/\/saintgermaindarce.com\/sg\/wp-content\/uploads\/2024\/03\/visuels-consignes-OM-2024-pour-affichage-768x543.jpg 768w, https:\/\/saintgermaindarce.com\/sg\/wp-content\/uploads\/2024\/03\/visuels-consignes-OM-2024-pour-affichage-1536x1086.jpg 1536w\" sizes=\"(max-width: 1588px) 100vw, 1588px\" title=\"visuels consignes OM 2024 pour affichage\" alt=\"\" \t\tclass=\"so-widget-image\"\/>\n\t<\/div>\n\n<\/div><\/div><\/div><\/div><div id=\"pg-684-3\"  class=\"panel-grid panel-no-style\" ><div id=\"pgc-684-3-0\"  class=\"panel-grid-cell\" ><div id=\"panel-684-3-0-0\" class=\"so-panel widget widget_sow-editor panel-first-child panel-last-child widgetopts-SO\" data-index=\"6\" ><div\n\t\t\t\n\t\t\tclass=\"so-widget-sow-editor so-widget-sow-editor-base\"\n\t\t\t\n\t\t><h3 class=\"widget-title\">Information du Syndicat du Val de Loir<\/h3>\n<div class=\"siteorigin-widget-tinymce textwidget\">\n\t<\/div>\n<\/div><\/div><\/div><div id=\"pgc-684-3-1\"  class=\"panel-grid-cell\" ><div id=\"panel-684-3-1-0\" class=\"so-panel widget widget_sow-editor panel-first-child panel-last-child widgetopts-SO\" data-index=\"7\" ><div\n\t\t\t\n\t\t\tclass=\"so-widget-sow-editor so-widget-sow-editor-base\"\n\t\t\t\n\t\t><h3 class=\"widget-title\">Tous les emballages vid\u00e9s et les papiers non souill\u00e9s<\/h3>\n<div class=\"siteorigin-widget-tinymce textwidget\">\n\t<\/div>\n<\/div><\/div><\/div><div id=\"pgc-684-3-2\"  class=\"panel-grid-cell\" ><div id=\"panel-684-3-2-0\" class=\"so-panel widget widget_sow-image panel-first-child panel-last-child widgetopts-SO\" data-index=\"8\" ><div\n\t\t\t\n\t\t\tclass=\"so-widget-sow-image so-widget-sow-image-default-8b5b6f678277-684\"\n\t\t\t\n\t\t>\n<div class=\"sow-image-container\">\n\t\t<img \n\tsrc=\"https:\/\/saintgermaindarce.com\/sg\/wp-content\/uploads\/2024\/03\/visuels-consignes-CS-2024-pour-affichage.jpg\" width=\"1588\" height=\"1123\" srcset=\"https:\/\/saintgermaindarce.com\/sg\/wp-content\/uploads\/2024\/03\/visuels-consignes-CS-2024-pour-affichage.jpg 1588w, https:\/\/saintgermaindarce.com\/sg\/wp-content\/uploads\/2024\/03\/visuels-consignes-CS-2024-pour-affichage-300x212.jpg 300w, https:\/\/saintgermaindarce.com\/sg\/wp-content\/uploads\/2024\/03\/visuels-consignes-CS-2024-pour-affichage-1024x724.jpg 1024w, https:\/\/saintgermaindarce.com\/sg\/wp-content\/uploads\/2024\/03\/visuels-consignes-CS-2024-pour-affichage-768x543.jpg 768w, https:\/\/saintgermaindarce.com\/sg\/wp-content\/uploads\/2024\/03\/visuels-consignes-CS-2024-pour-affichage-1536x1086.jpg 1536w\" sizes=\"(max-width: 1588px) 100vw, 1588px\" title=\"visuels consignes CS 2024 pour affichage\" alt=\"\" \t\tclass=\"so-widget-image\"\/>\n\t<\/div>\n\n<\/div><\/div><\/div><\/div><div id=\"pg-684-4\"  class=\"panel-grid panel-no-style\" ><div id=\"pgc-684-4-0\"  class=\"panel-grid-cell\" ><div id=\"panel-684-4-0-0\" class=\"so-panel widget widget_sow-editor panel-first-child panel-last-child widgetopts-SO\" data-index=\"9\" ><div\n\t\t\t\n\t\t\tclass=\"so-widget-sow-editor so-widget-sow-editor-base\"\n\t\t\t\n\t\t><h3 class=\"widget-title\">Information du Syndicat du Val de Loir<\/h3>\n<div class=\"siteorigin-widget-tinymce textwidget\">\n\t<\/div>\n<\/div><\/div><\/div><div id=\"pgc-684-4-1\"  class=\"panel-grid-cell\" ><div id=\"panel-684-4-1-0\" class=\"so-panel widget widget_sow-editor panel-first-child panel-last-child widgetopts-SO\" data-index=\"10\" ><div\n\t\t\t\n\t\t\tclass=\"so-widget-sow-editor so-widget-sow-editor-base\"\n\t\t\t\n\t\t>\n<div class=\"siteorigin-widget-tinymce textwidget\">\n\t<p>De faux agents se pr\u00e9sentent chez les usagers en leur demandant de l'argent pour l'obtention ou l'\u00e9change de bacs de collecte.<br \/>\nCette pratique est tout \u00e0 fait ill\u00e9gale.<br \/>\nLa\u00a0livraison, le remplacement ou la r\u00e9paration des bacs des usagers sont r\u00e9alis\u00e9s gratuitement par des agents du Syndicat.<\/p>\n<p>&nbsp;<\/p>\n<\/div>\n<\/div><\/div><\/div><div id=\"pgc-684-4-2\"  class=\"panel-grid-cell\" ><div id=\"panel-684-4-2-0\" class=\"so-panel widget widget_sow-image panel-first-child panel-last-child widgetopts-SO\" data-index=\"11\" ><div\n\t\t\t\n\t\t\tclass=\"so-widget-sow-image so-widget-sow-image-default-8b5b6f678277-684\"\n\t\t\t\n\t\t>\n<div class=\"sow-image-container\">\n\t\t<img \n\tsrc=\"https:\/\/saintgermaindarce.com\/sg\/wp-content\/uploads\/2024\/03\/vigilance-demarchage.jpeg\" width=\"2338\" height=\"1653\" srcset=\"https:\/\/saintgermaindarce.com\/sg\/wp-content\/uploads\/2024\/03\/vigilance-demarchage.jpeg 2338w, https:\/\/saintgermaindarce.com\/sg\/wp-content\/uploads\/2024\/03\/vigilance-demarchage-300x212.jpeg 300w, https:\/\/saintgermaindarce.com\/sg\/wp-content\/uploads\/2024\/03\/vigilance-demarchage-1024x724.jpeg 1024w, https:\/\/saintgermaindarce.com\/sg\/wp-content\/uploads\/2024\/03\/vigilance-demarchage-768x543.jpeg 768w, https:\/\/saintgermaindarce.com\/sg\/wp-content\/uploads\/2024\/03\/vigilance-demarchage-1536x1086.jpeg 1536w, https:\/\/saintgermaindarce.com\/sg\/wp-content\/uploads\/2024\/03\/vigilance-demarchage-2048x1448.jpeg 2048w\" sizes=\"(max-width: 2338px) 100vw, 2338px\" alt=\"\" \t\tclass=\"so-widget-image\"\/>\n\t<\/div>\n\n<\/div><\/div><\/div><\/div><div id=\"pg-684-5\"  class=\"panel-grid panel-no-style\" ><div id=\"pgc-684-5-0\"  class=\"panel-grid-cell\" ><div id=\"panel-684-5-0-0\" class=\"so-panel widget widget_sow-editor panel-first-child panel-last-child widgetopts-SO\" data-index=\"12\" ><div\n\t\t\t\n\t\t\tclass=\"so-widget-sow-editor so-widget-sow-editor-base\"\n\t\t\t\n\t\t><h3 class=\"widget-title\">Le tri des petits alus<\/h3>\n<div class=\"siteorigin-widget-tinymce textwidget\">\n\t<\/div>\n<\/div><\/div><\/div><div id=\"pgc-684-5-1\"  class=\"panel-grid-cell\" ><div id=\"panel-684-5-1-0\" class=\"so-panel widget widget_sow-editor panel-first-child panel-last-child widgetopts-SO\" data-index=\"13\" ><div\n\t\t\t\n\t\t\tclass=\"so-widget-sow-editor so-widget-sow-editor-base\"\n\t\t\t\n\t\t>\n<div class=\"siteorigin-widget-tinymce textwidget\">\n\t<p>Bonjour,<\/p>\n<p>Aujourd\u2019hui, gr\u00e2ce aux technologies avanc\u00e9es du centre de tri Tri Val de Loir(e) r\u00e9cemment ouvert, les petits emballages m\u00e9talliques sont capt\u00e9s plus facilement, notamment les capsules de caf\u00e9\u00a0\ud83d\ude03<\/p>\n<p>Alors un seul geste \u00e0 adopter\u00a0\ud83d\udc47<\/p>\n<p>\u25b6\ufe0f\u00a0Les petits alus, comme les capsules de caf\u00e9, les couvercles de bocaux, les opercules de bi\u00e8res, les emballages en aluminium de fromage ou de beurre\u2026 direction\u00a0\ud83d\udc49\u00a0le bac jaune et la colonne de tri.<\/p>\n<p>Les bacs de r\u00e9cup\u00e9ration des capsules de caf\u00e9 en d\u00e9ch\u00e8terie vont donc \u00eatre progressivement supprim\u00e9s.<\/p>\n<\/div>\n<\/div><\/div><\/div><div id=\"pgc-684-5-2\"  class=\"panel-grid-cell\" ><div id=\"panel-684-5-2-0\" class=\"so-panel widget widget_sow-image panel-first-child panel-last-child widgetopts-SO\" data-index=\"14\" ><div\n\t\t\t\n\t\t\tclass=\"so-widget-sow-image so-widget-sow-image-default-8b5b6f678277-684\"\n\t\t\t\n\t\t>\n<div class=\"sow-image-container\">\n\t\t<img \n\tsrc=\"https:\/\/saintgermaindarce.com\/sg\/wp-content\/uploads\/2024\/02\/tri-des-petits-alus.jpg\" width=\"960\" height=\"720\" srcset=\"https:\/\/saintgermaindarce.com\/sg\/wp-content\/uploads\/2024\/02\/tri-des-petits-alus.jpg 960w, https:\/\/saintgermaindarce.com\/sg\/wp-content\/uploads\/2024\/02\/tri-des-petits-alus-300x225.jpg 300w, https:\/\/saintgermaindarce.com\/sg\/wp-content\/uploads\/2024\/02\/tri-des-petits-alus-768x576.jpg 768w\" sizes=\"(max-width: 960px) 100vw, 960px\" title=\"tri des petits alus\" alt=\"\" \t\tclass=\"so-widget-image\"\/>\n\t<\/div>\n\n<\/div><\/div><\/div><\/div><div id=\"pg-684-6\"  class=\"panel-grid panel-no-style\" ><div id=\"pgc-684-6-0\"  class=\"panel-grid-cell\" ><div id=\"panel-684-6-0-0\" class=\"so-panel widget widget_sow-editor panel-first-child panel-last-child widgetopts-SO\" data-index=\"15\" ><div\n\t\t\t\n\t\t\tclass=\"so-widget-sow-editor so-widget-sow-editor-base\"\n\t\t\t\n\t\t><h3 class=\"widget-title\">Calendrier des collectes des d\u00e9chets 2024<\/h3>\n<div class=\"siteorigin-widget-tinymce textwidget\">\n\t<\/div>\n<\/div><\/div><\/div><div id=\"pgc-684-6-1\"  class=\"panel-grid-cell\" ><div id=\"panel-684-6-1-0\" class=\"so-panel widget widget_sow-image panel-first-child panel-last-child widgetopts-SO\" data-index=\"16\" ><div\n\t\t\t\n\t\t\tclass=\"so-widget-sow-image so-widget-sow-image-default-8b5b6f678277-684\"\n\t\t\t\n\t\t>\n<div class=\"sow-image-container\">\n\t\t<img \n\tsrc=\"https:\/\/saintgermaindarce.com\/sg\/wp-content\/uploads\/2023\/11\/ST-GERMAIN-D-ARCE-2024-page-002.jpg\" width=\"1754\" height=\"1240\" srcset=\"https:\/\/saintgermaindarce.com\/sg\/wp-content\/uploads\/2023\/11\/ST-GERMAIN-D-ARCE-2024-page-002.jpg 1754w, https:\/\/saintgermaindarce.com\/sg\/wp-content\/uploads\/2023\/11\/ST-GERMAIN-D-ARCE-2024-page-002-300x212.jpg 300w, https:\/\/saintgermaindarce.com\/sg\/wp-content\/uploads\/2023\/11\/ST-GERMAIN-D-ARCE-2024-page-002-1024x724.jpg 1024w, https:\/\/saintgermaindarce.com\/sg\/wp-content\/uploads\/2023\/11\/ST-GERMAIN-D-ARCE-2024-page-002-768x543.jpg 768w, https:\/\/saintgermaindarce.com\/sg\/wp-content\/uploads\/2023\/11\/ST-GERMAIN-D-ARCE-2024-page-002-1536x1086.jpg 1536w\" sizes=\"(max-width: 1754px) 100vw, 1754px\" title=\"ST GERMAIN D ARCE 2024-page-002\" alt=\"\" \t\tclass=\"so-widget-image\"\/>\n\t<\/div>\n\n<\/div><\/div><\/div><div id=\"pgc-684-6-2\"  class=\"panel-grid-cell\" ><div id=\"panel-684-6-2-0\" class=\"so-panel widget widget_sow-image panel-first-child panel-last-child widgetopts-SO\" data-index=\"17\" ><div\n\t\t\t\n\t\t\tclass=\"so-widget-sow-image so-widget-sow-image-default-8b5b6f678277-684\"\n\t\t\t\n\t\t>\n<div class=\"sow-image-container\">\n\t\t<img \n\tsrc=\"https:\/\/saintgermaindarce.com\/sg\/wp-content\/uploads\/2023\/11\/ST-GERMAIN-D-ARCE-2024-page-001.jpg\" width=\"1754\" height=\"1240\" srcset=\"https:\/\/saintgermaindarce.com\/sg\/wp-content\/uploads\/2023\/11\/ST-GERMAIN-D-ARCE-2024-page-001.jpg 1754w, https:\/\/saintgermaindarce.com\/sg\/wp-content\/uploads\/2023\/11\/ST-GERMAIN-D-ARCE-2024-page-001-300x212.jpg 300w, https:\/\/saintgermaindarce.com\/sg\/wp-content\/uploads\/2023\/11\/ST-GERMAIN-D-ARCE-2024-page-001-1024x724.jpg 1024w, https:\/\/saintgermaindarce.com\/sg\/wp-content\/uploads\/2023\/11\/ST-GERMAIN-D-ARCE-2024-page-001-768x543.jpg 768w, https:\/\/saintgermaindarce.com\/sg\/wp-content\/uploads\/2023\/11\/ST-GERMAIN-D-ARCE-2024-page-001-1536x1086.jpg 1536w\" sizes=\"(max-width: 1754px) 100vw, 1754px\" title=\"ST GERMAIN D ARCE 2024-page-001\" alt=\"\" \t\tclass=\"so-widget-image\"\/>\n\t<\/div>\n\n<\/div><\/div><\/div><\/div><div id=\"pg-684-7\"  class=\"panel-grid panel-no-style\" ><div id=\"pgc-684-7-0\"  class=\"panel-grid-cell\" ><div id=\"panel-684-7-0-0\" class=\"so-panel widget widget_sow-editor panel-first-child panel-last-child widgetopts-SO\" data-index=\"18\" ><div\n\t\t\t\n\t\t\tclass=\"so-widget-sow-editor so-widget-sow-editor-base\"\n\t\t\t\n\t\t>\n<div class=\"siteorigin-widget-tinymce textwidget\">\n\t<div id=\"pg-360-1\" class=\"panel-grid\">\n<div id=\"pgc-360-1-0\" class=\"panel-grid-cell\">\n<div id=\"panel-360-1-0-0\" class=\"so-panel widget widget_black-studio-tinymce widget_black_studio_tinymce panel-first-child panel-last-child\" data-index=\"1\">\n<div class=\"textwidget\">\n<h3><strong>Collecte des d\u00e9chets sur la Commune<br \/>\n<\/strong><\/h3>\n<p><strong>Collecte et traitement des d\u00e9chets sont effectu\u00e9s par le Syndicat Mixte du Val de Loir.<\/strong><\/p>\n<\/div>\n<\/div>\n<\/div>\n<\/div>\n<\/div>\n<\/div><\/div><\/div><\/div><div id=\"pg-684-8\"  class=\"panel-grid panel-no-style\" ><div id=\"pgc-684-8-0\"  class=\"panel-grid-cell panel-grid-cell-mobile-last\" ><div id=\"panel-684-8-0-0\" class=\"so-panel widget widget_sow-editor panel-first-child panel-last-child widgetopts-SO\" data-index=\"19\" ><div\n\t\t\t\n\t\t\tclass=\"so-widget-sow-editor so-widget-sow-editor-base\"\n\t\t\t\n\t\t>\n<div class=\"siteorigin-widget-tinymce textwidget\">\n\t<p><a href=\"https:\/\/saintgermaindarce.com\/sg\/wp-content\/uploads\/2022\/10\/Que-devient-le-mobilier-collecte_dechetterie.pdf\">Que devient le mobilier collect\u00e9_dechetterie<\/a><\/p>\n<\/div>\n<\/div><\/div><\/div><div id=\"pgc-684-8-1\"  class=\"panel-grid-cell panel-grid-cell-empty\" ><\/div><\/div><\/div>","protected":false},"excerpt":{"rendered":"<p>Le Syndicat d\u00e9m\u00e9nage ! Information du Syndicat du Val de Loir Consignes pour les ordures m\u00e9nag\u00e8res Information du Syndicat du Val de Loir Tous les emballages vid\u00e9s et les papiers non souill\u00e9s Information du Syndicat du Val de Loir De faux agents se pr\u00e9sentent chez les usagers en leur demandant de l&rsquo;argent pour l&rsquo;obtention ou&#8230;<\/p>\n<div class=\"read-more\"><a href=\"https:\/\/saintgermaindarce.com\/sg\/collecte-des-dechets\/\">Lire la suite<\/a><\/div>\n","protected":false},"author":1,"featured_media":0,"parent":0,"menu_order":0,"comment_status":"closed","ping_status":"closed","template":"","meta":{"footnotes":""},"class_list":["post-684","page","type-page","status-publish","hentry"],"yoast_head":"<!-- This site is optimized with the Yoast SEO plugin v27.5 - https:\/\/yoast.com\/product\/yoast-seo-wordpress\/ -->\n<title>Collecte des d\u00e9chets - Mairie de Saint Germain d&#039;Arc\u00e9<\/title>\n<meta name=\"robots\" content=\"index, follow, max-snippet:-1, max-image-preview:large, max-video-preview:-1\" \/>\n<link rel=\"canonical\" href=\"https:\/\/saintgermaindarce.com\/sg\/collecte-des-dechets\/\" \/>\n<meta name=\"twitter:card\" content=\"summary_large_image\" \/>\n<meta name=\"twitter:title\" content=\"Collecte des d\u00e9chets - Mairie de Saint Germain d&#039;Arc\u00e9\" \/>\n<meta name=\"twitter:description\" content=\"Le Syndicat d\u00e9m\u00e9nage ! Information du Syndicat du Val de Loir Consignes pour les ordures m\u00e9nag\u00e8res Information du Syndicat du Val de Loir Tous les emballages vid\u00e9s et les papiers non souill\u00e9s Information du Syndicat du Val de Loir De faux agents se pr\u00e9sentent chez les usagers en leur demandant de l&#039;argent pour l&#039;obtention ou...Lire la suite\" \/>\n<meta name=\"twitter:label1\" content=\"Dur\u00e9e de lecture estim\u00e9e\" \/>\n\t<meta name=\"twitter:data1\" content=\"3 minutes\" \/>\n<script type=\"application\/ld+json\" class=\"yoast-schema-graph\">{\"@context\":\"https:\\\/\\\/schema.org\",\"@graph\":[{\"@type\":\"WebPage\",\"@id\":\"https:\\\/\\\/saintgermaindarce.com\\\/sg\\\/collecte-des-dechets\\\/\",\"url\":\"https:\\\/\\\/saintgermaindarce.com\\\/sg\\\/collecte-des-dechets\\\/\",\"name\":\"Collecte des d\u00e9chets - Mairie de Saint Germain d&#039;Arc\u00e9\",\"isPartOf\":{\"@id\":\"https:\\\/\\\/saintgermaindarce.com\\\/sg\\\/#website\"},\"datePublished\":\"2018-06-28T05:26:29+00:00\",\"dateModified\":\"2024-05-28T14:14:48+00:00\",\"breadcrumb\":{\"@id\":\"https:\\\/\\\/saintgermaindarce.com\\\/sg\\\/collecte-des-dechets\\\/#breadcrumb\"},\"inLanguage\":\"fr-FR\",\"potentialAction\":[{\"@type\":\"ReadAction\",\"target\":[\"https:\\\/\\\/saintgermaindarce.com\\\/sg\\\/collecte-des-dechets\\\/\"]}]},{\"@type\":\"BreadcrumbList\",\"@id\":\"https:\\\/\\\/saintgermaindarce.com\\\/sg\\\/collecte-des-dechets\\\/#breadcrumb\",\"itemListElement\":[{\"@type\":\"ListItem\",\"position\":1,\"name\":\"Accueil\",\"item\":\"https:\\\/\\\/saintgermaindarce.com\\\/sg\\\/\"},{\"@type\":\"ListItem\",\"position\":2,\"name\":\"Collecte des d\u00e9chets\"}]},{\"@type\":\"WebSite\",\"@id\":\"https:\\\/\\\/saintgermaindarce.com\\\/sg\\\/#website\",\"url\":\"https:\\\/\\\/saintgermaindarce.com\\\/sg\\\/\",\"name\":\"Mairie de Saint Germain d'Arc\u00e9\",\"description\":\"\",\"publisher\":{\"@id\":\"https:\\\/\\\/saintgermaindarce.com\\\/sg\\\/#\\\/schema\\\/person\\\/93511b19cadd37cf2a6e92b3df7f79ec\"},\"potentialAction\":[{\"@type\":\"SearchAction\",\"target\":{\"@type\":\"EntryPoint\",\"urlTemplate\":\"https:\\\/\\\/saintgermaindarce.com\\\/sg\\\/?s={search_term_string}\"},\"query-input\":{\"@type\":\"PropertyValueSpecification\",\"valueRequired\":true,\"valueName\":\"search_term_string\"}}],\"inLanguage\":\"fr-FR\"},{\"@type\":[\"Person\",\"Organization\"],\"@id\":\"https:\\\/\\\/saintgermaindarce.com\\\/sg\\\/#\\\/schema\\\/person\\\/93511b19cadd37cf2a6e92b3df7f79ec\",\"name\":\"secretariat Mairie\",\"image\":{\"@type\":\"ImageObject\",\"inLanguage\":\"fr-FR\",\"@id\":\"https:\\\/\\\/secure.gravatar.com\\\/avatar\\\/f767471be6375bc48c47e01a87935108ce923ff3609476b1fd7fe905f23de8aa?s=96&d=mm&r=g\",\"url\":\"https:\\\/\\\/secure.gravatar.com\\\/avatar\\\/f767471be6375bc48c47e01a87935108ce923ff3609476b1fd7fe905f23de8aa?s=96&d=mm&r=g\",\"contentUrl\":\"https:\\\/\\\/secure.gravatar.com\\\/avatar\\\/f767471be6375bc48c47e01a87935108ce923ff3609476b1fd7fe905f23de8aa?s=96&d=mm&r=g\",\"caption\":\"secretariat Mairie\"},\"logo\":{\"@id\":\"https:\\\/\\\/secure.gravatar.com\\\/avatar\\\/f767471be6375bc48c47e01a87935108ce923ff3609476b1fd7fe905f23de8aa?s=96&d=mm&r=g\"}}]}<\/script>\n<!-- \/ Yoast SEO plugin. -->","yoast_head_json":{"title":"Collecte des d\u00e9chets - Mairie de Saint Germain d&#039;Arc\u00e9","robots":{"index":"index","follow":"follow","max-snippet":"max-snippet:-1","max-image-preview":"max-image-preview:large","max-video-preview":"max-video-preview:-1"},"canonical":"https:\/\/saintgermaindarce.com\/sg\/collecte-des-dechets\/","twitter_card":"summary_large_image","twitter_title":"Collecte des d\u00e9chets - Mairie de Saint Germain d&#039;Arc\u00e9","twitter_description":"Le Syndicat d\u00e9m\u00e9nage ! Information du Syndicat du Val de Loir Consignes pour les ordures m\u00e9nag\u00e8res Information du Syndicat du Val de Loir Tous les emballages vid\u00e9s et les papiers non souill\u00e9s Information du Syndicat du Val de Loir De faux agents se pr\u00e9sentent chez les usagers en leur demandant de l'argent pour l'obtention ou...Lire la suite","twitter_misc":{"Dur\u00e9e de lecture estim\u00e9e":"3 minutes"},"schema":{"@context":"https:\/\/schema.org","@graph":[{"@type":"WebPage","@id":"https:\/\/saintgermaindarce.com\/sg\/collecte-des-dechets\/","url":"https:\/\/saintgermaindarce.com\/sg\/collecte-des-dechets\/","name":"Collecte des d\u00e9chets - Mairie de Saint Germain d&#039;Arc\u00e9","isPartOf":{"@id":"https:\/\/saintgermaindarce.com\/sg\/#website"},"datePublished":"2018-06-28T05:26:29+00:00","dateModified":"2024-05-28T14:14:48+00:00","breadcrumb":{"@id":"https:\/\/saintgermaindarce.com\/sg\/collecte-des-dechets\/#breadcrumb"},"inLanguage":"fr-FR","potentialAction":[{"@type":"ReadAction","target":["https:\/\/saintgermaindarce.com\/sg\/collecte-des-dechets\/"]}]},{"@type":"BreadcrumbList","@id":"https:\/\/saintgermaindarce.com\/sg\/collecte-des-dechets\/#breadcrumb","itemListElement":[{"@type":"ListItem","position":1,"name":"Accueil","item":"https:\/\/saintgermaindarce.com\/sg\/"},{"@type":"ListItem","position":2,"name":"Collecte des d\u00e9chets"}]},{"@type":"WebSite","@id":"https:\/\/saintgermaindarce.com\/sg\/#website","url":"https:\/\/saintgermaindarce.com\/sg\/","name":"Mairie de Saint Germain d'Arc\u00e9","description":"","publisher":{"@id":"https:\/\/saintgermaindarce.com\/sg\/#\/schema\/person\/93511b19cadd37cf2a6e92b3df7f79ec"},"potentialAction":[{"@type":"SearchAction","target":{"@type":"EntryPoint","urlTemplate":"https:\/\/saintgermaindarce.com\/sg\/?s={search_term_string}"},"query-input":{"@type":"PropertyValueSpecification","valueRequired":true,"valueName":"search_term_string"}}],"inLanguage":"fr-FR"},{"@type":["Person","Organization"],"@id":"https:\/\/saintgermaindarce.com\/sg\/#\/schema\/person\/93511b19cadd37cf2a6e92b3df7f79ec","name":"secretariat Mairie","image":{"@type":"ImageObject","inLanguage":"fr-FR","@id":"https:\/\/secure.gravatar.com\/avatar\/f767471be6375bc48c47e01a87935108ce923ff3609476b1fd7fe905f23de8aa?s=96&d=mm&r=g","url":"https:\/\/secure.gravatar.com\/avatar\/f767471be6375bc48c47e01a87935108ce923ff3609476b1fd7fe905f23de8aa?s=96&d=mm&r=g","contentUrl":"https:\/\/secure.gravatar.com\/avatar\/f767471be6375bc48c47e01a87935108ce923ff3609476b1fd7fe905f23de8aa?s=96&d=mm&r=g","caption":"secretariat Mairie"},"logo":{"@id":"https:\/\/secure.gravatar.com\/avatar\/f767471be6375bc48c47e01a87935108ce923ff3609476b1fd7fe905f23de8aa?s=96&d=mm&r=g"}}]}},"_links":{"self":[{"href":"https:\/\/saintgermaindarce.com\/sg\/wp-json\/wp\/v2\/pages\/684","targetHints":{"allow":["GET"]}}],"collection":[{"href":"https:\/\/saintgermaindarce.com\/sg\/wp-json\/wp\/v2\/pages"}],"about":[{"href":"https:\/\/saintgermaindarce.com\/sg\/wp-json\/wp\/v2\/types\/page"}],"author":[{"embeddable":true,"href":"https:\/\/saintgermaindarce.com\/sg\/wp-json\/wp\/v2\/users\/1"}],"replies":[{"embeddable":true,"href":"https:\/\/saintgermaindarce.com\/sg\/wp-json\/wp\/v2\/comments?post=684"}],"version-history":[{"count":0,"href":"https:\/\/saintgermaindarce.com\/sg\/wp-json\/wp\/v2\/pages\/684\/revisions"}],"wp:attachment":[{"href":"https:\/\/saintgermaindarce.com\/sg\/wp-json\/wp\/v2\/media?parent=684"}],"curies":[{"name":"wp","href":"https:\/\/api.w.org\/{rel}","templated":true}]}}