{"id":680,"date":"2018-06-28T07:19:40","date_gmt":"2018-06-28T05:19:40","guid":{"rendered":"https:\/\/saintgermaindarce.com\/sg\/?page_id=680"},"modified":"2026-04-04T00:08:48","modified_gmt":"2026-04-03T22:08:48","slug":"circuits-de-randonnees","status":"publish","type":"page","link":"https:\/\/saintgermaindarce.com\/sg\/circuits-de-randonnees\/","title":{"rendered":"4 circuits de Randonn\u00e9es"},"content":{"rendered":"<div id=\"pl-680\"  class=\"panel-layout\" ><div id=\"pg-680-0\"  class=\"panel-grid panel-no-style\" ><div id=\"pgc-680-0-0\"  class=\"panel-grid-cell\" ><div id=\"panel-680-0-0-0\" class=\"so-panel widget widget_sow-editor panel-first-child panel-last-child widgetopts-SO\" data-index=\"0\" ><div\n\t\t\t\n\t\t\tclass=\"so-widget-sow-editor so-widget-sow-editor-base\"\n\t\t\t\n\t\t>\n<div class=\"siteorigin-widget-tinymce textwidget\">\n\t<\/div>\n<\/div><\/div><\/div><\/div><div id=\"pg-680-1\"  class=\"panel-grid panel-no-style\" ><div id=\"pgc-680-1-0\"  class=\"panel-grid-cell\" ><div id=\"panel-680-1-0-0\" class=\"so-panel widget widget_sow-editor panel-first-child panel-last-child widgetopts-SO\" data-index=\"1\" ><div\n\t\t\t\n\t\t\tclass=\"so-widget-sow-editor so-widget-sow-editor-base\"\n\t\t\t\n\t\t>\n<div class=\"siteorigin-widget-tinymce textwidget\">\n\t<div id=\"pg-360-1\" class=\"panel-grid\">\n<div id=\"pgc-360-1-0\" class=\"panel-grid-cell\">\n<div id=\"panel-360-1-0-0\" class=\"so-panel widget widget_black-studio-tinymce widget_black_studio_tinymce panel-first-child panel-last-child\" data-index=\"1\">\n<div class=\"textwidget\">\n<h3><strong>4 Circuits de randonn\u00e9es au d\u00e9part de Saint Germain d'Arc\u00e9 a vous proposer.<br \/>\n<\/strong><\/h3>\n<p>La Mairie peut vous d\u00e9livrer<a href=\"https:\/\/saintgermaindarce.com\/sg\/contact\/\"> [ gratuitement la brochure compl\u00e8te ]<\/a> avec ses 4 fiches circuits, plans et curiosit\u00e9s a voir (tr\u00e8s d\u00e9taill\u00e9 et pratique).<\/p>\n<h3><strong>Br\u00e8ve pr\u00e9sentation des 4 circuits :<br \/>\n<\/strong><\/h3>\n<div id=\"pgc-78-2-0\" class=\"panel-grid-cell\">\n<div id=\"panel-78-2-0-0\" class=\"so-panel widget widget_black-studio-tinymce widget_black_studio_tinymce panel-first-child panel-last-child\" data-index=\"2\">\n<div class=\"textwidget\">\n<ul>\n<li><strong>Vers Saint-Hippolyte <\/strong>(couleur verte) <strong>de 8km<\/strong> : D\u00e9part du parking de la Mairie et de l'agence postale au centre du bourg (a laisser sur sa gauche), passer \u00e0 droite par la ruelle \"Grand' Rue\"<strong> (indication verte)<\/strong>....<\/li>\n<li><strong>Amenon<\/strong> (couleur orange) <strong>de 13km<\/strong> : D\u00e9part du parking de la Mairie et de l'agence postale au centre du bourg (a laisser sur sa gauche), passer \u00e0 droite par la ruelle \"Grand' Rue\" <strong>(indication orange)<\/strong>....<\/li>\n<li><strong>De cave en tr\u00e9sor en ch\u00e2teau ruin\u00e9<\/strong> (couleur marron) <strong>de 10km<\/strong> : D\u00e9part du parking de la Mairie et de l'agence postale au centre du bourg (a laisser sur sa gauche), se diriger vers l'\u00e9glise et au premier croisement prendre \u00e0 gauche \"La Rue du Pont\", passer sur le pont de \"La Fare\" et suivre la direction D141 \"Chenu\" \"Saint Aubin Le D\u00e9peint\" <strong>(indication marron)<\/strong>....<\/li>\n<li><strong>Un chemin qui sent la noisette<\/strong> (couleur noir) <strong>de 8km<\/strong> : D\u00e9part du parking de la Mairie et de l'agence postale au centre du bourg (a laisser sur sa gauche), s'engager sur la \"Rue Principale\" en direction de l'Amicale de la Boule de Fort, sur la D141 (direction \"La Chapelle aux Choux\"), \u00e0 l'oppos\u00e9 de l'\u00e9glise. Passer la caserne des Pompiers, tourner \u00e0 droite vers le chemin p\u00e9destre qui passe au dessus de la rivi\u00e8re \"La Fare\", remonter le chemin \"La Rue du Gu\u00e9\" jusqu'\u00e0 la route<strong> (indication par le balisage noir)<\/strong>.<\/li>\n<\/ul>\n<\/div>\n<\/div>\n<\/div>\n<\/div>\n<\/div>\n<\/div>\n<\/div><div id=\"pg-360-2\" class=\"panel-grid\">\n<div id=\"pgc-360-2-0\" class=\"panel-grid-cell\">\n<div id=\"panel-360-2-0-0\" class=\"so-panel widget widget_black-studio-tinymce widget_black_studio_tinymce panel-first-child panel-last-child\" data-index=\"2\">\n<div class=\"textwidget\">\n<p>&nbsp;<\/p>\n<\/div>\n<\/div>\n<\/div>\n<\/div>\n<\/div>\n<\/div><\/div><\/div><div id=\"pgc-680-1-1\"  class=\"panel-grid-cell\" ><div id=\"panel-680-1-1-0\" class=\"so-panel widget widget_sow-image panel-first-child widgetopts-SO\" data-index=\"2\" ><div\n\t\t\t\n\t\t\tclass=\"so-widget-sow-image so-widget-sow-image-default-8b5b6f678277-680\"\n\t\t\t\n\t\t>\n<div class=\"sow-image-container\">\n\t\t<img \n\tsrc=\"https:\/\/saintgermaindarce.com\/sg\/wp-content\/uploads\/2018\/07\/rando-01.jpg\" width=\"257\" height=\"183\" sizes=\"(max-width: 257px) 100vw, 257px\" title=\"rando autour de Saint Germain d&rsquo;Arc\u00e9\" alt=\"rando autour de Saint Germain d&#039;Arc\u00e9\" \t\tclass=\"so-widget-image\"\/>\n\t<\/div>\n\n<\/div><\/div><div id=\"panel-680-1-1-1\" class=\"so-panel widget widget_sow-image panel-last-child widgetopts-SO\" data-index=\"3\" ><div\n\t\t\t\n\t\t\tclass=\"so-widget-sow-image so-widget-sow-image-default-8b5b6f678277-680\"\n\t\t\t\n\t\t>\n<div class=\"sow-image-container\">\n\t\t<img \n\tsrc=\"https:\/\/saintgermaindarce.com\/sg\/wp-content\/uploads\/2018\/07\/rando-02.jpg\" width=\"257\" height=\"183\" sizes=\"(max-width: 257px) 100vw, 257px\" title=\"randonn\u00e9e autour de Saint Germain d&rsquo;Arc\u00e9\" alt=\"randonn\u00e9e autour de Saint Germain d&#039;Arc\u00e9\" \t\tclass=\"so-widget-image\"\/>\n\t<\/div>\n\n<\/div><\/div><\/div><\/div><div id=\"pg-680-2\"  class=\"panel-grid panel-no-style\" ><div id=\"pgc-680-2-0\"  class=\"panel-grid-cell\" ><div id=\"panel-680-2-0-0\" class=\"so-panel widget widget_sow-image panel-first-child panel-last-child widgetopts-SO\" data-index=\"4\" ><div\n\t\t\t\n\t\t\tclass=\"so-widget-sow-image so-widget-sow-image-default-8b5b6f678277-680\"\n\t\t\t\n\t\t>\n<div class=\"sow-image-container\">\n\t\t<img \n\tsrc=\"https:\/\/saintgermaindarce.com\/sg\/wp-content\/uploads\/2018\/07\/4-randos-980-pix.jpg\" width=\"980\" height=\"652\" srcset=\"https:\/\/saintgermaindarce.com\/sg\/wp-content\/uploads\/2018\/07\/4-randos-980-pix.jpg 980w, https:\/\/saintgermaindarce.com\/sg\/wp-content\/uploads\/2018\/07\/4-randos-980-pix-300x200.jpg 300w, https:\/\/saintgermaindarce.com\/sg\/wp-content\/uploads\/2018\/07\/4-randos-980-pix-768x511.jpg 768w, https:\/\/saintgermaindarce.com\/sg\/wp-content\/uploads\/2018\/07\/4-randos-980-pix-272x182.jpg 272w\" sizes=\"(max-width: 980px) 100vw, 980px\" title=\"Chemins de randonn\u00e9es \u00e0 Saint Germain d&rsquo;Arc\u00e9\" alt=\"Chemins de randonn\u00e9es \u00e0 Saint Germain d&#039;Arc\u00e9\" \t\tclass=\"so-widget-image\"\/>\n\t<\/div>\n\n<\/div><\/div><\/div><\/div><\/div>","protected":false},"excerpt":{"rendered":"<p>4 Circuits de randonn\u00e9es au d\u00e9part de Saint Germain d&rsquo;Arc\u00e9 a vous proposer. La Mairie peut vous d\u00e9livrer [ gratuitement la brochure compl\u00e8te ] avec ses 4 fiches circuits, plans et curiosit\u00e9s a voir (tr\u00e8s d\u00e9taill\u00e9 et pratique). Br\u00e8ve pr\u00e9sentation des 4 circuits : Vers Saint-Hippolyte (couleur verte) de 8km : D\u00e9part du parking de&#8230;<\/p>\n<div class=\"read-more\"><a href=\"https:\/\/saintgermaindarce.com\/sg\/circuits-de-randonnees\/\">Lire la suite<\/a><\/div>\n","protected":false},"author":1,"featured_media":0,"parent":0,"menu_order":0,"comment_status":"closed","ping_status":"closed","template":"","meta":{"footnotes":""},"class_list":["post-680","page","type-page","status-publish","hentry"],"yoast_head":"<!-- This site is optimized with the Yoast SEO plugin v27.5 - https:\/\/yoast.com\/product\/yoast-seo-wordpress\/ -->\n<title>4 circuits de Randonn\u00e9es - Mairie de Saint Germain d&#039;Arc\u00e9<\/title>\n<meta name=\"robots\" content=\"index, follow, max-snippet:-1, max-image-preview:large, max-video-preview:-1\" \/>\n<link rel=\"canonical\" href=\"https:\/\/saintgermaindarce.com\/sg\/circuits-de-randonnees\/\" \/>\n<meta name=\"twitter:card\" content=\"summary_large_image\" \/>\n<meta name=\"twitter:title\" content=\"4 circuits de Randonn\u00e9es - Mairie de Saint Germain d&#039;Arc\u00e9\" \/>\n<meta name=\"twitter:description\" content=\"4 Circuits de randonn\u00e9es au d\u00e9part de Saint Germain d&#039;Arc\u00e9 a vous proposer. La Mairie peut vous d\u00e9livrer [ gratuitement la brochure compl\u00e8te ] avec ses 4 fiches circuits, plans et curiosit\u00e9s a voir (tr\u00e8s d\u00e9taill\u00e9 et pratique). Br\u00e8ve pr\u00e9sentation des 4 circuits : Vers Saint-Hippolyte (couleur verte) de 8km : D\u00e9part du parking de...Lire la suite\" \/>\n<meta name=\"twitter:label1\" content=\"Dur\u00e9e de lecture estim\u00e9e\" \/>\n\t<meta name=\"twitter:data1\" content=\"2 minutes\" \/>\n<script type=\"application\/ld+json\" class=\"yoast-schema-graph\">{\"@context\":\"https:\\\/\\\/schema.org\",\"@graph\":[{\"@type\":\"WebPage\",\"@id\":\"https:\\\/\\\/saintgermaindarce.com\\\/sg\\\/circuits-de-randonnees\\\/\",\"url\":\"https:\\\/\\\/saintgermaindarce.com\\\/sg\\\/circuits-de-randonnees\\\/\",\"name\":\"4 circuits de Randonn\u00e9es - Mairie de Saint Germain d&#039;Arc\u00e9\",\"isPartOf\":{\"@id\":\"https:\\\/\\\/saintgermaindarce.com\\\/sg\\\/#website\"},\"datePublished\":\"2018-06-28T05:19:40+00:00\",\"dateModified\":\"2026-04-03T22:08:48+00:00\",\"breadcrumb\":{\"@id\":\"https:\\\/\\\/saintgermaindarce.com\\\/sg\\\/circuits-de-randonnees\\\/#breadcrumb\"},\"inLanguage\":\"fr-FR\",\"potentialAction\":[{\"@type\":\"ReadAction\",\"target\":[\"https:\\\/\\\/saintgermaindarce.com\\\/sg\\\/circuits-de-randonnees\\\/\"]}]},{\"@type\":\"BreadcrumbList\",\"@id\":\"https:\\\/\\\/saintgermaindarce.com\\\/sg\\\/circuits-de-randonnees\\\/#breadcrumb\",\"itemListElement\":[{\"@type\":\"ListItem\",\"position\":1,\"name\":\"Accueil\",\"item\":\"https:\\\/\\\/saintgermaindarce.com\\\/sg\\\/\"},{\"@type\":\"ListItem\",\"position\":2,\"name\":\"4 circuits de Randonn\u00e9es\"}]},{\"@type\":\"WebSite\",\"@id\":\"https:\\\/\\\/saintgermaindarce.com\\\/sg\\\/#website\",\"url\":\"https:\\\/\\\/saintgermaindarce.com\\\/sg\\\/\",\"name\":\"Mairie de Saint Germain d'Arc\u00e9\",\"description\":\"\",\"publisher\":{\"@id\":\"https:\\\/\\\/saintgermaindarce.com\\\/sg\\\/#\\\/schema\\\/person\\\/93511b19cadd37cf2a6e92b3df7f79ec\"},\"potentialAction\":[{\"@type\":\"SearchAction\",\"target\":{\"@type\":\"EntryPoint\",\"urlTemplate\":\"https:\\\/\\\/saintgermaindarce.com\\\/sg\\\/?s={search_term_string}\"},\"query-input\":{\"@type\":\"PropertyValueSpecification\",\"valueRequired\":true,\"valueName\":\"search_term_string\"}}],\"inLanguage\":\"fr-FR\"},{\"@type\":[\"Person\",\"Organization\"],\"@id\":\"https:\\\/\\\/saintgermaindarce.com\\\/sg\\\/#\\\/schema\\\/person\\\/93511b19cadd37cf2a6e92b3df7f79ec\",\"name\":\"secretariat Mairie\",\"image\":{\"@type\":\"ImageObject\",\"inLanguage\":\"fr-FR\",\"@id\":\"https:\\\/\\\/secure.gravatar.com\\\/avatar\\\/f767471be6375bc48c47e01a87935108ce923ff3609476b1fd7fe905f23de8aa?s=96&d=mm&r=g\",\"url\":\"https:\\\/\\\/secure.gravatar.com\\\/avatar\\\/f767471be6375bc48c47e01a87935108ce923ff3609476b1fd7fe905f23de8aa?s=96&d=mm&r=g\",\"contentUrl\":\"https:\\\/\\\/secure.gravatar.com\\\/avatar\\\/f767471be6375bc48c47e01a87935108ce923ff3609476b1fd7fe905f23de8aa?s=96&d=mm&r=g\",\"caption\":\"secretariat Mairie\"},\"logo\":{\"@id\":\"https:\\\/\\\/secure.gravatar.com\\\/avatar\\\/f767471be6375bc48c47e01a87935108ce923ff3609476b1fd7fe905f23de8aa?s=96&d=mm&r=g\"}}]}<\/script>\n<!-- \/ Yoast SEO plugin. -->","yoast_head_json":{"title":"4 circuits de Randonn\u00e9es - Mairie de Saint Germain d&#039;Arc\u00e9","robots":{"index":"index","follow":"follow","max-snippet":"max-snippet:-1","max-image-preview":"max-image-preview:large","max-video-preview":"max-video-preview:-1"},"canonical":"https:\/\/saintgermaindarce.com\/sg\/circuits-de-randonnees\/","twitter_card":"summary_large_image","twitter_title":"4 circuits de Randonn\u00e9es - Mairie de Saint Germain d&#039;Arc\u00e9","twitter_description":"4 Circuits de randonn\u00e9es au d\u00e9part de Saint Germain d'Arc\u00e9 a vous proposer. La Mairie peut vous d\u00e9livrer [ gratuitement la brochure compl\u00e8te ] avec ses 4 fiches circuits, plans et curiosit\u00e9s a voir (tr\u00e8s d\u00e9taill\u00e9 et pratique). Br\u00e8ve pr\u00e9sentation des 4 circuits : Vers Saint-Hippolyte (couleur verte) de 8km : D\u00e9part du parking de...Lire la suite","twitter_misc":{"Dur\u00e9e de lecture estim\u00e9e":"2 minutes"},"schema":{"@context":"https:\/\/schema.org","@graph":[{"@type":"WebPage","@id":"https:\/\/saintgermaindarce.com\/sg\/circuits-de-randonnees\/","url":"https:\/\/saintgermaindarce.com\/sg\/circuits-de-randonnees\/","name":"4 circuits de Randonn\u00e9es - Mairie de Saint Germain d&#039;Arc\u00e9","isPartOf":{"@id":"https:\/\/saintgermaindarce.com\/sg\/#website"},"datePublished":"2018-06-28T05:19:40+00:00","dateModified":"2026-04-03T22:08:48+00:00","breadcrumb":{"@id":"https:\/\/saintgermaindarce.com\/sg\/circuits-de-randonnees\/#breadcrumb"},"inLanguage":"fr-FR","potentialAction":[{"@type":"ReadAction","target":["https:\/\/saintgermaindarce.com\/sg\/circuits-de-randonnees\/"]}]},{"@type":"BreadcrumbList","@id":"https:\/\/saintgermaindarce.com\/sg\/circuits-de-randonnees\/#breadcrumb","itemListElement":[{"@type":"ListItem","position":1,"name":"Accueil","item":"https:\/\/saintgermaindarce.com\/sg\/"},{"@type":"ListItem","position":2,"name":"4 circuits de Randonn\u00e9es"}]},{"@type":"WebSite","@id":"https:\/\/saintgermaindarce.com\/sg\/#website","url":"https:\/\/saintgermaindarce.com\/sg\/","name":"Mairie de Saint Germain d'Arc\u00e9","description":"","publisher":{"@id":"https:\/\/saintgermaindarce.com\/sg\/#\/schema\/person\/93511b19cadd37cf2a6e92b3df7f79ec"},"potentialAction":[{"@type":"SearchAction","target":{"@type":"EntryPoint","urlTemplate":"https:\/\/saintgermaindarce.com\/sg\/?s={search_term_string}"},"query-input":{"@type":"PropertyValueSpecification","valueRequired":true,"valueName":"search_term_string"}}],"inLanguage":"fr-FR"},{"@type":["Person","Organization"],"@id":"https:\/\/saintgermaindarce.com\/sg\/#\/schema\/person\/93511b19cadd37cf2a6e92b3df7f79ec","name":"secretariat Mairie","image":{"@type":"ImageObject","inLanguage":"fr-FR","@id":"https:\/\/secure.gravatar.com\/avatar\/f767471be6375bc48c47e01a87935108ce923ff3609476b1fd7fe905f23de8aa?s=96&d=mm&r=g","url":"https:\/\/secure.gravatar.com\/avatar\/f767471be6375bc48c47e01a87935108ce923ff3609476b1fd7fe905f23de8aa?s=96&d=mm&r=g","contentUrl":"https:\/\/secure.gravatar.com\/avatar\/f767471be6375bc48c47e01a87935108ce923ff3609476b1fd7fe905f23de8aa?s=96&d=mm&r=g","caption":"secretariat Mairie"},"logo":{"@id":"https:\/\/secure.gravatar.com\/avatar\/f767471be6375bc48c47e01a87935108ce923ff3609476b1fd7fe905f23de8aa?s=96&d=mm&r=g"}}]}},"_links":{"self":[{"href":"https:\/\/saintgermaindarce.com\/sg\/wp-json\/wp\/v2\/pages\/680","targetHints":{"allow":["GET"]}}],"collection":[{"href":"https:\/\/saintgermaindarce.com\/sg\/wp-json\/wp\/v2\/pages"}],"about":[{"href":"https:\/\/saintgermaindarce.com\/sg\/wp-json\/wp\/v2\/types\/page"}],"author":[{"embeddable":true,"href":"https:\/\/saintgermaindarce.com\/sg\/wp-json\/wp\/v2\/users\/1"}],"replies":[{"embeddable":true,"href":"https:\/\/saintgermaindarce.com\/sg\/wp-json\/wp\/v2\/comments?post=680"}],"version-history":[{"count":1,"href":"https:\/\/saintgermaindarce.com\/sg\/wp-json\/wp\/v2\/pages\/680\/revisions"}],"predecessor-version":[{"id":6379,"href":"https:\/\/saintgermaindarce.com\/sg\/wp-json\/wp\/v2\/pages\/680\/revisions\/6379"}],"wp:attachment":[{"href":"https:\/\/saintgermaindarce.com\/sg\/wp-json\/wp\/v2\/media?parent=680"}],"curies":[{"name":"wp","href":"https:\/\/api.w.org\/{rel}","templated":true}]}}