{"id":657,"date":"2018-06-09T14:59:56","date_gmt":"2018-06-09T12:59:56","guid":{"rendered":"https:\/\/saintgermaindarce.com\/sg\/?page_id=657"},"modified":"2022-08-02T15:02:42","modified_gmt":"2022-08-02T13:02:42","slug":"gites-et-chambres-hotes","status":"publish","type":"page","link":"https:\/\/saintgermaindarce.com\/sg\/gites-et-chambres-hotes\/","title":{"rendered":"G\u00eetes et chambres d&rsquo;H\u00f4tes"},"content":{"rendered":"<div id=\"pl-657\"  class=\"panel-layout\" ><div id=\"pg-657-0\"  class=\"panel-grid panel-no-style\" ><div id=\"pgc-657-0-0\"  class=\"panel-grid-cell\" ><div id=\"panel-657-0-0-0\" class=\"so-panel widget widget_sow-editor panel-first-child panel-last-child widgetopts-SO\" data-index=\"0\" ><div\n\t\t\t\n\t\t\tclass=\"so-widget-sow-editor so-widget-sow-editor-base\"\n\t\t\t\n\t\t>\n<div class=\"siteorigin-widget-tinymce textwidget\">\n\t<\/div>\n<\/div><\/div><\/div><\/div><div id=\"pg-657-1\"  class=\"panel-grid panel-no-style\" ><div id=\"pgc-657-1-0\"  class=\"panel-grid-cell\" ><div id=\"panel-657-1-0-0\" class=\"so-panel widget widget_sow-editor panel-first-child panel-last-child widgetopts-SO\" data-index=\"1\" ><div\n\t\t\t\n\t\t\tclass=\"so-widget-sow-editor so-widget-sow-editor-base\"\n\t\t\t\n\t\t>\n<div class=\"siteorigin-widget-tinymce textwidget\">\n\t<div id=\"pg-360-2\" class=\"panel-grid\">\n<div id=\"pgc-360-2-0\" class=\"panel-grid-cell\">\n<div id=\"panel-360-2-0-0\" class=\"so-panel widget widget_black-studio-tinymce widget_black_studio_tinymce panel-first-child panel-last-child\" data-index=\"2\">\n<div class=\"textwidget\">\n<p><strong>Voici quelques id\u00e9es de chambres d'h\u00f4tes \u00e0 proximit\u00e9. Cette liste est purement indicative et non exhaustive. Le classement effectu\u00e9 correspond \u00e0 la proximit\u00e9 la plus proche de Saint Germain d'Arc\u00e9 puis le mode alphab\u00e9tique.<br \/>\n<\/strong><\/p>\n<\/div>\n<\/div>\n<\/div>\n<\/div>\n<\/div>\n<\/div><\/div><\/div><\/div><div id=\"pg-657-2\"  class=\"panel-grid panel-no-style\" ><div id=\"pgc-657-2-0\"  class=\"panel-grid-cell panel-grid-cell-empty\" ><\/div><div id=\"pgc-657-2-1\"  class=\"panel-grid-cell panel-grid-cell-empty panel-grid-cell-mobile-last\" ><\/div><div id=\"pgc-657-2-2\"  class=\"panel-grid-cell panel-grid-cell-empty\" ><\/div><\/div><div id=\"pg-657-3\"  class=\"panel-grid panel-no-style\" ><div id=\"pgc-657-3-0\"  class=\"panel-grid-cell\" ><div id=\"panel-657-3-0-0\" class=\"so-panel widget widget_sow-image panel-first-child panel-last-child widgetopts-SO\" data-index=\"2\" ><div\n\t\t\t\n\t\t\tclass=\"so-widget-sow-image so-widget-sow-image-default-8b5b6f678277-657\"\n\t\t\t\n\t\t>\n<div class=\"sow-image-container\">\n\t\t<img \n\tsrc=\"https:\/\/saintgermaindarce.com\/sg\/wp-content\/uploads\/2018\/07\/chenu-01.jpg\" width=\"300\" height=\"225\" sizes=\"(max-width: 300px) 100vw, 300px\" alt=\"chenu-01\" \t\tclass=\"so-widget-image\"\/>\n\t<\/div>\n\n<\/div><\/div><\/div><div id=\"pgc-657-3-1\"  class=\"panel-grid-cell\" ><div id=\"panel-657-3-1-0\" class=\"so-panel widget widget_sow-image panel-first-child panel-last-child widgetopts-SO\" data-index=\"3\" ><div\n\t\t\t\n\t\t\tclass=\"so-widget-sow-image so-widget-sow-image-default-8b5b6f678277-657\"\n\t\t\t\n\t\t>\n<div class=\"sow-image-container\">\n\t\t<img \n\tsrc=\"https:\/\/saintgermaindarce.com\/sg\/wp-content\/uploads\/2018\/07\/chenu-02.jpg\" width=\"300\" height=\"225\" sizes=\"(max-width: 300px) 100vw, 300px\" alt=\"chenu-02\" \t\tclass=\"so-widget-image\"\/>\n\t<\/div>\n\n<\/div><\/div><\/div><div id=\"pgc-657-3-2\"  class=\"panel-grid-cell\" ><div id=\"panel-657-3-2-0\" class=\"so-panel widget widget_sow-editor panel-first-child panel-last-child widgetopts-SO\" data-index=\"4\" ><div\n\t\t\t\n\t\t\tclass=\"so-widget-sow-editor so-widget-sow-editor-base\"\n\t\t\t\n\t\t>\n<div class=\"siteorigin-widget-tinymce textwidget\">\n\t<h3><b class=\"titre_adresse_annonce\">72800 - CHENU<\/b><\/h3>\n<h3 class=\"titre_nom_annonce\">Chambres d'h\u00f4tes - Belle demeure du Val de Loir<\/h3>\n<p><b>3 chambres doubles avec salle de bain particuli\u00e8re<\/b><br \/>\nChambres d'h\u00f4tes, petit d\u00e9jeuner inclus<br \/>\nLien : <a href=\"https:\/\/www.airbnb.fr\/rooms\/6218588?location=Saint%20Germain%20d%27Arc%C3%A9&s=WHqDsCRy\" target=\"_blank\" rel=\"noopener\">Site web<\/a><br \/>\nContact: Laurence<\/p>\n<\/div>\n<\/div><\/div><\/div><\/div><div id=\"pg-657-4\"  class=\"panel-grid panel-no-style\" ><div id=\"pgc-657-4-0\"  class=\"panel-grid-cell\" ><div id=\"panel-657-4-0-0\" class=\"so-panel widget widget_sow-image panel-first-child panel-last-child widgetopts-SO\" data-index=\"5\" ><div\n\t\t\t\n\t\t\tclass=\"so-widget-sow-image so-widget-sow-image-default-8b5b6f678277-657\"\n\t\t\t\n\t\t>\n<div class=\"sow-image-container\">\n\t\t<img \n\tsrc=\"https:\/\/saintgermaindarce.com\/sg\/wp-content\/uploads\/2018\/07\/cote-jardin-01.jpg\" width=\"300\" height=\"225\" sizes=\"(max-width: 300px) 100vw, 300px\" alt=\"cote-jardin-01\" \t\tclass=\"so-widget-image\"\/>\n\t<\/div>\n\n<\/div><\/div><\/div><div id=\"pgc-657-4-1\"  class=\"panel-grid-cell\" ><div id=\"panel-657-4-1-0\" class=\"so-panel widget widget_sow-image panel-first-child panel-last-child widgetopts-SO\" data-index=\"6\" ><div\n\t\t\t\n\t\t\tclass=\"so-widget-sow-image so-widget-sow-image-default-8b5b6f678277-657\"\n\t\t\t\n\t\t>\n<div class=\"sow-image-container\">\n\t\t<img \n\tsrc=\"https:\/\/saintgermaindarce.com\/sg\/wp-content\/uploads\/2018\/07\/cote-jardin-02.jpg\" width=\"300\" height=\"225\" sizes=\"(max-width: 300px) 100vw, 300px\" alt=\"cote-jardin-02\" \t\tclass=\"so-widget-image\"\/>\n\t<\/div>\n\n<\/div><\/div><\/div><div id=\"pgc-657-4-2\"  class=\"panel-grid-cell\" ><div id=\"panel-657-4-2-0\" class=\"so-panel widget widget_sow-editor panel-first-child panel-last-child widgetopts-SO\" data-index=\"7\" ><div\n\t\t\t\n\t\t\tclass=\"so-widget-sow-editor so-widget-sow-editor-base\"\n\t\t\t\n\t\t>\n<div class=\"siteorigin-widget-tinymce textwidget\">\n\t<h3><b class=\"titre_adresse_annonce\">72800 - LA CHAPELLE AUX CHOUX<\/b><\/h3>\n<h3 class=\"titre_nom_annonce\">Chambres d'h\u00f4tes C\u00f4t\u00e9 jardin<\/h3>\n<p><b>2 chambres<\/b>, <b>2 et 6 personnes (total 8 personnes)<\/b><br \/>\nChambres d'h\u00f4tes, petit d\u00e9jeuner inclus<br \/>\nLien : <a href=\"https:\/\/www.chambres-hotes.fr\/chambres-hotes_chambres-d-hotes-cote-jardin_la-chapelle-aux-choux_h1488647.htm\" target=\"_blank\" rel=\"noopener\">Site web<\/a><\/p>\n<\/div>\n<\/div><\/div><\/div><\/div><div id=\"pg-657-5\"  class=\"panel-grid panel-no-style\" ><div id=\"pgc-657-5-0\"  class=\"panel-grid-cell\" ><div id=\"panel-657-5-0-0\" class=\"so-panel widget widget_sow-image panel-first-child panel-last-child widgetopts-SO\" data-index=\"8\" ><div\n\t\t\t\n\t\t\tclass=\"so-widget-sow-image so-widget-sow-image-default-8b5b6f678277-657\"\n\t\t\t\n\t\t>\n<div class=\"sow-image-container\">\n\t\t<img \n\tsrc=\"https:\/\/saintgermaindarce.com\/sg\/wp-content\/uploads\/2018\/07\/a-la-nuitee-01.jpg\" width=\"300\" height=\"225\" sizes=\"(max-width: 300px) 100vw, 300px\" alt=\"a-la-nuitee-01\" \t\tclass=\"so-widget-image\"\/>\n\t<\/div>\n\n<\/div><\/div><\/div><div id=\"pgc-657-5-1\"  class=\"panel-grid-cell\" ><div id=\"panel-657-5-1-0\" class=\"so-panel widget widget_sow-image panel-first-child panel-last-child widgetopts-SO\" data-index=\"9\" ><div\n\t\t\t\n\t\t\tclass=\"so-widget-sow-image so-widget-sow-image-default-8b5b6f678277-657\"\n\t\t\t\n\t\t>\n<div class=\"sow-image-container\">\n\t\t<img \n\tsrc=\"https:\/\/saintgermaindarce.com\/sg\/wp-content\/uploads\/2018\/07\/a-la-nuitee-02.jpg\" width=\"300\" height=\"225\" sizes=\"(max-width: 300px) 100vw, 300px\" alt=\"a-la-nuitee-02\" \t\tclass=\"so-widget-image\"\/>\n\t<\/div>\n\n<\/div><\/div><\/div><div id=\"pgc-657-5-2\"  class=\"panel-grid-cell\" ><div id=\"panel-657-5-2-0\" class=\"so-panel widget widget_sow-editor panel-first-child panel-last-child widgetopts-SO\" data-index=\"10\" ><div\n\t\t\t\n\t\t\tclass=\"so-widget-sow-editor so-widget-sow-editor-base\"\n\t\t\t\n\t\t>\n<div class=\"siteorigin-widget-tinymce textwidget\">\n\t<h3><b class=\"titre_adresse_annonce\">72800 - LA CHAPELLE AUX CHOUX<\/b><\/h3>\n<h3 class=\"titre_nom_annonce\">Maison \u00e0 la nuit\u00e9e: terrasse & Wifi<\/h3>\n<p><b>2 chambres<\/b>, <b>4 personnes, salle de bain, Wifi<\/b><br \/>\nLocation maison \u00e0 la nuit\u00e9e<br \/>\nLien : <a href=\"https:\/\/www.airbnb.fr\/rooms\/26411475?location=Saint%20Germain%20d%27Arc%C3%A9&s=WHqDsCRy\" target=\"_blank\" rel=\"noopener\">Site web<\/a><br \/>\nContact: Loic<\/p>\n<\/div>\n<\/div><\/div><\/div><\/div><div id=\"pg-657-6\"  class=\"panel-grid panel-no-style\" ><div id=\"pgc-657-6-0\"  class=\"panel-grid-cell\" ><div id=\"panel-657-6-0-0\" class=\"so-panel widget widget_sow-image panel-first-child panel-last-child widgetopts-SO\" data-index=\"11\" ><div\n\t\t\t\n\t\t\tclass=\"so-widget-sow-image so-widget-sow-image-default-8b5b6f678277-657\"\n\t\t\t\n\t\t>\n<div class=\"sow-image-container\">\n\t\t<img \n\tsrc=\"https:\/\/saintgermaindarce.com\/sg\/wp-content\/uploads\/2018\/07\/la-bruere-01.jpg\" width=\"300\" height=\"225\" sizes=\"(max-width: 300px) 100vw, 300px\" title=\"Chambre d&#039;H\u00f4tes \u00e0 La Bru\u00e8re sur Loir\" alt=\"Chambre d&#039;H\u00f4tes \u00e0 La Bru\u00e8re sur Loir\" \t\tclass=\"so-widget-image\"\/>\n\t<\/div>\n\n<\/div><\/div><\/div><div id=\"pgc-657-6-1\"  class=\"panel-grid-cell\" ><div id=\"panel-657-6-1-0\" class=\"so-panel widget widget_sow-image panel-first-child panel-last-child widgetopts-SO\" data-index=\"12\" ><div\n\t\t\t\n\t\t\tclass=\"so-widget-sow-image so-widget-sow-image-default-8b5b6f678277-657\"\n\t\t\t\n\t\t>\n<div class=\"sow-image-container\">\n\t\t<img \n\tsrc=\"https:\/\/saintgermaindarce.com\/sg\/wp-content\/uploads\/2018\/07\/la-bruere-02.jpg\" width=\"300\" height=\"225\" sizes=\"(max-width: 300px) 100vw, 300px\" title=\"Chambre d&#039;H\u00f4tes \u00e0 La Bru\u00e8re sur Loir\" alt=\"Chambre d&#039;H\u00f4tes \u00e0 La Bru\u00e8re sur Loir\" \t\tclass=\"so-widget-image\"\/>\n\t<\/div>\n\n<\/div><\/div><\/div><div id=\"pgc-657-6-2\"  class=\"panel-grid-cell\" ><div id=\"panel-657-6-2-0\" class=\"so-panel widget widget_sow-editor panel-first-child panel-last-child widgetopts-SO\" data-index=\"13\" ><div\n\t\t\t\n\t\t\tclass=\"so-widget-sow-editor so-widget-sow-editor-base\"\n\t\t\t\n\t\t>\n<div class=\"siteorigin-widget-tinymce textwidget\">\n\t<h3 class=\"titre_nom_annonce\"><b class=\"titre_adresse_annonce\">72500 - LA BRU\u00c8RE SUR LOIR<\/b><\/h3>\n<h3 class=\"titre_nom_annonce\">Chambres d'h\u00f4tes La Belle M\u00e9tairie<\/h3>\n<p><strong><span id=\"spanDescriptionEnvir\" class=\"spanDescription\">1 chambre (5 personnes). Petit d\u00e9jeuner inclus.<\/span> <\/strong><br \/>\nChambres d'h\u00f4tes<br \/>\nLien : <a href=\"https:\/\/www.labellemetairie.fr\/\" target=\"_blank\" rel=\"noopener\">Site web<\/a><br \/>\nContact: <span id=\"span_nomProprio\">Mauricette DELHOMMEAU<\/span><br \/>\nT\u00e9l.: <span id=\"voir_telephone\">02 43 38 87 23 - 06 10 91 55 91<\/span><\/p>\n<\/div>\n<\/div><\/div><\/div><\/div><div id=\"pg-657-7\"  class=\"panel-grid panel-no-style\" ><div id=\"pgc-657-7-0\"  class=\"panel-grid-cell\" ><div id=\"panel-657-7-0-0\" class=\"so-panel widget widget_sow-image panel-first-child panel-last-child widgetopts-SO\" data-index=\"14\" ><div\n\t\t\t\n\t\t\tclass=\"so-widget-sow-image so-widget-sow-image-default-8b5b6f678277-657\"\n\t\t\t\n\t\t>\n<div class=\"sow-image-container\">\n\t\t<img \n\tsrc=\"https:\/\/saintgermaindarce.com\/sg\/wp-content\/uploads\/2018\/07\/le-lude-01.jpg\" width=\"300\" height=\"169\" sizes=\"(max-width: 300px) 100vw, 300px\" alt=\"le-lude-01\" \t\tclass=\"so-widget-image\"\/>\n\t<\/div>\n\n<\/div><\/div><\/div><div id=\"pgc-657-7-1\"  class=\"panel-grid-cell\" ><div id=\"panel-657-7-1-0\" class=\"so-panel widget widget_sow-image panel-first-child panel-last-child widgetopts-SO\" data-index=\"15\" ><div\n\t\t\t\n\t\t\tclass=\"so-widget-sow-image so-widget-sow-image-default-8b5b6f678277-657\"\n\t\t\t\n\t\t>\n<div class=\"sow-image-container\">\n\t\t<img \n\tsrc=\"https:\/\/saintgermaindarce.com\/sg\/wp-content\/uploads\/2018\/07\/le-lude-02.jpg\" width=\"300\" height=\"169\" sizes=\"(max-width: 300px) 100vw, 300px\" alt=\"le-lude-02\" \t\tclass=\"so-widget-image\"\/>\n\t<\/div>\n\n<\/div><\/div><\/div><div id=\"pgc-657-7-2\"  class=\"panel-grid-cell\" ><div id=\"panel-657-7-2-0\" class=\"so-panel widget widget_sow-editor panel-first-child panel-last-child widgetopts-SO\" data-index=\"16\" ><div\n\t\t\t\n\t\t\tclass=\"so-widget-sow-editor so-widget-sow-editor-base\"\n\t\t\t\n\t\t>\n<div class=\"siteorigin-widget-tinymce textwidget\">\n\t<h3 class=\"titre_nom_annonce\"><b class=\"titre_adresse_annonce\">72800 - LE LUDE<\/b><\/h3>\n<h3 class=\"titre_nom_annonce\">Chambres d'h\u00f4tes 5 Grande Rue<\/h3>\n<p><b>5 chambres<\/b><strong>, 14 \u00e0 25 m2.<\/strong><br \/>\nChambres d'h\u00f4tes, petit d\u00e9jeuner inclus<br \/>\nLien : <a href=\"https:\/\/www.chambres-hotes.fr\/chambres-hotes_5-grande-rue_le-lude_h11001.htm\" target=\"_blank\" rel=\"noopener\">Site web<\/a><\/p>\n<\/div>\n<\/div><\/div><\/div><\/div><\/div>","protected":false},"excerpt":{"rendered":"<p>Voici quelques id\u00e9es de chambres d&rsquo;h\u00f4tes \u00e0 proximit\u00e9. Cette liste est purement indicative et non exhaustive. Le classement effectu\u00e9 correspond \u00e0 la proximit\u00e9 la plus proche de Saint Germain d&rsquo;Arc\u00e9 puis le mode alphab\u00e9tique.<\/p>\n","protected":false},"author":1,"featured_media":0,"parent":0,"menu_order":0,"comment_status":"closed","ping_status":"closed","template":"","meta":{"footnotes":""},"class_list":["post-657","page","type-page","status-publish","hentry"],"yoast_head":"<!-- This site is optimized with the Yoast SEO plugin v27.3 - https:\/\/yoast.com\/product\/yoast-seo-wordpress\/ -->\n<title>G\u00eetes et chambres d&#039;H\u00f4tes - Mairie de Saint Germain d&#039;Arc\u00e9<\/title>\n<meta name=\"robots\" content=\"index, follow, max-snippet:-1, max-image-preview:large, max-video-preview:-1\" \/>\n<link rel=\"canonical\" href=\"https:\/\/saintgermaindarce.com\/sg\/gites-et-chambres-hotes\/\" \/>\n<meta name=\"twitter:card\" content=\"summary_large_image\" \/>\n<meta name=\"twitter:title\" content=\"G\u00eetes et chambres d&#039;H\u00f4tes - Mairie de Saint Germain d&#039;Arc\u00e9\" \/>\n<meta name=\"twitter:description\" content=\"Voici quelques id\u00e9es de chambres d&#039;h\u00f4tes \u00e0 proximit\u00e9. Cette liste est purement indicative et non exhaustive. Le classement effectu\u00e9 correspond \u00e0 la proximit\u00e9 la plus proche de Saint Germain d&#039;Arc\u00e9 puis le mode alphab\u00e9tique.\" \/>\n<meta name=\"twitter:label1\" content=\"Dur\u00e9e de lecture estim\u00e9e\" \/>\n\t<meta name=\"twitter:data1\" content=\"1 minute\" \/>\n<script type=\"application\/ld+json\" class=\"yoast-schema-graph\">{\"@context\":\"https:\\\/\\\/schema.org\",\"@graph\":[{\"@type\":\"WebPage\",\"@id\":\"https:\\\/\\\/saintgermaindarce.com\\\/sg\\\/gites-et-chambres-hotes\\\/\",\"url\":\"https:\\\/\\\/saintgermaindarce.com\\\/sg\\\/gites-et-chambres-hotes\\\/\",\"name\":\"G\u00eetes et chambres d'H\u00f4tes - Mairie de Saint Germain d&#039;Arc\u00e9\",\"isPartOf\":{\"@id\":\"https:\\\/\\\/saintgermaindarce.com\\\/sg\\\/#website\"},\"datePublished\":\"2018-06-09T12:59:56+00:00\",\"dateModified\":\"2022-08-02T13:02:42+00:00\",\"breadcrumb\":{\"@id\":\"https:\\\/\\\/saintgermaindarce.com\\\/sg\\\/gites-et-chambres-hotes\\\/#breadcrumb\"},\"inLanguage\":\"fr-FR\",\"potentialAction\":[{\"@type\":\"ReadAction\",\"target\":[\"https:\\\/\\\/saintgermaindarce.com\\\/sg\\\/gites-et-chambres-hotes\\\/\"]}]},{\"@type\":\"BreadcrumbList\",\"@id\":\"https:\\\/\\\/saintgermaindarce.com\\\/sg\\\/gites-et-chambres-hotes\\\/#breadcrumb\",\"itemListElement\":[{\"@type\":\"ListItem\",\"position\":1,\"name\":\"Accueil\",\"item\":\"https:\\\/\\\/saintgermaindarce.com\\\/sg\\\/\"},{\"@type\":\"ListItem\",\"position\":2,\"name\":\"G\u00eetes et chambres d&#8217;H\u00f4tes\"}]},{\"@type\":\"WebSite\",\"@id\":\"https:\\\/\\\/saintgermaindarce.com\\\/sg\\\/#website\",\"url\":\"https:\\\/\\\/saintgermaindarce.com\\\/sg\\\/\",\"name\":\"Mairie de Saint Germain d'Arc\u00e9\",\"description\":\"\",\"publisher\":{\"@id\":\"https:\\\/\\\/saintgermaindarce.com\\\/sg\\\/#\\\/schema\\\/person\\\/93511b19cadd37cf2a6e92b3df7f79ec\"},\"potentialAction\":[{\"@type\":\"SearchAction\",\"target\":{\"@type\":\"EntryPoint\",\"urlTemplate\":\"https:\\\/\\\/saintgermaindarce.com\\\/sg\\\/?s={search_term_string}\"},\"query-input\":{\"@type\":\"PropertyValueSpecification\",\"valueRequired\":true,\"valueName\":\"search_term_string\"}}],\"inLanguage\":\"fr-FR\"},{\"@type\":[\"Person\",\"Organization\"],\"@id\":\"https:\\\/\\\/saintgermaindarce.com\\\/sg\\\/#\\\/schema\\\/person\\\/93511b19cadd37cf2a6e92b3df7f79ec\",\"name\":\"secretariat Mairie\",\"image\":{\"@type\":\"ImageObject\",\"inLanguage\":\"fr-FR\",\"@id\":\"https:\\\/\\\/secure.gravatar.com\\\/avatar\\\/f767471be6375bc48c47e01a87935108ce923ff3609476b1fd7fe905f23de8aa?s=96&d=mm&r=g\",\"url\":\"https:\\\/\\\/secure.gravatar.com\\\/avatar\\\/f767471be6375bc48c47e01a87935108ce923ff3609476b1fd7fe905f23de8aa?s=96&d=mm&r=g\",\"contentUrl\":\"https:\\\/\\\/secure.gravatar.com\\\/avatar\\\/f767471be6375bc48c47e01a87935108ce923ff3609476b1fd7fe905f23de8aa?s=96&d=mm&r=g\",\"caption\":\"secretariat Mairie\"},\"logo\":{\"@id\":\"https:\\\/\\\/secure.gravatar.com\\\/avatar\\\/f767471be6375bc48c47e01a87935108ce923ff3609476b1fd7fe905f23de8aa?s=96&d=mm&r=g\"}}]}<\/script>\n<!-- \/ Yoast SEO plugin. -->","yoast_head_json":{"title":"G\u00eetes et chambres d'H\u00f4tes - Mairie de Saint Germain d&#039;Arc\u00e9","robots":{"index":"index","follow":"follow","max-snippet":"max-snippet:-1","max-image-preview":"max-image-preview:large","max-video-preview":"max-video-preview:-1"},"canonical":"https:\/\/saintgermaindarce.com\/sg\/gites-et-chambres-hotes\/","twitter_card":"summary_large_image","twitter_title":"G\u00eetes et chambres d'H\u00f4tes - Mairie de Saint Germain d&#039;Arc\u00e9","twitter_description":"Voici quelques id\u00e9es de chambres d'h\u00f4tes \u00e0 proximit\u00e9. Cette liste est purement indicative et non exhaustive. Le classement effectu\u00e9 correspond \u00e0 la proximit\u00e9 la plus proche de Saint Germain d'Arc\u00e9 puis le mode alphab\u00e9tique.","twitter_misc":{"Dur\u00e9e de lecture estim\u00e9e":"1 minute"},"schema":{"@context":"https:\/\/schema.org","@graph":[{"@type":"WebPage","@id":"https:\/\/saintgermaindarce.com\/sg\/gites-et-chambres-hotes\/","url":"https:\/\/saintgermaindarce.com\/sg\/gites-et-chambres-hotes\/","name":"G\u00eetes et chambres d'H\u00f4tes - Mairie de Saint Germain d&#039;Arc\u00e9","isPartOf":{"@id":"https:\/\/saintgermaindarce.com\/sg\/#website"},"datePublished":"2018-06-09T12:59:56+00:00","dateModified":"2022-08-02T13:02:42+00:00","breadcrumb":{"@id":"https:\/\/saintgermaindarce.com\/sg\/gites-et-chambres-hotes\/#breadcrumb"},"inLanguage":"fr-FR","potentialAction":[{"@type":"ReadAction","target":["https:\/\/saintgermaindarce.com\/sg\/gites-et-chambres-hotes\/"]}]},{"@type":"BreadcrumbList","@id":"https:\/\/saintgermaindarce.com\/sg\/gites-et-chambres-hotes\/#breadcrumb","itemListElement":[{"@type":"ListItem","position":1,"name":"Accueil","item":"https:\/\/saintgermaindarce.com\/sg\/"},{"@type":"ListItem","position":2,"name":"G\u00eetes et chambres d&#8217;H\u00f4tes"}]},{"@type":"WebSite","@id":"https:\/\/saintgermaindarce.com\/sg\/#website","url":"https:\/\/saintgermaindarce.com\/sg\/","name":"Mairie de Saint Germain d'Arc\u00e9","description":"","publisher":{"@id":"https:\/\/saintgermaindarce.com\/sg\/#\/schema\/person\/93511b19cadd37cf2a6e92b3df7f79ec"},"potentialAction":[{"@type":"SearchAction","target":{"@type":"EntryPoint","urlTemplate":"https:\/\/saintgermaindarce.com\/sg\/?s={search_term_string}"},"query-input":{"@type":"PropertyValueSpecification","valueRequired":true,"valueName":"search_term_string"}}],"inLanguage":"fr-FR"},{"@type":["Person","Organization"],"@id":"https:\/\/saintgermaindarce.com\/sg\/#\/schema\/person\/93511b19cadd37cf2a6e92b3df7f79ec","name":"secretariat Mairie","image":{"@type":"ImageObject","inLanguage":"fr-FR","@id":"https:\/\/secure.gravatar.com\/avatar\/f767471be6375bc48c47e01a87935108ce923ff3609476b1fd7fe905f23de8aa?s=96&d=mm&r=g","url":"https:\/\/secure.gravatar.com\/avatar\/f767471be6375bc48c47e01a87935108ce923ff3609476b1fd7fe905f23de8aa?s=96&d=mm&r=g","contentUrl":"https:\/\/secure.gravatar.com\/avatar\/f767471be6375bc48c47e01a87935108ce923ff3609476b1fd7fe905f23de8aa?s=96&d=mm&r=g","caption":"secretariat Mairie"},"logo":{"@id":"https:\/\/secure.gravatar.com\/avatar\/f767471be6375bc48c47e01a87935108ce923ff3609476b1fd7fe905f23de8aa?s=96&d=mm&r=g"}}]}},"_links":{"self":[{"href":"https:\/\/saintgermaindarce.com\/sg\/wp-json\/wp\/v2\/pages\/657","targetHints":{"allow":["GET"]}}],"collection":[{"href":"https:\/\/saintgermaindarce.com\/sg\/wp-json\/wp\/v2\/pages"}],"about":[{"href":"https:\/\/saintgermaindarce.com\/sg\/wp-json\/wp\/v2\/types\/page"}],"author":[{"embeddable":true,"href":"https:\/\/saintgermaindarce.com\/sg\/wp-json\/wp\/v2\/users\/1"}],"replies":[{"embeddable":true,"href":"https:\/\/saintgermaindarce.com\/sg\/wp-json\/wp\/v2\/comments?post=657"}],"version-history":[{"count":0,"href":"https:\/\/saintgermaindarce.com\/sg\/wp-json\/wp\/v2\/pages\/657\/revisions"}],"wp:attachment":[{"href":"https:\/\/saintgermaindarce.com\/sg\/wp-json\/wp\/v2\/media?parent=657"}],"curies":[{"name":"wp","href":"https:\/\/api.w.org\/{rel}","templated":true}]}}