{"id":644,"date":"2018-06-28T06:45:01","date_gmt":"2018-06-28T04:45:01","guid":{"rendered":"https:\/\/saintgermaindarce.com\/sg\/?page_id=644"},"modified":"2023-11-10T19:27:52","modified_gmt":"2023-11-10T18:27:52","slug":"espace-socio-culturel-2","status":"publish","type":"page","link":"https:\/\/saintgermaindarce.com\/sg\/espace-socio-culturel-2\/","title":{"rendered":"Espace Socio-culturel"},"content":{"rendered":"<div id=\"pl-644\"  class=\"panel-layout\" ><div id=\"pg-644-0\"  class=\"panel-grid panel-no-style\" ><div id=\"pgc-644-0-0\"  class=\"panel-grid-cell\" ><div id=\"panel-644-0-0-0\" class=\"so-panel widget widget_sow-editor panel-first-child panel-last-child widgetopts-SO\" data-index=\"0\" ><div\n\t\t\t\n\t\t\tclass=\"so-widget-sow-editor so-widget-sow-editor-base\"\n\t\t\t\n\t\t>\n<div class=\"siteorigin-widget-tinymce textwidget\">\n\t<\/div>\n<\/div><\/div><\/div><\/div><div id=\"pg-644-1\"  class=\"panel-grid panel-no-style\" ><div id=\"pgc-644-1-0\"  class=\"panel-grid-cell\" ><div id=\"panel-644-1-0-0\" class=\"so-panel widget widget_sow-image panel-first-child panel-last-child widgetopts-SO\" data-index=\"1\" ><div\n\t\t\t\n\t\t\tclass=\"so-widget-sow-image so-widget-sow-image-default-113ccd71f3e6-644\"\n\t\t\t\n\t\t>\n<div class=\"sow-image-container\">\n\t\t<img \n\tsrc=\"https:\/\/saintgermaindarce.com\/sg\/wp-content\/uploads\/2018\/07\/bandeau-espace-socio-culturel.jpg\" width=\"980\" height=\"250\" srcset=\"https:\/\/saintgermaindarce.com\/sg\/wp-content\/uploads\/2018\/07\/bandeau-espace-socio-culturel.jpg 980w, https:\/\/saintgermaindarce.com\/sg\/wp-content\/uploads\/2018\/07\/bandeau-espace-socio-culturel-300x77.jpg 300w, https:\/\/saintgermaindarce.com\/sg\/wp-content\/uploads\/2018\/07\/bandeau-espace-socio-culturel-768x196.jpg 768w\" sizes=\"(max-width: 980px) 100vw, 980px\" title=\"Espace socio culturel a louer pour vos manifestations\" alt=\"Espace socio culturel a louer pour vos manifestations\" \t\tclass=\"so-widget-image\"\/>\n\t<\/div>\n\n<\/div><\/div><\/div><\/div><div id=\"pg-644-2\"  class=\"panel-grid panel-no-style\" ><div id=\"pgc-644-2-0\"  class=\"panel-grid-cell\" ><div id=\"panel-644-2-0-0\" class=\"so-panel widget widget_sow-image panel-first-child panel-last-child widgetopts-SO\" data-index=\"2\" ><div\n\t\t\t\n\t\t\tclass=\"so-widget-sow-image so-widget-sow-image-default-8b5b6f678277-644\"\n\t\t\t\n\t\t>\n<div class=\"sow-image-container\">\n\t\t<img \n\tsrc=\"https:\/\/saintgermaindarce.com\/sg\/wp-content\/uploads\/2018\/07\/espace-socio-culturel-entree-cour.jpg\" width=\"350\" height=\"263\" srcset=\"https:\/\/saintgermaindarce.com\/sg\/wp-content\/uploads\/2018\/07\/espace-socio-culturel-entree-cour.jpg 350w, https:\/\/saintgermaindarce.com\/sg\/wp-content\/uploads\/2018\/07\/espace-socio-culturel-entree-cour-300x225.jpg 300w\" sizes=\"(max-width: 350px) 100vw, 350px\" title=\"espace-socio-culturel-entree-cour\" alt=\"espace-socio-culturel-entree-cour\" \t\tclass=\"so-widget-image\"\/>\n\t<\/div>\n\n<\/div><\/div><\/div><div id=\"pgc-644-2-1\"  class=\"panel-grid-cell\" ><div id=\"panel-644-2-1-0\" class=\"so-panel widget widget_sow-editor panel-first-child panel-last-child widgetopts-SO\" data-index=\"3\" ><div\n\t\t\t\n\t\t\tclass=\"so-widget-sow-editor so-widget-sow-editor-base\"\n\t\t\t\n\t\t>\n<div class=\"siteorigin-widget-tinymce textwidget\">\n\t<p><strong>Localisation<\/strong> : 2 Impasse des P\u00eacheurs - 72800 Saint Germain d'Arc\u00e9.<br \/>\n<strong>Capacit\u00e9<\/strong>\u00a0: 120 personnes.<br \/>\n<strong>Nombre de salle<\/strong>\u00a0: 1<br \/>\n<strong>Acc\u00e8s PMR<\/strong>\u00a0: oui<br \/>\n<strong>Mat\u00e9riel \u00e0 disposition<\/strong>\u00a0: 40 tables rectangulaires 1,20Mx 0,8M (4 personnes),<br \/>\n120 chaises, r\u00e9gie son et lumi\u00e8re, vid\u00e9oprojecteur avec \u00e9cran g\u00e9ant \u2026<br \/>\n<strong>Cuisine<\/strong>\u00a0: cuisine professionnelle enti\u00e8rement \u00e9quip\u00e9e.<br \/>\n<strong>Autres<\/strong>\u00a0: Cour ferm\u00e9e avec 2 pr\u00e9aux<\/p>\n<h2><a href=\"https:\/\/saintgermaindarce.com\/sg\/calendrier-espace-socio-culturel\/\" target=\"_blank\" rel=\"noopener\"><em><u>Consultez l'agenda des disponibilit\u00e9s avant votre pr\u00e9-r\u00e9servation<\/u><\/em><\/a><\/h2>\n<\/div>\n<\/div><\/div><\/div><\/div><div id=\"pg-644-3\"  class=\"panel-grid panel-no-style\" ><div id=\"pgc-644-3-0\"  class=\"panel-grid-cell\" ><div id=\"panel-644-3-0-0\" class=\"so-panel widget widget_sow-editor panel-first-child panel-last-child widgetopts-SO\" data-index=\"4\" ><div\n\t\t\t\n\t\t\tclass=\"so-widget-sow-editor so-widget-sow-editor-base\"\n\t\t\t\n\t\t>\n<div class=\"siteorigin-widget-tinymce textwidget\">\n\t<p><strong>Contrat:<\/strong> <a href=\"https:\/\/saintgermaindarce.com\/sg\/wp-content\/uploads\/2018\/07\/contrat-location-02-2018-espace-socio-culturel-mairie-sg.pdf\" target=\"_blank\" rel=\"noopener\">Contrat de location a consulter<\/a><\/p>\n<p><a href=\"https:\/\/saintgermaindarce.com\/sg\/wp-content\/uploads\/2018\/07\/contrat-location-02-2018-espace-socio-culturel-mairie-sg.pdf\" target=\"_blank\" rel=\"noopener\"><img loading=\"lazy\" decoding=\"async\" class=\"alignnone size-full wp-image-398\" src=\"https:\/\/saintgermaindarce.com\/sg\/wp-content\/uploads\/2018\/07\/telecharger-ce-document-50-pdf.png\" alt=\"telecharger-ce-pdf\" width=\"169\" height=\"50\" \/><\/a><\/p>\n<\/div>\n<\/div><\/div><\/div><div id=\"pgc-644-3-1\"  class=\"panel-grid-cell\" ><div id=\"panel-644-3-1-0\" class=\"so-panel widget widget_sow-editor panel-first-child panel-last-child widgetopts-SO\" data-index=\"5\" ><div\n\t\t\t\n\t\t\tclass=\"so-widget-sow-editor so-widget-sow-editor-base\"\n\t\t\t\n\t\t>\n<div class=\"siteorigin-widget-tinymce textwidget\">\n\t<p><strong>Dossier:<\/strong> <a href=\"https:\/\/saintgermaindarce.com\/sg\/wp-content\/uploads\/2018\/07\/dossier-location-espace-socioculturel-sg-2018.pdf\" target=\"_blank\" rel=\"noopener\">Dossier de location a consulter<\/a><\/p>\n<p><a href=\"https:\/\/saintgermaindarce.com\/sg\/wp-content\/uploads\/2018\/07\/dossier-location-espace-socioculturel-sg-2018.pdf\" target=\"_blank\" rel=\"noopener\"><img loading=\"lazy\" decoding=\"async\" class=\"alignnone size-full wp-image-398\" src=\"https:\/\/saintgermaindarce.com\/sg\/wp-content\/uploads\/2018\/07\/telecharger-ce-document-50-pdf.png\" alt=\"telecharger-ce-pdf\" width=\"169\" height=\"50\" \/><\/a><\/p>\n<\/div>\n<\/div><\/div><\/div><div id=\"pgc-644-3-2\"  class=\"panel-grid-cell\" ><div id=\"panel-644-3-2-0\" class=\"so-panel widget widget_sow-editor panel-first-child panel-last-child widgetopts-SO\" data-index=\"6\" ><div\n\t\t\t\n\t\t\tclass=\"so-widget-sow-editor so-widget-sow-editor-base\"\n\t\t\t\n\t\t>\n<div class=\"siteorigin-widget-tinymce textwidget\">\n\t<p><strong>R\u00e8glement:<\/strong> <a href=\"https:\/\/saintgermaindarce.com\/sg\/wp-content\/uploads\/2018\/07\/reglement-location-espace-socio-culturel-sg.pdf\" target=\"_blank\" rel=\"noopener\">Conditions de location a consulter<\/a><\/p>\n<p><a href=\"https:\/\/saintgermaindarce.com\/sg\/wp-content\/uploads\/2018\/07\/reglement-location-espace-socio-culturel-sg.pdf\" target=\"_blank\" rel=\"noopener\"><img loading=\"lazy\" decoding=\"async\" class=\"alignnone size-full wp-image-398\" src=\"https:\/\/saintgermaindarce.com\/sg\/wp-content\/uploads\/2018\/07\/telecharger-ce-document-50-pdf.png\" alt=\"telecharger-ce-pdf\" width=\"169\" height=\"50\" \/><\/a><\/p>\n<\/div>\n<\/div><\/div><\/div><\/div><div id=\"pg-644-4\"  class=\"panel-grid panel-no-style\" ><div id=\"pgc-644-4-0\"  class=\"panel-grid-cell\" ><div id=\"panel-644-4-0-0\" class=\"so-panel widget widget_sow-image panel-first-child widgetopts-SO\" data-index=\"7\" ><div\n\t\t\t\n\t\t\tclass=\"so-widget-sow-image so-widget-sow-image-default-8b5b6f678277-644\"\n\t\t\t\n\t\t>\n<div class=\"sow-image-container\">\n\t\t<img \n\tsrc=\"https:\/\/saintgermaindarce.com\/sg\/wp-content\/uploads\/2018\/07\/espace-socioculturel-interieur-02.jpg\" width=\"350\" height=\"197\" srcset=\"https:\/\/saintgermaindarce.com\/sg\/wp-content\/uploads\/2018\/07\/espace-socioculturel-interieur-02.jpg 350w, https:\/\/saintgermaindarce.com\/sg\/wp-content\/uploads\/2018\/07\/espace-socioculturel-interieur-02-300x169.jpg 300w\" sizes=\"(max-width: 350px) 100vw, 350px\" title=\"espace-socioculturel-interieur-02\" alt=\"espace-socioculturel-interieur-02\" \t\tclass=\"so-widget-image\"\/>\n\t<\/div>\n\n<\/div><\/div><div id=\"panel-644-4-0-1\" class=\"so-panel widget widget_sow-image panel-last-child widgetopts-SO\" data-index=\"8\" ><div\n\t\t\t\n\t\t\tclass=\"so-widget-sow-image so-widget-sow-image-default-8b5b6f678277-644\"\n\t\t\t\n\t\t>\n<div class=\"sow-image-container\">\n\t\t<img \n\tsrc=\"https:\/\/saintgermaindarce.com\/sg\/wp-content\/uploads\/2018\/07\/espace-socioculturel-interieur-01.jpg\" width=\"350\" height=\"197\" srcset=\"https:\/\/saintgermaindarce.com\/sg\/wp-content\/uploads\/2018\/07\/espace-socioculturel-interieur-01.jpg 350w, https:\/\/saintgermaindarce.com\/sg\/wp-content\/uploads\/2018\/07\/espace-socioculturel-interieur-01-300x169.jpg 300w\" sizes=\"(max-width: 350px) 100vw, 350px\" title=\"espace-socioculturel-interieur-01\" alt=\"espace-socioculturel-interieur-01\" \t\tclass=\"so-widget-image\"\/>\n\t<\/div>\n\n<\/div><\/div><\/div><div id=\"pgc-644-4-1\"  class=\"panel-grid-cell\" ><div id=\"panel-644-4-1-0\" class=\"so-panel widget widget_sow-editor panel-first-child panel-last-child widgetopts-SO\" data-index=\"9\" ><div\n\t\t\t\n\t\t\tclass=\"so-widget-sow-editor so-widget-sow-editor-base\"\n\t\t\t\n\t\t>\n<div class=\"siteorigin-widget-tinymce textwidget\">\n\t<table width=\"707\">\n<tbody>\n<tr>\n<th colspan=\"4\" bgcolor=\"#253b63\"><span style=\"color: #ffffff;\">Tarifs 2018 - R\u00e9sidents et associations de Saint Germain d'Arc\u00e9<\/span><\/th>\n<\/tr>\n<tr>\n<td width=\"177\"><strong>Location<\/strong><\/td>\n<td width=\"177\"><strong>Prix de la journ\u00e9e<\/strong><\/td>\n<td width=\"177\"><strong>\u00a0\u00a0\u00a0\u00a0\u00a0\u00a0\u00a0\u00a0 Arrhes<\/strong><\/td>\n<td width=\"177\"><strong>Caution pour une journ\u00e9e<\/strong><\/td>\n<\/tr>\n<tr>\n<td width=\"177\"><strong>Grande salle<\/strong><\/td>\n<td width=\"177\">160 \u20ac<\/td>\n<td width=\"177\">rien \u00e0 verser<\/td>\n<td width=\"177\">300 \u20ac<\/td>\n<\/tr>\n<tr>\n<td width=\"177\"><strong>Grande salle +Sono + Vid\u00e9o<\/strong><\/td>\n<td width=\"177\">235 \u20ac<\/td>\n<td width=\"177\">rien \u00e0 verser<\/td>\n<td width=\"177\">700 \u20ac<\/td>\n<\/tr>\n<\/tbody>\n<\/table>\n<table width=\"707\">\n<tbody>\n<tr>\n<td width=\"177\"><strong>Location<\/strong><\/td>\n<td width=\"177\"><strong>Prix du week-end<\/strong><\/td>\n<td width=\"177\"><strong>\u00a0\u00a0\u00a0\u00a0\u00a0\u00a0\u00a0\u00a0 Arrhes<\/strong><\/td>\n<td width=\"177\"><strong>Caution pour le week-end<\/strong><\/td>\n<\/tr>\n<tr>\n<td width=\"177\"><strong>Grande salle<\/strong><\/td>\n<td width=\"177\">210 \u20ac<\/td>\n<td width=\"177\">rien \u00e0 verser<\/td>\n<td width=\"177\">300 \u20ac<\/td>\n<\/tr>\n<tr>\n<td width=\"177\"><strong>Grande salle +Sono + Vid\u00e9o<\/strong><\/td>\n<td width=\"177\">285 \u20ac<\/td>\n<td width=\"177\">rien \u00e0 verser<\/td>\n<td width=\"177\">700 \u20ac<\/td>\n<\/tr>\n<tr>\n<th colspan=\"4\" bgcolor=\"#253b63\"><span style=\"color: #ffffff;\">* GRATUIT 2 fois \/ an + 300\u20ac de caution pour les<br \/>\nAssociations ayant leur si\u00e8ge social sur Saint Germain d'Arc\u00e9 + Les Amis du SIVOS de la Fare<\/span><\/th>\n<\/tr>\n<\/tbody>\n<\/table>\n<\/div>\n<\/div><\/div><\/div><\/div><div id=\"pg-644-5\"  class=\"panel-grid panel-no-style\" ><div id=\"pgc-644-5-0\"  class=\"panel-grid-cell\" ><div id=\"panel-644-5-0-0\" class=\"so-panel widget widget_sow-image panel-first-child widgetopts-SO\" data-index=\"10\" ><div\n\t\t\t\n\t\t\tclass=\"so-widget-sow-image so-widget-sow-image-default-8b5b6f678277-644\"\n\t\t\t\n\t\t>\n<div class=\"sow-image-container\">\n\t\t<img \n\tsrc=\"https:\/\/saintgermaindarce.com\/sg\/wp-content\/uploads\/2018\/07\/espace-socioculturel-interieur-02.jpg\" width=\"350\" height=\"197\" srcset=\"https:\/\/saintgermaindarce.com\/sg\/wp-content\/uploads\/2018\/07\/espace-socioculturel-interieur-02.jpg 350w, https:\/\/saintgermaindarce.com\/sg\/wp-content\/uploads\/2018\/07\/espace-socioculturel-interieur-02-300x169.jpg 300w\" sizes=\"(max-width: 350px) 100vw, 350px\" title=\"espace-socioculturel-interieur-02\" alt=\"espace-socioculturel-interieur-02\" \t\tclass=\"so-widget-image\"\/>\n\t<\/div>\n\n<\/div><\/div><div id=\"panel-644-5-0-1\" class=\"so-panel widget widget_sow-image panel-last-child widgetopts-SO\" data-index=\"11\" ><div\n\t\t\t\n\t\t\tclass=\"so-widget-sow-image so-widget-sow-image-default-8b5b6f678277-644\"\n\t\t\t\n\t\t>\n<div class=\"sow-image-container\">\n\t\t<img \n\tsrc=\"https:\/\/saintgermaindarce.com\/sg\/wp-content\/uploads\/2018\/07\/espace-socioculturel-interieur-01.jpg\" width=\"350\" height=\"197\" srcset=\"https:\/\/saintgermaindarce.com\/sg\/wp-content\/uploads\/2018\/07\/espace-socioculturel-interieur-01.jpg 350w, https:\/\/saintgermaindarce.com\/sg\/wp-content\/uploads\/2018\/07\/espace-socioculturel-interieur-01-300x169.jpg 300w\" sizes=\"(max-width: 350px) 100vw, 350px\" title=\"espace-socioculturel-interieur-01\" alt=\"espace-socioculturel-interieur-01\" \t\tclass=\"so-widget-image\"\/>\n\t<\/div>\n\n<\/div><\/div><\/div><div id=\"pgc-644-5-1\"  class=\"panel-grid-cell\" ><div id=\"panel-644-5-1-0\" class=\"so-panel widget widget_sow-editor panel-first-child panel-last-child widgetopts-SO\" data-index=\"12\" ><div\n\t\t\t\n\t\t\tclass=\"so-widget-sow-editor so-widget-sow-editor-base\"\n\t\t\t\n\t\t>\n<div class=\"siteorigin-widget-tinymce textwidget\">\n\t<table width=\"707\">\n<tbody>\n<tr>\n<th colspan=\"4\" bgcolor=\"#253b63\"><span style=\"color: #ffffff;\">Tarifs 2018 - Personnes hors commune<\/span><\/th>\n<\/tr>\n<tr>\n<td width=\"177\"><strong>Location<\/strong><\/td>\n<td width=\"177\"><strong>Prix de la journ\u00e9e<\/strong><\/td>\n<td width=\"177\"><strong>Arrhes <\/strong><strong>(50% du prix de la location)<\/strong><\/td>\n<td width=\"177\"><strong>Caution pour une journ\u00e9e<\/strong><\/td>\n<\/tr>\n<tr>\n<td width=\"177\"><strong>Grande salle<\/strong><\/td>\n<td width=\"177\">320 \u20ac<\/td>\n<td width=\"177\">160 \u20ac<\/td>\n<td width=\"177\">600 \u20ac<\/td>\n<\/tr>\n<tr>\n<td width=\"177\"><strong>Grande salle +Sono + Vid\u00e9o<\/strong><\/td>\n<td width=\"177\">420 \u20ac<\/td>\n<td width=\"177\">210 \u20ac<\/td>\n<td width=\"177\">1400 \u20ac<\/td>\n<\/tr>\n<\/tbody>\n<\/table>\n<table width=\"707\">\n<tbody>\n<tr>\n<td width=\"177\"><strong>Location<\/strong><\/td>\n<td width=\"177\"><strong>Prix du week-end<\/strong><\/td>\n<td width=\"177\"><strong>Arrhes <\/strong><strong>(50% du prix de la location)<\/strong><\/td>\n<td width=\"177\"><strong>Caution pour le week-end<\/strong><\/td>\n<\/tr>\n<tr>\n<td width=\"177\"><strong>Grande salle<\/strong><\/td>\n<td width=\"177\">420 \u20ac<\/td>\n<td width=\"177\">210 \u20ac<\/td>\n<td width=\"177\">600 \u20ac<\/td>\n<\/tr>\n<tr>\n<td width=\"177\"><strong>Grande salle +Sono + Vid\u00e9o<\/strong><\/td>\n<td width=\"177\">520 \u20ac<\/td>\n<td width=\"177\">260 \u20ac<\/td>\n<td width=\"177\">1400 \u20ac<\/td>\n<\/tr>\n<\/tbody>\n<\/table>\n<\/div>\n<\/div><\/div><\/div><\/div><\/div>","protected":false},"excerpt":{"rendered":"<p>Localisation : 2 Impasse des P\u00eacheurs &#8211; 72800 Saint Germain d&rsquo;Arc\u00e9. Capacit\u00e9\u00a0: 120 personnes. Nombre de salle\u00a0: 1 Acc\u00e8s PMR\u00a0: oui Mat\u00e9riel \u00e0 disposition\u00a0: 40 tables rectangulaires 1,20Mx 0,8M (4 personnes), 120 chaises, r\u00e9gie son et lumi\u00e8re, vid\u00e9oprojecteur avec \u00e9cran g\u00e9ant \u2026 Cuisine\u00a0: cuisine professionnelle enti\u00e8rement \u00e9quip\u00e9e. Autres\u00a0: Cour ferm\u00e9e avec 2 pr\u00e9aux Consultez l&rsquo;agenda&#8230;<\/p>\n<div class=\"read-more\"><a href=\"https:\/\/saintgermaindarce.com\/sg\/espace-socio-culturel-2\/\">Lire la suite<\/a><\/div>\n","protected":false},"author":1,"featured_media":0,"parent":0,"menu_order":0,"comment_status":"closed","ping_status":"closed","template":"","meta":{"footnotes":""},"class_list":["post-644","page","type-page","status-publish","hentry"],"yoast_head":"<!-- This site is optimized with the Yoast SEO plugin v27.3 - https:\/\/yoast.com\/product\/yoast-seo-wordpress\/ -->\n<title>Espace Socio-culturel - Mairie de Saint Germain d&#039;Arc\u00e9<\/title>\n<meta name=\"robots\" content=\"index, follow, max-snippet:-1, max-image-preview:large, max-video-preview:-1\" \/>\n<link rel=\"canonical\" href=\"https:\/\/saintgermaindarce.com\/sg\/espace-socio-culturel-2\/\" \/>\n<meta name=\"twitter:card\" content=\"summary_large_image\" \/>\n<meta name=\"twitter:title\" content=\"Espace Socio-culturel - Mairie de Saint Germain d&#039;Arc\u00e9\" \/>\n<meta name=\"twitter:description\" content=\"Localisation : 2 Impasse des P\u00eacheurs - 72800 Saint Germain d&#039;Arc\u00e9. Capacit\u00e9\u00a0: 120 personnes. Nombre de salle\u00a0: 1 Acc\u00e8s PMR\u00a0: oui Mat\u00e9riel \u00e0 disposition\u00a0: 40 tables rectangulaires 1,20Mx 0,8M (4 personnes), 120 chaises, r\u00e9gie son et lumi\u00e8re, vid\u00e9oprojecteur avec \u00e9cran g\u00e9ant \u2026 Cuisine\u00a0: cuisine professionnelle enti\u00e8rement \u00e9quip\u00e9e. Autres\u00a0: Cour ferm\u00e9e avec 2 pr\u00e9aux Consultez l&#039;agenda...Lire la suite\" \/>\n<meta name=\"twitter:image\" content=\"https:\/\/saintgermaindarce.com\/sg\/wp-content\/uploads\/2018\/07\/telecharger-ce-document-50-pdf.png\" \/>\n<meta name=\"twitter:label1\" content=\"Dur\u00e9e de lecture estim\u00e9e\" \/>\n\t<meta name=\"twitter:data1\" content=\"3 minutes\" \/>\n<script type=\"application\/ld+json\" class=\"yoast-schema-graph\">{\"@context\":\"https:\\\/\\\/schema.org\",\"@graph\":[{\"@type\":\"WebPage\",\"@id\":\"https:\\\/\\\/saintgermaindarce.com\\\/sg\\\/espace-socio-culturel-2\\\/\",\"url\":\"https:\\\/\\\/saintgermaindarce.com\\\/sg\\\/espace-socio-culturel-2\\\/\",\"name\":\"Espace Socio-culturel - Mairie de Saint Germain d&#039;Arc\u00e9\",\"isPartOf\":{\"@id\":\"https:\\\/\\\/saintgermaindarce.com\\\/sg\\\/#website\"},\"primaryImageOfPage\":{\"@id\":\"https:\\\/\\\/saintgermaindarce.com\\\/sg\\\/espace-socio-culturel-2\\\/#primaryimage\"},\"image\":{\"@id\":\"https:\\\/\\\/saintgermaindarce.com\\\/sg\\\/espace-socio-culturel-2\\\/#primaryimage\"},\"thumbnailUrl\":\"https:\\\/\\\/saintgermaindarce.com\\\/sg\\\/wp-content\\\/uploads\\\/2018\\\/07\\\/telecharger-ce-document-50-pdf.png\",\"datePublished\":\"2018-06-28T04:45:01+00:00\",\"dateModified\":\"2023-11-10T18:27:52+00:00\",\"breadcrumb\":{\"@id\":\"https:\\\/\\\/saintgermaindarce.com\\\/sg\\\/espace-socio-culturel-2\\\/#breadcrumb\"},\"inLanguage\":\"fr-FR\",\"potentialAction\":[{\"@type\":\"ReadAction\",\"target\":[\"https:\\\/\\\/saintgermaindarce.com\\\/sg\\\/espace-socio-culturel-2\\\/\"]}]},{\"@type\":\"ImageObject\",\"inLanguage\":\"fr-FR\",\"@id\":\"https:\\\/\\\/saintgermaindarce.com\\\/sg\\\/espace-socio-culturel-2\\\/#primaryimage\",\"url\":\"https:\\\/\\\/saintgermaindarce.com\\\/sg\\\/wp-content\\\/uploads\\\/2018\\\/07\\\/telecharger-ce-document-50-pdf.png\",\"contentUrl\":\"https:\\\/\\\/saintgermaindarce.com\\\/sg\\\/wp-content\\\/uploads\\\/2018\\\/07\\\/telecharger-ce-document-50-pdf.png\",\"width\":169,\"height\":50,\"caption\":\"telecharger-ce-document-50-pdf\"},{\"@type\":\"BreadcrumbList\",\"@id\":\"https:\\\/\\\/saintgermaindarce.com\\\/sg\\\/espace-socio-culturel-2\\\/#breadcrumb\",\"itemListElement\":[{\"@type\":\"ListItem\",\"position\":1,\"name\":\"Accueil\",\"item\":\"https:\\\/\\\/saintgermaindarce.com\\\/sg\\\/\"},{\"@type\":\"ListItem\",\"position\":2,\"name\":\"Espace Socio-culturel\"}]},{\"@type\":\"WebSite\",\"@id\":\"https:\\\/\\\/saintgermaindarce.com\\\/sg\\\/#website\",\"url\":\"https:\\\/\\\/saintgermaindarce.com\\\/sg\\\/\",\"name\":\"Mairie de Saint Germain d'Arc\u00e9\",\"description\":\"\",\"publisher\":{\"@id\":\"https:\\\/\\\/saintgermaindarce.com\\\/sg\\\/#\\\/schema\\\/person\\\/93511b19cadd37cf2a6e92b3df7f79ec\"},\"potentialAction\":[{\"@type\":\"SearchAction\",\"target\":{\"@type\":\"EntryPoint\",\"urlTemplate\":\"https:\\\/\\\/saintgermaindarce.com\\\/sg\\\/?s={search_term_string}\"},\"query-input\":{\"@type\":\"PropertyValueSpecification\",\"valueRequired\":true,\"valueName\":\"search_term_string\"}}],\"inLanguage\":\"fr-FR\"},{\"@type\":[\"Person\",\"Organization\"],\"@id\":\"https:\\\/\\\/saintgermaindarce.com\\\/sg\\\/#\\\/schema\\\/person\\\/93511b19cadd37cf2a6e92b3df7f79ec\",\"name\":\"secretariat Mairie\",\"image\":{\"@type\":\"ImageObject\",\"inLanguage\":\"fr-FR\",\"@id\":\"https:\\\/\\\/secure.gravatar.com\\\/avatar\\\/f767471be6375bc48c47e01a87935108ce923ff3609476b1fd7fe905f23de8aa?s=96&d=mm&r=g\",\"url\":\"https:\\\/\\\/secure.gravatar.com\\\/avatar\\\/f767471be6375bc48c47e01a87935108ce923ff3609476b1fd7fe905f23de8aa?s=96&d=mm&r=g\",\"contentUrl\":\"https:\\\/\\\/secure.gravatar.com\\\/avatar\\\/f767471be6375bc48c47e01a87935108ce923ff3609476b1fd7fe905f23de8aa?s=96&d=mm&r=g\",\"caption\":\"secretariat Mairie\"},\"logo\":{\"@id\":\"https:\\\/\\\/secure.gravatar.com\\\/avatar\\\/f767471be6375bc48c47e01a87935108ce923ff3609476b1fd7fe905f23de8aa?s=96&d=mm&r=g\"}}]}<\/script>\n<!-- \/ Yoast SEO plugin. -->","yoast_head_json":{"title":"Espace Socio-culturel - Mairie de Saint Germain d&#039;Arc\u00e9","robots":{"index":"index","follow":"follow","max-snippet":"max-snippet:-1","max-image-preview":"max-image-preview:large","max-video-preview":"max-video-preview:-1"},"canonical":"https:\/\/saintgermaindarce.com\/sg\/espace-socio-culturel-2\/","twitter_card":"summary_large_image","twitter_title":"Espace Socio-culturel - Mairie de Saint Germain d&#039;Arc\u00e9","twitter_description":"Localisation : 2 Impasse des P\u00eacheurs - 72800 Saint Germain d'Arc\u00e9. Capacit\u00e9\u00a0: 120 personnes. Nombre de salle\u00a0: 1 Acc\u00e8s PMR\u00a0: oui Mat\u00e9riel \u00e0 disposition\u00a0: 40 tables rectangulaires 1,20Mx 0,8M (4 personnes), 120 chaises, r\u00e9gie son et lumi\u00e8re, vid\u00e9oprojecteur avec \u00e9cran g\u00e9ant \u2026 Cuisine\u00a0: cuisine professionnelle enti\u00e8rement \u00e9quip\u00e9e. Autres\u00a0: Cour ferm\u00e9e avec 2 pr\u00e9aux Consultez l'agenda...Lire la suite","twitter_image":"https:\/\/saintgermaindarce.com\/sg\/wp-content\/uploads\/2018\/07\/telecharger-ce-document-50-pdf.png","twitter_misc":{"Dur\u00e9e de lecture estim\u00e9e":"3 minutes"},"schema":{"@context":"https:\/\/schema.org","@graph":[{"@type":"WebPage","@id":"https:\/\/saintgermaindarce.com\/sg\/espace-socio-culturel-2\/","url":"https:\/\/saintgermaindarce.com\/sg\/espace-socio-culturel-2\/","name":"Espace Socio-culturel - Mairie de Saint Germain d&#039;Arc\u00e9","isPartOf":{"@id":"https:\/\/saintgermaindarce.com\/sg\/#website"},"primaryImageOfPage":{"@id":"https:\/\/saintgermaindarce.com\/sg\/espace-socio-culturel-2\/#primaryimage"},"image":{"@id":"https:\/\/saintgermaindarce.com\/sg\/espace-socio-culturel-2\/#primaryimage"},"thumbnailUrl":"https:\/\/saintgermaindarce.com\/sg\/wp-content\/uploads\/2018\/07\/telecharger-ce-document-50-pdf.png","datePublished":"2018-06-28T04:45:01+00:00","dateModified":"2023-11-10T18:27:52+00:00","breadcrumb":{"@id":"https:\/\/saintgermaindarce.com\/sg\/espace-socio-culturel-2\/#breadcrumb"},"inLanguage":"fr-FR","potentialAction":[{"@type":"ReadAction","target":["https:\/\/saintgermaindarce.com\/sg\/espace-socio-culturel-2\/"]}]},{"@type":"ImageObject","inLanguage":"fr-FR","@id":"https:\/\/saintgermaindarce.com\/sg\/espace-socio-culturel-2\/#primaryimage","url":"https:\/\/saintgermaindarce.com\/sg\/wp-content\/uploads\/2018\/07\/telecharger-ce-document-50-pdf.png","contentUrl":"https:\/\/saintgermaindarce.com\/sg\/wp-content\/uploads\/2018\/07\/telecharger-ce-document-50-pdf.png","width":169,"height":50,"caption":"telecharger-ce-document-50-pdf"},{"@type":"BreadcrumbList","@id":"https:\/\/saintgermaindarce.com\/sg\/espace-socio-culturel-2\/#breadcrumb","itemListElement":[{"@type":"ListItem","position":1,"name":"Accueil","item":"https:\/\/saintgermaindarce.com\/sg\/"},{"@type":"ListItem","position":2,"name":"Espace Socio-culturel"}]},{"@type":"WebSite","@id":"https:\/\/saintgermaindarce.com\/sg\/#website","url":"https:\/\/saintgermaindarce.com\/sg\/","name":"Mairie de Saint Germain d'Arc\u00e9","description":"","publisher":{"@id":"https:\/\/saintgermaindarce.com\/sg\/#\/schema\/person\/93511b19cadd37cf2a6e92b3df7f79ec"},"potentialAction":[{"@type":"SearchAction","target":{"@type":"EntryPoint","urlTemplate":"https:\/\/saintgermaindarce.com\/sg\/?s={search_term_string}"},"query-input":{"@type":"PropertyValueSpecification","valueRequired":true,"valueName":"search_term_string"}}],"inLanguage":"fr-FR"},{"@type":["Person","Organization"],"@id":"https:\/\/saintgermaindarce.com\/sg\/#\/schema\/person\/93511b19cadd37cf2a6e92b3df7f79ec","name":"secretariat Mairie","image":{"@type":"ImageObject","inLanguage":"fr-FR","@id":"https:\/\/secure.gravatar.com\/avatar\/f767471be6375bc48c47e01a87935108ce923ff3609476b1fd7fe905f23de8aa?s=96&d=mm&r=g","url":"https:\/\/secure.gravatar.com\/avatar\/f767471be6375bc48c47e01a87935108ce923ff3609476b1fd7fe905f23de8aa?s=96&d=mm&r=g","contentUrl":"https:\/\/secure.gravatar.com\/avatar\/f767471be6375bc48c47e01a87935108ce923ff3609476b1fd7fe905f23de8aa?s=96&d=mm&r=g","caption":"secretariat Mairie"},"logo":{"@id":"https:\/\/secure.gravatar.com\/avatar\/f767471be6375bc48c47e01a87935108ce923ff3609476b1fd7fe905f23de8aa?s=96&d=mm&r=g"}}]}},"_links":{"self":[{"href":"https:\/\/saintgermaindarce.com\/sg\/wp-json\/wp\/v2\/pages\/644","targetHints":{"allow":["GET"]}}],"collection":[{"href":"https:\/\/saintgermaindarce.com\/sg\/wp-json\/wp\/v2\/pages"}],"about":[{"href":"https:\/\/saintgermaindarce.com\/sg\/wp-json\/wp\/v2\/types\/page"}],"author":[{"embeddable":true,"href":"https:\/\/saintgermaindarce.com\/sg\/wp-json\/wp\/v2\/users\/1"}],"replies":[{"embeddable":true,"href":"https:\/\/saintgermaindarce.com\/sg\/wp-json\/wp\/v2\/comments?post=644"}],"version-history":[{"count":0,"href":"https:\/\/saintgermaindarce.com\/sg\/wp-json\/wp\/v2\/pages\/644\/revisions"}],"wp:attachment":[{"href":"https:\/\/saintgermaindarce.com\/sg\/wp-json\/wp\/v2\/media?parent=644"}],"curies":[{"name":"wp","href":"https:\/\/api.w.org\/{rel}","templated":true}]}}