{"id":545,"date":"2018-06-28T04:42:02","date_gmt":"2018-06-28T02:42:02","guid":{"rendered":"https:\/\/saintgermaindarce.com\/sg\/?page_id=545"},"modified":"2021-06-03T09:56:40","modified_gmt":"2021-06-03T07:56:40","slug":"chateau-d-amenon","status":"publish","type":"page","link":"https:\/\/saintgermaindarce.com\/sg\/chateau-d-amenon\/","title":{"rendered":"Ch\u00e2teau d&rsquo;Amenon"},"content":{"rendered":"<div id=\"pl-545\"  class=\"panel-layout\" ><div id=\"pg-545-0\"  class=\"panel-grid panel-no-style\" ><div id=\"pgc-545-0-0\"  class=\"panel-grid-cell\" ><div id=\"panel-545-0-0-0\" class=\"so-panel widget widget_sow-image panel-first-child panel-last-child widgetopts-SO\" data-index=\"0\" ><div\n\t\t\t\n\t\t\tclass=\"so-widget-sow-image so-widget-sow-image-default-113ccd71f3e6-545\"\n\t\t\t\n\t\t>\n<div class=\"sow-image-container\">\n\t\t<img \n\tsrc=\"https:\/\/saintgermaindarce.com\/sg\/wp-content\/uploads\/2021\/06\/Vue-Chateau-Mairie-768x576.jpg\" width=\"757\" height=\"568\" srcset=\"https:\/\/saintgermaindarce.com\/sg\/wp-content\/uploads\/2021\/06\/Vue-Chateau-Mairie-768x576.jpg 768w, https:\/\/saintgermaindarce.com\/sg\/wp-content\/uploads\/2021\/06\/Vue-Chateau-Mairie-300x225.jpg 300w, https:\/\/saintgermaindarce.com\/sg\/wp-content\/uploads\/2021\/06\/Vue-Chateau-Mairie-1024x768.jpg 1024w, https:\/\/saintgermaindarce.com\/sg\/wp-content\/uploads\/2021\/06\/Vue-Chateau-Mairie-1536x1152.jpg 1536w, https:\/\/saintgermaindarce.com\/sg\/wp-content\/uploads\/2021\/06\/Vue-Chateau-Mairie.jpg 2000w\" sizes=\"(max-width: 757px) 100vw, 757px\" title=\"Ch\u00e2teau d&rsquo;Amenon\" alt=\"\" \t\tclass=\"so-widget-image\"\/>\n\t<\/div>\n\n<\/div><\/div><\/div><\/div><div id=\"pg-545-1\"  class=\"panel-grid panel-no-style\" ><div id=\"pgc-545-1-0\"  class=\"panel-grid-cell\" ><div id=\"panel-545-1-0-0\" class=\"so-panel widget widget_sow-editor panel-first-child panel-last-child widgetopts-SO\" data-index=\"1\" ><div\n\t\t\t\n\t\t\tclass=\"so-widget-sow-editor so-widget-sow-editor-base\"\n\t\t\t\n\t\t>\n<div class=\"siteorigin-widget-tinymce textwidget\">\n\t<div id=\"pg-360-1\" class=\"panel-grid\">\n<div id=\"pgc-360-1-0\" class=\"panel-grid-cell\">\n<div id=\"panel-360-1-0-0\" class=\"so-panel widget widget_black-studio-tinymce widget_black_studio_tinymce panel-first-child panel-last-child\" data-index=\"1\">\n<div class=\"textwidget\">\n<h3><strong>Le Ch\u00e2teau d'Amenon est situ\u00e9 <\/strong><strong>sur la commune de Saint Germain d'Arc\u00e9<br \/>\n<\/strong><\/h3>\n<\/div>\n<\/div>\n<\/div>\n<\/div>\n<\/div>\n<\/div><\/div><\/div><\/div><div id=\"pg-545-2\"  class=\"panel-grid panel-no-style\" ><div id=\"pgc-545-2-0\"  class=\"panel-grid-cell\" ><div id=\"panel-545-2-0-0\" class=\"so-panel widget widget_sow-editor panel-first-child panel-last-child widgetopts-SO\" data-index=\"2\" ><div\n\t\t\t\n\t\t\tclass=\"so-widget-sow-editor so-widget-sow-editor-base\"\n\t\t\t\n\t\t>\n<div class=\"siteorigin-widget-tinymce textwidget\">\n\t<table border=\"0\" width=\"520\" cellspacing=\"0\" cellpadding=\"0\">\n<tbody>\n<tr>\n<td>\n<table border=\"0\" width=\"480\" cellspacing=\"2\" cellpadding=\"0\" align=\"center\">\n<tbody>\n<tr>\n<td height=\"112\">\n<div align=\"justify\"><strong><span style=\"font-family: Verdana, Arial, Helvetica, sans-serif; font-size: small;\">Historique \u00e9tabli par la Soci\u00e9t\u00e9 Historique et Arch\u00e9ologique du Maine (Monsieur Paul Cordonnier, pr\u00e9sident de la soci\u00e9t\u00e9, conservateur honoraire des mus\u00e9es et de la biblioth\u00e8que du Mans).<\/span><\/strong><\/div>\n<\/td>\n<\/tr>\n<\/tbody>\n<\/table>\n<\/td>\n<\/tr>\n<tr>\n<td>\n<table border=\"0\" width=\"480\" cellspacing=\"2\" cellpadding=\"0\" align=\"center\">\n<tbody>\n<tr>\n<td height=\"112\">\n<div align=\"justify\"><strong><span style=\"font-family: Verdana, Arial, Helvetica, sans-serif; font-size: small;\">Le ch\u00e2teau d'Amenon<\/span><\/strong><span style=\"font-family: Verdana, Arial, Helvetica, sans-serif; font-size: small;\"> fut jadis un ancien castel dominant le cours du Loir. Il semblerait que son nom figurait dans les titres d\u00e8s <strong>le XI\u00e8me si\u00e8cle<\/strong>. Au d\u00e9but du XIX\u00e8me si\u00e8cle, il \u00e9tait encore flanqu\u00e9 de tourelles engag\u00e9es et d'un donjon. Sa fa\u00e7ade principale paraissait \u00eatre du XII\u00e8me si\u00e8cle, la tour de l'escalier et la chapelle du XV\u00e8me si\u00e8cle. Au XIX\u00e8 si\u00e8cle, il est enti\u00e8rement restaur\u00e9 et augment\u00e9 dans le style du XV\u00e8me si\u00e8cle.<\/span><\/div>\n<\/td>\n<\/tr>\n<\/tbody>\n<\/table>\n<\/td>\n<\/tr>\n<tr>\n<td>\n<table border=\"0\" width=\"490\" cellspacing=\"2\" cellpadding=\"0\" align=\"center\">\n<tbody>\n<tr>\n<td>\n<div align=\"justify\"><span style=\"font-family: Verdana, Arial, Helvetica, sans-serif; font-size: small;\">L'un des possesseurs d'Amenon parmi les plus marquants fut, vers 1652, <strong>Etienne Pallu<\/strong>, \u00e9cuyer, ma\u00eetre d'h\u00f4tel du roi, tr\u00e9sorier de la g\u00e9n\u00e9ralit\u00e9 de Tours, seigneur d'Amenon et des Perri\u00e8res, mari de Madeleine de Comacre. Ils sont tous deux inhum\u00e9s \u00e0 Saint-Germain. Son fr\u00e8re fut un c\u00e9l\u00e8bre jurisconsulte tourangeau et fut maire de Tours.<\/span><\/div>\n<\/td>\n<td width=\"30\"><\/td>\n<td valign=\"TOP\"><\/td>\n<\/tr>\n<\/tbody>\n<\/table>\n<\/td>\n<\/tr>\n<tr>\n<td>\n<table border=\"0\" width=\"480\" cellspacing=\"2\" cellpadding=\"0\" align=\"center\">\n<tbody>\n<tr>\n<td>\n<div align=\"justify\"><span style=\"font-family: Verdana, Arial, Helvetica, sans-serif; font-size: small;\">Amenon est vendu <strong>en 1672 \u00e0 Alexandre Milon I<\/strong> mari\u00e9 \u00e0 Fran\u00e7oise Pallu. Leur fils, <strong>Alexandre Milon II<\/strong>, vend Amenon, en 1699, \u00e0 Joseph Lermercier du Vauduchon grainetier au grenier \u00e0 sel du Lude. Son fr\u00e8re Philippe Lermercier du Vauduchon est conseiller du roi, pr\u00e9v\u00f4t de la mar\u00e9-chauss\u00e9e de Ch\u00e2teau-du-Loir. Il meurt en 1745 ; son fils lui succ\u00e8de.<\/span><\/div>\n<\/td>\n<\/tr>\n<tr>\n<td>\n<div align=\"justify\"><span style=\"font-family: Verdana, Arial, Helvetica, sans-serif; font-size: small;\"><strong>De 1747 \u00e0 1791<\/strong> on trouve <strong>Charles Borom\u00e9e d'Amenon<\/strong>, capitaine des gardes du roi, conseiller au grenier \u00e0 sel du Lude, seigneur d'Amenon. Il \u00e9tait l'\u00e9poux de Madeleine Roulleau. Il meurt en 1791. A cette date nous trouvons encore Emmanuel-Jules-C\u00e9sar Roulleau d'Amenon, garde du roi, seigneur d'Amenon.<\/span><\/div>\n<\/td>\n<\/tr>\n<tr>\n<td>\n<div align=\"justify\"><span style=\"font-family: Verdana, Arial, Helvetica, sans-serif; font-size: small;\"><strong>En 1829<\/strong> Amenon est vendu par Fran\u00e7ois Leroyer-Longraire, \u00e9poux de Julie Roulleau, et par Armand No\u00ebl, \u00e9poux de Louise Roulleau d'Amenon (Julie et Louise les deux h\u00e9riti\u00e8res d'Emmanuel-Jules-C\u00e9sar Roulleau) \u00e0 <strong>Louis-Armand Mesnet de la Cour<\/strong>, pour la somme de 80 000 francs.<\/span><\/div>\n<\/td>\n<\/tr>\n<tr>\n<td>\n<div align=\"justify\"><span style=\"font-family: Verdana, Arial, Helvetica, sans-serif; font-size: small;\"><strong>A la fin du XIX\u00e8me si\u00e8cle<\/strong>, le propri\u00e9taire est <strong>monsieur de la Guillonni\u00e8re<\/strong>, colonel d'artillerie, et madame, n\u00e9e Mesnet de la Cour. <strong>En 1909, le colonel et madame de l'Estapis<\/strong> ach\u00e8tent Amenon, puis le revendent \u00e0 monsieur et madame Moral.<\/span><\/div>\n<\/td>\n<\/tr>\n<\/tbody>\n<\/table>\n<\/td>\n<\/tr>\n<tr>\n<td>\n<table border=\"0\" width=\"490\" cellspacing=\"2\" cellpadding=\"0\" align=\"LEFT\">\n<tbody>\n<tr>\n<td colspan=\"2\"><\/td>\n<td width=\"30\"><\/td>\n<td>\n<div align=\"justify\"><span style=\"font-family: Verdana, Arial, Helvetica, sans-serif; font-size: small;\">Durant la guerre de <strong>1939-1944<\/strong> monsieur Moral meurt en d\u00e9portation. <strong>madame Moral<\/strong> vend Amenon en 1961 \u00e0 <strong>la ville de Tremblay-l\u00e8s-Gonesse<\/strong>.<br \/>\nPendant le mois de juin 1963 <strong>Arthur Delbreuf<\/strong>, conseiller municipal, reste sur place. Il travaille sans rel\u00e2che, b\u00e9n\u00e9volement, afin que tout soit pr\u00eat pour l'\u00e9t\u00e9 : travaux de derni\u00e8re heure, installation des lits et du mat\u00e9riel, commande du ravitaillement aux fournisseurs, nettoyage des abords, etc.<\/span><\/div>\n<\/td>\n<\/tr>\n<\/tbody>\n<\/table>\n<\/td>\n<\/tr>\n<tr>\n<td>\n<table border=\"0\" width=\"480\" cellspacing=\"2\" cellpadding=\"0\" align=\"center\">\n<tbody>\n<tr>\n<td>\n<div align=\"justify\"><strong><span style=\"font-family: Verdana, Arial, Helvetica, sans-serif; font-size: small;\">La colonie de vacances de Tremblay-l\u00e8s-Gonesse <\/span><\/strong><span style=\"font-family: Verdana, Arial, Helvetica, sans-serif; font-size: small;\">au ch\u00e2teau d'Amenon, fonctionnera <strong>d\u00e8s le 1er juillet 1963<\/strong>.<\/span><\/div>\n<\/td>\n<\/tr>\n<\/tbody>\n<\/table>\n<\/td>\n<\/tr>\n<\/tbody>\n<tbody>\n<tr>\n<td height=\"112\">\n<div align=\"justify\">\n<p><span style=\"font-family: Verdana, Arial, Helvetica, sans-serif; font-size: small;\"><span style=\"font-family: Verdana, Arial, Helvetica, sans-serif; font-size: small;\"><strong>Depuis 2019, Le Ch\u00e2teau d'Amenon <\/strong>accueil des <\/span><\/span><span style=\"font-family: inherit; font-size: inherit; word-spacing: normal;\">Chambres d'h\u00f4tes de charme ainsi que des r\u00e9ceptions pour s\u00e9minaires et mariages.<\/span><\/p>\n<p class=\"font_8\">D\u00e8s l\u2019arriv\u00e9e, le ton de votre escapade est donn\u00e9.<\/p>\n<p>Ce sera Luxe, bien-\u00eatre et volupt\u00e9, dans un confort tr\u00e8s \u00e9l\u00e9gant.<\/p>\n<p>S\u00e9duit par le raffinement de l\u2019\u00e9tablissement enti\u00e8rement r\u00e9nov\u00e9, vous \u00eates \u00e9galement saisis par l\u2019atmosph\u00e8re authentique, du parc \u00e0 l\u2019Anglaise.<\/p>\n<p>Vous aurez tout le loisir de contempler le panorama alentour, que vous pourrez combiner avec tous les autres plaisirs du site (piscine ext\u00e9rieure, salle de fitness, balade\u2026).<\/p>\n<p>Sans tarder plongez dans ce d\u00e9licieux voyage sensoriel.<\/p>\n<p class=\"font_8\">A seulement 20 mn du zoo de la Fl\u00e8che, ce Ch\u00e2teau du XIIIe si\u00e8cle offre un cadre authentique et paisible.<\/p>\n<p>De tr\u00e8s beaux sites \u00e0 visiter \u00e0 proximit\u00e9.<\/p>\n<\/div>\n<p>&nbsp;<\/p>\n<p class=\"font_7\">Renseignements :<\/p>\n<p class=\"font_7\">Ch\u00e2teau d'Amenon<\/p>\n<p class=\"font_7\">Tel: 06.15.13.97.71<span class=\"wixGuard\">\u200b<\/span><\/p>\n<p class=\"font_7\">Email: domaine.amenon@gmail.com<\/p>\n<p><a href=\"https:\/\/www.chateau-amenon.com\/\">https:\/\/www.chateau-amenon.com\/<\/a><\/p>\n<\/td>\n<\/tr>\n<\/tbody>\n<\/table>\n<\/div>\n<\/div><\/div><\/div><div id=\"pgc-545-2-1\"  class=\"panel-grid-cell\" ><div id=\"panel-545-2-1-0\" class=\"so-panel widget widget_sow-image panel-first-child widgetopts-SO\" data-index=\"3\" ><div\n\t\t\t\n\t\t\tclass=\"so-widget-sow-image so-widget-sow-image-default-8b5b6f678277-545\"\n\t\t\t\n\t\t>\n<div class=\"sow-image-container\">\n\t\t<img \n\tsrc=\"https:\/\/saintgermaindarce.com\/sg\/wp-content\/uploads\/2021\/06\/Amenon-2-web-768x512.jpg\" width=\"757\" height=\"505\" srcset=\"https:\/\/saintgermaindarce.com\/sg\/wp-content\/uploads\/2021\/06\/Amenon-2-web-768x512.jpg 768w, https:\/\/saintgermaindarce.com\/sg\/wp-content\/uploads\/2021\/06\/Amenon-2-web-300x200.jpg 300w, https:\/\/saintgermaindarce.com\/sg\/wp-content\/uploads\/2021\/06\/Amenon-2-web-1024x682.jpg 1024w, https:\/\/saintgermaindarce.com\/sg\/wp-content\/uploads\/2021\/06\/Amenon-2-web-272x182.jpg 272w, https:\/\/saintgermaindarce.com\/sg\/wp-content\/uploads\/2021\/06\/Amenon-2-web.jpg 1276w\" sizes=\"(max-width: 757px) 100vw, 757px\" title=\"Ch\u00e2teau d&#039;Amenon\" alt=\"Ch\u00e2teau d&#039;Amenon\" \t\tclass=\"so-widget-image\"\/>\n\t<\/div>\n\n<\/div><\/div><div id=\"panel-545-2-1-1\" class=\"so-panel widget widget_sow-image widgetopts-SO\" data-index=\"4\" ><div\n\t\t\t\n\t\t\tclass=\"so-widget-sow-image so-widget-sow-image-default-8b5b6f678277-545\"\n\t\t\t\n\t\t>\n<div class=\"sow-image-container\">\n\t\t<img \n\tsrc=\"https:\/\/saintgermaindarce.com\/sg\/wp-content\/uploads\/2021\/06\/Chateau-Amenon-vue-face-768x512.jpg\" width=\"757\" height=\"505\" srcset=\"https:\/\/saintgermaindarce.com\/sg\/wp-content\/uploads\/2021\/06\/Chateau-Amenon-vue-face-768x512.jpg 768w, https:\/\/saintgermaindarce.com\/sg\/wp-content\/uploads\/2021\/06\/Chateau-Amenon-vue-face-300x200.jpg 300w, https:\/\/saintgermaindarce.com\/sg\/wp-content\/uploads\/2021\/06\/Chateau-Amenon-vue-face-1024x682.jpg 1024w, https:\/\/saintgermaindarce.com\/sg\/wp-content\/uploads\/2021\/06\/Chateau-Amenon-vue-face-1536x1024.jpg 1536w, https:\/\/saintgermaindarce.com\/sg\/wp-content\/uploads\/2021\/06\/Chateau-Amenon-vue-face-272x182.jpg 272w, https:\/\/saintgermaindarce.com\/sg\/wp-content\/uploads\/2021\/06\/Chateau-Amenon-vue-face.jpg 2000w\" sizes=\"(max-width: 757px) 100vw, 757px\" title=\"Ch\u00e2teau d&#039;Amenon\" alt=\"Ch\u00e2teau d&#039;Amenon\" \t\tclass=\"so-widget-image\"\/>\n\t<\/div>\n\n<\/div><\/div><div id=\"panel-545-2-1-2\" class=\"so-panel widget widget_sow-editor widgetopts-SO\" data-index=\"5\" ><div\n\t\t\t\n\t\t\tclass=\"so-widget-sow-editor so-widget-sow-editor-base\"\n\t\t\t\n\t\t>\n<div class=\"siteorigin-widget-tinymce textwidget\">\n\t<div id=\"lmm_95a096e0\" style=\"width:350px;\" class=\"mapsmarker markermap marker-2\">\n<div id=\"lmm_map_95a096e0\" class=\"lmm-map\" style=\"background:#f6f6f6;border:1px solid #ccc;height:350px; overflow:hidden;padding:0;\"><p style=\"font-size:80%;color:#9f9e9e;margin-left:5px;\">chargement de la carte - veuillez patienter...<noscript><br\/><strong>La carte ne peut \u00eatre charg\u00e9e - s'il vous pla\u00eet activer Javascript !<\/strong><br\/><a style=\"text-decoration:none;\" href=\"https:\/\/www.mapsmarker.com\/js-disabled\" target=\"_blank\">&rarr; plus dginformations<\/a><\/noscript><\/p><\/div><div id=\"lmm_geo_tags_95a096e0\" class=\"lmm-geo-tags geo\">\n<span class=\"paneltext\">Chateau d\\&#039;Amenon<\/span>\n<span class=\"latitude\">47.631872<\/span>, <span class=\"longitude\">0.262452<\/span>\n<span class=\"popuptext\"><\/span>\n<\/div>\n<\/div>\n<\/div>\n<\/div><\/div><div id=\"panel-545-2-1-3\" class=\"so-panel widget widget_sow-image widgetopts-SO\" data-index=\"6\" ><div\n\t\t\t\n\t\t\tclass=\"so-widget-sow-image so-widget-sow-image-default-8b5b6f678277-545\"\n\t\t\t\n\t\t>\n<div class=\"sow-image-container\">\n\t\t<img \n\tsrc=\"https:\/\/saintgermaindarce.com\/sg\/wp-content\/uploads\/2021\/06\/IMG_0605-web-768x512.jpg\" width=\"757\" height=\"505\" srcset=\"https:\/\/saintgermaindarce.com\/sg\/wp-content\/uploads\/2021\/06\/IMG_0605-web-768x512.jpg 768w, https:\/\/saintgermaindarce.com\/sg\/wp-content\/uploads\/2021\/06\/IMG_0605-web-300x200.jpg 300w, https:\/\/saintgermaindarce.com\/sg\/wp-content\/uploads\/2021\/06\/IMG_0605-web-1024x682.jpg 1024w, https:\/\/saintgermaindarce.com\/sg\/wp-content\/uploads\/2021\/06\/IMG_0605-web-272x182.jpg 272w, https:\/\/saintgermaindarce.com\/sg\/wp-content\/uploads\/2021\/06\/IMG_0605-web.jpg 1280w\" sizes=\"(max-width: 757px) 100vw, 757px\" title=\"Ch\u00e2teau d&#039;Amenon\" alt=\"Ch\u00e2teau d&#039;Amenon\" \t\tclass=\"so-widget-image\"\/>\n\t<\/div>\n\n<\/div><\/div><div id=\"panel-545-2-1-4\" class=\"so-panel widget widget_sow-image panel-last-child widgetopts-SO\" data-index=\"7\" ><div\n\t\t\t\n\t\t\tclass=\"so-widget-sow-image so-widget-sow-image-default-8b5b6f678277-545\"\n\t\t\t\n\t\t>\n<div class=\"sow-image-container\">\n\t\t<img \n\tsrc=\"https:\/\/saintgermaindarce.com\/sg\/wp-content\/uploads\/2021\/06\/Exterieurs-768x576.jpg\" width=\"757\" height=\"568\" srcset=\"https:\/\/saintgermaindarce.com\/sg\/wp-content\/uploads\/2021\/06\/Exterieurs-768x576.jpg 768w, https:\/\/saintgermaindarce.com\/sg\/wp-content\/uploads\/2021\/06\/Exterieurs-300x225.jpg 300w, https:\/\/saintgermaindarce.com\/sg\/wp-content\/uploads\/2021\/06\/Exterieurs-1024x768.jpg 1024w, https:\/\/saintgermaindarce.com\/sg\/wp-content\/uploads\/2021\/06\/Exterieurs-1536x1152.jpg 1536w, https:\/\/saintgermaindarce.com\/sg\/wp-content\/uploads\/2021\/06\/Exterieurs.jpg 1600w\" sizes=\"(max-width: 757px) 100vw, 757px\" title=\"Ch\u00e2teau d&#039;Amenon\" alt=\"Ch\u00e2teau d&#039;Amenon\" \t\tclass=\"so-widget-image\"\/>\n\t<\/div>\n\n<\/div><\/div><\/div><\/div><\/div>","protected":false},"excerpt":{"rendered":"<p>Le Ch\u00e2teau d&rsquo;Amenon est situ\u00e9 sur la commune de Saint Germain d&rsquo;Arc\u00e9<\/p>\n","protected":false},"author":1,"featured_media":0,"parent":0,"menu_order":0,"comment_status":"closed","ping_status":"closed","template":"","meta":{"footnotes":""},"class_list":["post-545","page","type-page","status-publish","hentry"],"yoast_head":"<!-- This site is optimized with the Yoast SEO plugin v27.3 - https:\/\/yoast.com\/product\/yoast-seo-wordpress\/ -->\n<title>Ch\u00e2teau d&#039;Amenon - Mairie de Saint Germain d&#039;Arc\u00e9<\/title>\n<meta name=\"robots\" content=\"index, follow, max-snippet:-1, max-image-preview:large, max-video-preview:-1\" \/>\n<link rel=\"canonical\" href=\"https:\/\/saintgermaindarce.com\/sg\/chateau-d-amenon\/\" \/>\n<meta name=\"twitter:card\" content=\"summary_large_image\" \/>\n<meta name=\"twitter:title\" content=\"Ch\u00e2teau d&#039;Amenon - Mairie de Saint Germain d&#039;Arc\u00e9\" \/>\n<meta name=\"twitter:description\" content=\"Le Ch\u00e2teau d&#039;Amenon est situ\u00e9 sur la commune de Saint Germain d&#039;Arc\u00e9\" \/>\n<meta name=\"twitter:label1\" content=\"Dur\u00e9e de lecture estim\u00e9e\" \/>\n\t<meta name=\"twitter:data1\" content=\"3 minutes\" \/>\n<script type=\"application\/ld+json\" class=\"yoast-schema-graph\">{\"@context\":\"https:\\\/\\\/schema.org\",\"@graph\":[{\"@type\":\"WebPage\",\"@id\":\"https:\\\/\\\/saintgermaindarce.com\\\/sg\\\/chateau-d-amenon\\\/\",\"url\":\"https:\\\/\\\/saintgermaindarce.com\\\/sg\\\/chateau-d-amenon\\\/\",\"name\":\"Ch\u00e2teau d'Amenon - Mairie de Saint Germain d&#039;Arc\u00e9\",\"isPartOf\":{\"@id\":\"https:\\\/\\\/saintgermaindarce.com\\\/sg\\\/#website\"},\"datePublished\":\"2018-06-28T02:42:02+00:00\",\"dateModified\":\"2021-06-03T07:56:40+00:00\",\"breadcrumb\":{\"@id\":\"https:\\\/\\\/saintgermaindarce.com\\\/sg\\\/chateau-d-amenon\\\/#breadcrumb\"},\"inLanguage\":\"fr-FR\",\"potentialAction\":[{\"@type\":\"ReadAction\",\"target\":[\"https:\\\/\\\/saintgermaindarce.com\\\/sg\\\/chateau-d-amenon\\\/\"]}]},{\"@type\":\"BreadcrumbList\",\"@id\":\"https:\\\/\\\/saintgermaindarce.com\\\/sg\\\/chateau-d-amenon\\\/#breadcrumb\",\"itemListElement\":[{\"@type\":\"ListItem\",\"position\":1,\"name\":\"Accueil\",\"item\":\"https:\\\/\\\/saintgermaindarce.com\\\/sg\\\/\"},{\"@type\":\"ListItem\",\"position\":2,\"name\":\"Ch\u00e2teau d&rsquo;Amenon\"}]},{\"@type\":\"WebSite\",\"@id\":\"https:\\\/\\\/saintgermaindarce.com\\\/sg\\\/#website\",\"url\":\"https:\\\/\\\/saintgermaindarce.com\\\/sg\\\/\",\"name\":\"Mairie de Saint Germain d'Arc\u00e9\",\"description\":\"\",\"publisher\":{\"@id\":\"https:\\\/\\\/saintgermaindarce.com\\\/sg\\\/#\\\/schema\\\/person\\\/93511b19cadd37cf2a6e92b3df7f79ec\"},\"potentialAction\":[{\"@type\":\"SearchAction\",\"target\":{\"@type\":\"EntryPoint\",\"urlTemplate\":\"https:\\\/\\\/saintgermaindarce.com\\\/sg\\\/?s={search_term_string}\"},\"query-input\":{\"@type\":\"PropertyValueSpecification\",\"valueRequired\":true,\"valueName\":\"search_term_string\"}}],\"inLanguage\":\"fr-FR\"},{\"@type\":[\"Person\",\"Organization\"],\"@id\":\"https:\\\/\\\/saintgermaindarce.com\\\/sg\\\/#\\\/schema\\\/person\\\/93511b19cadd37cf2a6e92b3df7f79ec\",\"name\":\"secretariat Mairie\",\"image\":{\"@type\":\"ImageObject\",\"inLanguage\":\"fr-FR\",\"@id\":\"https:\\\/\\\/secure.gravatar.com\\\/avatar\\\/f767471be6375bc48c47e01a87935108ce923ff3609476b1fd7fe905f23de8aa?s=96&d=mm&r=g\",\"url\":\"https:\\\/\\\/secure.gravatar.com\\\/avatar\\\/f767471be6375bc48c47e01a87935108ce923ff3609476b1fd7fe905f23de8aa?s=96&d=mm&r=g\",\"contentUrl\":\"https:\\\/\\\/secure.gravatar.com\\\/avatar\\\/f767471be6375bc48c47e01a87935108ce923ff3609476b1fd7fe905f23de8aa?s=96&d=mm&r=g\",\"caption\":\"secretariat Mairie\"},\"logo\":{\"@id\":\"https:\\\/\\\/secure.gravatar.com\\\/avatar\\\/f767471be6375bc48c47e01a87935108ce923ff3609476b1fd7fe905f23de8aa?s=96&d=mm&r=g\"}}]}<\/script>\n<!-- \/ Yoast SEO plugin. -->","yoast_head_json":{"title":"Ch\u00e2teau d'Amenon - Mairie de Saint Germain d&#039;Arc\u00e9","robots":{"index":"index","follow":"follow","max-snippet":"max-snippet:-1","max-image-preview":"max-image-preview:large","max-video-preview":"max-video-preview:-1"},"canonical":"https:\/\/saintgermaindarce.com\/sg\/chateau-d-amenon\/","twitter_card":"summary_large_image","twitter_title":"Ch\u00e2teau d'Amenon - Mairie de Saint Germain d&#039;Arc\u00e9","twitter_description":"Le Ch\u00e2teau d'Amenon est situ\u00e9 sur la commune de Saint Germain d'Arc\u00e9","twitter_misc":{"Dur\u00e9e de lecture estim\u00e9e":"3 minutes"},"schema":{"@context":"https:\/\/schema.org","@graph":[{"@type":"WebPage","@id":"https:\/\/saintgermaindarce.com\/sg\/chateau-d-amenon\/","url":"https:\/\/saintgermaindarce.com\/sg\/chateau-d-amenon\/","name":"Ch\u00e2teau d'Amenon - Mairie de Saint Germain d&#039;Arc\u00e9","isPartOf":{"@id":"https:\/\/saintgermaindarce.com\/sg\/#website"},"datePublished":"2018-06-28T02:42:02+00:00","dateModified":"2021-06-03T07:56:40+00:00","breadcrumb":{"@id":"https:\/\/saintgermaindarce.com\/sg\/chateau-d-amenon\/#breadcrumb"},"inLanguage":"fr-FR","potentialAction":[{"@type":"ReadAction","target":["https:\/\/saintgermaindarce.com\/sg\/chateau-d-amenon\/"]}]},{"@type":"BreadcrumbList","@id":"https:\/\/saintgermaindarce.com\/sg\/chateau-d-amenon\/#breadcrumb","itemListElement":[{"@type":"ListItem","position":1,"name":"Accueil","item":"https:\/\/saintgermaindarce.com\/sg\/"},{"@type":"ListItem","position":2,"name":"Ch\u00e2teau d&rsquo;Amenon"}]},{"@type":"WebSite","@id":"https:\/\/saintgermaindarce.com\/sg\/#website","url":"https:\/\/saintgermaindarce.com\/sg\/","name":"Mairie de Saint Germain d'Arc\u00e9","description":"","publisher":{"@id":"https:\/\/saintgermaindarce.com\/sg\/#\/schema\/person\/93511b19cadd37cf2a6e92b3df7f79ec"},"potentialAction":[{"@type":"SearchAction","target":{"@type":"EntryPoint","urlTemplate":"https:\/\/saintgermaindarce.com\/sg\/?s={search_term_string}"},"query-input":{"@type":"PropertyValueSpecification","valueRequired":true,"valueName":"search_term_string"}}],"inLanguage":"fr-FR"},{"@type":["Person","Organization"],"@id":"https:\/\/saintgermaindarce.com\/sg\/#\/schema\/person\/93511b19cadd37cf2a6e92b3df7f79ec","name":"secretariat Mairie","image":{"@type":"ImageObject","inLanguage":"fr-FR","@id":"https:\/\/secure.gravatar.com\/avatar\/f767471be6375bc48c47e01a87935108ce923ff3609476b1fd7fe905f23de8aa?s=96&d=mm&r=g","url":"https:\/\/secure.gravatar.com\/avatar\/f767471be6375bc48c47e01a87935108ce923ff3609476b1fd7fe905f23de8aa?s=96&d=mm&r=g","contentUrl":"https:\/\/secure.gravatar.com\/avatar\/f767471be6375bc48c47e01a87935108ce923ff3609476b1fd7fe905f23de8aa?s=96&d=mm&r=g","caption":"secretariat Mairie"},"logo":{"@id":"https:\/\/secure.gravatar.com\/avatar\/f767471be6375bc48c47e01a87935108ce923ff3609476b1fd7fe905f23de8aa?s=96&d=mm&r=g"}}]}},"_links":{"self":[{"href":"https:\/\/saintgermaindarce.com\/sg\/wp-json\/wp\/v2\/pages\/545","targetHints":{"allow":["GET"]}}],"collection":[{"href":"https:\/\/saintgermaindarce.com\/sg\/wp-json\/wp\/v2\/pages"}],"about":[{"href":"https:\/\/saintgermaindarce.com\/sg\/wp-json\/wp\/v2\/types\/page"}],"author":[{"embeddable":true,"href":"https:\/\/saintgermaindarce.com\/sg\/wp-json\/wp\/v2\/users\/1"}],"replies":[{"embeddable":true,"href":"https:\/\/saintgermaindarce.com\/sg\/wp-json\/wp\/v2\/comments?post=545"}],"version-history":[{"count":0,"href":"https:\/\/saintgermaindarce.com\/sg\/wp-json\/wp\/v2\/pages\/545\/revisions"}],"wp:attachment":[{"href":"https:\/\/saintgermaindarce.com\/sg\/wp-json\/wp\/v2\/media?parent=545"}],"curies":[{"name":"wp","href":"https:\/\/api.w.org\/{rel}","templated":true}]}}