{"id":524,"date":"2018-06-28T04:10:46","date_gmt":"2018-06-28T02:10:46","guid":{"rendered":"https:\/\/saintgermaindarce.com\/sg\/?page_id=524"},"modified":"2018-07-05T15:00:12","modified_gmt":"2018-07-05T13:00:12","slug":"un-peu-d-histoire","status":"publish","type":"page","link":"https:\/\/saintgermaindarce.com\/sg\/un-peu-d-histoire\/","title":{"rendered":"Un peu d&rsquo;Histoire&#8230;"},"content":{"rendered":"<div id=\"pl-524\"  class=\"panel-layout\" ><div id=\"pg-524-0\"  class=\"panel-grid panel-no-style\" ><div id=\"pgc-524-0-0\"  class=\"panel-grid-cell\" ><div id=\"panel-524-0-0-0\" class=\"so-panel widget widget_sow-editor panel-first-child panel-last-child widgetopts-SO\" data-index=\"0\" ><div\n\t\t\t\n\t\t\tclass=\"so-widget-sow-editor so-widget-sow-editor-base\"\n\t\t\t\n\t\t>\n<div class=\"siteorigin-widget-tinymce textwidget\">\n\t<div id=\"metaslider-id-528\" style=\"max-width: 980px;\" class=\"ml-slider-3-107-0 metaslider metaslider-coin metaslider-528 ml-slider has-dots-nav ms-theme-default\" role=\"region\" aria-label=\"Hisoire de Saint Germain\" data-height=\"380\" data-width=\"980\">\n    <div id=\"metaslider_container_528\">\n        <div id='metaslider_528' class='coin-slider'>\n<a href=\"javascript:void(0)\" target=\"_self\"><img loading=\"lazy\" decoding=\"async\" src=\"https:\/\/saintgermaindarce.com\/sg\/wp-content\/uploads\/2018\/06\/slider-histo-01.jpg\" height=\"380\" width=\"980\" alt=\"Rue principale Saint Germain d&#039;Arc\u00e9\" class=\"slider-528 slide-530 msDefaultImage\" title=\"Rue principale Saint Germain d&#039;Arc\u00e9\" style=\"display: none;\" \/><\/a>\n<a href=\"javascript:void(0)\" target=\"_self\"><img loading=\"lazy\" decoding=\"async\" src=\"https:\/\/saintgermaindarce.com\/sg\/wp-content\/uploads\/2018\/06\/slider-histo-02.jpg\" height=\"380\" width=\"980\" alt=\"Histoire de Saint Germain d&#039;Arc\u00e9\" class=\"slider-528 slide-532 msDefaultImage\" title=\"Histoire de Saint Germain d&#039;Arc\u00e9\" style=\"display: none;\" \/><\/a>\n        <\/div>\n        \n    <\/div>\n<\/div>\n<\/div>\n<\/div><\/div><\/div><\/div><div id=\"pg-524-1\"  class=\"panel-grid panel-no-style\" ><div id=\"pgc-524-1-0\"  class=\"panel-grid-cell\" ><div id=\"panel-524-1-0-0\" class=\"so-panel widget widget_sow-editor panel-first-child panel-last-child widgetopts-SO\" data-index=\"1\" ><div\n\t\t\t\n\t\t\tclass=\"so-widget-sow-editor so-widget-sow-editor-base\"\n\t\t\t\n\t\t>\n<div class=\"siteorigin-widget-tinymce textwidget\">\n\t<div id=\"pg-360-1\" class=\"panel-grid\">\n<div id=\"pgc-360-1-0\" class=\"panel-grid-cell\">\n<div id=\"panel-360-1-0-0\" class=\"so-panel widget widget_black-studio-tinymce widget_black_studio_tinymce panel-first-child panel-last-child\" data-index=\"1\">\n<div class=\"textwidget\">\n<h3><strong>Saint Germain d'Arc\u00e9<br \/>\n<\/strong><\/h3>\n<\/div>\n<\/div>\n<\/div>\n<\/div><div id=\"pg-360-2\" class=\"panel-grid\">\n<div id=\"pgc-360-2-0\" class=\"panel-grid-cell\">\n<div id=\"panel-360-2-0-0\" class=\"so-panel widget widget_black-studio-tinymce widget_black_studio_tinymce panel-first-child panel-last-child\" data-index=\"2\">\n<div class=\"textwidget\">\n<p>La commune s'\u00e9tend actuellement sur 2900 hectares. Sa population est modeste puisqu'elle est de 352 habitants en mai 2018.<\/p>\n<p>Le bourg de Saint Germain d'Arc\u00e9 est concentr\u00e9 sur la rive gauche de la FARE autour de son \u00e9glise qui aurait \u00e9t\u00e9 construite sur les fondations d'un vieux ch\u00e2teau, vraisemblablement\u00a0 aux 12\u00e8me et\u00a0 13\u00e8me si\u00e8cles. La porte d'entr\u00e9e est du 15\u00e8me si\u00e8cle. Elle a subi des transformations et de nombreuses restaurations. Le plafond de la nef a \u00e9t\u00e9 enti\u00e8rement restaur\u00e9 en lames de ch\u00e2taignier.<\/p>\n<p>Elle a conserv\u00e9 sa chaire et plusieurs statues de la Vierge dont une en bois sculpt\u00e9, class\u00e9e.<\/p>\n<p>Les maisons les plus anciennes sont situ\u00e9es dans la rue des Brouettes au manoir de la Chaise et dans le faubourg Saint Antoine rue Principale. Ce sont des maisons \u00e0 \u00e9tage serr\u00e9es sur la rue qui prennent en compte la topographie. Le centre bourg \u00e9tait occup\u00e9 par le presbyt\u00e8re. Le 14\u00e8me si\u00e8cle a vu la construction de maisons cossues d'artisans et commer\u00e7ants. Ce sont des maisons en pierre de taille sur rue, \u00e0 \u00e9tage et parfois avec porche.<\/p>\n<h3><em><u>Vestiges pr\u00e9historiques<\/u><\/em>\u00a0:<\/h3>\n<p>A l'Ouest de St Germain d'Arc\u00e9, \u00e0 4 Km au nord du Ch\u00e2teau d'Amenon, un Dolmen important avec menhir couch\u00e9.<\/p>\n<p>Au Sud Est \u00e0 2 km 500 du bourg, un menhir au lieu dit la Haute Vernelle.<\/p>\n<h3><em><u>Les Chapelles\u00a0<\/u><\/em>:<\/h3>\n<ol>\n<li>a) Sortie Ouest du bourg \u00e0 droite, restes d'une chapelle dite Chapelle Saint Antoine<\/li>\n<li>b) A 2 km S.E. du bourg, ancien prieur\u00e9 dont la grange (selon une l\u00e9gende) aurait \u00e9t\u00e9 la premi\u00e8re et la plus ancienne \u00e9glise d'Anjou, mais sa forme de construction fort simple ne semble pas le confirmer.<\/li>\n<\/ol>\n<p>Cependant dans le pays reste connue la l\u00e9gende de la statue de St Germain expos\u00e9e \u00e0 St Hippolyte<\/p>\n<p>et\u00a0 qu'on d\u00e9couvrit \u00e0 deux fois sur les bords de la Fare lieu o\u00f9 on construisit l'\u00e9glise.<\/p>\n<ol>\n<li>La chapelle de St Jean des Landes<\/li>\n<\/ol>\n<p>Saint Germain d'Arc\u00e9 poss\u00e9dait un grand nombre de fiefs, sur les deux rives de la Fare.<\/p>\n<p>Sur la droite\u00a0: Chambon, manoir avec chapelle. La Gu\u00e9rini\u00e8re, ancien ch\u00e2teau flanqu\u00e9 de 4 tours avec chapelle en ruines, La Perri\u00e8re, Etival avec chapelle, colombier, le moulin de la Ronce en d\u00e9pendait.<\/p>\n<p>Les Roches en face Amenon, sur le bord de la Fare, La Goumnaudi\u00e8re sur le c\u00f4teau de la rive droite de la Fare, tout pr\u00e8s d'Etival. La Morinette sur la rive gauche de la Fare, Chaudrue, La Chaise, Amenon sur la route de la Chapelle aux Choux, flanqu\u00e9 de tourelles engag\u00e9es et\u00a0 d'un donjon, sa fa\u00e7ade principale para\u00eet \u00eatre du 13\u00e8me si\u00e8cle, sa tour et sa chapelle de style gothique sont du 15\u00e8me si\u00e8cle.<\/p>\n<p>En 1793, St GERMAIN d'Arc\u00e9 s'appelait\u00a0: ARCE-sur-FARE, les habitants s'appelaient \u00ab\u00a0les Farauds\u00a0\u00bb aujourd'hui ils se nomment\u00a0: \u00ab\u00a0les Arc\u00e9ens\u00a0\u00bb.<\/p>\n<\/div>\n<\/div>\n<\/div>\n<\/div>\n<\/div>\n<\/div><\/div><\/div><\/div><\/div>","protected":false},"excerpt":{"rendered":"<p>Saint Germain d&rsquo;Arc\u00e9 La commune s&rsquo;\u00e9tend actuellement sur 2900 hectares. Sa population est modeste puisqu&rsquo;elle est de 352 habitants en mai 2018. Le bourg de Saint Germain d&rsquo;Arc\u00e9 est concentr\u00e9 sur la rive gauche de la FARE autour de son \u00e9glise qui aurait \u00e9t\u00e9 construite sur les fondations d&rsquo;un vieux ch\u00e2teau, vraisemblablement\u00a0 aux 12\u00e8me et\u00a0&#8230;<\/p>\n<div class=\"read-more\"><a href=\"https:\/\/saintgermaindarce.com\/sg\/un-peu-d-histoire\/\">Lire la suite<\/a><\/div>\n","protected":false},"author":1,"featured_media":0,"parent":0,"menu_order":0,"comment_status":"closed","ping_status":"closed","template":"","meta":{"footnotes":""},"class_list":["post-524","page","type-page","status-publish","hentry"],"yoast_head":"<!-- This site is optimized with the Yoast SEO plugin v27.3 - https:\/\/yoast.com\/product\/yoast-seo-wordpress\/ -->\n<title>Un peu d&#039;Histoire... - Mairie de Saint Germain d&#039;Arc\u00e9<\/title>\n<meta name=\"robots\" content=\"index, follow, max-snippet:-1, max-image-preview:large, max-video-preview:-1\" \/>\n<link rel=\"canonical\" href=\"https:\/\/saintgermaindarce.com\/sg\/un-peu-d-histoire\/\" \/>\n<meta name=\"twitter:card\" content=\"summary_large_image\" \/>\n<meta name=\"twitter:title\" content=\"Un peu d&#039;Histoire... - Mairie de Saint Germain d&#039;Arc\u00e9\" \/>\n<meta name=\"twitter:description\" content=\"Saint Germain d&#039;Arc\u00e9 La commune s&#039;\u00e9tend actuellement sur 2900 hectares. Sa population est modeste puisqu&#039;elle est de 352 habitants en mai 2018. Le bourg de Saint Germain d&#039;Arc\u00e9 est concentr\u00e9 sur la rive gauche de la FARE autour de son \u00e9glise qui aurait \u00e9t\u00e9 construite sur les fondations d&#039;un vieux ch\u00e2teau, vraisemblablement\u00a0 aux 12\u00e8me et\u00a0...Lire la suite\" \/>\n<meta name=\"twitter:label1\" content=\"Dur\u00e9e de lecture estim\u00e9e\" \/>\n\t<meta name=\"twitter:data1\" content=\"2 minutes\" \/>\n<script type=\"application\/ld+json\" class=\"yoast-schema-graph\">{\"@context\":\"https:\\\/\\\/schema.org\",\"@graph\":[{\"@type\":\"WebPage\",\"@id\":\"https:\\\/\\\/saintgermaindarce.com\\\/sg\\\/un-peu-d-histoire\\\/\",\"url\":\"https:\\\/\\\/saintgermaindarce.com\\\/sg\\\/un-peu-d-histoire\\\/\",\"name\":\"Un peu d'Histoire... - Mairie de Saint Germain d&#039;Arc\u00e9\",\"isPartOf\":{\"@id\":\"https:\\\/\\\/saintgermaindarce.com\\\/sg\\\/#website\"},\"datePublished\":\"2018-06-28T02:10:46+00:00\",\"dateModified\":\"2018-07-05T13:00:12+00:00\",\"breadcrumb\":{\"@id\":\"https:\\\/\\\/saintgermaindarce.com\\\/sg\\\/un-peu-d-histoire\\\/#breadcrumb\"},\"inLanguage\":\"fr-FR\",\"potentialAction\":[{\"@type\":\"ReadAction\",\"target\":[\"https:\\\/\\\/saintgermaindarce.com\\\/sg\\\/un-peu-d-histoire\\\/\"]}]},{\"@type\":\"BreadcrumbList\",\"@id\":\"https:\\\/\\\/saintgermaindarce.com\\\/sg\\\/un-peu-d-histoire\\\/#breadcrumb\",\"itemListElement\":[{\"@type\":\"ListItem\",\"position\":1,\"name\":\"Accueil\",\"item\":\"https:\\\/\\\/saintgermaindarce.com\\\/sg\\\/\"},{\"@type\":\"ListItem\",\"position\":2,\"name\":\"Un peu d&rsquo;Histoire&#8230;\"}]},{\"@type\":\"WebSite\",\"@id\":\"https:\\\/\\\/saintgermaindarce.com\\\/sg\\\/#website\",\"url\":\"https:\\\/\\\/saintgermaindarce.com\\\/sg\\\/\",\"name\":\"Mairie de Saint Germain d'Arc\u00e9\",\"description\":\"\",\"publisher\":{\"@id\":\"https:\\\/\\\/saintgermaindarce.com\\\/sg\\\/#\\\/schema\\\/person\\\/93511b19cadd37cf2a6e92b3df7f79ec\"},\"potentialAction\":[{\"@type\":\"SearchAction\",\"target\":{\"@type\":\"EntryPoint\",\"urlTemplate\":\"https:\\\/\\\/saintgermaindarce.com\\\/sg\\\/?s={search_term_string}\"},\"query-input\":{\"@type\":\"PropertyValueSpecification\",\"valueRequired\":true,\"valueName\":\"search_term_string\"}}],\"inLanguage\":\"fr-FR\"},{\"@type\":[\"Person\",\"Organization\"],\"@id\":\"https:\\\/\\\/saintgermaindarce.com\\\/sg\\\/#\\\/schema\\\/person\\\/93511b19cadd37cf2a6e92b3df7f79ec\",\"name\":\"secretariat Mairie\",\"image\":{\"@type\":\"ImageObject\",\"inLanguage\":\"fr-FR\",\"@id\":\"https:\\\/\\\/secure.gravatar.com\\\/avatar\\\/f767471be6375bc48c47e01a87935108ce923ff3609476b1fd7fe905f23de8aa?s=96&d=mm&r=g\",\"url\":\"https:\\\/\\\/secure.gravatar.com\\\/avatar\\\/f767471be6375bc48c47e01a87935108ce923ff3609476b1fd7fe905f23de8aa?s=96&d=mm&r=g\",\"contentUrl\":\"https:\\\/\\\/secure.gravatar.com\\\/avatar\\\/f767471be6375bc48c47e01a87935108ce923ff3609476b1fd7fe905f23de8aa?s=96&d=mm&r=g\",\"caption\":\"secretariat Mairie\"},\"logo\":{\"@id\":\"https:\\\/\\\/secure.gravatar.com\\\/avatar\\\/f767471be6375bc48c47e01a87935108ce923ff3609476b1fd7fe905f23de8aa?s=96&d=mm&r=g\"}}]}<\/script>\n<!-- \/ Yoast SEO plugin. -->","yoast_head_json":{"title":"Un peu d'Histoire... - Mairie de Saint Germain d&#039;Arc\u00e9","robots":{"index":"index","follow":"follow","max-snippet":"max-snippet:-1","max-image-preview":"max-image-preview:large","max-video-preview":"max-video-preview:-1"},"canonical":"https:\/\/saintgermaindarce.com\/sg\/un-peu-d-histoire\/","twitter_card":"summary_large_image","twitter_title":"Un peu d'Histoire... - Mairie de Saint Germain d&#039;Arc\u00e9","twitter_description":"Saint Germain d'Arc\u00e9 La commune s'\u00e9tend actuellement sur 2900 hectares. Sa population est modeste puisqu'elle est de 352 habitants en mai 2018. Le bourg de Saint Germain d'Arc\u00e9 est concentr\u00e9 sur la rive gauche de la FARE autour de son \u00e9glise qui aurait \u00e9t\u00e9 construite sur les fondations d'un vieux ch\u00e2teau, vraisemblablement\u00a0 aux 12\u00e8me et\u00a0...Lire la suite","twitter_misc":{"Dur\u00e9e de lecture estim\u00e9e":"2 minutes"},"schema":{"@context":"https:\/\/schema.org","@graph":[{"@type":"WebPage","@id":"https:\/\/saintgermaindarce.com\/sg\/un-peu-d-histoire\/","url":"https:\/\/saintgermaindarce.com\/sg\/un-peu-d-histoire\/","name":"Un peu d'Histoire... - Mairie de Saint Germain d&#039;Arc\u00e9","isPartOf":{"@id":"https:\/\/saintgermaindarce.com\/sg\/#website"},"datePublished":"2018-06-28T02:10:46+00:00","dateModified":"2018-07-05T13:00:12+00:00","breadcrumb":{"@id":"https:\/\/saintgermaindarce.com\/sg\/un-peu-d-histoire\/#breadcrumb"},"inLanguage":"fr-FR","potentialAction":[{"@type":"ReadAction","target":["https:\/\/saintgermaindarce.com\/sg\/un-peu-d-histoire\/"]}]},{"@type":"BreadcrumbList","@id":"https:\/\/saintgermaindarce.com\/sg\/un-peu-d-histoire\/#breadcrumb","itemListElement":[{"@type":"ListItem","position":1,"name":"Accueil","item":"https:\/\/saintgermaindarce.com\/sg\/"},{"@type":"ListItem","position":2,"name":"Un peu d&rsquo;Histoire&#8230;"}]},{"@type":"WebSite","@id":"https:\/\/saintgermaindarce.com\/sg\/#website","url":"https:\/\/saintgermaindarce.com\/sg\/","name":"Mairie de Saint Germain d'Arc\u00e9","description":"","publisher":{"@id":"https:\/\/saintgermaindarce.com\/sg\/#\/schema\/person\/93511b19cadd37cf2a6e92b3df7f79ec"},"potentialAction":[{"@type":"SearchAction","target":{"@type":"EntryPoint","urlTemplate":"https:\/\/saintgermaindarce.com\/sg\/?s={search_term_string}"},"query-input":{"@type":"PropertyValueSpecification","valueRequired":true,"valueName":"search_term_string"}}],"inLanguage":"fr-FR"},{"@type":["Person","Organization"],"@id":"https:\/\/saintgermaindarce.com\/sg\/#\/schema\/person\/93511b19cadd37cf2a6e92b3df7f79ec","name":"secretariat Mairie","image":{"@type":"ImageObject","inLanguage":"fr-FR","@id":"https:\/\/secure.gravatar.com\/avatar\/f767471be6375bc48c47e01a87935108ce923ff3609476b1fd7fe905f23de8aa?s=96&d=mm&r=g","url":"https:\/\/secure.gravatar.com\/avatar\/f767471be6375bc48c47e01a87935108ce923ff3609476b1fd7fe905f23de8aa?s=96&d=mm&r=g","contentUrl":"https:\/\/secure.gravatar.com\/avatar\/f767471be6375bc48c47e01a87935108ce923ff3609476b1fd7fe905f23de8aa?s=96&d=mm&r=g","caption":"secretariat Mairie"},"logo":{"@id":"https:\/\/secure.gravatar.com\/avatar\/f767471be6375bc48c47e01a87935108ce923ff3609476b1fd7fe905f23de8aa?s=96&d=mm&r=g"}}]}},"_links":{"self":[{"href":"https:\/\/saintgermaindarce.com\/sg\/wp-json\/wp\/v2\/pages\/524","targetHints":{"allow":["GET"]}}],"collection":[{"href":"https:\/\/saintgermaindarce.com\/sg\/wp-json\/wp\/v2\/pages"}],"about":[{"href":"https:\/\/saintgermaindarce.com\/sg\/wp-json\/wp\/v2\/types\/page"}],"author":[{"embeddable":true,"href":"https:\/\/saintgermaindarce.com\/sg\/wp-json\/wp\/v2\/users\/1"}],"replies":[{"embeddable":true,"href":"https:\/\/saintgermaindarce.com\/sg\/wp-json\/wp\/v2\/comments?post=524"}],"version-history":[{"count":0,"href":"https:\/\/saintgermaindarce.com\/sg\/wp-json\/wp\/v2\/pages\/524\/revisions"}],"wp:attachment":[{"href":"https:\/\/saintgermaindarce.com\/sg\/wp-json\/wp\/v2\/media?parent=524"}],"curies":[{"name":"wp","href":"https:\/\/api.w.org\/{rel}","templated":true}]}}