{"id":4148,"date":"2022-10-14T11:43:21","date_gmt":"2022-10-14T09:43:21","guid":{"rendered":"https:\/\/saintgermaindarce.com\/sg\/?page_id=4148"},"modified":"2022-10-15T18:37:25","modified_gmt":"2022-10-15T16:37:25","slug":"covoiturage","status":"publish","type":"page","link":"https:\/\/saintgermaindarce.com\/sg\/covoiturage\/","title":{"rendered":"Covoiturage"},"content":{"rendered":"<div id=\"pl-4148\"  class=\"panel-layout\" ><div id=\"pg-4148-0\"  class=\"panel-grid panel-no-style\" ><div id=\"pgc-4148-0-0\"  class=\"panel-grid-cell\" ><div id=\"panel-4148-0-0-0\" class=\"so-panel widget widget_sow-editor panel-first-child panel-last-child widgetopts-SO\" data-index=\"0\" ><div\n\t\t\t\n\t\t\tclass=\"so-widget-sow-editor so-widget-sow-editor-base\"\n\t\t\t\n\t\t>\n<div class=\"siteorigin-widget-tinymce textwidget\">\n\t<img loading=\"lazy\" decoding=\"async\" src=\"https:\/\/saintgermaindarce.com\/sg\/wp-content\/uploads\/2022\/10\/image-covoiturage.jpg\" alt=\"\" width=\"219\" height=\"230\" class=\"alignnone size-full wp-image-4221\" \/><\/div>\n<\/div><\/div><\/div><\/div><div id=\"pg-4148-1\"  class=\"panel-grid panel-no-style\" ><div id=\"pgc-4148-1-0\"  class=\"panel-grid-cell\" ><div id=\"panel-4148-1-0-0\" class=\"so-panel widget widget_sow-image panel-first-child panel-last-child widgetopts-SO\" data-index=\"1\" ><div\n\t\t\t\n\t\t\tclass=\"so-widget-sow-image so-widget-sow-image-default-8b5b6f678277-4148\"\n\t\t\t\n\t\t>\n<div class=\"sow-image-container\">\n\t\t<img \n\tsrc=\"https:\/\/saintgermaindarce.com\/sg\/wp-content\/uploads\/2022\/10\/voiture-particuliere.jpg\" width=\"189\" height=\"136\" sizes=\"(max-width: 189px) 100vw, 189px\" title=\"voiture particuliere\" alt=\"\" \t\tclass=\"so-widget-image\"\/>\n\t<\/div>\n\n<\/div><\/div><\/div><div id=\"pgc-4148-1-1\"  class=\"panel-grid-cell\" ><div id=\"panel-4148-1-1-0\" class=\"so-panel widget widget_sow-editor panel-first-child panel-last-child widgetopts-SO\" data-index=\"2\" ><div\n\t\t\t\n\t\t\tclass=\"so-widget-sow-editor so-widget-sow-editor-base\"\n\t\t\t\n\t\t>\n<div class=\"siteorigin-widget-tinymce textwidget\">\n\t<p>Faites une place dans votre voiture \u00e0 vos voisins isol\u00e9s. Vous leur apporterez plus que de la mobilit\u00e9 !<\/p>\n<p>Entraide pour les courses, les sorties, aller au cin\u00e9ma...<\/p>\n<p>&nbsp;<\/p>\n<\/div>\n<\/div><\/div><\/div><\/div><div id=\"pg-4148-2\"  class=\"panel-grid panel-no-style\" ><div id=\"pgc-4148-2-0\"  class=\"panel-grid-cell panel-grid-cell-empty panel-grid-cell-mobile-last\" ><\/div><div id=\"pgc-4148-2-1\"  class=\"panel-grid-cell panel-grid-cell-empty\" ><\/div><\/div><div id=\"pg-4148-3\"  class=\"panel-grid panel-no-style\" ><div id=\"pgc-4148-3-0\"  class=\"panel-grid-cell\" ><div id=\"panel-4148-3-0-0\" class=\"so-panel widget widget_sow-editor panel-first-child panel-last-child widgetopts-SO\" data-index=\"3\" ><div\n\t\t\t\n\t\t\tclass=\"so-widget-sow-editor so-widget-sow-editor-base\"\n\t\t\t\n\t\t>\n<div class=\"siteorigin-widget-tinymce textwidget\">\n\t<div id=\"pg-360-1\" class=\"panel-grid\">\n<div id=\"pgc-360-1-0\" class=\"panel-grid-cell\">\n<div id=\"panel-360-1-0-0\" class=\"so-panel widget widget_black-studio-tinymce widget_black_studio_tinymce panel-first-child panel-last-child\" data-index=\"1\">\n<div class=\"textwidget\">\n<h3>Subvention<\/h3>\n<\/div><div class=\"textwidget\"><\/div>\n<\/div>\n<\/div>\n<\/div>\n<\/div>\n<\/div><\/div><\/div><div id=\"pgc-4148-3-1\"  class=\"panel-grid-cell\" ><div id=\"panel-4148-3-1-0\" class=\"so-panel widget widget_sow-editor panel-first-child panel-last-child widgetopts-SO\" data-index=\"4\" ><div\n\t\t\t\n\t\t\tclass=\"so-widget-sow-editor so-widget-sow-editor-base\"\n\t\t\t\n\t\t>\n<div class=\"siteorigin-widget-tinymce textwidget\">\n\t<p>Pour vos trajets quotidiens domicile-travail, pensez au covoiturage !<\/p>\n<p>Al\u00e9op subventionne vos trajets<\/p>\n<p><a href=\"https:\/\/saintgermaindarce.com\/sg\/wp-content\/uploads\/2022\/10\/220914-ALEOP-Covoiturage-A3.pdf\">Voir les modalit\u00e9s<\/a><\/p>\n<\/div>\n<\/div><\/div><\/div><\/div><div id=\"pg-4148-4\"  class=\"panel-grid panel-no-style\" ><div id=\"pgc-4148-4-0\"  class=\"panel-grid-cell panel-grid-cell-empty panel-grid-cell-mobile-last\" ><\/div><div id=\"pgc-4148-4-1\"  class=\"panel-grid-cell panel-grid-cell-empty\" ><\/div><\/div><div id=\"pg-4148-5\"  class=\"panel-grid panel-no-style\" ><div id=\"pgc-4148-5-0\"  class=\"panel-grid-cell panel-grid-cell-empty\" ><\/div><\/div><div id=\"pg-4148-6\"  class=\"panel-grid panel-no-style\" ><div id=\"pgc-4148-6-0\"  class=\"panel-grid-cell panel-grid-cell-empty\" ><\/div><div id=\"pgc-4148-6-1\"  class=\"panel-grid-cell panel-grid-cell-empty\" ><\/div><div id=\"pgc-4148-6-2\"  class=\"panel-grid-cell panel-grid-cell-empty panel-grid-cell-mobile-last\" ><\/div><div id=\"pgc-4148-6-3\"  class=\"panel-grid-cell panel-grid-cell-empty\" ><\/div><\/div><div id=\"pg-4148-7\"  class=\"panel-grid panel-no-style\" ><div id=\"pgc-4148-7-0\"  class=\"panel-grid-cell panel-grid-cell-empty\" ><\/div><div id=\"pgc-4148-7-1\"  class=\"panel-grid-cell panel-grid-cell-empty\" ><\/div><div id=\"pgc-4148-7-2\"  class=\"panel-grid-cell panel-grid-cell-empty panel-grid-cell-mobile-last\" ><\/div><div id=\"pgc-4148-7-3\"  class=\"panel-grid-cell panel-grid-cell-empty\" ><\/div><\/div><div id=\"pg-4148-8\"  class=\"panel-grid panel-no-style\" ><div id=\"pgc-4148-8-0\"  class=\"panel-grid-cell panel-grid-cell-empty\" ><\/div><div id=\"pgc-4148-8-1\"  class=\"panel-grid-cell panel-grid-cell-empty\" ><\/div><div id=\"pgc-4148-8-2\"  class=\"panel-grid-cell panel-grid-cell-empty panel-grid-cell-mobile-last\" ><\/div><div id=\"pgc-4148-8-3\"  class=\"panel-grid-cell panel-grid-cell-empty\" ><\/div><\/div><\/div>","protected":false},"excerpt":{"rendered":"<p>Faites une place dans votre voiture \u00e0 vos voisins isol\u00e9s. Vous leur apporterez plus que de la mobilit\u00e9 ! Entraide pour les courses, les sorties, aller au cin\u00e9ma&#8230; &nbsp;<\/p>\n","protected":false},"author":1,"featured_media":0,"parent":0,"menu_order":0,"comment_status":"closed","ping_status":"closed","template":"","meta":{"footnotes":""},"class_list":["post-4148","page","type-page","status-publish","hentry"],"yoast_head":"<!-- This site is optimized with the Yoast SEO plugin v27.3 - https:\/\/yoast.com\/product\/yoast-seo-wordpress\/ -->\n<title>Covoiturage - Mairie de Saint Germain d&#039;Arc\u00e9<\/title>\n<meta name=\"robots\" content=\"index, follow, max-snippet:-1, max-image-preview:large, max-video-preview:-1\" \/>\n<link rel=\"canonical\" href=\"https:\/\/saintgermaindarce.com\/sg\/covoiturage\/\" \/>\n<meta name=\"twitter:card\" content=\"summary_large_image\" \/>\n<meta name=\"twitter:title\" content=\"Covoiturage - Mairie de Saint Germain d&#039;Arc\u00e9\" \/>\n<meta name=\"twitter:description\" content=\"Faites une place dans votre voiture \u00e0 vos voisins isol\u00e9s. Vous leur apporterez plus que de la mobilit\u00e9 ! Entraide pour les courses, les sorties, aller au cin\u00e9ma... &nbsp;\" \/>\n<meta name=\"twitter:image\" content=\"https:\/\/saintgermaindarce.com\/sg\/wp-content\/uploads\/2022\/10\/image-covoiturage.jpg\" \/>\n<meta name=\"twitter:label1\" content=\"Dur\u00e9e de lecture estim\u00e9e\" \/>\n\t<meta name=\"twitter:data1\" content=\"1 minute\" \/>\n<script type=\"application\/ld+json\" class=\"yoast-schema-graph\">{\"@context\":\"https:\\\/\\\/schema.org\",\"@graph\":[{\"@type\":\"WebPage\",\"@id\":\"https:\\\/\\\/saintgermaindarce.com\\\/sg\\\/covoiturage\\\/\",\"url\":\"https:\\\/\\\/saintgermaindarce.com\\\/sg\\\/covoiturage\\\/\",\"name\":\"Covoiturage - Mairie de Saint Germain d&#039;Arc\u00e9\",\"isPartOf\":{\"@id\":\"https:\\\/\\\/saintgermaindarce.com\\\/sg\\\/#website\"},\"primaryImageOfPage\":{\"@id\":\"https:\\\/\\\/saintgermaindarce.com\\\/sg\\\/covoiturage\\\/#primaryimage\"},\"image\":{\"@id\":\"https:\\\/\\\/saintgermaindarce.com\\\/sg\\\/covoiturage\\\/#primaryimage\"},\"thumbnailUrl\":\"https:\\\/\\\/saintgermaindarce.com\\\/sg\\\/wp-content\\\/uploads\\\/2022\\\/10\\\/image-covoiturage.jpg\",\"datePublished\":\"2022-10-14T09:43:21+00:00\",\"dateModified\":\"2022-10-15T16:37:25+00:00\",\"breadcrumb\":{\"@id\":\"https:\\\/\\\/saintgermaindarce.com\\\/sg\\\/covoiturage\\\/#breadcrumb\"},\"inLanguage\":\"fr-FR\",\"potentialAction\":[{\"@type\":\"ReadAction\",\"target\":[\"https:\\\/\\\/saintgermaindarce.com\\\/sg\\\/covoiturage\\\/\"]}]},{\"@type\":\"ImageObject\",\"inLanguage\":\"fr-FR\",\"@id\":\"https:\\\/\\\/saintgermaindarce.com\\\/sg\\\/covoiturage\\\/#primaryimage\",\"url\":\"https:\\\/\\\/saintgermaindarce.com\\\/sg\\\/wp-content\\\/uploads\\\/2022\\\/10\\\/image-covoiturage.jpg\",\"contentUrl\":\"https:\\\/\\\/saintgermaindarce.com\\\/sg\\\/wp-content\\\/uploads\\\/2022\\\/10\\\/image-covoiturage.jpg\",\"width\":219,\"height\":230},{\"@type\":\"BreadcrumbList\",\"@id\":\"https:\\\/\\\/saintgermaindarce.com\\\/sg\\\/covoiturage\\\/#breadcrumb\",\"itemListElement\":[{\"@type\":\"ListItem\",\"position\":1,\"name\":\"Accueil\",\"item\":\"https:\\\/\\\/saintgermaindarce.com\\\/sg\\\/\"},{\"@type\":\"ListItem\",\"position\":2,\"name\":\"Covoiturage\"}]},{\"@type\":\"WebSite\",\"@id\":\"https:\\\/\\\/saintgermaindarce.com\\\/sg\\\/#website\",\"url\":\"https:\\\/\\\/saintgermaindarce.com\\\/sg\\\/\",\"name\":\"Mairie de Saint Germain d'Arc\u00e9\",\"description\":\"\",\"publisher\":{\"@id\":\"https:\\\/\\\/saintgermaindarce.com\\\/sg\\\/#\\\/schema\\\/person\\\/93511b19cadd37cf2a6e92b3df7f79ec\"},\"potentialAction\":[{\"@type\":\"SearchAction\",\"target\":{\"@type\":\"EntryPoint\",\"urlTemplate\":\"https:\\\/\\\/saintgermaindarce.com\\\/sg\\\/?s={search_term_string}\"},\"query-input\":{\"@type\":\"PropertyValueSpecification\",\"valueRequired\":true,\"valueName\":\"search_term_string\"}}],\"inLanguage\":\"fr-FR\"},{\"@type\":[\"Person\",\"Organization\"],\"@id\":\"https:\\\/\\\/saintgermaindarce.com\\\/sg\\\/#\\\/schema\\\/person\\\/93511b19cadd37cf2a6e92b3df7f79ec\",\"name\":\"secretariat Mairie\",\"image\":{\"@type\":\"ImageObject\",\"inLanguage\":\"fr-FR\",\"@id\":\"https:\\\/\\\/secure.gravatar.com\\\/avatar\\\/f767471be6375bc48c47e01a87935108ce923ff3609476b1fd7fe905f23de8aa?s=96&d=mm&r=g\",\"url\":\"https:\\\/\\\/secure.gravatar.com\\\/avatar\\\/f767471be6375bc48c47e01a87935108ce923ff3609476b1fd7fe905f23de8aa?s=96&d=mm&r=g\",\"contentUrl\":\"https:\\\/\\\/secure.gravatar.com\\\/avatar\\\/f767471be6375bc48c47e01a87935108ce923ff3609476b1fd7fe905f23de8aa?s=96&d=mm&r=g\",\"caption\":\"secretariat Mairie\"},\"logo\":{\"@id\":\"https:\\\/\\\/secure.gravatar.com\\\/avatar\\\/f767471be6375bc48c47e01a87935108ce923ff3609476b1fd7fe905f23de8aa?s=96&d=mm&r=g\"}}]}<\/script>\n<!-- \/ Yoast SEO plugin. -->","yoast_head_json":{"title":"Covoiturage - Mairie de Saint Germain d&#039;Arc\u00e9","robots":{"index":"index","follow":"follow","max-snippet":"max-snippet:-1","max-image-preview":"max-image-preview:large","max-video-preview":"max-video-preview:-1"},"canonical":"https:\/\/saintgermaindarce.com\/sg\/covoiturage\/","twitter_card":"summary_large_image","twitter_title":"Covoiturage - Mairie de Saint Germain d&#039;Arc\u00e9","twitter_description":"Faites une place dans votre voiture \u00e0 vos voisins isol\u00e9s. Vous leur apporterez plus que de la mobilit\u00e9 ! Entraide pour les courses, les sorties, aller au cin\u00e9ma... &nbsp;","twitter_image":"https:\/\/saintgermaindarce.com\/sg\/wp-content\/uploads\/2022\/10\/image-covoiturage.jpg","twitter_misc":{"Dur\u00e9e de lecture estim\u00e9e":"1 minute"},"schema":{"@context":"https:\/\/schema.org","@graph":[{"@type":"WebPage","@id":"https:\/\/saintgermaindarce.com\/sg\/covoiturage\/","url":"https:\/\/saintgermaindarce.com\/sg\/covoiturage\/","name":"Covoiturage - Mairie de Saint Germain d&#039;Arc\u00e9","isPartOf":{"@id":"https:\/\/saintgermaindarce.com\/sg\/#website"},"primaryImageOfPage":{"@id":"https:\/\/saintgermaindarce.com\/sg\/covoiturage\/#primaryimage"},"image":{"@id":"https:\/\/saintgermaindarce.com\/sg\/covoiturage\/#primaryimage"},"thumbnailUrl":"https:\/\/saintgermaindarce.com\/sg\/wp-content\/uploads\/2022\/10\/image-covoiturage.jpg","datePublished":"2022-10-14T09:43:21+00:00","dateModified":"2022-10-15T16:37:25+00:00","breadcrumb":{"@id":"https:\/\/saintgermaindarce.com\/sg\/covoiturage\/#breadcrumb"},"inLanguage":"fr-FR","potentialAction":[{"@type":"ReadAction","target":["https:\/\/saintgermaindarce.com\/sg\/covoiturage\/"]}]},{"@type":"ImageObject","inLanguage":"fr-FR","@id":"https:\/\/saintgermaindarce.com\/sg\/covoiturage\/#primaryimage","url":"https:\/\/saintgermaindarce.com\/sg\/wp-content\/uploads\/2022\/10\/image-covoiturage.jpg","contentUrl":"https:\/\/saintgermaindarce.com\/sg\/wp-content\/uploads\/2022\/10\/image-covoiturage.jpg","width":219,"height":230},{"@type":"BreadcrumbList","@id":"https:\/\/saintgermaindarce.com\/sg\/covoiturage\/#breadcrumb","itemListElement":[{"@type":"ListItem","position":1,"name":"Accueil","item":"https:\/\/saintgermaindarce.com\/sg\/"},{"@type":"ListItem","position":2,"name":"Covoiturage"}]},{"@type":"WebSite","@id":"https:\/\/saintgermaindarce.com\/sg\/#website","url":"https:\/\/saintgermaindarce.com\/sg\/","name":"Mairie de Saint Germain d'Arc\u00e9","description":"","publisher":{"@id":"https:\/\/saintgermaindarce.com\/sg\/#\/schema\/person\/93511b19cadd37cf2a6e92b3df7f79ec"},"potentialAction":[{"@type":"SearchAction","target":{"@type":"EntryPoint","urlTemplate":"https:\/\/saintgermaindarce.com\/sg\/?s={search_term_string}"},"query-input":{"@type":"PropertyValueSpecification","valueRequired":true,"valueName":"search_term_string"}}],"inLanguage":"fr-FR"},{"@type":["Person","Organization"],"@id":"https:\/\/saintgermaindarce.com\/sg\/#\/schema\/person\/93511b19cadd37cf2a6e92b3df7f79ec","name":"secretariat Mairie","image":{"@type":"ImageObject","inLanguage":"fr-FR","@id":"https:\/\/secure.gravatar.com\/avatar\/f767471be6375bc48c47e01a87935108ce923ff3609476b1fd7fe905f23de8aa?s=96&d=mm&r=g","url":"https:\/\/secure.gravatar.com\/avatar\/f767471be6375bc48c47e01a87935108ce923ff3609476b1fd7fe905f23de8aa?s=96&d=mm&r=g","contentUrl":"https:\/\/secure.gravatar.com\/avatar\/f767471be6375bc48c47e01a87935108ce923ff3609476b1fd7fe905f23de8aa?s=96&d=mm&r=g","caption":"secretariat Mairie"},"logo":{"@id":"https:\/\/secure.gravatar.com\/avatar\/f767471be6375bc48c47e01a87935108ce923ff3609476b1fd7fe905f23de8aa?s=96&d=mm&r=g"}}]}},"_links":{"self":[{"href":"https:\/\/saintgermaindarce.com\/sg\/wp-json\/wp\/v2\/pages\/4148","targetHints":{"allow":["GET"]}}],"collection":[{"href":"https:\/\/saintgermaindarce.com\/sg\/wp-json\/wp\/v2\/pages"}],"about":[{"href":"https:\/\/saintgermaindarce.com\/sg\/wp-json\/wp\/v2\/types\/page"}],"author":[{"embeddable":true,"href":"https:\/\/saintgermaindarce.com\/sg\/wp-json\/wp\/v2\/users\/1"}],"replies":[{"embeddable":true,"href":"https:\/\/saintgermaindarce.com\/sg\/wp-json\/wp\/v2\/comments?post=4148"}],"version-history":[{"count":0,"href":"https:\/\/saintgermaindarce.com\/sg\/wp-json\/wp\/v2\/pages\/4148\/revisions"}],"wp:attachment":[{"href":"https:\/\/saintgermaindarce.com\/sg\/wp-json\/wp\/v2\/media?parent=4148"}],"curies":[{"name":"wp","href":"https:\/\/api.w.org\/{rel}","templated":true}]}}