{"id":40,"date":"2018-06-23T00:50:14","date_gmt":"2018-06-22T22:50:14","guid":{"rendered":"https:\/\/saintgermaindarce.com\/sg\/?page_id=40"},"modified":"2026-04-29T11:37:03","modified_gmt":"2026-04-29T09:37:03","slug":"mentions-legales","status":"publish","type":"page","link":"https:\/\/saintgermaindarce.com\/sg\/mentions-legales\/","title":{"rendered":"Mentions l\u00e9gales"},"content":{"rendered":"<h2>Info \u00c9diteur et Responsable de la publication Internet<\/h2>\n<p>Le site www.saintgermaindarce.com est la propri\u00e9t\u00e9 de la Mairie de SAINT GERMAIN D&rsquo;ARCE &#8211; Rue Principale &#8211; 72800 Saint Germain d&rsquo;Arc\u00e9.<\/p>\n<p>Le Directeur et Responsable de la publication Internet : M. le Maire Eric Loyau.<\/p>\n<h2>H\u00e9bergement<\/h2>\n<p>Le site est h\u00e9berg\u00e9 \u00e0 Paris par la soci\u00e9t\u00e9 OVH sur un serveur d\u00e9di\u00e9 et s\u00e9curis\u00e9 disponible 7\/7 et 24\/24.<\/p>\n<h2>CNIL<\/h2>\n<p>En conformit\u00e9 avec les dispositions de la loi du 6 janvier 1978 relative \u00e0 l&rsquo;informatique, aux fichiers et aux libert\u00e9s, le traitement automatis\u00e9 des donn\u00e9es nominatives r\u00e9alis\u00e9es \u00e0 partir du site web a fait l&rsquo;objet d&rsquo;une d\u00e9claration aupr\u00e8s de la Commission nationale de l&rsquo;informatique et des libert\u00e9s (CNIL) qui a d\u00e9livr\u00e9 un r\u00e9c\u00e9piss\u00e9.<\/p>\n<h2>Droit d&rsquo;acc\u00e8s et de modification<\/h2>\n<p>Vous b\u00e9n\u00e9ficiez d&rsquo;un droit de regard et de modification sur les informations que vous nous communiquez. La loi \u00ab\u00a0Informatique et Libert\u00e9s\u00a0\u00bb du 06.01.1978 vous fait b\u00e9n\u00e9ficier d&rsquo;un droit d&rsquo;acc\u00e8s, de rectification et de suppression sur les donn\u00e9es personnelles que vous nous communiquez. Dans le cas o\u00f9 vous voudriez exercer ce droit, veuillez nous contacter par email ou par courrier postal en pr\u00e9cisant vos nom, pr\u00e9nom et adresse,\u00a0 \u00e0 l&rsquo;adresse suivante :\u00a0 Mairie de Saint Germain d&rsquo;Arc\u00e9 &#8211; Rue Principale &#8211; 72800 Saint Germain d&rsquo;Arc\u00e9.<\/p>\n<h2>Informations mises \u00e0 disposition<\/h2>\n<p>Les informations figurant sur le pr\u00e9sent site ne sont formul\u00e9es qu\u2019\u00e0 titre indicatif, en l\u2019\u00e9tat de la r\u00e9glementation au 30\/06\/2005. L\u2019existence d\u2019un lien vers un autre site ne constitue pas une validation de ce site ou de son contenu. La responsabilit\u00e9 de l\u2019\u00e9diteur ne saurait \u00eatre engag\u00e9e en ce qui concerne les produits, services, informations disponibles sur ou \u00e0 partir de ce site.<\/p>\n<h2>Propri\u00e9t\u00e9 intellectuelle<\/h2>\n<p>Toute repr\u00e9sentation totale ou partielle de ce site web par quelque proc\u00e9d\u00e9 que se soit, sans l&rsquo;autorisation expresse du Responsable de la publication est interdit et constituerait une contrefa\u00e7on sanctionn\u00e9e par les articles L.335-2 et suivants du Code de la propri\u00e9t\u00e9 intellectuelle.<br \/>\nLes textes, pr\u00e9sentations, photographies, illustrations sont, sauf documents publics et pr\u00e9cisions compl\u00e9mentaires, la propri\u00e9t\u00e9 intellectuelle de l&rsquo;association L&rsquo;\u00c9picure ou de ses partenaires. Ils sont prot\u00e9g\u00e9s par le Code de la propri\u00e9t\u00e9 intellectuelle.<br \/>\nLeur reproduction, modification, traduction et\/ou adaptation, en tout ou partie, pour tout usage autre qu\u2019un usage priv\u00e9, est strictement interdite.<\/p>\n<h2>Photographies et Vid\u00e9os<\/h2>\n<p>De nombreuses photographies et vid\u00e9os son publi\u00e9es sur le site ou link\u00e9es avec un cr\u00e9dit d&rsquo;auteur.<br \/>\nLes Photographies et vid\u00e9os ne sont en aucun cas utilisables, revendables, publiables par quelques moyens que ce soit.<\/p>\n<h2>Responsabilit\u00e9<\/h2>\n<p>L\u2019internaute reconna\u00eet que la responsabilit\u00e9 de la Mairie de Saint Germain d&rsquo;Arc\u00e9 ne pourra en aucun cas \u00eatre engag\u00e9e du fait d\u2019une mauvaise utilisation qu\u2019il ferait de ce site web.<\/p>\n<h2>Conditions d\u2019acc\u00e8s et d&rsquo;utilisation<\/h2>\n<p>L\u2019utilisateur du pr\u00e9sent site reconna\u00eet disposer de la comp\u00e9tence des moyens n\u00e9cessaires pour acc\u00e9der et utiliser ce site et avoir v\u00e9rifi\u00e9 que la configuration informatique utilis\u00e9e ne contient aucun virus et qu\u2019elle est en parfait \u00e9tat de fonctionnement.<br \/>\nL\u2019utilisateur reconna\u00eet avoir \u00e9t\u00e9 inform\u00e9 que le pr\u00e9sent site est accessible 24 heures sur 24 et 7 jours sur 7, \u00e0 l\u2019exception des cas de force majeure, difficult\u00e9s li\u00e9es \u00e0 la structure des r\u00e9seaux de communication ou difficult\u00e9s techniques, et\/ou travaux de maintenance et interventions n\u00e9cessaires au bon fonctionnement du site..<\/p>\n<h2>Contact<\/h2>\n<p><a class=\"page-scroll\" href=\"https:\/\/saintgermaindarce.com\/sg\/contact\" target=\"_blank\" rel=\"noopener\"> contactez-nous par ce formulaire<\/a><\/p>\n","protected":false},"excerpt":{"rendered":"<p>Info \u00c9diteur et Responsable de la publication Internet Le site www.saintgermaindarce.com est la propri\u00e9t\u00e9 de la Mairie de SAINT GERMAIN D&rsquo;ARCE &#8211; Rue Principale &#8211; 72800 Saint Germain d&rsquo;Arc\u00e9. Le Directeur et Responsable de la publication Internet : M. le Maire Eric Loyau. H\u00e9bergement Le site est h\u00e9berg\u00e9 \u00e0 Paris par la soci\u00e9t\u00e9 OVH sur&#8230;<\/p>\n<div class=\"read-more\"><a href=\"https:\/\/saintgermaindarce.com\/sg\/mentions-legales\/\">Lire la suite<\/a><\/div>\n","protected":false},"author":1,"featured_media":0,"parent":0,"menu_order":0,"comment_status":"closed","ping_status":"closed","template":"","meta":{"footnotes":""},"class_list":["post-40","page","type-page","status-publish","hentry"],"yoast_head":"<!-- This site is optimized with the Yoast SEO plugin v27.5 - https:\/\/yoast.com\/product\/yoast-seo-wordpress\/ -->\n<title>Mentions l\u00e9gales - Mairie de Saint Germain d&#039;Arc\u00e9<\/title>\n<meta name=\"description\" content=\"Mentions l\u00e9gales de la Mairie de Saint Germain d&#039;Arc\u00e9\" \/>\n<meta name=\"robots\" content=\"index, follow, max-snippet:-1, max-image-preview:large, max-video-preview:-1\" \/>\n<link rel=\"canonical\" href=\"https:\/\/saintgermaindarce.com\/sg\/mentions-legales\/\" \/>\n<meta name=\"twitter:card\" content=\"summary_large_image\" \/>\n<meta name=\"twitter:title\" content=\"Mentions l\u00e9gales - Mairie de Saint Germain d&#039;Arc\u00e9\" \/>\n<meta name=\"twitter:description\" content=\"Mentions l\u00e9gales de la Mairie de Saint Germain d&#039;Arc\u00e9\" \/>\n<meta name=\"twitter:label1\" content=\"Dur\u00e9e de lecture estim\u00e9e\" \/>\n\t<meta name=\"twitter:data1\" content=\"3 minutes\" \/>\n<script type=\"application\/ld+json\" class=\"yoast-schema-graph\">{\"@context\":\"https:\\\/\\\/schema.org\",\"@graph\":[{\"@type\":\"WebPage\",\"@id\":\"https:\\\/\\\/saintgermaindarce.com\\\/sg\\\/mentions-legales\\\/\",\"url\":\"https:\\\/\\\/saintgermaindarce.com\\\/sg\\\/mentions-legales\\\/\",\"name\":\"Mentions l\u00e9gales - Mairie de Saint Germain d&#039;Arc\u00e9\",\"isPartOf\":{\"@id\":\"https:\\\/\\\/saintgermaindarce.com\\\/sg\\\/#website\"},\"datePublished\":\"2018-06-22T22:50:14+00:00\",\"dateModified\":\"2026-04-29T09:37:03+00:00\",\"description\":\"Mentions l\u00e9gales de la Mairie de Saint Germain d'Arc\u00e9\",\"breadcrumb\":{\"@id\":\"https:\\\/\\\/saintgermaindarce.com\\\/sg\\\/mentions-legales\\\/#breadcrumb\"},\"inLanguage\":\"fr-FR\",\"potentialAction\":[{\"@type\":\"ReadAction\",\"target\":[\"https:\\\/\\\/saintgermaindarce.com\\\/sg\\\/mentions-legales\\\/\"]}]},{\"@type\":\"BreadcrumbList\",\"@id\":\"https:\\\/\\\/saintgermaindarce.com\\\/sg\\\/mentions-legales\\\/#breadcrumb\",\"itemListElement\":[{\"@type\":\"ListItem\",\"position\":1,\"name\":\"Accueil\",\"item\":\"https:\\\/\\\/saintgermaindarce.com\\\/sg\\\/\"},{\"@type\":\"ListItem\",\"position\":2,\"name\":\"Mentions l\u00e9gales\"}]},{\"@type\":\"WebSite\",\"@id\":\"https:\\\/\\\/saintgermaindarce.com\\\/sg\\\/#website\",\"url\":\"https:\\\/\\\/saintgermaindarce.com\\\/sg\\\/\",\"name\":\"Mairie de Saint Germain d'Arc\u00e9\",\"description\":\"\",\"publisher\":{\"@id\":\"https:\\\/\\\/saintgermaindarce.com\\\/sg\\\/#\\\/schema\\\/person\\\/93511b19cadd37cf2a6e92b3df7f79ec\"},\"potentialAction\":[{\"@type\":\"SearchAction\",\"target\":{\"@type\":\"EntryPoint\",\"urlTemplate\":\"https:\\\/\\\/saintgermaindarce.com\\\/sg\\\/?s={search_term_string}\"},\"query-input\":{\"@type\":\"PropertyValueSpecification\",\"valueRequired\":true,\"valueName\":\"search_term_string\"}}],\"inLanguage\":\"fr-FR\"},{\"@type\":[\"Person\",\"Organization\"],\"@id\":\"https:\\\/\\\/saintgermaindarce.com\\\/sg\\\/#\\\/schema\\\/person\\\/93511b19cadd37cf2a6e92b3df7f79ec\",\"name\":\"secretariat Mairie\",\"image\":{\"@type\":\"ImageObject\",\"inLanguage\":\"fr-FR\",\"@id\":\"https:\\\/\\\/secure.gravatar.com\\\/avatar\\\/f767471be6375bc48c47e01a87935108ce923ff3609476b1fd7fe905f23de8aa?s=96&d=mm&r=g\",\"url\":\"https:\\\/\\\/secure.gravatar.com\\\/avatar\\\/f767471be6375bc48c47e01a87935108ce923ff3609476b1fd7fe905f23de8aa?s=96&d=mm&r=g\",\"contentUrl\":\"https:\\\/\\\/secure.gravatar.com\\\/avatar\\\/f767471be6375bc48c47e01a87935108ce923ff3609476b1fd7fe905f23de8aa?s=96&d=mm&r=g\",\"caption\":\"secretariat Mairie\"},\"logo\":{\"@id\":\"https:\\\/\\\/secure.gravatar.com\\\/avatar\\\/f767471be6375bc48c47e01a87935108ce923ff3609476b1fd7fe905f23de8aa?s=96&d=mm&r=g\"}}]}<\/script>\n<!-- \/ Yoast SEO plugin. -->","yoast_head_json":{"title":"Mentions l\u00e9gales - Mairie de Saint Germain d&#039;Arc\u00e9","description":"Mentions l\u00e9gales de la Mairie de Saint Germain d'Arc\u00e9","robots":{"index":"index","follow":"follow","max-snippet":"max-snippet:-1","max-image-preview":"max-image-preview:large","max-video-preview":"max-video-preview:-1"},"canonical":"https:\/\/saintgermaindarce.com\/sg\/mentions-legales\/","twitter_card":"summary_large_image","twitter_title":"Mentions l\u00e9gales - Mairie de Saint Germain d&#039;Arc\u00e9","twitter_description":"Mentions l\u00e9gales de la Mairie de Saint Germain d'Arc\u00e9","twitter_misc":{"Dur\u00e9e de lecture estim\u00e9e":"3 minutes"},"schema":{"@context":"https:\/\/schema.org","@graph":[{"@type":"WebPage","@id":"https:\/\/saintgermaindarce.com\/sg\/mentions-legales\/","url":"https:\/\/saintgermaindarce.com\/sg\/mentions-legales\/","name":"Mentions l\u00e9gales - Mairie de Saint Germain d&#039;Arc\u00e9","isPartOf":{"@id":"https:\/\/saintgermaindarce.com\/sg\/#website"},"datePublished":"2018-06-22T22:50:14+00:00","dateModified":"2026-04-29T09:37:03+00:00","description":"Mentions l\u00e9gales de la Mairie de Saint Germain d'Arc\u00e9","breadcrumb":{"@id":"https:\/\/saintgermaindarce.com\/sg\/mentions-legales\/#breadcrumb"},"inLanguage":"fr-FR","potentialAction":[{"@type":"ReadAction","target":["https:\/\/saintgermaindarce.com\/sg\/mentions-legales\/"]}]},{"@type":"BreadcrumbList","@id":"https:\/\/saintgermaindarce.com\/sg\/mentions-legales\/#breadcrumb","itemListElement":[{"@type":"ListItem","position":1,"name":"Accueil","item":"https:\/\/saintgermaindarce.com\/sg\/"},{"@type":"ListItem","position":2,"name":"Mentions l\u00e9gales"}]},{"@type":"WebSite","@id":"https:\/\/saintgermaindarce.com\/sg\/#website","url":"https:\/\/saintgermaindarce.com\/sg\/","name":"Mairie de Saint Germain d'Arc\u00e9","description":"","publisher":{"@id":"https:\/\/saintgermaindarce.com\/sg\/#\/schema\/person\/93511b19cadd37cf2a6e92b3df7f79ec"},"potentialAction":[{"@type":"SearchAction","target":{"@type":"EntryPoint","urlTemplate":"https:\/\/saintgermaindarce.com\/sg\/?s={search_term_string}"},"query-input":{"@type":"PropertyValueSpecification","valueRequired":true,"valueName":"search_term_string"}}],"inLanguage":"fr-FR"},{"@type":["Person","Organization"],"@id":"https:\/\/saintgermaindarce.com\/sg\/#\/schema\/person\/93511b19cadd37cf2a6e92b3df7f79ec","name":"secretariat Mairie","image":{"@type":"ImageObject","inLanguage":"fr-FR","@id":"https:\/\/secure.gravatar.com\/avatar\/f767471be6375bc48c47e01a87935108ce923ff3609476b1fd7fe905f23de8aa?s=96&d=mm&r=g","url":"https:\/\/secure.gravatar.com\/avatar\/f767471be6375bc48c47e01a87935108ce923ff3609476b1fd7fe905f23de8aa?s=96&d=mm&r=g","contentUrl":"https:\/\/secure.gravatar.com\/avatar\/f767471be6375bc48c47e01a87935108ce923ff3609476b1fd7fe905f23de8aa?s=96&d=mm&r=g","caption":"secretariat Mairie"},"logo":{"@id":"https:\/\/secure.gravatar.com\/avatar\/f767471be6375bc48c47e01a87935108ce923ff3609476b1fd7fe905f23de8aa?s=96&d=mm&r=g"}}]}},"_links":{"self":[{"href":"https:\/\/saintgermaindarce.com\/sg\/wp-json\/wp\/v2\/pages\/40","targetHints":{"allow":["GET"]}}],"collection":[{"href":"https:\/\/saintgermaindarce.com\/sg\/wp-json\/wp\/v2\/pages"}],"about":[{"href":"https:\/\/saintgermaindarce.com\/sg\/wp-json\/wp\/v2\/types\/page"}],"author":[{"embeddable":true,"href":"https:\/\/saintgermaindarce.com\/sg\/wp-json\/wp\/v2\/users\/1"}],"replies":[{"embeddable":true,"href":"https:\/\/saintgermaindarce.com\/sg\/wp-json\/wp\/v2\/comments?post=40"}],"version-history":[{"count":1,"href":"https:\/\/saintgermaindarce.com\/sg\/wp-json\/wp\/v2\/pages\/40\/revisions"}],"predecessor-version":[{"id":6402,"href":"https:\/\/saintgermaindarce.com\/sg\/wp-json\/wp\/v2\/pages\/40\/revisions\/6402"}],"wp:attachment":[{"href":"https:\/\/saintgermaindarce.com\/sg\/wp-json\/wp\/v2\/media?parent=40"}],"curies":[{"name":"wp","href":"https:\/\/api.w.org\/{rel}","templated":true}]}}