{"id":204,"date":"2018-06-26T15:49:31","date_gmt":"2018-06-26T13:49:31","guid":{"rendered":"https:\/\/saintgermaindarce.com\/sg\/?page_id=204"},"modified":"2018-07-25T02:59:23","modified_gmt":"2018-07-25T00:59:23","slug":"numeros-utiles","status":"publish","type":"page","link":"https:\/\/saintgermaindarce.com\/sg\/numeros-utiles\/","title":{"rendered":"Num\u00e9ros utiles"},"content":{"rendered":"<div id=\"pl-204\"  class=\"panel-layout\" ><div id=\"pg-204-0\"  class=\"panel-grid panel-no-style\" ><div id=\"pgc-204-0-0\"  class=\"panel-grid-cell\" ><div id=\"panel-204-0-0-0\" class=\"so-panel widget widget_sow-image panel-first-child panel-last-child widgetopts-SO\" data-index=\"0\" ><div\n\t\t\t\n\t\t\tclass=\"so-widget-sow-image so-widget-sow-image-default-113ccd71f3e6-204\"\n\t\t\t\n\t\t>\n<div class=\"sow-image-container\">\n\t\t<img \n\tsrc=\"https:\/\/saintgermaindarce.com\/sg\/wp-content\/uploads\/2018\/06\/header-numero-utiles.jpg\" width=\"980\" height=\"156\" srcset=\"https:\/\/saintgermaindarce.com\/sg\/wp-content\/uploads\/2018\/06\/header-numero-utiles.jpg 980w, https:\/\/saintgermaindarce.com\/sg\/wp-content\/uploads\/2018\/06\/header-numero-utiles-300x48.jpg 300w, https:\/\/saintgermaindarce.com\/sg\/wp-content\/uploads\/2018\/06\/header-numero-utiles-768x122.jpg 768w\" sizes=\"(max-width: 980px) 100vw, 980px\" title=\"Num\u00e9ros utiles\" alt=\"Num\u00e9ros utiles\" \t\tclass=\"so-widget-image\"\/>\n\t<\/div>\n\n<\/div><\/div><\/div><\/div><div id=\"pg-204-1\"  class=\"panel-grid panel-no-style\" ><div id=\"pgc-204-1-0\"  class=\"panel-grid-cell\" ><div id=\"panel-204-1-0-0\" class=\"so-panel widget widget_sow-editor panel-first-child panel-last-child widgetopts-SO\" data-index=\"1\" ><div\n\t\t\t\n\t\t\tclass=\"so-widget-sow-editor so-widget-sow-editor-base\"\n\t\t\t\n\t\t>\n<div class=\"siteorigin-widget-tinymce textwidget\">\n\t<h2>NUM\u00c9ROS D'URGENCE<\/h2>\n<p><strong>SAMU:<\/strong> le 15<\/p>\n<p><strong>Gendarmerie :<\/strong> le 17<\/p>\n<p><strong>Centre de premi\u00e8re intervention [CPI] (Pompiers)<\/strong> : le 18<\/p>\n<p><strong>Urgences europ\u00e9ennes<\/strong> : le 112<\/p>\n<p>A partir de n\u2019importe quel t\u00e9l\u00e9phone, fixe ou mobile, et \u00e0 partir de n\u2019importe o\u00f9 en Europe, vous pouvez simplement composer le <strong>112<\/strong>. En France, vous serez redirig\u00e9 directement soit sur le 15, soit sur le 18. Ce num\u00e9ro est gratuit et prioritaire sur tous les autres appels. Ainsi, m\u00eame en cas de saturation des r\u00e9seaux mobiles, votre appel est prioritaire et aboutira.<\/p>\n<p><strong>Centre Anti-poison d'Angers\u00a0: <\/strong> 02 41 48 21 21 <\/p>\n<p><strong>Service d'urgence Enedis (ex-ERdF) du Mans : <\/strong>09 69 32 15 15<\/p>\n<p><strong>Service d\u00e9pannage d'urgence Endis (ex-ERdF) : <\/strong> 09 72 67 50 72 <\/p>\n<p><strong>Raccordement au gaz naturel appeler le GrDF : <\/strong> 0 810 224 000<\/p>\n<p><strong>Allo Enfance Maltrait\u00e9e<\/strong> : le 119<\/p>\n<p><strong>Drogues info services<\/strong> : le 08 00 23 13 13<\/p>\n<p><strong>SAMU Social<\/strong> : le 115<\/p>\n<\/div>\n<\/div><\/div><\/div><div id=\"pgc-204-1-1\"  class=\"panel-grid-cell\" ><div id=\"panel-204-1-1-0\" class=\"so-panel widget widget_sow-editor panel-first-child panel-last-child widgetopts-SO\" data-index=\"2\" ><div\n\t\t\t\n\t\t\tclass=\"so-widget-sow-editor so-widget-sow-editor-base\"\n\t\t\t\n\t\t>\n<div class=\"siteorigin-widget-tinymce textwidget\">\n\t<h2>NUM\u00c9ROS UTILES<\/h2>\n<p><strong>Mairie :<\/strong> 02 43 46 00 19<\/p>\n<p><strong>\u00c9cole primaire :<\/strong> 02 43 46 03 48<\/p>\n<p><strong>Espace socioculturel (salle) :<\/strong> 02 43 46 04 40<\/p>\n<p><strong>Cantine scolaire :<\/strong> 02 xx xx xx xx<\/p>\n<p><strong>M\u00e9decins g\u00e9n\u00e9ralistes et sp\u00e9cialistes : <a href=\"http:\/\/annuairesante.ameli.fr\/\" target=\"_blank\" rel=\"noopener\">Consulter ameli.fr<\/a><\/strong><\/p>\n<p><strong>M\u00e9decin de Garde :<\/strong> 116 117<br \/>\nLes m\u00e9decins de garde sont ouverts le dimanche et les jours f\u00e9ri\u00e9s de de 8h \u00e0 20h et tous les jours de 20h \u00e0 8h. <\/p>\n<p><strong>Pharmacie de Garde :<\/strong> Faire le 17 (num\u00e9ro gratuit)<br \/>\nLe commissariat dispose de la liste des pharmacies de garde le dimanche et jours f\u00e9ri\u00e9s.<\/p>\n<\/div>\n<\/div><\/div><\/div><\/div><\/div>","protected":false},"excerpt":{"rendered":"<p>NUM\u00c9ROS D&rsquo;URGENCE SAMU: le 15 Gendarmerie : le 17 Centre de premi\u00e8re intervention [CPI] (Pompiers) : le 18 Urgences europ\u00e9ennes : le 112 A partir de n\u2019importe quel t\u00e9l\u00e9phone, fixe ou mobile, et \u00e0 partir de n\u2019importe o\u00f9 en Europe, vous pouvez simplement composer le 112. En France, vous serez redirig\u00e9 directement soit sur le&#8230;<\/p>\n<div class=\"read-more\"><a href=\"https:\/\/saintgermaindarce.com\/sg\/numeros-utiles\/\">Lire la suite<\/a><\/div>\n","protected":false},"author":1,"featured_media":0,"parent":0,"menu_order":0,"comment_status":"closed","ping_status":"closed","template":"","meta":{"footnotes":""},"class_list":["post-204","page","type-page","status-publish","hentry"],"yoast_head":"<!-- This site is optimized with the Yoast SEO plugin v27.5 - https:\/\/yoast.com\/product\/yoast-seo-wordpress\/ -->\n<title>Num\u00e9ros utiles - Mairie de Saint Germain d&#039;Arc\u00e9<\/title>\n<meta name=\"robots\" content=\"index, follow, max-snippet:-1, max-image-preview:large, max-video-preview:-1\" \/>\n<link rel=\"canonical\" href=\"https:\/\/saintgermaindarce.com\/sg\/numeros-utiles\/\" \/>\n<meta name=\"twitter:card\" content=\"summary_large_image\" \/>\n<meta name=\"twitter:title\" content=\"Num\u00e9ros utiles - Mairie de Saint Germain d&#039;Arc\u00e9\" \/>\n<meta name=\"twitter:description\" content=\"NUM\u00c9ROS D&#039;URGENCE SAMU: le 15 Gendarmerie : le 17 Centre de premi\u00e8re intervention [CPI] (Pompiers) : le 18 Urgences europ\u00e9ennes : le 112 A partir de n\u2019importe quel t\u00e9l\u00e9phone, fixe ou mobile, et \u00e0 partir de n\u2019importe o\u00f9 en Europe, vous pouvez simplement composer le 112. En France, vous serez redirig\u00e9 directement soit sur le...Lire la suite\" \/>\n<meta name=\"twitter:label1\" content=\"Dur\u00e9e de lecture estim\u00e9e\" \/>\n\t<meta name=\"twitter:data1\" content=\"1 minute\" \/>\n<script type=\"application\/ld+json\" class=\"yoast-schema-graph\">{\"@context\":\"https:\\\/\\\/schema.org\",\"@graph\":[{\"@type\":\"WebPage\",\"@id\":\"https:\\\/\\\/saintgermaindarce.com\\\/sg\\\/numeros-utiles\\\/\",\"url\":\"https:\\\/\\\/saintgermaindarce.com\\\/sg\\\/numeros-utiles\\\/\",\"name\":\"Num\u00e9ros utiles - Mairie de Saint Germain d&#039;Arc\u00e9\",\"isPartOf\":{\"@id\":\"https:\\\/\\\/saintgermaindarce.com\\\/sg\\\/#website\"},\"datePublished\":\"2018-06-26T13:49:31+00:00\",\"dateModified\":\"2018-07-25T00:59:23+00:00\",\"breadcrumb\":{\"@id\":\"https:\\\/\\\/saintgermaindarce.com\\\/sg\\\/numeros-utiles\\\/#breadcrumb\"},\"inLanguage\":\"fr-FR\",\"potentialAction\":[{\"@type\":\"ReadAction\",\"target\":[\"https:\\\/\\\/saintgermaindarce.com\\\/sg\\\/numeros-utiles\\\/\"]}]},{\"@type\":\"BreadcrumbList\",\"@id\":\"https:\\\/\\\/saintgermaindarce.com\\\/sg\\\/numeros-utiles\\\/#breadcrumb\",\"itemListElement\":[{\"@type\":\"ListItem\",\"position\":1,\"name\":\"Accueil\",\"item\":\"https:\\\/\\\/saintgermaindarce.com\\\/sg\\\/\"},{\"@type\":\"ListItem\",\"position\":2,\"name\":\"Num\u00e9ros utiles\"}]},{\"@type\":\"WebSite\",\"@id\":\"https:\\\/\\\/saintgermaindarce.com\\\/sg\\\/#website\",\"url\":\"https:\\\/\\\/saintgermaindarce.com\\\/sg\\\/\",\"name\":\"Mairie de Saint Germain d'Arc\u00e9\",\"description\":\"\",\"publisher\":{\"@id\":\"https:\\\/\\\/saintgermaindarce.com\\\/sg\\\/#\\\/schema\\\/person\\\/93511b19cadd37cf2a6e92b3df7f79ec\"},\"potentialAction\":[{\"@type\":\"SearchAction\",\"target\":{\"@type\":\"EntryPoint\",\"urlTemplate\":\"https:\\\/\\\/saintgermaindarce.com\\\/sg\\\/?s={search_term_string}\"},\"query-input\":{\"@type\":\"PropertyValueSpecification\",\"valueRequired\":true,\"valueName\":\"search_term_string\"}}],\"inLanguage\":\"fr-FR\"},{\"@type\":[\"Person\",\"Organization\"],\"@id\":\"https:\\\/\\\/saintgermaindarce.com\\\/sg\\\/#\\\/schema\\\/person\\\/93511b19cadd37cf2a6e92b3df7f79ec\",\"name\":\"secretariat Mairie\",\"image\":{\"@type\":\"ImageObject\",\"inLanguage\":\"fr-FR\",\"@id\":\"https:\\\/\\\/secure.gravatar.com\\\/avatar\\\/f767471be6375bc48c47e01a87935108ce923ff3609476b1fd7fe905f23de8aa?s=96&d=mm&r=g\",\"url\":\"https:\\\/\\\/secure.gravatar.com\\\/avatar\\\/f767471be6375bc48c47e01a87935108ce923ff3609476b1fd7fe905f23de8aa?s=96&d=mm&r=g\",\"contentUrl\":\"https:\\\/\\\/secure.gravatar.com\\\/avatar\\\/f767471be6375bc48c47e01a87935108ce923ff3609476b1fd7fe905f23de8aa?s=96&d=mm&r=g\",\"caption\":\"secretariat Mairie\"},\"logo\":{\"@id\":\"https:\\\/\\\/secure.gravatar.com\\\/avatar\\\/f767471be6375bc48c47e01a87935108ce923ff3609476b1fd7fe905f23de8aa?s=96&d=mm&r=g\"}}]}<\/script>\n<!-- \/ Yoast SEO plugin. -->","yoast_head_json":{"title":"Num\u00e9ros utiles - Mairie de Saint Germain d&#039;Arc\u00e9","robots":{"index":"index","follow":"follow","max-snippet":"max-snippet:-1","max-image-preview":"max-image-preview:large","max-video-preview":"max-video-preview:-1"},"canonical":"https:\/\/saintgermaindarce.com\/sg\/numeros-utiles\/","twitter_card":"summary_large_image","twitter_title":"Num\u00e9ros utiles - Mairie de Saint Germain d&#039;Arc\u00e9","twitter_description":"NUM\u00c9ROS D'URGENCE SAMU: le 15 Gendarmerie : le 17 Centre de premi\u00e8re intervention [CPI] (Pompiers) : le 18 Urgences europ\u00e9ennes : le 112 A partir de n\u2019importe quel t\u00e9l\u00e9phone, fixe ou mobile, et \u00e0 partir de n\u2019importe o\u00f9 en Europe, vous pouvez simplement composer le 112. En France, vous serez redirig\u00e9 directement soit sur le...Lire la suite","twitter_misc":{"Dur\u00e9e de lecture estim\u00e9e":"1 minute"},"schema":{"@context":"https:\/\/schema.org","@graph":[{"@type":"WebPage","@id":"https:\/\/saintgermaindarce.com\/sg\/numeros-utiles\/","url":"https:\/\/saintgermaindarce.com\/sg\/numeros-utiles\/","name":"Num\u00e9ros utiles - Mairie de Saint Germain d&#039;Arc\u00e9","isPartOf":{"@id":"https:\/\/saintgermaindarce.com\/sg\/#website"},"datePublished":"2018-06-26T13:49:31+00:00","dateModified":"2018-07-25T00:59:23+00:00","breadcrumb":{"@id":"https:\/\/saintgermaindarce.com\/sg\/numeros-utiles\/#breadcrumb"},"inLanguage":"fr-FR","potentialAction":[{"@type":"ReadAction","target":["https:\/\/saintgermaindarce.com\/sg\/numeros-utiles\/"]}]},{"@type":"BreadcrumbList","@id":"https:\/\/saintgermaindarce.com\/sg\/numeros-utiles\/#breadcrumb","itemListElement":[{"@type":"ListItem","position":1,"name":"Accueil","item":"https:\/\/saintgermaindarce.com\/sg\/"},{"@type":"ListItem","position":2,"name":"Num\u00e9ros utiles"}]},{"@type":"WebSite","@id":"https:\/\/saintgermaindarce.com\/sg\/#website","url":"https:\/\/saintgermaindarce.com\/sg\/","name":"Mairie de Saint Germain d'Arc\u00e9","description":"","publisher":{"@id":"https:\/\/saintgermaindarce.com\/sg\/#\/schema\/person\/93511b19cadd37cf2a6e92b3df7f79ec"},"potentialAction":[{"@type":"SearchAction","target":{"@type":"EntryPoint","urlTemplate":"https:\/\/saintgermaindarce.com\/sg\/?s={search_term_string}"},"query-input":{"@type":"PropertyValueSpecification","valueRequired":true,"valueName":"search_term_string"}}],"inLanguage":"fr-FR"},{"@type":["Person","Organization"],"@id":"https:\/\/saintgermaindarce.com\/sg\/#\/schema\/person\/93511b19cadd37cf2a6e92b3df7f79ec","name":"secretariat Mairie","image":{"@type":"ImageObject","inLanguage":"fr-FR","@id":"https:\/\/secure.gravatar.com\/avatar\/f767471be6375bc48c47e01a87935108ce923ff3609476b1fd7fe905f23de8aa?s=96&d=mm&r=g","url":"https:\/\/secure.gravatar.com\/avatar\/f767471be6375bc48c47e01a87935108ce923ff3609476b1fd7fe905f23de8aa?s=96&d=mm&r=g","contentUrl":"https:\/\/secure.gravatar.com\/avatar\/f767471be6375bc48c47e01a87935108ce923ff3609476b1fd7fe905f23de8aa?s=96&d=mm&r=g","caption":"secretariat Mairie"},"logo":{"@id":"https:\/\/secure.gravatar.com\/avatar\/f767471be6375bc48c47e01a87935108ce923ff3609476b1fd7fe905f23de8aa?s=96&d=mm&r=g"}}]}},"_links":{"self":[{"href":"https:\/\/saintgermaindarce.com\/sg\/wp-json\/wp\/v2\/pages\/204","targetHints":{"allow":["GET"]}}],"collection":[{"href":"https:\/\/saintgermaindarce.com\/sg\/wp-json\/wp\/v2\/pages"}],"about":[{"href":"https:\/\/saintgermaindarce.com\/sg\/wp-json\/wp\/v2\/types\/page"}],"author":[{"embeddable":true,"href":"https:\/\/saintgermaindarce.com\/sg\/wp-json\/wp\/v2\/users\/1"}],"replies":[{"embeddable":true,"href":"https:\/\/saintgermaindarce.com\/sg\/wp-json\/wp\/v2\/comments?post=204"}],"version-history":[{"count":0,"href":"https:\/\/saintgermaindarce.com\/sg\/wp-json\/wp\/v2\/pages\/204\/revisions"}],"wp:attachment":[{"href":"https:\/\/saintgermaindarce.com\/sg\/wp-json\/wp\/v2\/media?parent=204"}],"curies":[{"name":"wp","href":"https:\/\/api.w.org\/{rel}","templated":true}]}}