{"id":1967,"date":"2018-07-09T20:36:58","date_gmt":"2018-07-09T18:36:58","guid":{"rendered":"https:\/\/saintgermaindarce.com\/sg\/?page_id=1967"},"modified":"2018-07-09T23:23:01","modified_gmt":"2018-07-09T21:23:01","slug":"photos-du-village","status":"publish","type":"page","link":"https:\/\/saintgermaindarce.com\/sg\/photos-du-village\/","title":{"rendered":"Photos du village"},"content":{"rendered":"<div id=\"pl-1967\"  class=\"panel-layout\" ><div id=\"pg-1967-0\"  class=\"panel-grid panel-no-style\" ><div id=\"pgc-1967-0-0\"  class=\"panel-grid-cell\" ><div id=\"panel-1967-0-0-0\" class=\"so-panel widget widget_sow-editor panel-first-child panel-last-child widgetopts-SO\" data-index=\"0\" ><div\n\t\t\t\n\t\t\tclass=\"so-widget-sow-editor so-widget-sow-editor-base\"\n\t\t\t\n\t\t>\n<div class=\"siteorigin-widget-tinymce textwidget\">\n\t<\/div>\n<\/div><\/div><\/div><\/div><div id=\"pg-1967-1\"  class=\"panel-grid panel-no-style\" ><div id=\"pgc-1967-1-0\"  class=\"panel-grid-cell\" ><div id=\"panel-1967-1-0-0\" class=\"so-panel widget widget_sow-editor panel-first-child panel-last-child widgetopts-SO\" data-index=\"1\" ><div\n\t\t\t\n\t\t\tclass=\"so-widget-sow-editor so-widget-sow-editor-base\"\n\t\t\t\n\t\t>\n<div class=\"siteorigin-widget-tinymce textwidget\">\n\t<h3>Photos du Village de Saint Germain d'Arc\u00e9 - shooting r\u00e9alis\u00e9 d\u00e9but Mai 2018<\/h3>\n<\/div>\n<\/div><\/div><\/div><\/div><div id=\"pg-1967-2\"  class=\"panel-grid panel-no-style\" ><div id=\"pgc-1967-2-0\"  class=\"panel-grid-cell\" ><div id=\"panel-1967-2-0-0\" class=\"so-panel widget widget_sow-image panel-first-child panel-last-child widgetopts-SO\" data-index=\"2\" ><div\n\t\t\t\n\t\t\tclass=\"so-widget-sow-image so-widget-sow-image-default-8b5b6f678277-1967\"\n\t\t\t\n\t\t>\n<div class=\"sow-image-container\">\n\t\t<img \n\tsrc=\"https:\/\/saintgermaindarce.com\/sg\/wp-content\/uploads\/2018\/07\/village-01-smsg.jpg\" width=\"275\" height=\"183\" srcset=\"https:\/\/saintgermaindarce.com\/sg\/wp-content\/uploads\/2018\/07\/village-01-smsg.jpg 275w, https:\/\/saintgermaindarce.com\/sg\/wp-content\/uploads\/2018\/07\/village-01-smsg-272x182.jpg 272w\" sizes=\"(max-width: 275px) 100vw, 275px\" title=\"Photo de Saint Germain d&#039;Arc\u00e9\" alt=\"Photo de Saint Germain d&#039;Arc\u00e9\" \t\tclass=\"so-widget-image\"\/>\n\t<\/div>\n\n<\/div><\/div><\/div><div id=\"pgc-1967-2-1\"  class=\"panel-grid-cell\" ><div id=\"panel-1967-2-1-0\" class=\"so-panel widget widget_sow-image panel-first-child panel-last-child widgetopts-SO\" data-index=\"3\" ><div\n\t\t\t\n\t\t\tclass=\"so-widget-sow-image so-widget-sow-image-default-8b5b6f678277-1967\"\n\t\t\t\n\t\t>\n<div class=\"sow-image-container\">\n\t\t<img \n\tsrc=\"https:\/\/saintgermaindarce.com\/sg\/wp-content\/uploads\/2018\/07\/village-02-smsg.jpg\" width=\"275\" height=\"183\" srcset=\"https:\/\/saintgermaindarce.com\/sg\/wp-content\/uploads\/2018\/07\/village-02-smsg.jpg 275w, https:\/\/saintgermaindarce.com\/sg\/wp-content\/uploads\/2018\/07\/village-02-smsg-272x182.jpg 272w\" sizes=\"(max-width: 275px) 100vw, 275px\" title=\"Photo de Saint Germain d&#039;Arc\u00e9\" alt=\"Photo de Saint Germain d&#039;Arc\u00e9\" \t\tclass=\"so-widget-image\"\/>\n\t<\/div>\n\n<\/div><\/div><\/div><div id=\"pgc-1967-2-2\"  class=\"panel-grid-cell\" ><div id=\"panel-1967-2-2-0\" class=\"so-panel widget widget_sow-image panel-first-child panel-last-child widgetopts-SO\" data-index=\"4\" ><div\n\t\t\t\n\t\t\tclass=\"so-widget-sow-image so-widget-sow-image-default-8b5b6f678277-1967\"\n\t\t\t\n\t\t>\n<div class=\"sow-image-container\">\n\t\t<img \n\tsrc=\"https:\/\/saintgermaindarce.com\/sg\/wp-content\/uploads\/2018\/07\/village-03-smsg.jpg\" width=\"275\" height=\"183\" srcset=\"https:\/\/saintgermaindarce.com\/sg\/wp-content\/uploads\/2018\/07\/village-03-smsg.jpg 275w, https:\/\/saintgermaindarce.com\/sg\/wp-content\/uploads\/2018\/07\/village-03-smsg-272x182.jpg 272w\" sizes=\"(max-width: 275px) 100vw, 275px\" title=\"Photo de Saint Germain d&#039;Arc\u00e9\" alt=\"Photo de Saint Germain d&#039;Arc\u00e9\" \t\tclass=\"so-widget-image\"\/>\n\t<\/div>\n\n<\/div><\/div><\/div><div id=\"pgc-1967-2-3\"  class=\"panel-grid-cell\" ><div id=\"panel-1967-2-3-0\" class=\"so-panel widget widget_sow-image panel-first-child panel-last-child widgetopts-SO\" data-index=\"5\" ><div\n\t\t\t\n\t\t\tclass=\"so-widget-sow-image so-widget-sow-image-default-8b5b6f678277-1967\"\n\t\t\t\n\t\t>\n<div class=\"sow-image-container\">\n\t\t<img \n\tsrc=\"https:\/\/saintgermaindarce.com\/sg\/wp-content\/uploads\/2018\/07\/village-04-smsg.jpg\" width=\"275\" height=\"183\" srcset=\"https:\/\/saintgermaindarce.com\/sg\/wp-content\/uploads\/2018\/07\/village-04-smsg.jpg 275w, https:\/\/saintgermaindarce.com\/sg\/wp-content\/uploads\/2018\/07\/village-04-smsg-272x182.jpg 272w\" sizes=\"(max-width: 275px) 100vw, 275px\" title=\"Photo de Saint Germain d&#039;Arc\u00e9\" alt=\"Photo de Saint Germain d&#039;Arc\u00e9\" \t\tclass=\"so-widget-image\"\/>\n\t<\/div>\n\n<\/div><\/div><\/div><\/div><div id=\"pg-1967-3\"  class=\"panel-grid panel-no-style\" ><div id=\"pgc-1967-3-0\"  class=\"panel-grid-cell\" ><div id=\"panel-1967-3-0-0\" class=\"so-panel widget widget_sow-image panel-first-child panel-last-child widgetopts-SO\" data-index=\"6\" ><div\n\t\t\t\n\t\t\tclass=\"so-widget-sow-image so-widget-sow-image-default-8b5b6f678277-1967\"\n\t\t\t\n\t\t>\n<div class=\"sow-image-container\">\n\t\t<img \n\tsrc=\"https:\/\/saintgermaindarce.com\/sg\/wp-content\/uploads\/2018\/07\/village-05-smsg.jpg\" width=\"275\" height=\"183\" srcset=\"https:\/\/saintgermaindarce.com\/sg\/wp-content\/uploads\/2018\/07\/village-05-smsg.jpg 275w, https:\/\/saintgermaindarce.com\/sg\/wp-content\/uploads\/2018\/07\/village-05-smsg-272x182.jpg 272w\" sizes=\"(max-width: 275px) 100vw, 275px\" title=\"Photo de Saint Germain d&#039;Arc\u00e9\" alt=\"Photo de Saint Germain d&#039;Arc\u00e9\" \t\tclass=\"so-widget-image\"\/>\n\t<\/div>\n\n<\/div><\/div><\/div><div id=\"pgc-1967-3-1\"  class=\"panel-grid-cell\" ><div id=\"panel-1967-3-1-0\" class=\"so-panel widget widget_sow-image panel-first-child panel-last-child widgetopts-SO\" data-index=\"7\" ><div\n\t\t\t\n\t\t\tclass=\"so-widget-sow-image so-widget-sow-image-default-8b5b6f678277-1967\"\n\t\t\t\n\t\t>\n<div class=\"sow-image-container\">\n\t\t<img \n\tsrc=\"https:\/\/saintgermaindarce.com\/sg\/wp-content\/uploads\/2018\/07\/village-06-smsg.jpg\" width=\"275\" height=\"183\" srcset=\"https:\/\/saintgermaindarce.com\/sg\/wp-content\/uploads\/2018\/07\/village-06-smsg.jpg 275w, https:\/\/saintgermaindarce.com\/sg\/wp-content\/uploads\/2018\/07\/village-06-smsg-272x182.jpg 272w\" sizes=\"(max-width: 275px) 100vw, 275px\" title=\"Photo de Saint Germain d&#039;Arc\u00e9\" alt=\"Photo de Saint Germain d&#039;Arc\u00e9\" \t\tclass=\"so-widget-image\"\/>\n\t<\/div>\n\n<\/div><\/div><\/div><div id=\"pgc-1967-3-2\"  class=\"panel-grid-cell\" ><div id=\"panel-1967-3-2-0\" class=\"so-panel widget widget_sow-image panel-first-child panel-last-child widgetopts-SO\" data-index=\"8\" ><div\n\t\t\t\n\t\t\tclass=\"so-widget-sow-image so-widget-sow-image-default-8b5b6f678277-1967\"\n\t\t\t\n\t\t>\n<div class=\"sow-image-container\">\n\t\t<img \n\tsrc=\"https:\/\/saintgermaindarce.com\/sg\/wp-content\/uploads\/2018\/07\/village-07-smsg.jpg\" width=\"275\" height=\"183\" srcset=\"https:\/\/saintgermaindarce.com\/sg\/wp-content\/uploads\/2018\/07\/village-07-smsg.jpg 275w, https:\/\/saintgermaindarce.com\/sg\/wp-content\/uploads\/2018\/07\/village-07-smsg-272x182.jpg 272w\" sizes=\"(max-width: 275px) 100vw, 275px\" title=\"Photo de Saint Germain d&#039;Arc\u00e9\" alt=\"Photo de Saint Germain d&#039;Arc\u00e9\" \t\tclass=\"so-widget-image\"\/>\n\t<\/div>\n\n<\/div><\/div><\/div><div id=\"pgc-1967-3-3\"  class=\"panel-grid-cell\" ><div id=\"panel-1967-3-3-0\" class=\"so-panel widget widget_sow-image panel-first-child panel-last-child widgetopts-SO\" data-index=\"9\" ><div\n\t\t\t\n\t\t\tclass=\"so-widget-sow-image so-widget-sow-image-default-8b5b6f678277-1967\"\n\t\t\t\n\t\t>\n<div class=\"sow-image-container\">\n\t\t<img \n\tsrc=\"https:\/\/saintgermaindarce.com\/sg\/wp-content\/uploads\/2018\/07\/village-08-smsg.jpg\" width=\"275\" height=\"183\" srcset=\"https:\/\/saintgermaindarce.com\/sg\/wp-content\/uploads\/2018\/07\/village-08-smsg.jpg 275w, https:\/\/saintgermaindarce.com\/sg\/wp-content\/uploads\/2018\/07\/village-08-smsg-272x182.jpg 272w\" sizes=\"(max-width: 275px) 100vw, 275px\" title=\"Photo de Saint Germain d&#039;Arc\u00e9\" alt=\"Photo de Saint Germain d&#039;Arc\u00e9\" \t\tclass=\"so-widget-image\"\/>\n\t<\/div>\n\n<\/div><\/div><\/div><\/div><div id=\"pg-1967-4\"  class=\"panel-grid panel-no-style\" ><div id=\"pgc-1967-4-0\"  class=\"panel-grid-cell\" ><div id=\"panel-1967-4-0-0\" class=\"so-panel widget widget_sow-image panel-first-child panel-last-child widgetopts-SO\" data-index=\"10\" ><div\n\t\t\t\n\t\t\tclass=\"so-widget-sow-image so-widget-sow-image-default-8b5b6f678277-1967\"\n\t\t\t\n\t\t>\n<div class=\"sow-image-container\">\n\t\t<img \n\tsrc=\"https:\/\/saintgermaindarce.com\/sg\/wp-content\/uploads\/2018\/07\/village-09-smsg.jpg\" width=\"275\" height=\"183\" srcset=\"https:\/\/saintgermaindarce.com\/sg\/wp-content\/uploads\/2018\/07\/village-09-smsg.jpg 275w, https:\/\/saintgermaindarce.com\/sg\/wp-content\/uploads\/2018\/07\/village-09-smsg-272x182.jpg 272w\" sizes=\"(max-width: 275px) 100vw, 275px\" title=\"Photo de Saint Germain d&#039;Arc\u00e9\" alt=\"Photo de Saint Germain d&#039;Arc\u00e9\" \t\tclass=\"so-widget-image\"\/>\n\t<\/div>\n\n<\/div><\/div><\/div><div id=\"pgc-1967-4-1\"  class=\"panel-grid-cell\" ><div id=\"panel-1967-4-1-0\" class=\"so-panel widget widget_sow-image panel-first-child panel-last-child widgetopts-SO\" data-index=\"11\" ><div\n\t\t\t\n\t\t\tclass=\"so-widget-sow-image so-widget-sow-image-default-8b5b6f678277-1967\"\n\t\t\t\n\t\t>\n<div class=\"sow-image-container\">\n\t\t<img \n\tsrc=\"https:\/\/saintgermaindarce.com\/sg\/wp-content\/uploads\/2018\/07\/village-10-smsg.jpg\" width=\"275\" height=\"183\" srcset=\"https:\/\/saintgermaindarce.com\/sg\/wp-content\/uploads\/2018\/07\/village-10-smsg.jpg 275w, https:\/\/saintgermaindarce.com\/sg\/wp-content\/uploads\/2018\/07\/village-10-smsg-272x182.jpg 272w\" sizes=\"(max-width: 275px) 100vw, 275px\" title=\"Photo de Saint Germain d&#039;Arc\u00e9\" alt=\"Photo de Saint Germain d&#039;Arc\u00e9\" \t\tclass=\"so-widget-image\"\/>\n\t<\/div>\n\n<\/div><\/div><\/div><div id=\"pgc-1967-4-2\"  class=\"panel-grid-cell\" ><div id=\"panel-1967-4-2-0\" class=\"so-panel widget widget_sow-image panel-first-child panel-last-child widgetopts-SO\" data-index=\"12\" ><div\n\t\t\t\n\t\t\tclass=\"so-widget-sow-image so-widget-sow-image-default-8b5b6f678277-1967\"\n\t\t\t\n\t\t>\n<div class=\"sow-image-container\">\n\t\t<img \n\tsrc=\"https:\/\/saintgermaindarce.com\/sg\/wp-content\/uploads\/2018\/07\/village-11-smsg.jpg\" width=\"275\" height=\"183\" srcset=\"https:\/\/saintgermaindarce.com\/sg\/wp-content\/uploads\/2018\/07\/village-11-smsg.jpg 275w, https:\/\/saintgermaindarce.com\/sg\/wp-content\/uploads\/2018\/07\/village-11-smsg-272x182.jpg 272w\" sizes=\"(max-width: 275px) 100vw, 275px\" title=\"Photo de Saint Germain d&#039;Arc\u00e9\" alt=\"Photo de Saint Germain d&#039;Arc\u00e9\" \t\tclass=\"so-widget-image\"\/>\n\t<\/div>\n\n<\/div><\/div><\/div><div id=\"pgc-1967-4-3\"  class=\"panel-grid-cell\" ><div id=\"panel-1967-4-3-0\" class=\"so-panel widget widget_sow-image panel-first-child panel-last-child widgetopts-SO\" data-index=\"13\" ><div\n\t\t\t\n\t\t\tclass=\"so-widget-sow-image so-widget-sow-image-default-8b5b6f678277-1967\"\n\t\t\t\n\t\t>\n<div class=\"sow-image-container\">\n\t\t<img \n\tsrc=\"https:\/\/saintgermaindarce.com\/sg\/wp-content\/uploads\/2018\/07\/village-12-smsg.jpg\" width=\"275\" height=\"183\" srcset=\"https:\/\/saintgermaindarce.com\/sg\/wp-content\/uploads\/2018\/07\/village-12-smsg.jpg 275w, https:\/\/saintgermaindarce.com\/sg\/wp-content\/uploads\/2018\/07\/village-12-smsg-272x182.jpg 272w\" sizes=\"(max-width: 275px) 100vw, 275px\" title=\"Photo de Saint Germain d&#039;Arc\u00e9\" alt=\"Photo de Saint Germain d&#039;Arc\u00e9\" \t\tclass=\"so-widget-image\"\/>\n\t<\/div>\n\n<\/div><\/div><\/div><\/div><\/div>","protected":false},"excerpt":{"rendered":"<p>Photos du Village de Saint Germain d&rsquo;Arc\u00e9 &#8211; shooting r\u00e9alis\u00e9 d\u00e9but Mai 2018<\/p>\n","protected":false},"author":1,"featured_media":0,"parent":0,"menu_order":0,"comment_status":"closed","ping_status":"closed","template":"","meta":{"footnotes":""},"class_list":["post-1967","page","type-page","status-publish","hentry"],"yoast_head":"<!-- This site is optimized with the Yoast SEO plugin v27.3 - https:\/\/yoast.com\/product\/yoast-seo-wordpress\/ -->\n<title>Photos du village - Mairie de Saint Germain d&#039;Arc\u00e9<\/title>\n<meta name=\"robots\" content=\"index, follow, max-snippet:-1, max-image-preview:large, max-video-preview:-1\" \/>\n<link rel=\"canonical\" href=\"https:\/\/saintgermaindarce.com\/sg\/photos-du-village\/\" \/>\n<meta name=\"twitter:card\" content=\"summary_large_image\" \/>\n<meta name=\"twitter:title\" content=\"Photos du village - Mairie de Saint Germain d&#039;Arc\u00e9\" \/>\n<meta name=\"twitter:description\" content=\"Photos du Village de Saint Germain d&#039;Arc\u00e9 - shooting r\u00e9alis\u00e9 d\u00e9but Mai 2018\" \/>\n<meta name=\"twitter:label1\" content=\"Dur\u00e9e de lecture estim\u00e9e\" \/>\n\t<meta name=\"twitter:data1\" content=\"1 minute\" \/>\n<script type=\"application\/ld+json\" class=\"yoast-schema-graph\">{\"@context\":\"https:\\\/\\\/schema.org\",\"@graph\":[{\"@type\":\"WebPage\",\"@id\":\"https:\\\/\\\/saintgermaindarce.com\\\/sg\\\/photos-du-village\\\/\",\"url\":\"https:\\\/\\\/saintgermaindarce.com\\\/sg\\\/photos-du-village\\\/\",\"name\":\"Photos du village - Mairie de Saint Germain d&#039;Arc\u00e9\",\"isPartOf\":{\"@id\":\"https:\\\/\\\/saintgermaindarce.com\\\/sg\\\/#website\"},\"datePublished\":\"2018-07-09T18:36:58+00:00\",\"dateModified\":\"2018-07-09T21:23:01+00:00\",\"breadcrumb\":{\"@id\":\"https:\\\/\\\/saintgermaindarce.com\\\/sg\\\/photos-du-village\\\/#breadcrumb\"},\"inLanguage\":\"fr-FR\",\"potentialAction\":[{\"@type\":\"ReadAction\",\"target\":[\"https:\\\/\\\/saintgermaindarce.com\\\/sg\\\/photos-du-village\\\/\"]}]},{\"@type\":\"BreadcrumbList\",\"@id\":\"https:\\\/\\\/saintgermaindarce.com\\\/sg\\\/photos-du-village\\\/#breadcrumb\",\"itemListElement\":[{\"@type\":\"ListItem\",\"position\":1,\"name\":\"Accueil\",\"item\":\"https:\\\/\\\/saintgermaindarce.com\\\/sg\\\/\"},{\"@type\":\"ListItem\",\"position\":2,\"name\":\"Photos du village\"}]},{\"@type\":\"WebSite\",\"@id\":\"https:\\\/\\\/saintgermaindarce.com\\\/sg\\\/#website\",\"url\":\"https:\\\/\\\/saintgermaindarce.com\\\/sg\\\/\",\"name\":\"Mairie de Saint Germain d'Arc\u00e9\",\"description\":\"\",\"publisher\":{\"@id\":\"https:\\\/\\\/saintgermaindarce.com\\\/sg\\\/#\\\/schema\\\/person\\\/93511b19cadd37cf2a6e92b3df7f79ec\"},\"potentialAction\":[{\"@type\":\"SearchAction\",\"target\":{\"@type\":\"EntryPoint\",\"urlTemplate\":\"https:\\\/\\\/saintgermaindarce.com\\\/sg\\\/?s={search_term_string}\"},\"query-input\":{\"@type\":\"PropertyValueSpecification\",\"valueRequired\":true,\"valueName\":\"search_term_string\"}}],\"inLanguage\":\"fr-FR\"},{\"@type\":[\"Person\",\"Organization\"],\"@id\":\"https:\\\/\\\/saintgermaindarce.com\\\/sg\\\/#\\\/schema\\\/person\\\/93511b19cadd37cf2a6e92b3df7f79ec\",\"name\":\"secretariat Mairie\",\"image\":{\"@type\":\"ImageObject\",\"inLanguage\":\"fr-FR\",\"@id\":\"https:\\\/\\\/secure.gravatar.com\\\/avatar\\\/f767471be6375bc48c47e01a87935108ce923ff3609476b1fd7fe905f23de8aa?s=96&d=mm&r=g\",\"url\":\"https:\\\/\\\/secure.gravatar.com\\\/avatar\\\/f767471be6375bc48c47e01a87935108ce923ff3609476b1fd7fe905f23de8aa?s=96&d=mm&r=g\",\"contentUrl\":\"https:\\\/\\\/secure.gravatar.com\\\/avatar\\\/f767471be6375bc48c47e01a87935108ce923ff3609476b1fd7fe905f23de8aa?s=96&d=mm&r=g\",\"caption\":\"secretariat Mairie\"},\"logo\":{\"@id\":\"https:\\\/\\\/secure.gravatar.com\\\/avatar\\\/f767471be6375bc48c47e01a87935108ce923ff3609476b1fd7fe905f23de8aa?s=96&d=mm&r=g\"}}]}<\/script>\n<!-- \/ Yoast SEO plugin. -->","yoast_head_json":{"title":"Photos du village - Mairie de Saint Germain d&#039;Arc\u00e9","robots":{"index":"index","follow":"follow","max-snippet":"max-snippet:-1","max-image-preview":"max-image-preview:large","max-video-preview":"max-video-preview:-1"},"canonical":"https:\/\/saintgermaindarce.com\/sg\/photos-du-village\/","twitter_card":"summary_large_image","twitter_title":"Photos du village - Mairie de Saint Germain d&#039;Arc\u00e9","twitter_description":"Photos du Village de Saint Germain d'Arc\u00e9 - shooting r\u00e9alis\u00e9 d\u00e9but Mai 2018","twitter_misc":{"Dur\u00e9e de lecture estim\u00e9e":"1 minute"},"schema":{"@context":"https:\/\/schema.org","@graph":[{"@type":"WebPage","@id":"https:\/\/saintgermaindarce.com\/sg\/photos-du-village\/","url":"https:\/\/saintgermaindarce.com\/sg\/photos-du-village\/","name":"Photos du village - Mairie de Saint Germain d&#039;Arc\u00e9","isPartOf":{"@id":"https:\/\/saintgermaindarce.com\/sg\/#website"},"datePublished":"2018-07-09T18:36:58+00:00","dateModified":"2018-07-09T21:23:01+00:00","breadcrumb":{"@id":"https:\/\/saintgermaindarce.com\/sg\/photos-du-village\/#breadcrumb"},"inLanguage":"fr-FR","potentialAction":[{"@type":"ReadAction","target":["https:\/\/saintgermaindarce.com\/sg\/photos-du-village\/"]}]},{"@type":"BreadcrumbList","@id":"https:\/\/saintgermaindarce.com\/sg\/photos-du-village\/#breadcrumb","itemListElement":[{"@type":"ListItem","position":1,"name":"Accueil","item":"https:\/\/saintgermaindarce.com\/sg\/"},{"@type":"ListItem","position":2,"name":"Photos du village"}]},{"@type":"WebSite","@id":"https:\/\/saintgermaindarce.com\/sg\/#website","url":"https:\/\/saintgermaindarce.com\/sg\/","name":"Mairie de Saint Germain d'Arc\u00e9","description":"","publisher":{"@id":"https:\/\/saintgermaindarce.com\/sg\/#\/schema\/person\/93511b19cadd37cf2a6e92b3df7f79ec"},"potentialAction":[{"@type":"SearchAction","target":{"@type":"EntryPoint","urlTemplate":"https:\/\/saintgermaindarce.com\/sg\/?s={search_term_string}"},"query-input":{"@type":"PropertyValueSpecification","valueRequired":true,"valueName":"search_term_string"}}],"inLanguage":"fr-FR"},{"@type":["Person","Organization"],"@id":"https:\/\/saintgermaindarce.com\/sg\/#\/schema\/person\/93511b19cadd37cf2a6e92b3df7f79ec","name":"secretariat Mairie","image":{"@type":"ImageObject","inLanguage":"fr-FR","@id":"https:\/\/secure.gravatar.com\/avatar\/f767471be6375bc48c47e01a87935108ce923ff3609476b1fd7fe905f23de8aa?s=96&d=mm&r=g","url":"https:\/\/secure.gravatar.com\/avatar\/f767471be6375bc48c47e01a87935108ce923ff3609476b1fd7fe905f23de8aa?s=96&d=mm&r=g","contentUrl":"https:\/\/secure.gravatar.com\/avatar\/f767471be6375bc48c47e01a87935108ce923ff3609476b1fd7fe905f23de8aa?s=96&d=mm&r=g","caption":"secretariat Mairie"},"logo":{"@id":"https:\/\/secure.gravatar.com\/avatar\/f767471be6375bc48c47e01a87935108ce923ff3609476b1fd7fe905f23de8aa?s=96&d=mm&r=g"}}]}},"_links":{"self":[{"href":"https:\/\/saintgermaindarce.com\/sg\/wp-json\/wp\/v2\/pages\/1967","targetHints":{"allow":["GET"]}}],"collection":[{"href":"https:\/\/saintgermaindarce.com\/sg\/wp-json\/wp\/v2\/pages"}],"about":[{"href":"https:\/\/saintgermaindarce.com\/sg\/wp-json\/wp\/v2\/types\/page"}],"author":[{"embeddable":true,"href":"https:\/\/saintgermaindarce.com\/sg\/wp-json\/wp\/v2\/users\/1"}],"replies":[{"embeddable":true,"href":"https:\/\/saintgermaindarce.com\/sg\/wp-json\/wp\/v2\/comments?post=1967"}],"version-history":[{"count":0,"href":"https:\/\/saintgermaindarce.com\/sg\/wp-json\/wp\/v2\/pages\/1967\/revisions"}],"wp:attachment":[{"href":"https:\/\/saintgermaindarce.com\/sg\/wp-json\/wp\/v2\/media?parent=1967"}],"curies":[{"name":"wp","href":"https:\/\/api.w.org\/{rel}","templated":true}]}}