{"id":1679,"date":"2018-07-08T23:19:01","date_gmt":"2018-07-08T21:19:01","guid":{"rendered":"https:\/\/saintgermaindarce.com\/sg\/?page_id=1679"},"modified":"2022-08-02T14:59:46","modified_gmt":"2022-08-02T12:59:46","slug":"loisirs-a-saint-germain-arce","status":"publish","type":"page","link":"https:\/\/saintgermaindarce.com\/sg\/loisirs-a-saint-germain-arce\/","title":{"rendered":"Complexe sportif"},"content":{"rendered":"<div id=\"pl-1679\"  class=\"panel-layout\" ><div id=\"pg-1679-0\"  class=\"panel-grid panel-no-style\" ><div id=\"pgc-1679-0-0\"  class=\"panel-grid-cell\" ><div id=\"panel-1679-0-0-0\" class=\"so-panel widget widget_sow-editor panel-first-child panel-last-child widgetopts-SO\" data-index=\"0\" ><div\n\t\t\t\n\t\t\tclass=\"so-widget-sow-editor so-widget-sow-editor-base\"\n\t\t\t\n\t\t>\n<div class=\"siteorigin-widget-tinymce textwidget\">\n\t<\/div>\n<\/div><\/div><\/div><\/div><div id=\"pg-1679-1\"  class=\"panel-grid panel-no-style\" ><div id=\"pgc-1679-1-0\"  class=\"panel-grid-cell\" ><div id=\"panel-1679-1-0-0\" class=\"so-panel widget widget_sow-editor panel-first-child panel-last-child widgetopts-SO\" data-index=\"1\" ><div\n\t\t\t\n\t\t\tclass=\"so-widget-sow-editor so-widget-sow-editor-base\"\n\t\t\t\n\t\t>\n<div class=\"siteorigin-widget-tinymce textwidget\">\n\t<div id=\"pg-360-1\" class=\"panel-grid\">\n<div id=\"pgc-360-1-0\" class=\"panel-grid-cell\">\n<div id=\"panel-360-1-0-0\" class=\"so-panel widget widget_black-studio-tinymce widget_black_studio_tinymce panel-first-child panel-last-child\" data-index=\"1\">\n<div class=\"textwidget\">\n<h3><strong>Complexe sportif<br \/>\n<\/strong><\/h3>\n<p>Vous \u00eates de passage \u00e0 Saint Germain d'Arc\u00e9 ? Pour une journ\u00e9e, pour quelques heures ? La commune vous propose quelques activit\u00e9s ponctuelles et occasionnelles qui agr\u00e9menteront votre s\u00e9jour.\n<\/p><\/div>\n<\/div>\n<\/div>\n<\/div>\n<\/div>\n<\/div><\/div><\/div><\/div><div id=\"pg-1679-2\"  class=\"panel-grid panel-no-style\" ><div id=\"pgc-1679-2-0\"  class=\"panel-grid-cell panel-grid-cell-empty panel-grid-cell-mobile-last\" ><\/div><div id=\"pgc-1679-2-1\"  class=\"panel-grid-cell panel-grid-cell-empty\" ><\/div><\/div><div id=\"pg-1679-3\"  class=\"panel-grid panel-no-style\" ><div id=\"pgc-1679-3-0\"  class=\"panel-grid-cell\" ><div id=\"panel-1679-3-0-0\" class=\"so-panel widget widget_sow-editor panel-first-child panel-last-child widgetopts-SO\" data-index=\"2\" ><div\n\t\t\t\n\t\t\tclass=\"so-widget-sow-editor so-widget-sow-editor-base\"\n\t\t\t\n\t\t>\n<div class=\"siteorigin-widget-tinymce textwidget\">\n\t<h3><strong>Aire de jeux pour enfants<\/strong><\/h3>\n<p>Nous disposons \u00e9galement d'une aire de jeux pour vos enfants, localis\u00e9e derri\u00e8re l'espace Socioculturel, en face le centre de secours (CPI) \u00e0 5 minutes \u00e0 pied du centre bourg.<br \/>\nLes jeux sont plac\u00e9s sous la responsabilit\u00e9 des parents.<\/p>\n<\/div>\n<\/div><\/div><\/div><div id=\"pgc-1679-3-1\"  class=\"panel-grid-cell\" ><div id=\"panel-1679-3-1-0\" class=\"so-panel widget widget_sow-image panel-first-child panel-last-child widgetopts-SO\" data-index=\"3\" ><div\n\t\t\t\n\t\t\tclass=\"so-widget-sow-image so-widget-sow-image-default-8b5b6f678277-1679\"\n\t\t\t\n\t\t>\n<div class=\"sow-image-container\">\n\t\t<img \n\tsrc=\"https:\/\/saintgermaindarce.com\/sg\/wp-content\/uploads\/2018\/07\/aire-de-jeux-01.jpg\" width=\"300\" height=\"225\" sizes=\"(max-width: 300px) 100vw, 300px\" title=\"Aire de Jeux pour enfants\" alt=\"Aire de Jeux pour enfants\" \t\tclass=\"so-widget-image\"\/>\n\t<\/div>\n\n<\/div><\/div><\/div><\/div><div id=\"pg-1679-4\"  class=\"panel-grid panel-no-style\" ><div id=\"pgc-1679-4-0\"  class=\"panel-grid-cell\" ><div id=\"panel-1679-4-0-0\" class=\"so-panel widget widget_sow-editor panel-first-child panel-last-child widgetopts-SO\" data-index=\"4\" ><div\n\t\t\t\n\t\t\tclass=\"so-widget-sow-editor so-widget-sow-editor-base\"\n\t\t\t\n\t\t>\n<div class=\"siteorigin-widget-tinymce textwidget\">\n\t<h3><strong>4 Circuits de Randonn\u00e9es p\u00e9destres<\/strong><\/h3>\n<p>Que ce soit en promenade ou de mani\u00e8re plus soutenue, nous vous proposons des circuits de randonn\u00e9es au d\u00e9part de Saint Germain d'Arc\u00e9.<br \/>\nConsultez pour cela <a href=\"https:\/\/saintgermaindarce.com\/sg\/circuits-de-randonnees\/\">[ en d\u00e9tail notre brochure ]<\/a> et nos circuits.<\/p>\n<\/div>\n<\/div><\/div><\/div><div id=\"pgc-1679-4-1\"  class=\"panel-grid-cell\" ><div id=\"panel-1679-4-1-0\" class=\"so-panel widget widget_sow-image panel-first-child panel-last-child widgetopts-SO\" data-index=\"5\" ><div\n\t\t\t\n\t\t\tclass=\"so-widget-sow-image so-widget-sow-image-default-8b5b6f678277-1679\"\n\t\t\t\n\t\t>\n<div class=\"sow-image-container\">\n\t\t\t<a href=\"https:\/\/saintgermaindarce.com\/sg\/circuits-de-randonnees\/\"\n\t\t\t\t\t>\n\t\t\t<img \n\tsrc=\"https:\/\/saintgermaindarce.com\/sg\/wp-content\/uploads\/2018\/07\/plan-4-randos-sg-300pix.jpg\" width=\"300\" height=\"240\" sizes=\"(max-width: 300px) 100vw, 300px\" title=\"Voir en d\u00e9tail les circuits de randonn\u00e9es au d\u00e9part de Saint Germain d&#039;Arc\u00e9\" alt=\"Voir en d\u00e9tail les circuits de randonn\u00e9es au d\u00e9part de Saint Germain d&#039;Arc\u00e9\" \t\tclass=\"so-widget-image\"\/>\n\t\t\t<\/a><\/div>\n\n<\/div><\/div><\/div><\/div><div id=\"pg-1679-5\"  class=\"panel-grid panel-no-style\" ><div id=\"pgc-1679-5-0\"  class=\"panel-grid-cell\" ><div id=\"panel-1679-5-0-0\" class=\"so-panel widget widget_sow-editor panel-first-child panel-last-child widgetopts-SO\" data-index=\"6\" ><div\n\t\t\t\n\t\t\tclass=\"so-widget-sow-editor so-widget-sow-editor-base\"\n\t\t\t\n\t\t>\n<div class=\"siteorigin-widget-tinymce textwidget\">\n\t<h3><strong>Le Tennis<\/strong><\/h3>\n<p>la commune met gratuitement \u00e0 disposition deux courts ext\u00e9rieurs de tennis. Veuillez au pr\u00e9alable<a href=\"https:\/\/saintgermaindarce.com\/sg\/court-de-tennis\/\" target=\"_blank\" rel=\"noopener\"> [ consulter en d\u00e9tail le r\u00e8glement ]<\/a> d'utilisation des terrains.<\/p>\n<\/div>\n<\/div><\/div><\/div><div id=\"pgc-1679-5-1\"  class=\"panel-grid-cell\" ><div id=\"panel-1679-5-1-0\" class=\"so-panel widget widget_sow-image panel-first-child panel-last-child widgetopts-SO\" data-index=\"7\" ><div\n\t\t\t\n\t\t\tclass=\"so-widget-sow-image so-widget-sow-image-default-8b5b6f678277-1679\"\n\t\t\t\n\t\t>\n<div class=\"sow-image-container\">\n\t\t\t<a href=\"https:\/\/saintgermaindarce.com\/sg\/court-de-tennis\/\"\n\t\t\t\t\t>\n\t\t\t<img \n\tsrc=\"https:\/\/saintgermaindarce.com\/sg\/wp-content\/uploads\/2018\/07\/2-terrains-tennis-sg.jpg\" width=\"300\" height=\"168\" sizes=\"(max-width: 300px) 100vw, 300px\" title=\"Voir en d\u00e9tail les terrains de tennis et le r\u00e8glement\" alt=\"Voir en d\u00e9tail les terrains de tennis et le r\u00e8glement\" \t\tclass=\"so-widget-image\"\/>\n\t\t\t<\/a><\/div>\n\n<\/div><\/div><\/div><\/div><div id=\"pg-1679-6\"  class=\"panel-grid panel-no-style\" ><div id=\"pgc-1679-6-0\"  class=\"panel-grid-cell\" ><div id=\"panel-1679-6-0-0\" class=\"so-panel widget widget_sow-editor panel-first-child panel-last-child widgetopts-SO\" data-index=\"8\" ><div\n\t\t\t\n\t\t\tclass=\"so-widget-sow-editor so-widget-sow-editor-base\"\n\t\t\t\n\t\t>\n<div class=\"siteorigin-widget-tinymce textwidget\">\n\t<h3><strong>Stade de football<\/strong><\/h3>\n<p>Ce Terrain De Football a \u00e9t\u00e9 mis en service en 1965-1974; il dispose d'un sol en Gazon naturel. La surface d'\u00e9volution est de 7140.00 m2. <\/p>\n<\/div>\n<\/div><\/div><\/div><div id=\"pgc-1679-6-1\"  class=\"panel-grid-cell\" ><div id=\"panel-1679-6-1-0\" class=\"so-panel widget widget_sow-image panel-first-child panel-last-child widgetopts-SO\" data-index=\"9\" ><div\n\t\t\t\n\t\t\tclass=\"so-widget-sow-image so-widget-sow-image-default-8b5b6f678277-1679\"\n\t\t\t\n\t\t>\n<div class=\"sow-image-container\">\n\t\t<img \n\tsrc=\"https:\/\/saintgermaindarce.com\/sg\/wp-content\/uploads\/2018\/07\/stade-de-foot-st-germain.jpg\" width=\"300\" height=\"224\" sizes=\"(max-width: 300px) 100vw, 300px\" title=\"Terrain de football de St Germain\" alt=\"Terrain de football de St Germain\" \t\tclass=\"so-widget-image\"\/>\n\t<\/div>\n\n<\/div><\/div><\/div><\/div><div id=\"pg-1679-7\"  class=\"panel-grid panel-no-style\" ><div id=\"pgc-1679-7-0\"  class=\"panel-grid-cell\" ><div id=\"panel-1679-7-0-0\" class=\"so-panel widget widget_sow-editor panel-first-child panel-last-child widgetopts-SO\" data-index=\"10\" ><div\n\t\t\t\n\t\t\tclass=\"so-widget-sow-editor so-widget-sow-editor-base\"\n\t\t\t\n\t\t>\n<div class=\"siteorigin-widget-tinymce textwidget\">\n\t<h3><strong>Le boulodrome<\/strong><\/h3>\n<p>4 terrains de p\u00e9tanque sont \u00e0 votre disposition situ\u00e9s au Complexe sportif du gu\u00e9.<br \/>\nEn acc\u00e8s libre. Nature du sol: Stabilis\u00e9\/cendr\u00e9e.<\/p>\n<\/div>\n<\/div><\/div><\/div><div id=\"pgc-1679-7-1\"  class=\"panel-grid-cell\" ><div id=\"panel-1679-7-1-0\" class=\"so-panel widget widget_sow-image panel-first-child panel-last-child widgetopts-SO\" data-index=\"11\" ><div\n\t\t\t\n\t\t\tclass=\"so-widget-sow-image so-widget-sow-image-default-8b5b6f678277-1679\"\n\t\t\t\n\t\t>\n<div class=\"sow-image-container\">\n\t\t<img \n\tsrc=\"https:\/\/saintgermaindarce.com\/sg\/wp-content\/uploads\/2018\/07\/photo-chambre-hotes.jpg\" width=\"300\" height=\"191\" sizes=\"(max-width: 300px) 100vw, 300px\" title=\"Boulodrome \u00e0 Saint Germain d&#039;Arc\u00e9\" alt=\"Boulodrome \u00e0 Saint Germain d&#039;Arc\u00e9\" \t\tclass=\"so-widget-image\"\/>\n\t<\/div>\n\n<\/div><\/div><\/div><\/div><div id=\"pg-1679-8\"  class=\"panel-grid panel-no-style\" ><div id=\"pgc-1679-8-0\"  class=\"panel-grid-cell\" ><div id=\"panel-1679-8-0-0\" class=\"so-panel widget widget_sow-editor panel-first-child panel-last-child widgetopts-SO\" data-index=\"12\" ><div\n\t\t\t\n\t\t\tclass=\"so-widget-sow-editor so-widget-sow-editor-base\"\n\t\t\t\n\t\t>\n<div class=\"siteorigin-widget-tinymce textwidget\">\n\t<h3><strong>La p\u00eache<\/strong><\/h3>\n<p>La Fare, Le Loir et de nombreux \u00e9tangs priv\u00e9s permettent la pratique de la p\u00eache.<br \/>\nA noter: classement P\u00eache 1\u00e8re cat\u00e9gorie sur la Fare.<\/p>\n<\/div>\n<\/div><\/div><\/div><div id=\"pgc-1679-8-1\"  class=\"panel-grid-cell\" ><div id=\"panel-1679-8-1-0\" class=\"so-panel widget widget_sow-image panel-first-child panel-last-child widgetopts-SO\" data-index=\"13\" ><div\n\t\t\t\n\t\t\tclass=\"so-widget-sow-image so-widget-sow-image-default-8b5b6f678277-1679\"\n\t\t\t\n\t\t>\n<div class=\"sow-image-container\">\n\t\t<img \n\tsrc=\"https:\/\/saintgermaindarce.com\/sg\/wp-content\/uploads\/2018\/07\/la-fare-peche-sg.jpg\" width=\"300\" height=\"225\" sizes=\"(max-width: 300px) 100vw, 300px\" title=\"La Fare \u00e0 St Germain - P\u00eache : 1\u00e8re cat\u00e9gorie\" alt=\"La Fare \u00e0 St Germain - P\u00eache : 1\u00e8re cat\u00e9gorie\" \t\tclass=\"so-widget-image\"\/>\n\t<\/div>\n\n<\/div><\/div><\/div><\/div><\/div>","protected":false},"excerpt":{"rendered":"<p>Complexe sportif Vous \u00eates de passage \u00e0 Saint Germain d&rsquo;Arc\u00e9 ? Pour une journ\u00e9e, pour quelques heures ? La commune vous propose quelques activit\u00e9s ponctuelles et occasionnelles qui agr\u00e9menteront votre s\u00e9jour.<\/p>\n","protected":false},"author":1,"featured_media":0,"parent":0,"menu_order":0,"comment_status":"closed","ping_status":"closed","template":"","meta":{"footnotes":""},"class_list":["post-1679","page","type-page","status-publish","hentry"],"yoast_head":"<!-- This site is optimized with the Yoast SEO plugin v27.3 - https:\/\/yoast.com\/product\/yoast-seo-wordpress\/ -->\n<title>Complexe sportif - Mairie de Saint Germain d&#039;Arc\u00e9<\/title>\n<meta name=\"robots\" content=\"index, follow, max-snippet:-1, max-image-preview:large, max-video-preview:-1\" \/>\n<link rel=\"canonical\" href=\"https:\/\/saintgermaindarce.com\/sg\/loisirs-a-saint-germain-arce\/\" \/>\n<meta name=\"twitter:card\" content=\"summary_large_image\" \/>\n<meta name=\"twitter:title\" content=\"Complexe sportif - Mairie de Saint Germain d&#039;Arc\u00e9\" \/>\n<meta name=\"twitter:description\" content=\"Complexe sportif Vous \u00eates de passage \u00e0 Saint Germain d&#039;Arc\u00e9 ? Pour une journ\u00e9e, pour quelques heures ? La commune vous propose quelques activit\u00e9s ponctuelles et occasionnelles qui agr\u00e9menteront votre s\u00e9jour.\" \/>\n<meta name=\"twitter:label1\" content=\"Dur\u00e9e de lecture estim\u00e9e\" \/>\n\t<meta name=\"twitter:data1\" content=\"1 minute\" \/>\n<script type=\"application\/ld+json\" class=\"yoast-schema-graph\">{\"@context\":\"https:\\\/\\\/schema.org\",\"@graph\":[{\"@type\":\"WebPage\",\"@id\":\"https:\\\/\\\/saintgermaindarce.com\\\/sg\\\/loisirs-a-saint-germain-arce\\\/\",\"url\":\"https:\\\/\\\/saintgermaindarce.com\\\/sg\\\/loisirs-a-saint-germain-arce\\\/\",\"name\":\"Complexe sportif - Mairie de Saint Germain d&#039;Arc\u00e9\",\"isPartOf\":{\"@id\":\"https:\\\/\\\/saintgermaindarce.com\\\/sg\\\/#website\"},\"datePublished\":\"2018-07-08T21:19:01+00:00\",\"dateModified\":\"2022-08-02T12:59:46+00:00\",\"breadcrumb\":{\"@id\":\"https:\\\/\\\/saintgermaindarce.com\\\/sg\\\/loisirs-a-saint-germain-arce\\\/#breadcrumb\"},\"inLanguage\":\"fr-FR\",\"potentialAction\":[{\"@type\":\"ReadAction\",\"target\":[\"https:\\\/\\\/saintgermaindarce.com\\\/sg\\\/loisirs-a-saint-germain-arce\\\/\"]}]},{\"@type\":\"BreadcrumbList\",\"@id\":\"https:\\\/\\\/saintgermaindarce.com\\\/sg\\\/loisirs-a-saint-germain-arce\\\/#breadcrumb\",\"itemListElement\":[{\"@type\":\"ListItem\",\"position\":1,\"name\":\"Accueil\",\"item\":\"https:\\\/\\\/saintgermaindarce.com\\\/sg\\\/\"},{\"@type\":\"ListItem\",\"position\":2,\"name\":\"Complexe sportif\"}]},{\"@type\":\"WebSite\",\"@id\":\"https:\\\/\\\/saintgermaindarce.com\\\/sg\\\/#website\",\"url\":\"https:\\\/\\\/saintgermaindarce.com\\\/sg\\\/\",\"name\":\"Mairie de Saint Germain d'Arc\u00e9\",\"description\":\"\",\"publisher\":{\"@id\":\"https:\\\/\\\/saintgermaindarce.com\\\/sg\\\/#\\\/schema\\\/person\\\/93511b19cadd37cf2a6e92b3df7f79ec\"},\"potentialAction\":[{\"@type\":\"SearchAction\",\"target\":{\"@type\":\"EntryPoint\",\"urlTemplate\":\"https:\\\/\\\/saintgermaindarce.com\\\/sg\\\/?s={search_term_string}\"},\"query-input\":{\"@type\":\"PropertyValueSpecification\",\"valueRequired\":true,\"valueName\":\"search_term_string\"}}],\"inLanguage\":\"fr-FR\"},{\"@type\":[\"Person\",\"Organization\"],\"@id\":\"https:\\\/\\\/saintgermaindarce.com\\\/sg\\\/#\\\/schema\\\/person\\\/93511b19cadd37cf2a6e92b3df7f79ec\",\"name\":\"secretariat Mairie\",\"image\":{\"@type\":\"ImageObject\",\"inLanguage\":\"fr-FR\",\"@id\":\"https:\\\/\\\/secure.gravatar.com\\\/avatar\\\/f767471be6375bc48c47e01a87935108ce923ff3609476b1fd7fe905f23de8aa?s=96&d=mm&r=g\",\"url\":\"https:\\\/\\\/secure.gravatar.com\\\/avatar\\\/f767471be6375bc48c47e01a87935108ce923ff3609476b1fd7fe905f23de8aa?s=96&d=mm&r=g\",\"contentUrl\":\"https:\\\/\\\/secure.gravatar.com\\\/avatar\\\/f767471be6375bc48c47e01a87935108ce923ff3609476b1fd7fe905f23de8aa?s=96&d=mm&r=g\",\"caption\":\"secretariat Mairie\"},\"logo\":{\"@id\":\"https:\\\/\\\/secure.gravatar.com\\\/avatar\\\/f767471be6375bc48c47e01a87935108ce923ff3609476b1fd7fe905f23de8aa?s=96&d=mm&r=g\"}}]}<\/script>\n<!-- \/ Yoast SEO plugin. -->","yoast_head_json":{"title":"Complexe sportif - Mairie de Saint Germain d&#039;Arc\u00e9","robots":{"index":"index","follow":"follow","max-snippet":"max-snippet:-1","max-image-preview":"max-image-preview:large","max-video-preview":"max-video-preview:-1"},"canonical":"https:\/\/saintgermaindarce.com\/sg\/loisirs-a-saint-germain-arce\/","twitter_card":"summary_large_image","twitter_title":"Complexe sportif - Mairie de Saint Germain d&#039;Arc\u00e9","twitter_description":"Complexe sportif Vous \u00eates de passage \u00e0 Saint Germain d'Arc\u00e9 ? Pour une journ\u00e9e, pour quelques heures ? La commune vous propose quelques activit\u00e9s ponctuelles et occasionnelles qui agr\u00e9menteront votre s\u00e9jour.","twitter_misc":{"Dur\u00e9e de lecture estim\u00e9e":"1 minute"},"schema":{"@context":"https:\/\/schema.org","@graph":[{"@type":"WebPage","@id":"https:\/\/saintgermaindarce.com\/sg\/loisirs-a-saint-germain-arce\/","url":"https:\/\/saintgermaindarce.com\/sg\/loisirs-a-saint-germain-arce\/","name":"Complexe sportif - Mairie de Saint Germain d&#039;Arc\u00e9","isPartOf":{"@id":"https:\/\/saintgermaindarce.com\/sg\/#website"},"datePublished":"2018-07-08T21:19:01+00:00","dateModified":"2022-08-02T12:59:46+00:00","breadcrumb":{"@id":"https:\/\/saintgermaindarce.com\/sg\/loisirs-a-saint-germain-arce\/#breadcrumb"},"inLanguage":"fr-FR","potentialAction":[{"@type":"ReadAction","target":["https:\/\/saintgermaindarce.com\/sg\/loisirs-a-saint-germain-arce\/"]}]},{"@type":"BreadcrumbList","@id":"https:\/\/saintgermaindarce.com\/sg\/loisirs-a-saint-germain-arce\/#breadcrumb","itemListElement":[{"@type":"ListItem","position":1,"name":"Accueil","item":"https:\/\/saintgermaindarce.com\/sg\/"},{"@type":"ListItem","position":2,"name":"Complexe sportif"}]},{"@type":"WebSite","@id":"https:\/\/saintgermaindarce.com\/sg\/#website","url":"https:\/\/saintgermaindarce.com\/sg\/","name":"Mairie de Saint Germain d'Arc\u00e9","description":"","publisher":{"@id":"https:\/\/saintgermaindarce.com\/sg\/#\/schema\/person\/93511b19cadd37cf2a6e92b3df7f79ec"},"potentialAction":[{"@type":"SearchAction","target":{"@type":"EntryPoint","urlTemplate":"https:\/\/saintgermaindarce.com\/sg\/?s={search_term_string}"},"query-input":{"@type":"PropertyValueSpecification","valueRequired":true,"valueName":"search_term_string"}}],"inLanguage":"fr-FR"},{"@type":["Person","Organization"],"@id":"https:\/\/saintgermaindarce.com\/sg\/#\/schema\/person\/93511b19cadd37cf2a6e92b3df7f79ec","name":"secretariat Mairie","image":{"@type":"ImageObject","inLanguage":"fr-FR","@id":"https:\/\/secure.gravatar.com\/avatar\/f767471be6375bc48c47e01a87935108ce923ff3609476b1fd7fe905f23de8aa?s=96&d=mm&r=g","url":"https:\/\/secure.gravatar.com\/avatar\/f767471be6375bc48c47e01a87935108ce923ff3609476b1fd7fe905f23de8aa?s=96&d=mm&r=g","contentUrl":"https:\/\/secure.gravatar.com\/avatar\/f767471be6375bc48c47e01a87935108ce923ff3609476b1fd7fe905f23de8aa?s=96&d=mm&r=g","caption":"secretariat Mairie"},"logo":{"@id":"https:\/\/secure.gravatar.com\/avatar\/f767471be6375bc48c47e01a87935108ce923ff3609476b1fd7fe905f23de8aa?s=96&d=mm&r=g"}}]}},"_links":{"self":[{"href":"https:\/\/saintgermaindarce.com\/sg\/wp-json\/wp\/v2\/pages\/1679","targetHints":{"allow":["GET"]}}],"collection":[{"href":"https:\/\/saintgermaindarce.com\/sg\/wp-json\/wp\/v2\/pages"}],"about":[{"href":"https:\/\/saintgermaindarce.com\/sg\/wp-json\/wp\/v2\/types\/page"}],"author":[{"embeddable":true,"href":"https:\/\/saintgermaindarce.com\/sg\/wp-json\/wp\/v2\/users\/1"}],"replies":[{"embeddable":true,"href":"https:\/\/saintgermaindarce.com\/sg\/wp-json\/wp\/v2\/comments?post=1679"}],"version-history":[{"count":0,"href":"https:\/\/saintgermaindarce.com\/sg\/wp-json\/wp\/v2\/pages\/1679\/revisions"}],"wp:attachment":[{"href":"https:\/\/saintgermaindarce.com\/sg\/wp-json\/wp\/v2\/media?parent=1679"}],"curies":[{"name":"wp","href":"https:\/\/api.w.org\/{rel}","templated":true}]}}