{"id":158,"date":"2018-06-25T21:29:11","date_gmt":"2018-06-25T19:29:11","guid":{"rendered":"https:\/\/saintgermaindarce.com\/sg\/?page_id=158"},"modified":"2022-03-01T12:02:24","modified_gmt":"2022-03-01T11:02:24","slug":"agence-postale","status":"publish","type":"page","link":"https:\/\/saintgermaindarce.com\/sg\/agence-postale\/","title":{"rendered":"Agence postale"},"content":{"rendered":"<div id=\"pl-158\"  class=\"panel-layout\" ><div id=\"pg-158-0\"  class=\"panel-grid panel-no-style\" ><div id=\"pgc-158-0-0\"  class=\"panel-grid-cell\" ><div id=\"panel-158-0-0-0\" class=\"so-panel widget widget_sow-image panel-first-child panel-last-child widgetopts-SO\" data-index=\"0\" ><div\n\t\t\t\n\t\t\tclass=\"so-widget-sow-image so-widget-sow-image-default-113ccd71f3e6-158\"\n\t\t\t\n\t\t>\n<div class=\"sow-image-container\">\n\t\t<img \n\tsrc=\"https:\/\/saintgermaindarce.com\/sg\/wp-content\/uploads\/2018\/06\/bandeau-agence-postale-1.jpg\" width=\"980\" height=\"386\" srcset=\"https:\/\/saintgermaindarce.com\/sg\/wp-content\/uploads\/2018\/06\/bandeau-agence-postale-1.jpg 980w, https:\/\/saintgermaindarce.com\/sg\/wp-content\/uploads\/2018\/06\/bandeau-agence-postale-1-300x118.jpg 300w, https:\/\/saintgermaindarce.com\/sg\/wp-content\/uploads\/2018\/06\/bandeau-agence-postale-1-768x302.jpg 768w\" sizes=\"(max-width: 980px) 100vw, 980px\" title=\"Agence-postale-sg\" alt=\"Agence-postale-sg\" \t\tclass=\"so-widget-image\"\/>\n\t<\/div>\n\n<\/div><\/div><\/div><\/div><div id=\"pg-158-1\"  class=\"panel-grid panel-no-style\" ><div id=\"pgc-158-1-0\"  class=\"panel-grid-cell\" ><div id=\"panel-158-1-0-0\" class=\"so-panel widget widget_sow-editor panel-first-child panel-last-child widgetopts-SO\" data-index=\"1\" ><div\n\t\t\t\n\t\t\tclass=\"so-widget-sow-editor so-widget-sow-editor-base\"\n\t\t\t\n\t\t>\n<div class=\"siteorigin-widget-tinymce textwidget\">\n\t<div id=\"pg-360-1\" class=\"panel-grid\">\n<div id=\"pgc-360-1-0\" class=\"panel-grid-cell\">\n<div id=\"panel-360-1-0-0\" class=\"so-panel widget widget_black-studio-tinymce widget_black_studio_tinymce panel-first-child panel-last-child\" data-index=\"1\">\n<div class=\"textwidget\">\n<h3><strong>L\u2019agence postale<\/strong><\/h3>\n<\/div>\n<\/div>\n<\/div>\n<\/div><div id=\"pg-360-2\" class=\"panel-grid\">\n<div id=\"pgc-360-2-0\" class=\"panel-grid-cell\">\n<div id=\"panel-360-2-0-0\" class=\"so-panel widget widget_black-studio-tinymce widget_black_studio_tinymce panel-first-child panel-last-child\" data-index=\"2\">\n<div class=\"textwidget\">\n<p>Responsable de l'agence postale : <strong>Madame CORROYER Florence<br \/>\nT\u00e9l\u00e9phone : <\/strong><strong>02 43 46 01 16<br \/>\n<\/strong><\/p>\n<p><strong>Horaires d'ouverture<\/strong><\/p>\n<ul>\n<li>lundi : 9h00 - 12h30<br \/>\nmercredi : 9h00 - 12h30 \/ 13h30 - 16h00<br \/>\nvendredi : 9h00 - 12h30 \/ 13h30 - 16h00<br \/>\nsamedi : 9h00 - 12h00 (1er et 3\u00e8me du mois)<\/li>\n<\/ul>\n<p><strong>Pour toutes les op\u00e9rations il est important de ne pas oublier de se\u00a0munir d\u2019une pi\u00e8ce d\u2019identit\u00e9.<\/strong><\/p>\n<p><strong>Les services propos\u00e9s :<\/strong><\/p>\n<ul class=\"spip\">\n<li>possibilit\u00e9 d'acheter des timbres-poste (\u00ab\u00a0Marianne\u00a0\u00bb ou de \u00ab\u00a0Collection\u00a0\u00bb)<\/li>\n<li>acheter des enveloppes pr\u00eat-\u00e0-poster,\u00a0des emballages Collissimo pr\u00e9-pay\u00e9 ou non, des Lettres Recommand\u00e9es Mobile, des enveloppes de r\u00e9exp\u00e9dition, etc...<\/li>\n<li>d\u00e9poser des envois postaux pour la France ou l'Etranger (sauf Chronopost avant 10h)<\/li>\n<li>retirer vos lettres recommand\u00e9es et colis mis en instance par votre facteur<\/li>\n<li>b\u00e9n\u00e9ficier des services de proximit\u00e9 (r\u00e9exp\u00e9dition temporaire, d\u00e9finitive, garde de courrier, mise en place de procuration postale ou d\u2019annulation de procuration postale, etc...)<\/li>\n<li>effectuer des op\u00e9rations financi\u00e8res et de d\u00e9pannage : faire un d\u00e9p\u00f4t et\/ou un retrait d\u2019esp\u00e8ce d\u2019un montant maximum de 350 \u20ac pour chaque titulaire de CCP (Centres de Ch\u00e8que Postaux) ou de compte \u00e9pargne par p\u00e9riode de 7 jours cons\u00e9cutifs et par compte<\/li>\n<li><strong>Pour les comptes CCP<\/strong> : se munir d\u2019une pi\u00e8ce d\u2019identit\u00e9 ou du ch\u00e9quier ou carte bancaire du compte concern\u00e9.<\/li>\n<li><strong>Pour les comptes \u00e9pargne<\/strong> : se munir d\u2019une pi\u00e8ce d\u2019identit\u00e9 et de la carte ou d\u2019un justificatif papier. Si vous \u00eates en possession d\u2019un livret ne pas oublier de l\u2019apporter.<\/li>\n<\/ul>\n<ul>\n<li>d\u00e9poser des ch\u00e8ques<strong>.<\/strong><\/li>\n<li>effectuer un virement postal (<strong>se munir d\u2019une pi\u00e8ce d\u2019identit\u00e9 et d'un justificatif pour les CCP<\/strong>)<\/li>\n<li>prise de rendez-vous avec un conseiller financier dans un Bureau de Poste.<\/li>\n<\/ul>\n<p>&nbsp;<\/p>\n<p><strong>Il est impossible d'effectuer un envoi ou un\u00a0paiement de mandat compte<br \/>\n<\/strong><\/p>\n<\/div>\n<\/div>\n<\/div>\n<\/div><div id=\"pg-360-3\" class=\"panel-grid\">\n<div id=\"pgc-360-3-0\" class=\"panel-grid-cell\">\n<div id=\"panel-360-3-0-0\" class=\"so-panel widget widget_black-studio-tinymce widget_black_studio_tinymce panel-first-child panel-last-child\" data-index=\"3\">\n<div class=\"textwidget\">\n<p><strong>Autres renseignements\u00a0:<\/strong><\/p>\n<ul>\n<li>possibilit\u00e9 d\u2019achat de recharge pour t\u00e9l\u00e9phone mobile (La Poste).<\/li>\n<li>paiements d'achat possible par carte bancaire. Retrait par carte bancaire postale possible : maximum de 350 \u20ac pour les retraits.<\/li>\n<li>les colis ne peuvent d\u00e9passer les 10 kg<\/li>\n<\/ul>\n<p>&nbsp;<\/p>\n<\/div>\n<\/div>\n<\/div>\n<\/div>\n<\/div>\n<\/div><\/div><\/div><\/div><\/div>","protected":false},"excerpt":{"rendered":"<p>L\u2019agence postale Responsable de l&rsquo;agence postale : Madame CORROYER Florence T\u00e9l\u00e9phone : 02 43 46 01 16 Horaires d&rsquo;ouverture lundi : 9h00 &#8211; 12h30 mercredi : 9h00 &#8211; 12h30 \/ 13h30 &#8211; 16h00 vendredi : 9h00 &#8211; 12h30 \/ 13h30 &#8211; 16h00 samedi : 9h00 &#8211; 12h00 (1er et 3\u00e8me du mois) Pour toutes les&#8230;<\/p>\n<div class=\"read-more\"><a href=\"https:\/\/saintgermaindarce.com\/sg\/agence-postale\/\">Lire la suite<\/a><\/div>\n","protected":false},"author":1,"featured_media":0,"parent":0,"menu_order":0,"comment_status":"closed","ping_status":"closed","template":"","meta":{"footnotes":""},"class_list":["post-158","page","type-page","status-publish","hentry"],"yoast_head":"<!-- This site is optimized with the Yoast SEO plugin v27.3 - https:\/\/yoast.com\/product\/yoast-seo-wordpress\/ -->\n<title>Agence postale - Mairie de Saint Germain d&#039;Arc\u00e9<\/title>\n<meta name=\"robots\" content=\"index, follow, max-snippet:-1, max-image-preview:large, max-video-preview:-1\" \/>\n<link rel=\"canonical\" href=\"https:\/\/saintgermaindarce.com\/sg\/agence-postale\/\" \/>\n<meta name=\"twitter:card\" content=\"summary_large_image\" \/>\n<meta name=\"twitter:title\" content=\"Agence postale - Mairie de Saint Germain d&#039;Arc\u00e9\" \/>\n<meta name=\"twitter:description\" content=\"L\u2019agence postale Responsable de l&#039;agence postale : Madame CORROYER Florence T\u00e9l\u00e9phone : 02 43 46 01 16 Horaires d&#039;ouverture lundi : 9h00 - 12h30 mercredi : 9h00 - 12h30 \/ 13h30 - 16h00 vendredi : 9h00 - 12h30 \/ 13h30 - 16h00 samedi : 9h00 - 12h00 (1er et 3\u00e8me du mois) Pour toutes les...Lire la suite\" \/>\n<meta name=\"twitter:label1\" content=\"Dur\u00e9e de lecture estim\u00e9e\" \/>\n\t<meta name=\"twitter:data1\" content=\"2 minutes\" \/>\n<script type=\"application\/ld+json\" class=\"yoast-schema-graph\">{\"@context\":\"https:\\\/\\\/schema.org\",\"@graph\":[{\"@type\":\"WebPage\",\"@id\":\"https:\\\/\\\/saintgermaindarce.com\\\/sg\\\/agence-postale\\\/\",\"url\":\"https:\\\/\\\/saintgermaindarce.com\\\/sg\\\/agence-postale\\\/\",\"name\":\"Agence postale - Mairie de Saint Germain d&#039;Arc\u00e9\",\"isPartOf\":{\"@id\":\"https:\\\/\\\/saintgermaindarce.com\\\/sg\\\/#website\"},\"datePublished\":\"2018-06-25T19:29:11+00:00\",\"dateModified\":\"2022-03-01T11:02:24+00:00\",\"breadcrumb\":{\"@id\":\"https:\\\/\\\/saintgermaindarce.com\\\/sg\\\/agence-postale\\\/#breadcrumb\"},\"inLanguage\":\"fr-FR\",\"potentialAction\":[{\"@type\":\"ReadAction\",\"target\":[\"https:\\\/\\\/saintgermaindarce.com\\\/sg\\\/agence-postale\\\/\"]}]},{\"@type\":\"BreadcrumbList\",\"@id\":\"https:\\\/\\\/saintgermaindarce.com\\\/sg\\\/agence-postale\\\/#breadcrumb\",\"itemListElement\":[{\"@type\":\"ListItem\",\"position\":1,\"name\":\"Accueil\",\"item\":\"https:\\\/\\\/saintgermaindarce.com\\\/sg\\\/\"},{\"@type\":\"ListItem\",\"position\":2,\"name\":\"Agence postale\"}]},{\"@type\":\"WebSite\",\"@id\":\"https:\\\/\\\/saintgermaindarce.com\\\/sg\\\/#website\",\"url\":\"https:\\\/\\\/saintgermaindarce.com\\\/sg\\\/\",\"name\":\"Mairie de Saint Germain d'Arc\u00e9\",\"description\":\"\",\"publisher\":{\"@id\":\"https:\\\/\\\/saintgermaindarce.com\\\/sg\\\/#\\\/schema\\\/person\\\/93511b19cadd37cf2a6e92b3df7f79ec\"},\"potentialAction\":[{\"@type\":\"SearchAction\",\"target\":{\"@type\":\"EntryPoint\",\"urlTemplate\":\"https:\\\/\\\/saintgermaindarce.com\\\/sg\\\/?s={search_term_string}\"},\"query-input\":{\"@type\":\"PropertyValueSpecification\",\"valueRequired\":true,\"valueName\":\"search_term_string\"}}],\"inLanguage\":\"fr-FR\"},{\"@type\":[\"Person\",\"Organization\"],\"@id\":\"https:\\\/\\\/saintgermaindarce.com\\\/sg\\\/#\\\/schema\\\/person\\\/93511b19cadd37cf2a6e92b3df7f79ec\",\"name\":\"secretariat Mairie\",\"image\":{\"@type\":\"ImageObject\",\"inLanguage\":\"fr-FR\",\"@id\":\"https:\\\/\\\/secure.gravatar.com\\\/avatar\\\/f767471be6375bc48c47e01a87935108ce923ff3609476b1fd7fe905f23de8aa?s=96&d=mm&r=g\",\"url\":\"https:\\\/\\\/secure.gravatar.com\\\/avatar\\\/f767471be6375bc48c47e01a87935108ce923ff3609476b1fd7fe905f23de8aa?s=96&d=mm&r=g\",\"contentUrl\":\"https:\\\/\\\/secure.gravatar.com\\\/avatar\\\/f767471be6375bc48c47e01a87935108ce923ff3609476b1fd7fe905f23de8aa?s=96&d=mm&r=g\",\"caption\":\"secretariat Mairie\"},\"logo\":{\"@id\":\"https:\\\/\\\/secure.gravatar.com\\\/avatar\\\/f767471be6375bc48c47e01a87935108ce923ff3609476b1fd7fe905f23de8aa?s=96&d=mm&r=g\"}}]}<\/script>\n<!-- \/ Yoast SEO plugin. -->","yoast_head_json":{"title":"Agence postale - Mairie de Saint Germain d&#039;Arc\u00e9","robots":{"index":"index","follow":"follow","max-snippet":"max-snippet:-1","max-image-preview":"max-image-preview:large","max-video-preview":"max-video-preview:-1"},"canonical":"https:\/\/saintgermaindarce.com\/sg\/agence-postale\/","twitter_card":"summary_large_image","twitter_title":"Agence postale - Mairie de Saint Germain d&#039;Arc\u00e9","twitter_description":"L\u2019agence postale Responsable de l'agence postale : Madame CORROYER Florence T\u00e9l\u00e9phone : 02 43 46 01 16 Horaires d'ouverture lundi : 9h00 - 12h30 mercredi : 9h00 - 12h30 \/ 13h30 - 16h00 vendredi : 9h00 - 12h30 \/ 13h30 - 16h00 samedi : 9h00 - 12h00 (1er et 3\u00e8me du mois) Pour toutes les...Lire la suite","twitter_misc":{"Dur\u00e9e de lecture estim\u00e9e":"2 minutes"},"schema":{"@context":"https:\/\/schema.org","@graph":[{"@type":"WebPage","@id":"https:\/\/saintgermaindarce.com\/sg\/agence-postale\/","url":"https:\/\/saintgermaindarce.com\/sg\/agence-postale\/","name":"Agence postale - Mairie de Saint Germain d&#039;Arc\u00e9","isPartOf":{"@id":"https:\/\/saintgermaindarce.com\/sg\/#website"},"datePublished":"2018-06-25T19:29:11+00:00","dateModified":"2022-03-01T11:02:24+00:00","breadcrumb":{"@id":"https:\/\/saintgermaindarce.com\/sg\/agence-postale\/#breadcrumb"},"inLanguage":"fr-FR","potentialAction":[{"@type":"ReadAction","target":["https:\/\/saintgermaindarce.com\/sg\/agence-postale\/"]}]},{"@type":"BreadcrumbList","@id":"https:\/\/saintgermaindarce.com\/sg\/agence-postale\/#breadcrumb","itemListElement":[{"@type":"ListItem","position":1,"name":"Accueil","item":"https:\/\/saintgermaindarce.com\/sg\/"},{"@type":"ListItem","position":2,"name":"Agence postale"}]},{"@type":"WebSite","@id":"https:\/\/saintgermaindarce.com\/sg\/#website","url":"https:\/\/saintgermaindarce.com\/sg\/","name":"Mairie de Saint Germain d'Arc\u00e9","description":"","publisher":{"@id":"https:\/\/saintgermaindarce.com\/sg\/#\/schema\/person\/93511b19cadd37cf2a6e92b3df7f79ec"},"potentialAction":[{"@type":"SearchAction","target":{"@type":"EntryPoint","urlTemplate":"https:\/\/saintgermaindarce.com\/sg\/?s={search_term_string}"},"query-input":{"@type":"PropertyValueSpecification","valueRequired":true,"valueName":"search_term_string"}}],"inLanguage":"fr-FR"},{"@type":["Person","Organization"],"@id":"https:\/\/saintgermaindarce.com\/sg\/#\/schema\/person\/93511b19cadd37cf2a6e92b3df7f79ec","name":"secretariat Mairie","image":{"@type":"ImageObject","inLanguage":"fr-FR","@id":"https:\/\/secure.gravatar.com\/avatar\/f767471be6375bc48c47e01a87935108ce923ff3609476b1fd7fe905f23de8aa?s=96&d=mm&r=g","url":"https:\/\/secure.gravatar.com\/avatar\/f767471be6375bc48c47e01a87935108ce923ff3609476b1fd7fe905f23de8aa?s=96&d=mm&r=g","contentUrl":"https:\/\/secure.gravatar.com\/avatar\/f767471be6375bc48c47e01a87935108ce923ff3609476b1fd7fe905f23de8aa?s=96&d=mm&r=g","caption":"secretariat Mairie"},"logo":{"@id":"https:\/\/secure.gravatar.com\/avatar\/f767471be6375bc48c47e01a87935108ce923ff3609476b1fd7fe905f23de8aa?s=96&d=mm&r=g"}}]}},"_links":{"self":[{"href":"https:\/\/saintgermaindarce.com\/sg\/wp-json\/wp\/v2\/pages\/158","targetHints":{"allow":["GET"]}}],"collection":[{"href":"https:\/\/saintgermaindarce.com\/sg\/wp-json\/wp\/v2\/pages"}],"about":[{"href":"https:\/\/saintgermaindarce.com\/sg\/wp-json\/wp\/v2\/types\/page"}],"author":[{"embeddable":true,"href":"https:\/\/saintgermaindarce.com\/sg\/wp-json\/wp\/v2\/users\/1"}],"replies":[{"embeddable":true,"href":"https:\/\/saintgermaindarce.com\/sg\/wp-json\/wp\/v2\/comments?post=158"}],"version-history":[{"count":0,"href":"https:\/\/saintgermaindarce.com\/sg\/wp-json\/wp\/v2\/pages\/158\/revisions"}],"wp:attachment":[{"href":"https:\/\/saintgermaindarce.com\/sg\/wp-json\/wp\/v2\/media?parent=158"}],"curies":[{"name":"wp","href":"https:\/\/api.w.org\/{rel}","templated":true}]}}