{"id":10,"date":"2018-05-30T23:10:20","date_gmt":"2018-05-30T21:10:20","guid":{"rendered":"https:\/\/saintgermaindarce.com\/sg\/?page_id=10"},"modified":"2023-11-10T19:25:53","modified_gmt":"2023-11-10T18:25:53","slug":"contact","status":"publish","type":"page","link":"https:\/\/saintgermaindarce.com\/sg\/contact\/","title":{"rendered":"Contact"},"content":{"rendered":"<div id=\"pl-10\"  class=\"panel-layout\" ><div id=\"pg-10-0\"  class=\"panel-grid panel-no-style\" ><div id=\"pgc-10-0-0\"  class=\"panel-grid-cell\" ><div id=\"panel-10-0-0-0\" class=\"so-panel widget widget_sow-image panel-first-child panel-last-child widgetopts-SO\" data-index=\"0\" ><div\n\t\t\t\n\t\t\tclass=\"so-widget-sow-image so-widget-sow-image-default-113ccd71f3e6-10\"\n\t\t\t\n\t\t>\n<div class=\"sow-image-container\">\n\t\t<img \n\tsrc=\"https:\/\/saintgermaindarce.com\/sg\/wp-content\/uploads\/2018\/06\/mairie-contact-1.jpg\" width=\"400\" height=\"332\" srcset=\"https:\/\/saintgermaindarce.com\/sg\/wp-content\/uploads\/2018\/06\/mairie-contact-1.jpg 400w, https:\/\/saintgermaindarce.com\/sg\/wp-content\/uploads\/2018\/06\/mairie-contact-1-300x249.jpg 300w\" sizes=\"(max-width: 400px) 100vw, 400px\" title=\"Mairie de Saint Germain d&#039;Arc\u00e9\" alt=\"Mairie de Saint Germain d&#039;Arc\u00e9\" \t\tclass=\"so-widget-image\"\/>\n\t<\/div>\n\n<\/div><\/div><\/div><div id=\"pgc-10-0-1\"  class=\"panel-grid-cell\" ><div id=\"panel-10-0-1-0\" class=\"so-panel widget widget_sow-editor panel-first-child panel-last-child widgetopts-SO\" data-index=\"1\" ><div\n\t\t\t\n\t\t\tclass=\"so-widget-sow-editor so-widget-sow-editor-base\"\n\t\t\t\n\t\t>\n<div class=\"siteorigin-widget-tinymce textwidget\">\n\t<div align=\"center\"><div id=\"lmm_3527b5b2\" style=\"width:400px;\" class=\"mapsmarker markermap marker-1\">\n<div id=\"lmm_panel_3527b5b2\" class=\"lmm-panel\" style=\"background:#efefef;\">\n<div id=\"lmm_panel_api_3527b5b2\" class=\"lmm-panel-api\"><a href=\"https:\/\/maps.google.com\/maps?daddr=47.623890,0.291009&amp;t=m&amp;layer=1&amp;doflg=ptk&amp;om=0\" target=\"_blank\" title=\"Obtenir l&#039;itin\u00e9raire\"><img loading=\"lazy\" decoding=\"async\" alt=\"icon-car.png\" src=\"https:\/\/saintgermaindarce.com\/sg\/wp-content\/plugins\/leaflet-maps-marker\/inc\/img\/icon-car.png\" width=\"14\" height=\"14\" class=\"lmm-panel-api-images\" \/><\/a><\/div><div id=\"lmm_panel_text_3527b5b2\" class=\"lmm-panel-text\" style=\"font-weight:bold;color:#373737;\">Mairie de Saint Germain d&#039;Arc\u00e9<\/div><\/div><div id=\"lmm_map_3527b5b2\" class=\"lmm-map\" style=\"background:#f6f6f6;border:1px solid #ccc;height:332px; overflow:hidden;padding:0;\"><p style=\"font-size:80%;color:#9f9e9e;margin-left:5px;\">chargement de la carte - veuillez patienter...<noscript><br\/><strong>La carte ne peut \u00eatre charg\u00e9e - s'il vous pla\u00eet activer Javascript !<\/strong><br\/><a style=\"text-decoration:none;\" href=\"https:\/\/www.mapsmarker.com\/js-disabled\" target=\"_blank\">&rarr; plus dginformations<\/a><\/noscript><\/p><\/div><div id=\"lmm_geo_tags_3527b5b2\" class=\"lmm-geo-tags geo\">\n<span class=\"paneltext\">Mairie de Saint Germain d\\&#039;Arc\u00e9<\/span>\n<span class=\"latitude\">47.623890<\/span>, <span class=\"longitude\">0.291009<\/span>\n<span class=\"popuptext\"><\/span>\n<\/div>\n<\/div><\/div>\n<\/div>\n<\/div><\/div><\/div><\/div><div id=\"pg-10-1\"  class=\"panel-grid panel-no-style\" ><div id=\"pgc-10-1-0\"  class=\"panel-grid-cell\" ><div id=\"panel-10-1-0-0\" class=\"so-panel widget widget_sow-editor panel-first-child panel-last-child widgetopts-SO\" data-index=\"2\" ><div class=\"panel-widget-style panel-widget-style-for-10-1-0-0\" ><div\n\t\t\t\n\t\t\tclass=\"so-widget-sow-editor so-widget-sow-editor-base\"\n\t\t\t\n\t\t>\n<div class=\"siteorigin-widget-tinymce textwidget\">\n\t<h1 style=\"text-align: center;\">Formulaire de Contact<\/h1>\n\n<div class=\"wpcf7 no-js\" id=\"wpcf7-f45-o1\" lang=\"fr-FR\" dir=\"ltr\" data-wpcf7-id=\"45\">\n<div class=\"screen-reader-response\"><p role=\"status\" aria-live=\"polite\" aria-atomic=\"true\"><\/p> <ul><\/ul><\/div>\n<form action=\"\/sg\/wp-json\/wp\/v2\/pages\/10#wpcf7-f45-o1\" method=\"post\" class=\"wpcf7-form init\" aria-label=\"Formulaire de contact\" enctype=\"multipart\/form-data\" novalidate=\"novalidate\" data-status=\"init\">\n<fieldset class=\"hidden-fields-container\"><input type=\"hidden\" name=\"_wpcf7\" value=\"45\" \/><input type=\"hidden\" name=\"_wpcf7_version\" value=\"6.1.5\" \/><input type=\"hidden\" name=\"_wpcf7_locale\" value=\"fr_FR\" \/><input type=\"hidden\" name=\"_wpcf7_unit_tag\" value=\"wpcf7-f45-o1\" \/><input type=\"hidden\" name=\"_wpcf7_container_post\" value=\"0\" \/><input type=\"hidden\" name=\"_wpcf7_posted_data_hash\" value=\"\" \/>\n<\/fieldset>\n<div class=\"wpcf7-turnstile cf-turnstile\" data-sitekey=\"0x4AAAAAAB8eeTMk6erpY4Hn\" data-response-field-name=\"_wpcf7_turnstile_response\"><\/div>\n\n<p><label>Votre Demande <span class=\"wpcf7-form-control-wrap\" data-name=\"votre-demande\"><select class=\"wpcf7-form-control wpcf7-select\" aria-invalid=\"false\" name=\"votre-demande\"><option value=\"Veuillez s\u00e9lectionner dans la liste d\u00e9roulante\">Veuillez s\u00e9lectionner dans la liste d\u00e9roulante<\/option><option value=\"Information\">Information<\/option><option value=\"Etat Civil\">Etat Civil<\/option><option value=\"D\u00e9marches administratives\">D\u00e9marches administratives<\/option><option value=\"Contacter le Maire\">Contacter le Maire<\/option><option value=\"Signaler une manifestation\">Signaler une manifestation<\/option><option value=\"Protection de vos donn\u00e9es personnelles\">Protection de vos donn\u00e9es personnelles<\/option><option value=\"Autre-divers\">Autre-divers<\/option><\/select><\/span><\/label><br \/>\n<label>Nom (obligatoire) <span class=\"wpcf7-form-control-wrap\" data-name=\"votre-nom\"><input size=\"40\" maxlength=\"400\" class=\"wpcf7-form-control wpcf7-text wpcf7-validates-as-required\" aria-required=\"true\" aria-invalid=\"false\" placeholder=\"votre nom\" value=\"\" type=\"text\" name=\"votre-nom\" \/><\/span><\/label><br \/>\n<label>Pr\u00e9nom (obligatoire) <span class=\"wpcf7-form-control-wrap\" data-name=\"votre-prenom\"><input size=\"40\" maxlength=\"400\" class=\"wpcf7-form-control wpcf7-text wpcf7-validates-as-required\" aria-required=\"true\" aria-invalid=\"false\" placeholder=\"votre pr\u00e9nom\" value=\"\" type=\"text\" name=\"votre-prenom\" \/><\/span><\/label><br \/>\n<label>Email (obligatoire)<span class=\"wpcf7-form-control-wrap\" data-name=\"votre-email\"><input size=\"40\" maxlength=\"400\" class=\"wpcf7-form-control wpcf7-email wpcf7-validates-as-required wpcf7-text wpcf7-validates-as-email\" aria-required=\"true\" aria-invalid=\"false\" placeholder=\"example@example.com\" value=\"\" type=\"email\" name=\"votre-email\" \/><\/span><\/label><br \/>\n<label>T\u00e9l\u00e9phone <span class=\"wpcf7-form-control-wrap\" data-name=\"votre-telephone\"><input size=\"40\" maxlength=\"400\" minlength=\"10\" class=\"wpcf7-form-control wpcf7-tel wpcf7-text wpcf7-validates-as-tel\" aria-invalid=\"false\" placeholder=\"0606060606\" value=\"\" type=\"tel\" name=\"votre-telephone\" \/><\/span><\/label><br \/>\n<label>Ville <span class=\"wpcf7-form-control-wrap\" data-name=\"votre-ville\"><input size=\"40\" maxlength=\"400\" class=\"wpcf7-form-control wpcf7-text\" aria-invalid=\"false\" placeholder=\"votre ville\" value=\"\" type=\"text\" name=\"votre-ville\" \/><\/span><\/label><br \/>\n<label>Sujet <span class=\"wpcf7-form-control-wrap\" data-name=\"votre-sujet\"><input size=\"40\" maxlength=\"400\" class=\"wpcf7-form-control wpcf7-text\" aria-invalid=\"false\" placeholder=\"votre sujet\" value=\"\" type=\"text\" name=\"votre-sujet\" \/><\/span><\/label><br \/>\n<label>Votre Message <span class=\"wpcf7-form-control-wrap\" data-name=\"votre-message\"><textarea cols=\"40\" rows=\"5\" maxlength=\"1340\" minlength=\"10\" class=\"wpcf7-form-control wpcf7-textarea\" aria-invalid=\"false\" placeholder=\"votre message...\" name=\"votre-message\"><\/textarea><\/span><\/label><label>Fichier joint : format accept\u00e9 : pdf-doc-docx-jpeg-jpg-png (poids maxi 1Mb)<span class=\"wpcf7-form-control-wrap\" data-name=\"votre-fichier\"><input size=\"40\" class=\"wpcf7-form-control wpcf7-file classefich\" id=\"id345\" accept=\".png,.jpg,.jpeg,.doc,.docx,.pdf,.txt\" aria-invalid=\"false\" type=\"file\" name=\"votre-fichier\" \/><\/span><\/label><label><br \/>\n[recaptcha]\n<\/label><label>Recopiez le code de s\u00e9curit\u00e9 suivant : <input type=\"hidden\" name=\"_wpcf7_captcha_challenge_captcha-170\" value=\"3359615543\" \/><img loading=\"lazy\" decoding=\"async\" class=\"wpcf7-form-control wpcf7-captchac wpcf7-captcha-captcha-170\" width=\"72\" height=\"24\" alt=\"captcha\" src=\"https:\/\/saintgermaindarce.com\/sg\/wp-content\/uploads\/wpcf7_captcha\/3359615543.png\" \/> <span class=\"wpcf7-form-control-wrap\" data-name=\"captcha-170\"><input size=\"4\" maxlength=\"4\" class=\"wpcf7-form-control wpcf7-captchar\" autocomplete=\"off\" aria-invalid=\"false\" value=\"\" type=\"text\" name=\"captcha-170\" \/><\/span> <\/label><label><br \/>\n<input class=\"wpcf7-form-control wpcf7-submit has-spinner\" type=\"submit\" value=\"Envoyer\" \/><\/label>\n<\/p><div class=\"wpcf7-response-output\" aria-hidden=\"true\"><\/div>\n<\/form>\n<\/div>\n\n<\/div>\n<\/div><\/div><\/div><\/div><div id=\"pgc-10-1-1\"  class=\"panel-grid-cell\" ><div id=\"panel-10-1-1-0\" class=\"so-panel widget widget_sow-editor panel-first-child widgetopts-SO\" data-index=\"3\" ><div class=\"panel-widget-style panel-widget-style-for-10-1-1-0\" ><div\n\t\t\t\n\t\t\tclass=\"so-widget-sow-editor so-widget-sow-editor-base\"\n\t\t\t\n\t\t>\n<div class=\"siteorigin-widget-tinymce textwidget\">\n\t<h1 class=\"widget-title\" style=\"text-align: center;\"><span style=\"color: #ffffff;\">Informations<\/span><\/h1>\n<div class=\"textwidget\">\n<h3 align=\"center\"><span style=\"color: #ffffff;\">Secr\u00e9tariat de Mairie<\/span><\/h3>\n<p style=\"text-align: center;\">Mme Pauline Renvaz\u00e9 - T\u00e9l. 02 43 46 00 19<\/p>\n<h3 align=\"center\"><span style=\"color: #ffffff;\">Horaires d\u2019ouverture au public<\/span><\/h3>\n<p align=\"center\">Lundi et mardi de 9h00 \u00e0 12h30<br \/>\nJeudi de 9h \u00e0 12h30 et de 13h30 \u00e0 17h30<br \/>\nVendredi de 9h \u00e0 12h30 et de 13h30 \u00e0 16h00<\/p>\n<h3 align=\"center\"><span style=\"color: #ffffff;\">Nous \u00e9crire<\/span><\/h3>\n<p align=\"center\">Mairie de Saint Germain d'Arc\u00e9<br \/>\n6 Place de la Fraternit\u00e9<br \/>\n72800 Saint Germain d'Arc\u00e9<\/p>\n<p align=\"center\">\n<\/div>\n<\/div>\n<\/div><\/div><\/div><div id=\"panel-10-1-1-1\" class=\"so-panel widget widget_sow-image widgetopts-SO\" data-index=\"4\" ><div\n\t\t\t\n\t\t\tclass=\"so-widget-sow-image so-widget-sow-image-default-113ccd71f3e6-10\"\n\t\t\t\n\t\t>\n<div class=\"sow-image-container\">\n\t\t<img \n\tsrc=\"https:\/\/saintgermaindarce.com\/sg\/wp-content\/uploads\/2018\/07\/flash-info-normal.jpg\" width=\"443\" height=\"40\" srcset=\"https:\/\/saintgermaindarce.com\/sg\/wp-content\/uploads\/2018\/07\/flash-info-normal.jpg 443w, https:\/\/saintgermaindarce.com\/sg\/wp-content\/uploads\/2018\/07\/flash-info-normal-300x27.jpg 300w\" sizes=\"(max-width: 443px) 100vw, 443px\" title=\"Flash info\" alt=\"Flash info\" \t\tclass=\"so-widget-image\"\/>\n\t<\/div>\n\n<\/div><\/div><div id=\"panel-10-1-1-2\" class=\"so-panel widget widget_sow-editor panel-last-child widgetopts-SO\" data-index=\"5\" ><div\n\t\t\t\n\t\t\tclass=\"so-widget-sow-editor so-widget-sow-editor-base\"\n\t\t\t\n\t\t><h3 class=\"widget-title\">Eclairage public<\/h3>\n<div class=\"siteorigin-widget-tinymce textwidget\">\n\t<h3 class=\"widget-title\"><span style=\"font-size: 14px; font-weight: normal; word-spacing: normal;\">Suite au vote du conseil municipal, voici les nouveaux horaires de l'\u00e9clairage publique :<\/span><\/h3>\n<div class=\"siteorigin-widget-tinymce textwidget\">\n<p>- de 6h30 au lev\u00e9 du soleil ;<br \/>\n- et du couch\u00e9 du soleil \u00e0 21h.<\/p>\n<p>Y compris pour les 24 et 31 d\u00e9cembre.<\/p>\n<\/div>\n<\/div>\n<\/div><\/div><\/div><\/div><\/div>","protected":false},"excerpt":{"rendered":"<p>Formulaire de Contact Informations Secr\u00e9tariat de Mairie Mme Pauline Renvaz\u00e9 &#8211; T\u00e9l. 02 43 46 00 19 Horaires d\u2019ouverture au public Lundi et mardi de 9h00 \u00e0 12h30 Jeudi de 9h \u00e0 12h30 et de 13h30 \u00e0 17h30 Vendredi de 9h \u00e0 12h30 et de 13h30 \u00e0 16h00 Nous \u00e9crire Mairie de Saint Germain d&rsquo;Arc\u00e9&#8230;<\/p>\n<div class=\"read-more\"><a href=\"https:\/\/saintgermaindarce.com\/sg\/contact\/\">Lire la suite<\/a><\/div>\n","protected":false},"author":1,"featured_media":0,"parent":0,"menu_order":0,"comment_status":"closed","ping_status":"closed","template":"","meta":{"footnotes":""},"class_list":["post-10","page","type-page","status-publish","hentry"],"yoast_head":"<!-- This site is optimized with the Yoast SEO plugin v27.3 - https:\/\/yoast.com\/product\/yoast-seo-wordpress\/ -->\n<title>Contact - Mairie de Saint Germain d&#039;Arc\u00e9<\/title>\n<meta name=\"robots\" content=\"index, follow, max-snippet:-1, max-image-preview:large, max-video-preview:-1\" \/>\n<link rel=\"canonical\" href=\"https:\/\/saintgermaindarce.com\/sg\/contact\/\" \/>\n<meta name=\"twitter:card\" content=\"summary_large_image\" \/>\n<meta name=\"twitter:title\" content=\"Contact - Mairie de Saint Germain d&#039;Arc\u00e9\" \/>\n<meta name=\"twitter:description\" content=\"Formulaire de Contact Informations Secr\u00e9tariat de Mairie Mme Pauline Renvaz\u00e9 - T\u00e9l. 02 43 46 00 19 Horaires d\u2019ouverture au public Lundi et mardi de 9h00 \u00e0 12h30 Jeudi de 9h \u00e0 12h30 et de 13h30 \u00e0 17h30 Vendredi de 9h \u00e0 12h30 et de 13h30 \u00e0 16h00 Nous \u00e9crire Mairie de Saint Germain d&#039;Arc\u00e9...Lire la suite\" \/>\n<meta name=\"twitter:label1\" content=\"Dur\u00e9e de lecture estim\u00e9e\" \/>\n\t<meta name=\"twitter:data1\" content=\"1 minute\" \/>\n<script type=\"application\/ld+json\" class=\"yoast-schema-graph\">{\"@context\":\"https:\\\/\\\/schema.org\",\"@graph\":[{\"@type\":\"WebPage\",\"@id\":\"https:\\\/\\\/saintgermaindarce.com\\\/sg\\\/contact\\\/\",\"url\":\"https:\\\/\\\/saintgermaindarce.com\\\/sg\\\/contact\\\/\",\"name\":\"Contact - Mairie de Saint Germain d&#039;Arc\u00e9\",\"isPartOf\":{\"@id\":\"https:\\\/\\\/saintgermaindarce.com\\\/sg\\\/#website\"},\"datePublished\":\"2018-05-30T21:10:20+00:00\",\"dateModified\":\"2023-11-10T18:25:53+00:00\",\"breadcrumb\":{\"@id\":\"https:\\\/\\\/saintgermaindarce.com\\\/sg\\\/contact\\\/#breadcrumb\"},\"inLanguage\":\"fr-FR\",\"potentialAction\":[{\"@type\":\"ReadAction\",\"target\":[\"https:\\\/\\\/saintgermaindarce.com\\\/sg\\\/contact\\\/\"]}]},{\"@type\":\"BreadcrumbList\",\"@id\":\"https:\\\/\\\/saintgermaindarce.com\\\/sg\\\/contact\\\/#breadcrumb\",\"itemListElement\":[{\"@type\":\"ListItem\",\"position\":1,\"name\":\"Accueil\",\"item\":\"https:\\\/\\\/saintgermaindarce.com\\\/sg\\\/\"},{\"@type\":\"ListItem\",\"position\":2,\"name\":\"Contact\"}]},{\"@type\":\"WebSite\",\"@id\":\"https:\\\/\\\/saintgermaindarce.com\\\/sg\\\/#website\",\"url\":\"https:\\\/\\\/saintgermaindarce.com\\\/sg\\\/\",\"name\":\"Mairie de Saint Germain d'Arc\u00e9\",\"description\":\"\",\"publisher\":{\"@id\":\"https:\\\/\\\/saintgermaindarce.com\\\/sg\\\/#\\\/schema\\\/person\\\/93511b19cadd37cf2a6e92b3df7f79ec\"},\"potentialAction\":[{\"@type\":\"SearchAction\",\"target\":{\"@type\":\"EntryPoint\",\"urlTemplate\":\"https:\\\/\\\/saintgermaindarce.com\\\/sg\\\/?s={search_term_string}\"},\"query-input\":{\"@type\":\"PropertyValueSpecification\",\"valueRequired\":true,\"valueName\":\"search_term_string\"}}],\"inLanguage\":\"fr-FR\"},{\"@type\":[\"Person\",\"Organization\"],\"@id\":\"https:\\\/\\\/saintgermaindarce.com\\\/sg\\\/#\\\/schema\\\/person\\\/93511b19cadd37cf2a6e92b3df7f79ec\",\"name\":\"secretariat Mairie\",\"image\":{\"@type\":\"ImageObject\",\"inLanguage\":\"fr-FR\",\"@id\":\"https:\\\/\\\/secure.gravatar.com\\\/avatar\\\/f767471be6375bc48c47e01a87935108ce923ff3609476b1fd7fe905f23de8aa?s=96&d=mm&r=g\",\"url\":\"https:\\\/\\\/secure.gravatar.com\\\/avatar\\\/f767471be6375bc48c47e01a87935108ce923ff3609476b1fd7fe905f23de8aa?s=96&d=mm&r=g\",\"contentUrl\":\"https:\\\/\\\/secure.gravatar.com\\\/avatar\\\/f767471be6375bc48c47e01a87935108ce923ff3609476b1fd7fe905f23de8aa?s=96&d=mm&r=g\",\"caption\":\"secretariat Mairie\"},\"logo\":{\"@id\":\"https:\\\/\\\/secure.gravatar.com\\\/avatar\\\/f767471be6375bc48c47e01a87935108ce923ff3609476b1fd7fe905f23de8aa?s=96&d=mm&r=g\"}}]}<\/script>\n<!-- \/ Yoast SEO plugin. -->","yoast_head_json":{"title":"Contact - Mairie de Saint Germain d&#039;Arc\u00e9","robots":{"index":"index","follow":"follow","max-snippet":"max-snippet:-1","max-image-preview":"max-image-preview:large","max-video-preview":"max-video-preview:-1"},"canonical":"https:\/\/saintgermaindarce.com\/sg\/contact\/","twitter_card":"summary_large_image","twitter_title":"Contact - Mairie de Saint Germain d&#039;Arc\u00e9","twitter_description":"Formulaire de Contact Informations Secr\u00e9tariat de Mairie Mme Pauline Renvaz\u00e9 - T\u00e9l. 02 43 46 00 19 Horaires d\u2019ouverture au public Lundi et mardi de 9h00 \u00e0 12h30 Jeudi de 9h \u00e0 12h30 et de 13h30 \u00e0 17h30 Vendredi de 9h \u00e0 12h30 et de 13h30 \u00e0 16h00 Nous \u00e9crire Mairie de Saint Germain d'Arc\u00e9...Lire la suite","twitter_misc":{"Dur\u00e9e de lecture estim\u00e9e":"1 minute"},"schema":{"@context":"https:\/\/schema.org","@graph":[{"@type":"WebPage","@id":"https:\/\/saintgermaindarce.com\/sg\/contact\/","url":"https:\/\/saintgermaindarce.com\/sg\/contact\/","name":"Contact - Mairie de Saint Germain d&#039;Arc\u00e9","isPartOf":{"@id":"https:\/\/saintgermaindarce.com\/sg\/#website"},"datePublished":"2018-05-30T21:10:20+00:00","dateModified":"2023-11-10T18:25:53+00:00","breadcrumb":{"@id":"https:\/\/saintgermaindarce.com\/sg\/contact\/#breadcrumb"},"inLanguage":"fr-FR","potentialAction":[{"@type":"ReadAction","target":["https:\/\/saintgermaindarce.com\/sg\/contact\/"]}]},{"@type":"BreadcrumbList","@id":"https:\/\/saintgermaindarce.com\/sg\/contact\/#breadcrumb","itemListElement":[{"@type":"ListItem","position":1,"name":"Accueil","item":"https:\/\/saintgermaindarce.com\/sg\/"},{"@type":"ListItem","position":2,"name":"Contact"}]},{"@type":"WebSite","@id":"https:\/\/saintgermaindarce.com\/sg\/#website","url":"https:\/\/saintgermaindarce.com\/sg\/","name":"Mairie de Saint Germain d'Arc\u00e9","description":"","publisher":{"@id":"https:\/\/saintgermaindarce.com\/sg\/#\/schema\/person\/93511b19cadd37cf2a6e92b3df7f79ec"},"potentialAction":[{"@type":"SearchAction","target":{"@type":"EntryPoint","urlTemplate":"https:\/\/saintgermaindarce.com\/sg\/?s={search_term_string}"},"query-input":{"@type":"PropertyValueSpecification","valueRequired":true,"valueName":"search_term_string"}}],"inLanguage":"fr-FR"},{"@type":["Person","Organization"],"@id":"https:\/\/saintgermaindarce.com\/sg\/#\/schema\/person\/93511b19cadd37cf2a6e92b3df7f79ec","name":"secretariat Mairie","image":{"@type":"ImageObject","inLanguage":"fr-FR","@id":"https:\/\/secure.gravatar.com\/avatar\/f767471be6375bc48c47e01a87935108ce923ff3609476b1fd7fe905f23de8aa?s=96&d=mm&r=g","url":"https:\/\/secure.gravatar.com\/avatar\/f767471be6375bc48c47e01a87935108ce923ff3609476b1fd7fe905f23de8aa?s=96&d=mm&r=g","contentUrl":"https:\/\/secure.gravatar.com\/avatar\/f767471be6375bc48c47e01a87935108ce923ff3609476b1fd7fe905f23de8aa?s=96&d=mm&r=g","caption":"secretariat Mairie"},"logo":{"@id":"https:\/\/secure.gravatar.com\/avatar\/f767471be6375bc48c47e01a87935108ce923ff3609476b1fd7fe905f23de8aa?s=96&d=mm&r=g"}}]}},"_links":{"self":[{"href":"https:\/\/saintgermaindarce.com\/sg\/wp-json\/wp\/v2\/pages\/10","targetHints":{"allow":["GET"]}}],"collection":[{"href":"https:\/\/saintgermaindarce.com\/sg\/wp-json\/wp\/v2\/pages"}],"about":[{"href":"https:\/\/saintgermaindarce.com\/sg\/wp-json\/wp\/v2\/types\/page"}],"author":[{"embeddable":true,"href":"https:\/\/saintgermaindarce.com\/sg\/wp-json\/wp\/v2\/users\/1"}],"replies":[{"embeddable":true,"href":"https:\/\/saintgermaindarce.com\/sg\/wp-json\/wp\/v2\/comments?post=10"}],"version-history":[{"count":0,"href":"https:\/\/saintgermaindarce.com\/sg\/wp-json\/wp\/v2\/pages\/10\/revisions"}],"wp:attachment":[{"href":"https:\/\/saintgermaindarce.com\/sg\/wp-json\/wp\/v2\/media?parent=10"}],"curies":[{"name":"wp","href":"https:\/\/api.w.org\/{rel}","templated":true}]}}